{"id":123003,"date":"2025-08-21T09:22:27","date_gmt":"2025-08-21T06:22:27","guid":{"rendered":"https:\/\/ruuvi.com\/uutta\/"},"modified":"2025-09-19T17:38:39","modified_gmt":"2025-09-19T14:38:39","slug":"uutta","status":"publish","type":"page","link":"https:\/\/ruuvi.com\/fi\/uutta\/","title":{"rendered":"Uutta Ruuvilta \u2013 liity nyt!"},"content":{"rendered":"\n<section id=\"b-spacer-block_b489ccb7571da43af600338771011541\" class=\"b-spacer bg-white alignfull\">\n\t\t\t<div class=\"visible-lg-up\" style=\"height: 60px\"><\/div>\n\t\t<div class=\"hidden-lg-up\" style=\"height: 40px\"><\/div>\n\t<\/section>\n\n<section id=\"b-text-block_9b1bdf3229a30ef439e056710d1700be\" class=\"b-text bg-white text-center alignfull\">\n\t<div class=\"container\">\n\n\t\t\t\t\t\t\t\t\t\t\t\t\t\t\t\t\t\t\t\t\t\t\t\t\t\t\t\t\t\t<div class=\"row justify-content-center\">\n\t\t\t\t\t\t\t<div class=\"col-lg-6\">\n\t\t\t\t\t\t\t\t\t\t\t\t\t\t\t\t\t<h2 class=\"h1 fc-title \">Uutta Ruuvilta<\/h2>\n\t\t\t\t\t\t\t\t\t\t\t\t\t\t\t<\/div>\n\t\t\t\t\t\t<\/div>\n\t\t\t\t\t\n\t\t\t\t\t\t\t\t\t\t\t\t\t\t\t\t\t\t\t\t\t\t\t\t\t\t\t\t\t\t\t\t<div class=\"row justify-content-center\">\n\t\t\t\t\t\t\t<div class=\"col-lg-6\">\n\t\t\t\t\t\t\t\t<div class=\"fc-subtitle \"><p>Uusi tuotteemme on pian julkaisuvalmis!<\/p>\n<\/div>\n\t\t\t\t\t\t\t<\/div>\n\t\t\t\t\t\t<\/div>\n\t\t\t\t\t\n\t\t\t\t\t\t\t\t\t\t\t\t\t\t\t\t\t\t\t\t\t\t\t\t\t\t\t\t\t\t\t\t\t<div class=\"row justify-content-center entry-content mb-0\">\n\t\t\t\t\t\t\t<div class=\"col-lg-6\">\n\t\t\t\t\t\t\t\t<div class=\"fc-text mb-0\"><p><img loading=\"lazy\" decoding=\"async\" class=\"alignnone wp-image-123027 size-full\" src=\"https:\/\/ruuvi.com\/i\/u\/beaver-air-web.jpg\" alt=\"Ruuvi Beaver breathing fresh air\" width=\"1605\" height=\"917\" srcset=\"https:\/\/ruuvi.com\/i\/u\/beaver-air-web.jpg 1605w, https:\/\/ruuvi.com\/i\/u\/beaver-air-web-450x257.jpg 450w, https:\/\/ruuvi.com\/i\/u\/beaver-air-web-1024x585.jpg 1024w, https:\/\/ruuvi.com\/i\/u\/beaver-air-web-768x439.jpg 768w, https:\/\/ruuvi.com\/i\/u\/beaver-air-web-1536x878.jpg 1536w, https:\/\/ruuvi.com\/i\/u\/beaver-air-web-600x343.jpg 600w\" sizes=\"auto, (max-width: 1605px) 100vw, 1605px\" \/><\/p>\n<\/div>\n\t\t\t\t\t\t\t<\/div>\n\t\t\t\t\t\t<\/div>\n\t\t\t\t\t\n\t\t\t\t\t\t\t\t\t\t<\/div>\n<\/section>\n\n<section id=\"ruuvi-newsletter-block_915e81f275a5af1700e8e6fa680f2c5b\" class=\"ruuvi-newsletter py-auto alignfull\">\n\t<div class=\"container\">\n\t\t<div class=\"row\">\n\t\t\t<div class=\"col-lg-6 mx-auto ruuvi-newsletter__content\">\n\t\t\t\t\t\t\t\t\t<h2 class=\"h1 ruuvi-newsletter__title\">Liity nyt<\/h2>\n\t\t\t\t\t\t\t\t\t\t\t\t\t<p class=\"subtitle ruuvi-newsletter__subtitle \">Listan j\u00e4senen\u00e4 saat lis\u00e4tietoja ja etuja ennen julkaisua.<\/p>\n\t\t\t\t\t\t\t\t\t\t\t\t\t<div class=\"ruuvi-newsletter__text\"><p>Liity uuden tuotteemme s\u00e4hk\u00f6postilistalle, niin saat ensimm\u00e4isen\u00e4 tiedon tuotteen tarkemmista ominaisuuksista ja julkaisuaikataulusta. <strong>Listan j\u00e4senen\u00e4 saat my\u00f6s mahdollisuuden olla ensimm\u00e4isten joukossa tilaamassa tuotteen ennen virallista myynti\u00e4!<\/strong> <\/p>\n<p>Huom. Valitse liittymisen seuraavassa vaiheessa aktiiviseksi lista &#8221;Tuleva tuotejulkistus&#8221;.<\/p>\n<\/div>\n\t\t\t\t\n\t\t\t\t<form class=\"ruuvi-newsletter__form\" action=\"\" method=\"POST\" accept-charset=\"utf-8\">\n\t<div class=\"ruuvi-newsletter__form-row\">\n\t\t<input type=\"email\" name=\"email\" placeholder=\"S\u00e4hk\u00f6posti\" required>\n\t\t<button type=\"submit\">Liity!<\/button>\n\t<\/div>\n<\/form>\n\n<section class=\"js-newsletter-popup ruuvi-newsletter b-subscribe-settings js-popup\">\n\t<div class=\"js-newsletter-popup__overlay js-popup__overlay\"><\/div>\n\n\t<div class=\"js-newsletter-popup__content js-popup__content\">\n\t\t<span class=\"js-popup__close\"><\/span>\n\t\t<div class=\"js-popup__content-inner\">\n\t\t\t<div class=\"ruuvi-newsletter__content\">\n\t\t\t\t<form class=\"ruuvi-newsletter__formv2\" action=\"\" method=\"POST\" accept-charset=\"utf-8\">\n\t\t\t\t\t<div class=\"ruuvi-newsletter__formv2-row\">\n\t\t\t\t\t\t\t\t\t\t\t\t\t<h2 class=\"h1 ruuvi-newsletter__title\">Melkein valmista&#8230;<\/h2>\n\t\t\t\t\t\t\t\t\t\t\t\t\t\t\t\t\t\t\t<p class=\"subtitle ruuvi-newsletter__subtitle\">Valitse aihealueet, joista olet kiinnostunut:<\/p>\n\t\t\t\t\t\t\n\t\t\t\t\t\t<div class=\"ruuvi-newsletter__input-holder\">\n\t\t\t\t\t\t\t<input type=\"hidden\" class=\"js-subscriber-email popup-email\" name=\"subscriber-email\" value=\"\" placeholder=\"Email\">\n\t\t\t\t\t\t<\/div>\n\t\t\t\t\t\t\t\t\t\t\t\t\t<ul class=\"js-subscription-lists\">\n\t\t\t\t\t\t\t\t\t\t\t\t\t\t\t\t\t\t\t\t\t\t\t\t\t\t<li>\n\t\t\t\t\t\t\t\t\t\t\t\t\t\t\t\t\t\t\t\t<label class=\"styled-checkbox\">\n\t\t\t\t\t\t\t\t\t\t\t\t\t\t\t\t\t\t\t\t\t\t\t<input type=\"hidden\" name=\"TopicInsider\" value=\"TopicInsider\"\/>\n\t\t\t\t\t\t\t\t\t\t\t\t\t\t\t\t\t\t\t\t\t\t\t\t\t\t\t\t\t\t\t\t\t<input type=\"checkbox\" name=\"TopicInsider\"\n\t\t\t\t\t\t\t\t\t\t\t\t   value=\"TopicInsider\" checked disabled>\n\t\t\t\t\t\t\t\t\t\t\t<span>Ruuvin sis\u00e4piiri\t\t\t\t\t\t\t\t\t\t\t\t\t\t\t\t\t\t\t\t\t\t\t\t\t<br><small>Yritysuutiset, uudet tuotteet, tarjoukset ja muut markkinointiviestit.<\/small>\n\t\t\t\t\t\t\t\t\t\t\t\t\t\t\t\t\t\t\t\t\t\t\t<\/span>\n\t\t\t\t\t\t\t\t\t\t<\/label>\n\t\t\t\t\t\t\t\t\t<\/li>\n\t\t\t\t\t\t\t\t\t\t\t\t\t\t\t\t\t\t\t\t\t\t\t\t\t\t<li>\n\t\t\t\t\t\t\t\t\t\t\t\t\t\t\t\t\t\t\t\t<label class=\"styled-checkbox\">\n\t\t\t\t\t\t\t\t\t\t\t\t\t\t\t\t\t\t\t\t\t\t\t\t\t\t\t\t\t\t\t\t\t<input type=\"checkbox\" name=\"TopicBlog\"\n\t\t\t\t\t\t\t\t\t\t\t\t   value=\"TopicBlog\" checked>\n\t\t\t\t\t\t\t\t\t\t\t<span>Ruuvi Blog\t\t\t\t\t\t\t\t\t\t\t\t\t\t\t\t\t\t\t\t\t\t\t\t\t<br><small>Satunnaisia koosteita blogiartikkeleista.<\/small>\n\t\t\t\t\t\t\t\t\t\t\t\t\t\t\t\t\t\t\t\t\t\t\t<\/span>\n\t\t\t\t\t\t\t\t\t\t<\/label>\n\t\t\t\t\t\t\t\t\t<\/li>\n\t\t\t\t\t\t\t\t\t\t\t\t\t\t\t\t\t\t\t\t\t\t\t\t\t\t<li>\n\t\t\t\t\t\t\t\t\t\t\t\t\t\t\t\t\t\t\t\t<label class=\"styled-checkbox\">\n\t\t\t\t\t\t\t\t\t\t\t\t\t\t\t\t\t\t\t\t\t\t\t\t\t\t\t\t\t\t\t\t\t<input type=\"checkbox\" name=\"TopicDevelopment\"\n\t\t\t\t\t\t\t\t\t\t\t\t   value=\"TopicDevelopment\" checked>\n\t\t\t\t\t\t\t\t\t\t\t<span>Ruuvi Development\t\t\t\t\t\t\t\t\t\t\t\t\t\t\t\t\t\t\t\t\t\t\t\t\t<br><small>Ohjelmistop\u00e4ivitykset, kehityskertomukset, yhteis\u00f6uutiset.<\/small>\n\t\t\t\t\t\t\t\t\t\t\t\t\t\t\t\t\t\t\t\t\t\t\t<\/span>\n\t\t\t\t\t\t\t\t\t\t<\/label>\n\t\t\t\t\t\t\t\t\t<\/li>\n\t\t\t\t\t\t\t\t\t\t\t\t\t\t\t<\/ul>\n\t\t\t\t\t\t\n\t\t\t\t\t\t<select class=\"language-select\" name=\"lang\" required>\n\t\t\t\t\t\t\t<option disabled selected>Valitse kieli&#8230;<\/option>\n\t\t\t\t\t\t\t<option value=\"EN\">English<\/option>\n\t\t\t\t\t\t\t<option value=\"FI\">Suomeksi<\/option>\n\t\t\t\t\t\t<\/select>\n\n\t\t\t\t\t\t<input type=\"hidden\" name=\"source\" value=\"website\" class=\"ruuvi-newsletter__formv2-source\" autocomplete=\"nope\">\n\n\t\t\t\t\t\t<button class=\"ruuvi-newsletter__submit not-allowed\" type=\"submit\">Hyv\u00e4ksy<\/button>\n\t\t\t\t\t<\/div>\n\n\t\t\t\t\t<input type=\"text\" name=\"ruuvi-subscriber-name\" value=\"\" placeholder=\"Name\" class=\"ruuvi-newsletter__formv2-name\" autocomplete=\"nope\">\n\t\t\t\t\t<div class=\"ruuvi-newsletter__formv2-message\" style=\"display: none;\">\n\t\t\t\t\t\t<h2 style=\"text-align: center\">Kiitos.<\/h2>\n<p style=\"text-align: center\">N\u00e4hd\u00e4\u00e4n pian!<\/p>\n<p><img loading=\"lazy\" decoding=\"async\" class=\"size-medium wp-image-2675 aligncenter\" src=\"https:\/\/ruuvi.com\/i\/u\/ruuvi-beaver-with-ruuvitag-sensors-renamed-450x235.png\" alt=\"Ruuvi Beaver and RuuviTag sensor beacons\" width=\"450\" height=\"235\" srcset=\"https:\/\/ruuvi.com\/i\/u\/ruuvi-beaver-with-ruuvitag-sensors-renamed-450x235.png 450w, https:\/\/ruuvi.com\/i\/u\/ruuvi-beaver-with-ruuvitag-sensors-renamed-1024x534.png 1024w, https:\/\/ruuvi.com\/i\/u\/ruuvi-beaver-with-ruuvitag-sensors-renamed-768x401.png 768w, https:\/\/ruuvi.com\/i\/u\/ruuvi-beaver-with-ruuvitag-sensors-renamed-1536x802.png 1536w, https:\/\/ruuvi.com\/i\/u\/ruuvi-beaver-with-ruuvitag-sensors-renamed-600x313.png 600w, https:\/\/ruuvi.com\/i\/u\/ruuvi-beaver-with-ruuvitag-sensors-renamed-115x60.png 115w, https:\/\/ruuvi.com\/i\/u\/ruuvi-beaver-with-ruuvitag-sensors-renamed-172x90.png 172w, https:\/\/ruuvi.com\/i\/u\/ruuvi-beaver-with-ruuvitag-sensors-renamed.png 1671w\" sizes=\"auto, (max-width: 450px) 100vw, 450px\" \/><\/p>\n\t\t\t\t\t\t<h4 class=\"custom-info\"><\/h4>\n\t\t\t\t\t<\/div>\n\t\t\t\t<\/form>\n\t\t\t<\/div>\n\t\t<\/div>\n\t<\/div>\n<\/section>\n\t\t\t<\/div>\n\t\t<\/div>\n\t<\/div>\n<\/section>\n\n<section id=\"b-spacer-block_de5684e24aeb4f8af7e5c9cb5d8d041a\" class=\"b-spacer bg-white alignfull\">\n\t\t\t<div class=\"visible-lg-up\" style=\"height: 40px\"><\/div>\n\t\t<div class=\"hidden-lg-up\" style=\"height: 20px\"><\/div>\n\t<\/section>\n\n<section id=\"b-spacer-block_69d3a70d5c05d95feacbe43c98a033b4\" class=\"b-spacer bg-white alignfull\">\n\t\t\t<div class=\"visible-lg-up\" style=\"height: 20px\"><\/div>\n\t\t<div class=\"hidden-lg-up\" style=\"height: 0px\"><\/div>\n\t<\/section>\n","protected":false},"excerpt":{"rendered":"","protected":false},"author":4,"featured_media":123031,"parent":0,"menu_order":0,"comment_status":"closed","ping_status":"closed","template":"","meta":{"_acf_changed":false,"footnotes":""},"class_list":["post-123003","page","type-page","status-publish","has-post-thumbnail","hentry"],"acf":[],"yoast_head":"<!-- This site is optimized with the Yoast SEO plugin v27.3 - https:\/\/yoast.com\/product\/yoast-seo-wordpress\/ -->\n<title>Uutta Ruuvilta \u2013 liity nyt! - Ruuvi<\/title>\n<meta name=\"description\" content=\"Liity uuden tuotteemme s\u00e4hk\u00f6postilistalle, niin saat ensimm\u00e4isen\u00e4 tiedon tuotteen tarkemmista ominaisuuksista ja julkaisuaikataulusta.\" \/>\n<meta name=\"robots\" content=\"index, follow, max-snippet:-1, max-image-preview:large, max-video-preview:-1\" \/>\n<link rel=\"canonical\" href=\"https:\/\/ruuvi.com\/fi\/uutta\/\" \/>\n<meta property=\"og:locale\" content=\"fi_FI\" \/>\n<meta property=\"og:type\" content=\"article\" \/>\n<meta property=\"og:title\" content=\"Uutta Ruuvilta \u2013 liity nyt!\" \/>\n<meta property=\"og:description\" content=\"Liity uuden tuotteemme s\u00e4hk\u00f6postilistalle, niin saat ensimm\u00e4isen\u00e4 tiedon tuotteen tarkemmista ominaisuuksista ja julkaisuaikataulusta.\" \/>\n<meta property=\"og:url\" content=\"https:\/\/ruuvi.com\/fi\/uutta\/\" \/>\n<meta property=\"og:site_name\" content=\"Ruuvi\" \/>\n<meta property=\"article:publisher\" content=\"https:\/\/www.facebook.com\/ruuvi.cc\" \/>\n<meta property=\"article:modified_time\" content=\"2025-09-19T14:38:39+00:00\" \/>\n<meta property=\"og:image\" content=\"https:\/\/ruuvi.com\/i\/u\/air-beaver-web2-1024x602.jpg\" \/>\n<meta name=\"twitter:card\" content=\"summary_large_image\" \/>\n<meta name=\"twitter:site\" content=\"@ruuvicom\" \/>\n<script type=\"application\/ld+json\" class=\"yoast-schema-graph\">{\"@context\":\"https:\\\/\\\/schema.org\",\"@graph\":[{\"@type\":\"WebPage\",\"@id\":\"https:\\\/\\\/ruuvi.com\\\/fi\\\/uutta\\\/\",\"url\":\"https:\\\/\\\/ruuvi.com\\\/fi\\\/uutta\\\/\",\"name\":\"Uutta Ruuvilta \u2013 liity nyt! - Ruuvi\",\"isPartOf\":{\"@id\":\"https:\\\/\\\/ruuvi.com\\\/fi\\\/#website\"},\"primaryImageOfPage\":{\"@id\":\"https:\\\/\\\/ruuvi.com\\\/fi\\\/uutta\\\/#primaryimage\"},\"image\":{\"@id\":\"https:\\\/\\\/ruuvi.com\\\/fi\\\/uutta\\\/#primaryimage\"},\"thumbnailUrl\":\"https:\\\/\\\/ruuvi.com\\\/i\\\/u\\\/beaver-air-web2.jpg\",\"datePublished\":\"2025-08-21T06:22:27+00:00\",\"dateModified\":\"2025-09-19T14:38:39+00:00\",\"description\":\"Liity uuden tuotteemme s\u00e4hk\u00f6postilistalle, niin saat ensimm\u00e4isen\u00e4 tiedon tuotteen tarkemmista ominaisuuksista ja julkaisuaikataulusta.\",\"breadcrumb\":{\"@id\":\"https:\\\/\\\/ruuvi.com\\\/fi\\\/uutta\\\/#breadcrumb\"},\"inLanguage\":\"fi\",\"potentialAction\":[{\"@type\":\"ReadAction\",\"target\":[\"https:\\\/\\\/ruuvi.com\\\/fi\\\/uutta\\\/\"]}]},{\"@type\":\"ImageObject\",\"inLanguage\":\"fi\",\"@id\":\"https:\\\/\\\/ruuvi.com\\\/fi\\\/uutta\\\/#primaryimage\",\"url\":\"https:\\\/\\\/ruuvi.com\\\/i\\\/u\\\/beaver-air-web2.jpg\",\"contentUrl\":\"https:\\\/\\\/ruuvi.com\\\/i\\\/u\\\/beaver-air-web2.jpg\",\"width\":1605,\"height\":917,\"caption\":\"Ruuvi Beaver breathing fresh air\"},{\"@type\":\"BreadcrumbList\",\"@id\":\"https:\\\/\\\/ruuvi.com\\\/fi\\\/uutta\\\/#breadcrumb\",\"itemListElement\":[{\"@type\":\"ListItem\",\"position\":1,\"name\":\"Home\",\"item\":\"https:\\\/\\\/ruuvi.com\\\/fi\\\/\"},{\"@type\":\"ListItem\",\"position\":2,\"name\":\"Uutta Ruuvilta \u2013 liity nyt!\"}]},{\"@type\":\"WebSite\",\"@id\":\"https:\\\/\\\/ruuvi.com\\\/fi\\\/#website\",\"url\":\"https:\\\/\\\/ruuvi.com\\\/fi\\\/\",\"name\":\"Ruuvi\",\"description\":\"Measure Your World\",\"potentialAction\":[],\"inLanguage\":\"fi\"}]}<\/script>\n<!-- \/ Yoast SEO plugin. -->","yoast_head_json":{"title":"Uutta Ruuvilta \u2013 liity nyt! - Ruuvi","description":"Liity uuden tuotteemme s\u00e4hk\u00f6postilistalle, niin saat ensimm\u00e4isen\u00e4 tiedon tuotteen tarkemmista ominaisuuksista ja julkaisuaikataulusta.","robots":{"index":"index","follow":"follow","max-snippet":"max-snippet:-1","max-image-preview":"max-image-preview:large","max-video-preview":"max-video-preview:-1"},"canonical":"https:\/\/ruuvi.com\/fi\/uutta\/","og_locale":"fi_FI","og_type":"article","og_title":"Uutta Ruuvilta \u2013 liity nyt!","og_description":"Liity uuden tuotteemme s\u00e4hk\u00f6postilistalle, niin saat ensimm\u00e4isen\u00e4 tiedon tuotteen tarkemmista ominaisuuksista ja julkaisuaikataulusta.","og_url":"https:\/\/ruuvi.com\/fi\/uutta\/","og_site_name":"Ruuvi","article_publisher":"https:\/\/www.facebook.com\/ruuvi.cc","article_modified_time":"2025-09-19T14:38:39+00:00","og_image":[{"url":"https:\/\/ruuvi.com\/i\/u\/air-beaver-web2-1024x602.jpg","type":"","width":"","height":""}],"twitter_card":"summary_large_image","twitter_site":"@ruuvicom","schema":{"@context":"https:\/\/schema.org","@graph":[{"@type":"WebPage","@id":"https:\/\/ruuvi.com\/fi\/uutta\/","url":"https:\/\/ruuvi.com\/fi\/uutta\/","name":"Uutta Ruuvilta \u2013 liity nyt! - Ruuvi","isPartOf":{"@id":"https:\/\/ruuvi.com\/fi\/#website"},"primaryImageOfPage":{"@id":"https:\/\/ruuvi.com\/fi\/uutta\/#primaryimage"},"image":{"@id":"https:\/\/ruuvi.com\/fi\/uutta\/#primaryimage"},"thumbnailUrl":"https:\/\/ruuvi.com\/i\/u\/beaver-air-web2.jpg","datePublished":"2025-08-21T06:22:27+00:00","dateModified":"2025-09-19T14:38:39+00:00","description":"Liity uuden tuotteemme s\u00e4hk\u00f6postilistalle, niin saat ensimm\u00e4isen\u00e4 tiedon tuotteen tarkemmista ominaisuuksista ja julkaisuaikataulusta.","breadcrumb":{"@id":"https:\/\/ruuvi.com\/fi\/uutta\/#breadcrumb"},"inLanguage":"fi","potentialAction":[{"@type":"ReadAction","target":["https:\/\/ruuvi.com\/fi\/uutta\/"]}]},{"@type":"ImageObject","inLanguage":"fi","@id":"https:\/\/ruuvi.com\/fi\/uutta\/#primaryimage","url":"https:\/\/ruuvi.com\/i\/u\/beaver-air-web2.jpg","contentUrl":"https:\/\/ruuvi.com\/i\/u\/beaver-air-web2.jpg","width":1605,"height":917,"caption":"Ruuvi Beaver breathing fresh air"},{"@type":"BreadcrumbList","@id":"https:\/\/ruuvi.com\/fi\/uutta\/#breadcrumb","itemListElement":[{"@type":"ListItem","position":1,"name":"Home","item":"https:\/\/ruuvi.com\/fi\/"},{"@type":"ListItem","position":2,"name":"Uutta Ruuvilta \u2013 liity nyt!"}]},{"@type":"WebSite","@id":"https:\/\/ruuvi.com\/fi\/#website","url":"https:\/\/ruuvi.com\/fi\/","name":"Ruuvi","description":"Measure Your World","potentialAction":[],"inLanguage":"fi"}]}},"_links":{"self":[{"href":"https:\/\/ruuvi.com\/fi\/wp-json\/wp\/v2\/pages\/123003","targetHints":{"allow":["GET"]}}],"collection":[{"href":"https:\/\/ruuvi.com\/fi\/wp-json\/wp\/v2\/pages"}],"about":[{"href":"https:\/\/ruuvi.com\/fi\/wp-json\/wp\/v2\/types\/page"}],"author":[{"embeddable":true,"href":"https:\/\/ruuvi.com\/fi\/wp-json\/wp\/v2\/users\/4"}],"replies":[{"embeddable":true,"href":"https:\/\/ruuvi.com\/fi\/wp-json\/wp\/v2\/comments?post=123003"}],"version-history":[{"count":18,"href":"https:\/\/ruuvi.com\/fi\/wp-json\/wp\/v2\/pages\/123003\/revisions"}],"predecessor-version":[{"id":123491,"href":"https:\/\/ruuvi.com\/fi\/wp-json\/wp\/v2\/pages\/123003\/revisions\/123491"}],"wp:featuredmedia":[{"embeddable":true,"href":"https:\/\/ruuvi.com\/fi\/wp-json\/wp\/v2\/media\/123031"}],"wp:attachment":[{"href":"https:\/\/ruuvi.com\/fi\/wp-json\/wp\/v2\/media?parent=123003"}],"curies":[{"name":"wp","href":"https:\/\/api.w.org\/{rel}","templated":true}]}}