{"id":25233,"date":"2020-10-26T14:09:42","date_gmt":"2020-10-26T12:09:42","guid":{"rendered":"https:\/\/ruuvi.com\/toimitus\/"},"modified":"2025-11-10T17:53:37","modified_gmt":"2025-11-10T15:53:37","slug":"toimitus","status":"publish","type":"page","link":"https:\/\/ruuvi.com\/fi\/toimitus\/","title":{"rendered":"Toimitus, palautukset ja takuu"},"content":{"rendered":"\n<h1 class=\"wp-block-heading\">Toimitus, palautukset ja takuu<\/h1>\n\n<p>Tilaa niin monta tuotetta kuin haluat, toimituskulut ovat samat! Veloitukseton seurattava toimitus yli 100 \u20ac tilauksille Suomeen. <strong>Huomioithan, ett\u00e4 tilauksen loppusumman tulee olla yli tarvittavan rajan my\u00f6s alennuskoodin k\u00e4yt\u00f6n j\u00e4lkeen.<\/strong> <\/p>\n\n<p><strong>Huomio: <\/strong>Lis\u00e4\u00e4m\u00e4ll\u00e4 tuotteet ostoskoriin n\u00e4et kassalla<br\/>toimitusvaihtoehdot sek\u00e4 arvioidut toimitusajat.<\/p>\n\n<p><strong>Huomio:<\/strong> Eurooppalaisille asiakkaille taulukon hinnat sis\u00e4lt\u00e4v\u00e4t arvonlis\u00e4veron.<\/p>\n\n<figure class=\"wp-block-table is-style-stripes\"><table class=\"has-fixed-layout\"><thead><tr><th class=\"has-text-align-left\" data-align=\"left\">Kohde<\/th><th class=\"has-text-align-center\" data-align=\"center\">Posti<\/th><th class=\"has-text-align-center\" data-align=\"center\">DHL Global Mail (seurattava)<\/th><th class=\"has-text-align-center\" data-align=\"center\">DHL Express Courier<\/th><th class=\"has-text-align-center\" data-align=\"center\">Post RU EMS<\/th><\/tr><\/thead><tbody><tr><td class=\"has-text-align-left\" data-align=\"left\">Suomi *<\/td><td class=\"has-text-align-center\" data-align=\"center\">5,90\u20ac<\/td><td class=\"has-text-align-center\" data-align=\"center\">&#8211;<\/td><td class=\"has-text-align-center\" data-align=\"center\">15,90\u20ac<\/td><td class=\"has-text-align-center\" data-align=\"center\">&#8211;<\/td><\/tr><tr><td class=\"has-text-align-left\" data-align=\"left\">Eurooppa (EU) *<\/td><td class=\"has-text-align-center\" data-align=\"center\">&#8211;<\/td><td class=\"has-text-align-center\" data-align=\"center\">7,90\u20ac<\/td><td class=\"has-text-align-center\" data-align=\"center\">16,90\u20ac<\/td><td class=\"has-text-align-center\" data-align=\"center\">&#8211;<\/td><\/tr><tr><td class=\"has-text-align-left\" data-align=\"left\">Eurooppa (ei EU)<\/td><td class=\"has-text-align-center\" data-align=\"center\">&#8211;<\/td><td class=\"has-text-align-center\" data-align=\"center\">9,90\u20ac<\/td><td class=\"has-text-align-center\" data-align=\"center\">17,90\u20ac<\/td><td class=\"has-text-align-center\" data-align=\"center\">&#8211;<\/td><\/tr><tr><td class=\"has-text-align-left\" data-align=\"left\">Iso-Britannia<\/td><td class=\"has-text-align-center\" data-align=\"center\">&#8211;<\/td><td class=\"has-text-align-center\" data-align=\"center\">&#8211;<\/td><td class=\"has-text-align-center\" data-align=\"center\">29,90\u20ac<\/td><td class=\"has-text-align-center\" data-align=\"center\">&#8211;<\/td><\/tr><tr><td class=\"has-text-align-left\" data-align=\"left\">Sveitsi ja Norja<\/td><td class=\"has-text-align-center\" data-align=\"center\">&#8211;<\/td><td class=\"has-text-align-center\" data-align=\"center\">9,90\u20ac<\/td><td class=\"has-text-align-center\" data-align=\"center\">25,90\u20ac<\/td><td class=\"has-text-align-center\" data-align=\"center\">&#8211;<\/td><\/tr><tr><td class=\"has-text-align-left\" data-align=\"left\">Kanada<\/td><td class=\"has-text-align-center\" data-align=\"center\">&#8211;<\/td><td class=\"has-text-align-center\" data-align=\"center\">&#8211;<\/td><td class=\"has-text-align-center\" data-align=\"center\">29,90\u20ac **<\/td><td class=\"has-text-align-center\" data-align=\"center\">&#8211;<\/td><\/tr><tr><td class=\"has-text-align-left\" data-align=\"left\">USA ***<\/td><td class=\"has-text-align-center\" data-align=\"center\"><\/td><td class=\"has-text-align-center\" data-align=\"center\">9,90\u20ac<\/td><td class=\"has-text-align-center\" data-align=\"center\">24,90\u20ac<\/td><td class=\"has-text-align-center\" data-align=\"center\"><\/td><\/tr><tr><td class=\"has-text-align-left\" data-align=\"left\">Thaimaa, Singapore, Malesia<\/td><td class=\"has-text-align-center\" data-align=\"center\">&#8211;<\/td><td class=\"has-text-align-center\" data-align=\"center\">&#8211;<\/td><td class=\"has-text-align-center\" data-align=\"center\">19,90\u20ac<\/td><td class=\"has-text-align-center\" data-align=\"center\">&#8211;<\/td><\/tr><tr><td class=\"has-text-align-left\" data-align=\"left\">Ven\u00e4j\u00e4<\/td><td class=\"has-text-align-center\" data-align=\"center\">&#8211;<\/td><td class=\"has-text-align-center\" data-align=\"center\">&#8211;<\/td><td class=\"has-text-align-center\" data-align=\"center\">&#8211;<\/td><td class=\"has-text-align-center\" data-align=\"center\">Ei saatavilla\/-tietoa<\/td><\/tr><tr><td class=\"has-text-align-left\" data-align=\"left\">Erityiskohteet ****<\/td><td class=\"has-text-align-center\" data-align=\"center\">&#8211;<\/td><td class=\"has-text-align-center\" data-align=\"center\">&#8211;<\/td><td class=\"has-text-align-center\" data-align=\"center\">39,90\u20ac<\/td><td class=\"has-text-align-center\" data-align=\"center\">&#8211;<\/td><\/tr><tr><td class=\"has-text-align-left\" data-align=\"left\">Muu maailma<\/td><td class=\"has-text-align-center\" data-align=\"center\">&#8211;<\/td><td class=\"has-text-align-center\" data-align=\"center\">&#8211;<\/td><td class=\"has-text-align-center\" data-align=\"center\">29,90\u20ac<\/td><td class=\"has-text-align-center\" data-align=\"center\">&#8211;<\/td><\/tr><\/tbody><\/table><\/figure>\n\n<div class=\"wp-block-columns is-layout-flex wp-container-core-columns-is-layout-9d6595d7 wp-block-columns-is-layout-flex\">\n<div class=\"wp-block-column is-layout-flow wp-block-column-is-layout-flow\" style=\"flex-basis:100%\">\n<p>Tuotteet l\u00e4hetet\u00e4\u00e4n Suomesta. L\u00e4hetykset Euroopan Unionin ulkopuolelle saattavat aiheuttaa maasta riippuen tullauskuluja, tullimaksuja, veroja, arvonlis\u00e4veroja tai muita paikallisia maahantuontikuluja.<\/p>\n\n\n\n<p>** Maat, joiden per\u00e4ss\u00e4 on **, jos k\u00e4ytet\u00e4\u00e4n DHL Expressi\u00e4, DDP on voimassa. T\u00e4m\u00e4 tarkoittaa sit\u00e4, ett\u00e4 maksut ja verot ovat maksettu. Suositeltu. <\/p>\n\n\n\n<p>*** Verovapaa toimitus Yhdysvaltoihin on p\u00e4\u00e4ttynyt 29.08.2025. Kaikki l\u00e4hetykset vaativat tullauksen ja paikallisten tullimaksujen maksamisen. DHL veloittaa my\u00f6s palvelumaksun tullauksesta. <\/p>\n\n\n\n<p>**** Erikoiskohteet: Kap Verde, Komorit, Guinea, Guinea-Bissau, Lesotho, Liberia, Libya, Madagascar, Malawi, Mali, Mauritania, Mauritius, Mayotte, Marokko, Nigeria, Reunion, Sao Tome ja Principe, Saint Helena, Senegal, Seychellit, Etel\u00e4-Afrikka, Swazimaa, Tansania, Togo, Tunisia, Uganda, Zimbabwe, Afganistan, Bhutan, Kamputsea, Jordan, Laos, Libanon, Macao, Malediivit, Mongolia, Myanmar, Nepal, Sri Lanka, Vietnam, Bermuda, Guam, Kiribati, Marshallsaaret, Mikronesia, Uusi Kaledonia, Niue, Papua Uusi-Guinea, Samoa, Salomonsaaret, Tonga, Tuvalu, Vanuatu, Etel\u00e4-Amerikan maat.<\/p>\n\n\n\n<p>Emme toimita seuraaviin maihin: Kiina, Kreikka, Ruanda, Sierra Leone, Somalia, Etel\u00e4-Sudan, Sudan, Iran, Irak, Pohjois-Korea, Ven\u00e4j\u00e4 ja Syyria.<\/p>\n<\/div>\n<\/div>\n\n<h2 class=\"wp-block-heading\">Palautukset<\/h2>\n\n<p>Palautusoikeus on voimassa 14 vuorokautta. Jos ostoksestasi on kulunut yli 14 vuorokautta, emme valitettavasti voi palauttaa rahojasi tai tarjota vaihtotuotetta. Jotta olet oikeutettu hyvitykseen, tuotteen t\u00e4ytyy olla avaamaton ja samassa kunnossa kuin saadessasi sen. Sen t\u00e4ytyy olla my\u00f6s sen alkuper\u00e4ispakkauksessaan. Jotta palautus onnistuu, vaadimme ostokuittia tai muuta todistetta ostoksesta. On tilanteita, joissa voidaan my\u00f6nt\u00e4\u00e4 vain osittainen hyvitys. Jos tuote ei ole sen alkuper\u00e4ispakkauksessa, se on vahingoittunut tai siit\u00e4 puuttu osia, ja viat ovat syntyneet meist\u00e4 riippumattomista syist\u00e4, vain osittainen hyvitys on mahdollinen.<\/p>\n\n<h5 class=\"wp-block-heading\">Hyvitykset<\/h5>\n\n<p>Kun palautuksesi on saapunut meille ja olemme tarkastaneet tuotteen, l\u00e4het\u00e4mme sinulle s\u00e4hk\u00f6postin ja varmistamme palautuksen saapuneen toimitiloihimme. Ilmoitamme sinulle my\u00f6s hyvityksen tilasta, eli onko se hyv\u00e4ksytty vai hyl\u00e4tty. Jos olet oikeutettu hyvitykseen, hyvitys toimitetaan suoraan luottokortillesi tai alkuper\u00e4iselle maksuv\u00e4lineellesi muutaman p\u00e4iv\u00e4n kuluessa.<\/p>\n\n<h5 class=\"wp-block-heading\">My\u00f6h\u00e4styneet tai puuttuvat hyvitykset<\/h5>\n\n<p>Jos et ole saanut sinulle kuuluvaa hyvityst\u00e4, tarkistathan pankkitilisi uudestaan. Ota sitten yhteys luottokortin tarjoajaasi, hyvityksen virallisessa n\u00e4kymisess\u00e4 voi kest\u00e4\u00e4 jonkin aikaa. Ota seuraavaksi yhteys pankkiisi. Pankeissa saattaa kest\u00e4\u00e4 hetken ennen kuin hyvitys n\u00e4kyy tilill\u00e4. Jos olet varmistanut kaikki edelt\u00e4v\u00e4t vaiheet, etk\u00e4 silti ole saanut hyvityst\u00e4si, ota meihin yhteytt\u00e4 s\u00e4hk\u00f6postilla osoitteeseen sales@ruuvi.com.<\/p>\n\n<h5 class=\"wp-block-heading\">Alennustuotteet<\/h5>\n\n<p>Voit saada hyvityst\u00e4 vain t\u00e4ysihintaisista tuotteistta, valitettavasti alennetuista tuotteista ei voi siis saada hyvityst\u00e4.<\/p>\n\n<h5 class=\"wp-block-heading\">Vaihtotuotteet<\/h5>\n\n<p>Vaihdamme tuotteita uusiin vain jos alkuper\u00e4inen tuote on viallinen tai vaurioitunut. Jos haluat vaihtaa tuotteen samaan tuotteeseen, l\u00e4het\u00e4 meille s\u00e4hk\u00f6postia osoitteeseen sales@ruuvi.com. Saat vastauss\u00e4hk\u00f6postilla lis\u00e4ohjeita.<\/p>\n\n<h5 class=\"wp-block-heading\">Toimitus<\/h5>\n\n<p>Jotta voit palauttaa tuotteesi, otathan meihin ensin yhteytt\u00e4 s\u00e4hk\u00f6postilla osoitteeseen <a href=\"mailto:sales@ruuvi.com\">sales@ruuvi.com<\/a><\/p>\n\n<p>Olet vastuussa palautukseen liittyvien toimituskulujen maksamisesta. Toimituskuluja ei hyvitet\u00e4. Jos olet oikeutettu hyvitykseen, maksu takaisintoimituksesta perit\u00e4\u00e4n hyvityssummasta. Uuden korvaavan tuotteen saapumisaika riippuu asuinpaikastasi. Jos toimitat yli 75\u20ac arvoista tuotetta, sinun kannattaa harkita seurattavan toimituksen valitsemista tai toimitusvakuutuksen ostamista. Emme takaa sit\u00e4, ett\u00e4 tulemme vastaanottamaan sinun l\u00e4hett\u00e4m\u00e4si palautustuotteen.<\/p>\n\n<h2 class=\"wp-block-heading\">Takuu<\/h2>\n\n<p>Tuotteen ja sen kaikkien osien takuu on kaksitoista <strong>(12) kuukautta<\/strong>. Takuuaika alkaa toimitusp\u00e4iv\u00e4st\u00e4. Takuuasioissa, ota yhteytt\u00e4 osoitteeseen <strong>sales@ruuvi.com <\/strong> <\/p>\n\n<p>Laillisia oikeuksia kuluttaja-asiakkaalle: Ostaja, jota suojaa kuluttajasuojalaki tai muut s\u00e4\u00e4d\u00f6kset osto- tai asuinmaassaan (asuinmaassaan jos maat ovat eiv\u00e4t ole samat), myyj\u00e4n antamat takuuehdot ovat lis\u00e4n\u00e4 kaikkiin kuluttajansuojalakiin liittyviin lakeihin ja muutoksenhakukeinoihin.<\/p>\n\n<p>Alla kerrotun takuujakson aikana myyj\u00e4 takaa, ett\u00e4 h\u00e4nen parhaan tietonsa mukaan tuotteessa ei ole vikoja, jotka olisivat syntyneet huonosta suunnitelusta, k\u00e4ytetyist\u00e4 materiaaleista tai ty\u00f6panoksesta, jotka est\u00e4isiv\u00e4t tuotteen s\u00e4hk\u00f6isen tai mekaanisen toiminnan. Mik\u00e4li t\u00e4llaisia vikoja ilmenee takuuaikana, myyj\u00e4 harkintansa mukaan joko korjaa viat tai toimittaa uudet tuotteet veloituksetta FCA:n (INCOTERMS\u00ae 2010) perusteella. Kaikki kustannukset (mukaan lukien esim. ty\u00f6voimakustannukset), kuten (i) purkaminen ja (ii) t\u00e4m\u00e4n takuun alaisen korjatun tai vaihdetun osan asentaminen on poissuljettua.<\/p>\n\n<p>Ostajan tulee antaa Myyj\u00e4lle kirjallinen ilmoitus v\u00e4itetyst\u00e4 virheest\u00e4 nelj\u00e4ntoista (14) p\u00e4iv\u00e4n kuluessa siit\u00e4, kun ostaja havaitsi virheen, ja viimeist\u00e4\u00e4n kahden (2) p\u00e4iv\u00e4n kuluessa takuun p\u00e4\u00e4ttymisest\u00e4.<br\/>Ilmoituksen on sis\u00e4llett\u00e4v\u00e4 v\u00e4itetyst\u00e4 viasta riitt\u00e4v\u00e4 kuvaus, jotta Myyj\u00e4 voi m\u00e4\u00e4ritt\u00e4\u00e4, kuuluuko t\u00e4llainen v\u00e4itetty vika yll\u00e4 olevan takuun piiriin. Jos Ostaja ei anna Myyj\u00e4lle kirjallista ilmoitusta edell\u00e4 mainituissa m\u00e4\u00e4r\u00e4ajoissa, Ostaja luopuu kaikista v\u00e4itettyyn virheeseen liittyvist\u00e4 vaatimuksista. Jos Ostajan ilmoitus ei riit\u00e4, jotta Myyj\u00e4 voi m\u00e4\u00e4ritt\u00e4\u00e4, kuuluuko v\u00e4itetty virhe Myyj\u00e4n takuun piiriin, Myyj\u00e4 voi hyl\u00e4t\u00e4 t\u00e4llaisen ilmoituksen ja takuuvaatimuksen.<\/p>\n\n<p>Ellei Ostaja l\u00e4het\u00e4 uudelleen asianmukaista ilmoitusta v\u00e4itetyst\u00e4 viasta edell\u00e4 mainituissa m\u00e4\u00e4r\u00e4ajoissa, ostaja luopuu oikeudestaan esitt\u00e4\u00e4 v\u00e4itetty\u00e4 vikaa koskevia vaatimuksia. Ilmoitus l\u00e4hetet\u00e4\u00e4n osoitteeseen<br\/><strong>sales@ruuvi.com <\/strong><\/p>\n\n<p><strong>Takuun ulkopuolelle j\u00e4\u00e4v\u00e4t tuotteen osat<\/strong>:<\/p>\n\n<p>(i) joiden korjaaminen tai vaihtaminen on tarpeen normaalin kulumisen vuoksi;<br\/>(ii) jotka ovat tyhjenevi\u00e4 esineit\u00e4, mukaan lukien, mutta ei rajoittuen, sellaiset esineet kuten paristot<br\/>(iii) joihin Ostaja tai mik\u00e4 tahansa kolmas osapuoli on suorittanut tai aloittanut korjauksia, muutoksia tai s\u00e4\u00e4t\u00f6j\u00e4 ilman Myyj\u00e4n aiempaa lupaa;<br\/>(iv) joiden vioista ei ilmoiteta viipym\u00e4tt\u00e4 Myyj\u00e4lle yll\u00e4 olevan takuuajan kuluessa;<br\/>(v) joiden ep\u00e4onnistumiset tai vauriot johtuvat muusta kuin myyj\u00e4n huolimattomuudesta, onnettomuudesta, v\u00e4\u00e4rink\u00e4yt\u00f6st\u00e4,<br\/>virheellisest\u00e4 asennuksesta (muut kuin Myyj\u00e4n tekem\u00e4t asennukset), virheellisest\u00e4 toiminnasta tai ep\u00e4normaaleista l\u00e4mp\u00f6tila-, kosteus-, lika- tai sy\u00f6vytt\u00e4vist\u00e4 olosuhteista, kapseloinnista; tai<br\/>(vi) jotka ovat muuten vaurioituneet ilman Myyj\u00e4n syyt\u00e4.<br\/>(vii) anturit ja niiden tarkkuus; anturikomponentin ilmoittamat tyypilliset maksimitarkkuustoleranssit<br\/>eiv\u00e4t aina t\u00e4yty ja pienell\u00e4 osuudella osista voi olla suurempi vaihtelu niiden enimm\u00e4istoleransseissa. Myyj\u00e4ll\u00e4 ei ole vastuuta anturien tarkkuudesta.<\/p>\n\n<p><strong>Esimerkkitapauksia, joissa takuu on p\u00e4tem\u00e4t\u00f6n:<\/strong><\/p>\n\n<ul class=\"wp-block-list\">\n<li>Tuotteita k\u00e4ytet\u00e4\u00e4n tai pidet\u00e4\u00e4n v\u00e4\u00e4rin, toisin sanoen niit\u00e4 pidet\u00e4\u00e4n tiloissa, joissa ei j\u00e4rkev\u00e4sti ajatellen tulisi pit\u00e4\u00e4 s\u00e4hk\u00f6isi\u00e4 laitteita.<\/li>\n\n\n\n<li>Vesi tai kosteusavauriot, jotka syntyv\u00e4t esimerkiksi kosteuden kondensoitumisesta tai vastaavasta tilanteesta.<\/li>\n\n\n\n<li>Tahallinen, vahingollinen tai v\u00e4linpit\u00e4m\u00e4tt\u00f6myydest\u00e4 seuraava vahinko.<\/li>\n\n\n\n<li>Fyysinen vahinko tai v\u00e4\u00e4rink\u00e4ytt\u00f6, eli tuotteen v\u00e4\u00e4nt\u00e4minen, taittaminen, leikkaaminen tai vastaava toiminta.<\/li>\n\n\n\n<li>Ylivoimaisen esteen (kuten huonon s\u00e4\u00e4n) tai s\u00e4hk\u00f6h\u00e4iri\u00f6n (kuten virtapiikin) aiheuttamat vahingot.<\/li>\n\n\n\n<li>Laiteohjelmiston muokkaamisen tai p\u00e4ivittymisen virhe, jos myyj\u00e4 ei ole tehnyt tai hyv\u00e4ksynyt k\u00e4ytetty\u00e4 laiteohjelmistoa.<\/li>\n\n\n\n<li>Tuotteen fyysinen muokkaaminen, kuten kotelon tai elektroniikkaosien muuntelu.<\/li>\n\n\n\n<li>Komponenttien peukalointi, esimerkiksi yhdistimien tai muiden kiinteiden komponenttien irrottaminen tai muokkaaminen.<\/li>\n\n\n\n<li>Jos tuotenumero tai sertifikaatti on poistettu laitteesta ne on t\u00f6hritty.<\/li>\n\n\n\n<li>Altistuminen vaaralliselle s\u00e4teilylle tai sy\u00f6vytt\u00e4v\u00e4lle kemikaalille.<\/li>\n<\/ul>\n","protected":false},"excerpt":{"rendered":"<p>Toimitus, palautukset ja takuu Tilaa niin monta tuotetta kuin haluat, toimituskulut ovat samat! Veloitukseton seurattava toimitus yli 100 \u20ac tilauksille Suomeen. Huomioithan, ett\u00e4 tilauksen loppusumman tulee olla yli tarvittavan rajan my\u00f6s alennuskoodin k\u00e4yt\u00f6n j\u00e4lkeen. Huomio: Lis\u00e4\u00e4m\u00e4ll\u00e4 tuotteet ostoskoriin n\u00e4et kassallatoimitusvaihtoehdot sek\u00e4 arvioidut toimitusajat. Huomio: Eurooppalaisille asiakkaille taulukon hinnat sis\u00e4lt\u00e4v\u00e4t arvonlis\u00e4veron. Kohde Posti DHL Global Mail [&hellip;]<\/p>\n","protected":false},"author":12,"featured_media":0,"parent":0,"menu_order":0,"comment_status":"closed","ping_status":"closed","template":"","meta":{"_acf_changed":false,"footnotes":""},"class_list":["post-25233","page","type-page","status-publish","hentry"],"acf":[],"yoast_head":"<!-- This site is optimized with the Yoast SEO plugin v27.3 - https:\/\/yoast.com\/product\/yoast-seo-wordpress\/ -->\n<title>Toimitus, palautukset ja takuu - Ruuvi<\/title>\n<meta name=\"description\" content=\"Ruuvi-tuotteiden toimitus-, palautus-, ja takuuehdot.\" \/>\n<meta name=\"robots\" content=\"index, follow, max-snippet:-1, max-image-preview:large, max-video-preview:-1\" \/>\n<link rel=\"canonical\" href=\"https:\/\/ruuvi.com\/fi\/toimitus\/\" \/>\n<meta property=\"og:locale\" content=\"fi_FI\" \/>\n<meta property=\"og:type\" content=\"article\" \/>\n<meta property=\"og:title\" content=\"Toimitus, palautukset ja takuu - Ruuvi\" \/>\n<meta property=\"og:description\" content=\"Ruuvi-tuotteiden toimitus-, palautus-, ja takuuehdot.\" \/>\n<meta property=\"og:url\" content=\"https:\/\/ruuvi.com\/fi\/toimitus\/\" \/>\n<meta property=\"og:site_name\" content=\"Ruuvi\" \/>\n<meta property=\"article:publisher\" content=\"https:\/\/www.facebook.com\/ruuvi.cc\" \/>\n<meta property=\"article:modified_time\" content=\"2025-11-10T15:53:37+00:00\" \/>\n<meta property=\"og:image\" content=\"https:\/\/ruuvi.com\/i\/u\/ruuvi-share-measure_your_world_1.jpg\" \/>\n\t<meta property=\"og:image:width\" content=\"1200\" \/>\n\t<meta property=\"og:image:height\" content=\"628\" \/>\n\t<meta property=\"og:image:type\" content=\"image\/jpeg\" \/>\n<meta name=\"twitter:card\" content=\"summary_large_image\" \/>\n<meta name=\"twitter:title\" content=\"Toimitus, palautukset ja takuu - Ruuvi\" \/>\n<meta name=\"twitter:description\" content=\"Ruuvi-tuotteiden toimitus-, palautus-, ja takuuehdot.\" \/>\n<meta name=\"twitter:site\" content=\"@ruuvicom\" \/>\n<meta name=\"twitter:label1\" content=\"Arvioitu lukuaika\" \/>\n\t<meta name=\"twitter:data1\" content=\"6 minuuttia\" \/>\n<script type=\"application\/ld+json\" class=\"yoast-schema-graph\">{\"@context\":\"https:\\\/\\\/schema.org\",\"@graph\":[{\"@type\":\"WebPage\",\"@id\":\"https:\\\/\\\/ruuvi.com\\\/fi\\\/toimitus\\\/\",\"url\":\"https:\\\/\\\/ruuvi.com\\\/fi\\\/toimitus\\\/\",\"name\":\"Toimitus, palautukset ja takuu - Ruuvi\",\"isPartOf\":{\"@id\":\"https:\\\/\\\/ruuvi.com\\\/fi\\\/#website\"},\"datePublished\":\"2020-10-26T12:09:42+00:00\",\"dateModified\":\"2025-11-10T15:53:37+00:00\",\"description\":\"Ruuvi-tuotteiden toimitus-, palautus-, ja takuuehdot.\",\"breadcrumb\":{\"@id\":\"https:\\\/\\\/ruuvi.com\\\/fi\\\/toimitus\\\/#breadcrumb\"},\"inLanguage\":\"fi\",\"potentialAction\":[{\"@type\":\"ReadAction\",\"target\":[\"https:\\\/\\\/ruuvi.com\\\/fi\\\/toimitus\\\/\"]}]},{\"@type\":\"BreadcrumbList\",\"@id\":\"https:\\\/\\\/ruuvi.com\\\/fi\\\/toimitus\\\/#breadcrumb\",\"itemListElement\":[{\"@type\":\"ListItem\",\"position\":1,\"name\":\"Home\",\"item\":\"https:\\\/\\\/ruuvi.com\\\/fi\\\/\"},{\"@type\":\"ListItem\",\"position\":2,\"name\":\"Toimitus, palautukset ja takuu\"}]},{\"@type\":\"WebSite\",\"@id\":\"https:\\\/\\\/ruuvi.com\\\/fi\\\/#website\",\"url\":\"https:\\\/\\\/ruuvi.com\\\/fi\\\/\",\"name\":\"Ruuvi\",\"description\":\"Measure Your World\",\"potentialAction\":[],\"inLanguage\":\"fi\"}]}<\/script>\n<!-- \/ Yoast SEO plugin. -->","yoast_head_json":{"title":"Toimitus, palautukset ja takuu - Ruuvi","description":"Ruuvi-tuotteiden toimitus-, palautus-, ja takuuehdot.","robots":{"index":"index","follow":"follow","max-snippet":"max-snippet:-1","max-image-preview":"max-image-preview:large","max-video-preview":"max-video-preview:-1"},"canonical":"https:\/\/ruuvi.com\/fi\/toimitus\/","og_locale":"fi_FI","og_type":"article","og_title":"Toimitus, palautukset ja takuu - Ruuvi","og_description":"Ruuvi-tuotteiden toimitus-, palautus-, ja takuuehdot.","og_url":"https:\/\/ruuvi.com\/fi\/toimitus\/","og_site_name":"Ruuvi","article_publisher":"https:\/\/www.facebook.com\/ruuvi.cc","article_modified_time":"2025-11-10T15:53:37+00:00","og_image":[{"width":1200,"height":628,"url":"https:\/\/ruuvi.com\/i\/u\/ruuvi-share-measure_your_world_1.jpg","type":"image\/jpeg"}],"twitter_card":"summary_large_image","twitter_title":"Toimitus, palautukset ja takuu - Ruuvi","twitter_description":"Ruuvi-tuotteiden toimitus-, palautus-, ja takuuehdot.","twitter_site":"@ruuvicom","twitter_misc":{"Arvioitu lukuaika":"6 minuuttia"},"schema":{"@context":"https:\/\/schema.org","@graph":[{"@type":"WebPage","@id":"https:\/\/ruuvi.com\/fi\/toimitus\/","url":"https:\/\/ruuvi.com\/fi\/toimitus\/","name":"Toimitus, palautukset ja takuu - Ruuvi","isPartOf":{"@id":"https:\/\/ruuvi.com\/fi\/#website"},"datePublished":"2020-10-26T12:09:42+00:00","dateModified":"2025-11-10T15:53:37+00:00","description":"Ruuvi-tuotteiden toimitus-, palautus-, ja takuuehdot.","breadcrumb":{"@id":"https:\/\/ruuvi.com\/fi\/toimitus\/#breadcrumb"},"inLanguage":"fi","potentialAction":[{"@type":"ReadAction","target":["https:\/\/ruuvi.com\/fi\/toimitus\/"]}]},{"@type":"BreadcrumbList","@id":"https:\/\/ruuvi.com\/fi\/toimitus\/#breadcrumb","itemListElement":[{"@type":"ListItem","position":1,"name":"Home","item":"https:\/\/ruuvi.com\/fi\/"},{"@type":"ListItem","position":2,"name":"Toimitus, palautukset ja takuu"}]},{"@type":"WebSite","@id":"https:\/\/ruuvi.com\/fi\/#website","url":"https:\/\/ruuvi.com\/fi\/","name":"Ruuvi","description":"Measure Your World","potentialAction":[],"inLanguage":"fi"}]}},"_links":{"self":[{"href":"https:\/\/ruuvi.com\/fi\/wp-json\/wp\/v2\/pages\/25233","targetHints":{"allow":["GET"]}}],"collection":[{"href":"https:\/\/ruuvi.com\/fi\/wp-json\/wp\/v2\/pages"}],"about":[{"href":"https:\/\/ruuvi.com\/fi\/wp-json\/wp\/v2\/types\/page"}],"author":[{"embeddable":true,"href":"https:\/\/ruuvi.com\/fi\/wp-json\/wp\/v2\/users\/12"}],"replies":[{"embeddable":true,"href":"https:\/\/ruuvi.com\/fi\/wp-json\/wp\/v2\/comments?post=25233"}],"version-history":[{"count":20,"href":"https:\/\/ruuvi.com\/fi\/wp-json\/wp\/v2\/pages\/25233\/revisions"}],"predecessor-version":[{"id":127625,"href":"https:\/\/ruuvi.com\/fi\/wp-json\/wp\/v2\/pages\/25233\/revisions\/127625"}],"wp:attachment":[{"href":"https:\/\/ruuvi.com\/fi\/wp-json\/wp\/v2\/media?parent=25233"}],"curies":[{"name":"wp","href":"https:\/\/api.w.org\/{rel}","templated":true}]}}