{"id":25598,"date":"2021-01-21T10:43:45","date_gmt":"2021-01-21T08:43:45","guid":{"rendered":"https:\/\/ruuvi.com\/liity\/"},"modified":"2021-05-22T09:19:24","modified_gmt":"2021-05-22T06:19:24","slug":"liity","status":"publish","type":"page","link":"https:\/\/ruuvi.com\/fi\/liity\/","title":{"rendered":"Liity"},"content":{"rendered":"<section id=\"b-subscribe_settings-block_60093ea54a268\" class=\"ruuvi-newsletter b-subscribe-settings alignfull\">\n\t<div class=\"container\">\n\t\t<div class=\"row\">\n\t\t\t<div class=\"col-lg-6 mx-auto ruuvi-newsletter__content\">\n\t\t\t\t<form class=\"ruuvi-newsletter__formv2 no-lang\" action=\"\" method=\"POST\" accept-charset=\"utf-8\">\n\t\t\t\t\t<div class=\"ruuvi-newsletter__formv2-row\">\n\t\t\t\t\t\t\t\t\t\t\t\t\t<h1 class=\"ruuvi-newsletter__title\">Liity mukaan Ruuviin<\/h1>\n\t\t\t\t\t\t\t\t\t\t\t\t<div class=\"ruuvi-newsletter__input-holder\">\n\t\t\t\t\t\t\t<input type=\"email\" class=\"js-subscriber-email\" name=\"subscriber-email\" value=\"\" placeholder=\"Email\">\n\t\t\t\t\t\t<\/div>\n\t\t\t\t\t\t\t\t\t\t\t\t\t<p class=\"subtitle ruuvi-newsletter__subtitle\">Valitse aihealueet, joista olet kiinnostunut:<\/p>\n\t\t\t\t\t\t\t\t\t\t\t\t\t\t\t\t\t\t\t\t\t\t\t\t\t<ul class=\"js-subscription-lists\">\n\t\t\t\t\t\t\t\t\t\t\t\t\t\t\t\t\t\t\t\t\t\t\t\t\t\t<li>\n\t\t\t\t\t\t\t\t\t\t\t\t\t\t\t\t\t\t\t\t<label class=\"styled-checkbox\">\n\t\t\t\t\t\t\t\t\t\t\t\t\t\t\t\t\t\t\t\t\t\t\t<input type=\"hidden\" name=\"TopicInsider\" value=\"TopicInsider\" \/>\n\t\t\t\t\t\t\t\t\t\t\t\t\t\t\t\t\t\t\t\t\t\t\t\t\t\t\t\t\t\t\t\t\t<input type=\"checkbox\" name=\"TopicInsider\" value=\"TopicInsider\" checked disabled>\n\t\t\t\t\t\t\t\t\t\t\t<span>Ruuvin sis\u00e4piiri\t\t\t\t\t\t\t\t\t\t\t\t\t\t\t\t\t\t\t\t\t\t\t\t\t<br><small>Yritysuutiset, uudet tuotteet, tarjoukset ja muut markkinointiviestit.<\/small>\n\t\t\t\t\t\t\t\t\t\t\t\t\t\t\t\t\t\t\t\t\t\t\t<\/span>\n\t\t\t\t\t\t\t\t\t\t<\/label>\n\t\t\t\t\t\t\t\t\t<\/li>\n\t\t\t\t\t\t\t\t\t\t\t\t\t\t\t\t\t\t\t\t\t\t\t\t\t\t<li>\n\t\t\t\t\t\t\t\t\t\t\t\t\t\t\t\t\t\t\t\t<label class=\"styled-checkbox\">\n\t\t\t\t\t\t\t\t\t\t\t\t\t\t\t\t\t\t\t\t\t\t\t\t\t\t\t\t\t\t\t\t\t<input type=\"checkbox\" name=\"TopicBlog\" value=\"TopicBlog\" checked>\n\t\t\t\t\t\t\t\t\t\t\t<span>Ruuvi Blog\t\t\t\t\t\t\t\t\t\t\t\t\t\t\t\t\t\t\t\t\t\t\t\t\t<br><small>Satunnaisia koosteita blogiartikkeleista.<\/small>\n\t\t\t\t\t\t\t\t\t\t\t\t\t\t\t\t\t\t\t\t\t\t\t<\/span>\n\t\t\t\t\t\t\t\t\t\t<\/label>\n\t\t\t\t\t\t\t\t\t<\/li>\n\t\t\t\t\t\t\t\t\t\t\t\t\t\t\t\t\t\t\t\t\t\t\t\t\t\t<li>\n\t\t\t\t\t\t\t\t\t\t\t\t\t\t\t\t\t\t\t\t<label class=\"styled-checkbox\">\n\t\t\t\t\t\t\t\t\t\t\t\t\t\t\t\t\t\t\t\t\t\t\t\t\t\t\t\t\t\t\t\t\t<input type=\"checkbox\" name=\"TopicDevelopment\" value=\"TopicDevelopment\" checked>\n\t\t\t\t\t\t\t\t\t\t\t<span>Ruuvi Development\t\t\t\t\t\t\t\t\t\t\t\t\t\t\t\t\t\t\t\t\t\t\t\t\t<br><small>Ohjelmistop\u00e4ivitykset, kehityskertomukset, yhteis\u00f6uutiset.<\/small>\n\t\t\t\t\t\t\t\t\t\t\t\t\t\t\t\t\t\t\t\t\t\t\t<\/span>\n\t\t\t\t\t\t\t\t\t\t<\/label>\n\t\t\t\t\t\t\t\t\t<\/li>\n\t\t\t\t\t\t\t\t\t\t\t\t\t\t\t<\/ul>\n\t\t\t\t\t\t\t\t\t\t\t\t\t\t\t\t\t\t<select class=\"language-select\" name=\"lang\" required>\n\t\t\t\t\t\t\t<option disabled  selected='selected'>Valitse kieli&#8230;<\/option>\n\t\t\t\t\t\t\t<option value=\"EN\" >English<\/option>\n\t\t\t\t\t\t\t<option value=\"FI\" >Suomeksi<\/option>\n\t\t\t\t\t\t<\/select>\n\t\t\t\t\t\t<button class=\"ruuvi-newsletter__submit not-allowed\" type=\"submit\">Liity<\/button>\n\t\t\t\t\t\t<input type=\"text\" name=\"ruuvi-subscriber-name\" value=\"\" placeholder=\"Name\" class=\"ruuvi-newsletter__formv2-name\" autocomplete=\"nope\">\n                        \t\t\t\t\t\t<input type=\"hidden\" name=\"source\" value=\"web\" class=\"ruuvi-newsletter__formv2-source\" autocomplete=\"nope\">\n\t\t\t\t\t\t\t\t\t\t\t<\/div>\n\n\t\t\t\t\t<div class=\"ruuvi-newsletter__formv2-message\" style=\"display: none;\">\n\t\t\t\t\t\t<h2 style=\"text-align: center\">Kiitos.<\/h2>\n<p style=\"text-align: center\">N\u00e4hd\u00e4\u00e4n pian!<\/p>\n<p><img loading=\"lazy\" decoding=\"async\" class=\"size-medium wp-image-2675 aligncenter\" src=\"https:\/\/ruuvi.com\/i\/u\/ruuvi-beaver-with-ruuvitag-sensors-renamed-450x235.png\" alt=\"Ruuvi Beaver and RuuviTag sensor beacons\" width=\"450\" height=\"235\" srcset=\"https:\/\/ruuvi.com\/i\/u\/ruuvi-beaver-with-ruuvitag-sensors-renamed-450x235.png 450w, https:\/\/ruuvi.com\/i\/u\/ruuvi-beaver-with-ruuvitag-sensors-renamed-1024x534.png 1024w, https:\/\/ruuvi.com\/i\/u\/ruuvi-beaver-with-ruuvitag-sensors-renamed-768x401.png 768w, https:\/\/ruuvi.com\/i\/u\/ruuvi-beaver-with-ruuvitag-sensors-renamed-1536x802.png 1536w, https:\/\/ruuvi.com\/i\/u\/ruuvi-beaver-with-ruuvitag-sensors-renamed-600x313.png 600w, https:\/\/ruuvi.com\/i\/u\/ruuvi-beaver-with-ruuvitag-sensors-renamed-115x60.png 115w, https:\/\/ruuvi.com\/i\/u\/ruuvi-beaver-with-ruuvitag-sensors-renamed-172x90.png 172w, https:\/\/ruuvi.com\/i\/u\/ruuvi-beaver-with-ruuvitag-sensors-renamed.png 1671w\" sizes=\"auto, (max-width: 450px) 100vw, 450px\" \/><\/p>\n\t\t\t\t\t\t<h4 class=\"custom-info\"><\/h4>\n\t\t\t\t\t<\/div>\n\t\t\t\t<\/form>\n\t\t\t<\/div>\n\t\t<\/div>\n\t<\/div>\n<\/section>\n","protected":false},"excerpt":{"rendered":"","protected":false},"author":11,"featured_media":0,"parent":0,"menu_order":0,"comment_status":"closed","ping_status":"closed","template":"","meta":{"_acf_changed":false,"footnotes":""},"class_list":["post-25598","page","type-page","status-publish","hentry"],"acf":[],"yoast_head":"<!-- This site is optimized with the Yoast SEO plugin v27.3 - https:\/\/yoast.com\/product\/yoast-seo-wordpress\/ -->\n<title>Liity - Ruuvi<\/title>\n<meta name=\"description\" content=\"Liity mukaan yhteis\u00f6\u00f6mme postituslistallemme niin pysyt k\u00e4rryill\u00e4 viimeisimmist\u00e4 p\u00e4ivityksist\u00e4mme.\" \/>\n<meta name=\"robots\" content=\"index, follow, max-snippet:-1, max-image-preview:large, max-video-preview:-1\" \/>\n<link rel=\"canonical\" href=\"https:\/\/ruuvi.com\/fi\/liity\/\" \/>\n<meta property=\"og:locale\" content=\"fi_FI\" \/>\n<meta property=\"og:type\" content=\"article\" \/>\n<meta property=\"og:title\" content=\"Liity - Ruuvi\" \/>\n<meta property=\"og:description\" content=\"Liity mukaan yhteis\u00f6\u00f6mme postituslistallemme niin pysyt k\u00e4rryill\u00e4 viimeisimmist\u00e4 p\u00e4ivityksist\u00e4mme.\" \/>\n<meta property=\"og:url\" content=\"https:\/\/ruuvi.com\/fi\/liity\/\" \/>\n<meta property=\"og:site_name\" content=\"Ruuvi\" \/>\n<meta property=\"article:publisher\" content=\"https:\/\/www.facebook.com\/ruuvi.cc\" \/>\n<meta property=\"article:modified_time\" content=\"2021-05-22T06:19:24+00:00\" \/>\n<meta property=\"og:image\" content=\"https:\/\/ruuvi.com\/i\/u\/ruuvi-share-measure_your_world_1.jpg\" \/>\n\t<meta property=\"og:image:width\" content=\"1200\" \/>\n\t<meta property=\"og:image:height\" content=\"628\" \/>\n\t<meta property=\"og:image:type\" content=\"image\/jpeg\" \/>\n<meta name=\"twitter:card\" content=\"summary_large_image\" \/>\n<meta name=\"twitter:site\" content=\"@ruuvicom\" \/>\n<script type=\"application\/ld+json\" class=\"yoast-schema-graph\">{\"@context\":\"https:\\\/\\\/schema.org\",\"@graph\":[{\"@type\":\"WebPage\",\"@id\":\"https:\\\/\\\/ruuvi.com\\\/fi\\\/liity\\\/\",\"url\":\"https:\\\/\\\/ruuvi.com\\\/fi\\\/liity\\\/\",\"name\":\"Liity - Ruuvi\",\"isPartOf\":{\"@id\":\"https:\\\/\\\/ruuvi.com\\\/fi\\\/#website\"},\"datePublished\":\"2021-01-21T08:43:45+00:00\",\"dateModified\":\"2021-05-22T06:19:24+00:00\",\"description\":\"Liity mukaan yhteis\u00f6\u00f6mme postituslistallemme niin pysyt k\u00e4rryill\u00e4 viimeisimmist\u00e4 p\u00e4ivityksist\u00e4mme.\",\"breadcrumb\":{\"@id\":\"https:\\\/\\\/ruuvi.com\\\/fi\\\/liity\\\/#breadcrumb\"},\"inLanguage\":\"fi\",\"potentialAction\":[{\"@type\":\"ReadAction\",\"target\":[\"https:\\\/\\\/ruuvi.com\\\/fi\\\/liity\\\/\"]}]},{\"@type\":\"BreadcrumbList\",\"@id\":\"https:\\\/\\\/ruuvi.com\\\/fi\\\/liity\\\/#breadcrumb\",\"itemListElement\":[{\"@type\":\"ListItem\",\"position\":1,\"name\":\"Home\",\"item\":\"https:\\\/\\\/ruuvi.com\\\/fi\\\/\"},{\"@type\":\"ListItem\",\"position\":2,\"name\":\"Liity\"}]},{\"@type\":\"WebSite\",\"@id\":\"https:\\\/\\\/ruuvi.com\\\/fi\\\/#website\",\"url\":\"https:\\\/\\\/ruuvi.com\\\/fi\\\/\",\"name\":\"Ruuvi\",\"description\":\"Measure Your World\",\"potentialAction\":[],\"inLanguage\":\"fi\"}]}<\/script>\n<!-- \/ Yoast SEO plugin. -->","yoast_head_json":{"title":"Liity - Ruuvi","description":"Liity mukaan yhteis\u00f6\u00f6mme postituslistallemme niin pysyt k\u00e4rryill\u00e4 viimeisimmist\u00e4 p\u00e4ivityksist\u00e4mme.","robots":{"index":"index","follow":"follow","max-snippet":"max-snippet:-1","max-image-preview":"max-image-preview:large","max-video-preview":"max-video-preview:-1"},"canonical":"https:\/\/ruuvi.com\/fi\/liity\/","og_locale":"fi_FI","og_type":"article","og_title":"Liity - Ruuvi","og_description":"Liity mukaan yhteis\u00f6\u00f6mme postituslistallemme niin pysyt k\u00e4rryill\u00e4 viimeisimmist\u00e4 p\u00e4ivityksist\u00e4mme.","og_url":"https:\/\/ruuvi.com\/fi\/liity\/","og_site_name":"Ruuvi","article_publisher":"https:\/\/www.facebook.com\/ruuvi.cc","article_modified_time":"2021-05-22T06:19:24+00:00","og_image":[{"width":1200,"height":628,"url":"https:\/\/ruuvi.com\/i\/u\/ruuvi-share-measure_your_world_1.jpg","type":"image\/jpeg"}],"twitter_card":"summary_large_image","twitter_site":"@ruuvicom","schema":{"@context":"https:\/\/schema.org","@graph":[{"@type":"WebPage","@id":"https:\/\/ruuvi.com\/fi\/liity\/","url":"https:\/\/ruuvi.com\/fi\/liity\/","name":"Liity - Ruuvi","isPartOf":{"@id":"https:\/\/ruuvi.com\/fi\/#website"},"datePublished":"2021-01-21T08:43:45+00:00","dateModified":"2021-05-22T06:19:24+00:00","description":"Liity mukaan yhteis\u00f6\u00f6mme postituslistallemme niin pysyt k\u00e4rryill\u00e4 viimeisimmist\u00e4 p\u00e4ivityksist\u00e4mme.","breadcrumb":{"@id":"https:\/\/ruuvi.com\/fi\/liity\/#breadcrumb"},"inLanguage":"fi","potentialAction":[{"@type":"ReadAction","target":["https:\/\/ruuvi.com\/fi\/liity\/"]}]},{"@type":"BreadcrumbList","@id":"https:\/\/ruuvi.com\/fi\/liity\/#breadcrumb","itemListElement":[{"@type":"ListItem","position":1,"name":"Home","item":"https:\/\/ruuvi.com\/fi\/"},{"@type":"ListItem","position":2,"name":"Liity"}]},{"@type":"WebSite","@id":"https:\/\/ruuvi.com\/fi\/#website","url":"https:\/\/ruuvi.com\/fi\/","name":"Ruuvi","description":"Measure Your World","potentialAction":[],"inLanguage":"fi"}]}},"_links":{"self":[{"href":"https:\/\/ruuvi.com\/fi\/wp-json\/wp\/v2\/pages\/25598","targetHints":{"allow":["GET"]}}],"collection":[{"href":"https:\/\/ruuvi.com\/fi\/wp-json\/wp\/v2\/pages"}],"about":[{"href":"https:\/\/ruuvi.com\/fi\/wp-json\/wp\/v2\/types\/page"}],"author":[{"embeddable":true,"href":"https:\/\/ruuvi.com\/fi\/wp-json\/wp\/v2\/users\/11"}],"replies":[{"embeddable":true,"href":"https:\/\/ruuvi.com\/fi\/wp-json\/wp\/v2\/comments?post=25598"}],"version-history":[{"count":1,"href":"https:\/\/ruuvi.com\/fi\/wp-json\/wp\/v2\/pages\/25598\/revisions"}],"predecessor-version":[{"id":25600,"href":"https:\/\/ruuvi.com\/fi\/wp-json\/wp\/v2\/pages\/25598\/revisions\/25600"}],"wp:attachment":[{"href":"https:\/\/ruuvi.com\/fi\/wp-json\/wp\/v2\/media?parent=25598"}],"curies":[{"name":"wp","href":"https:\/\/api.w.org\/{rel}","templated":true}]}}