{"id":25619,"date":"2020-10-26T14:10:03","date_gmt":"2020-10-26T12:10:03","guid":{"rendered":"https:\/\/ruuvi.com\/tuki\/"},"modified":"2021-09-21T20:00:07","modified_gmt":"2021-09-21T17:00:07","slug":"tuki","status":"publish","type":"page","link":"https:\/\/ruuvi.com\/fi\/tuki\/","title":{"rendered":"Tukikeskus"},"content":{"rendered":"","protected":false},"excerpt":{"rendered":"","protected":false},"author":12,"featured_media":0,"parent":0,"menu_order":0,"comment_status":"closed","ping_status":"closed","template":"page-templates\/support.php","meta":{"_acf_changed":false,"footnotes":""},"class_list":["post-25619","page","type-page","status-publish","hentry"],"acf":[],"yoast_head":"<!-- This site is optimized with the Yoast SEO plugin v27.3 - https:\/\/yoast.com\/product\/yoast-seo-wordpress\/ -->\n<title>Tukikeskus - Ruuvi<\/title>\n<meta name=\"description\" content=\"Kysymyksi\u00e4? Lue useimmin kysyttyihin kysymyksiin vastauksia tai ota yhteytt\u00e4 meihin mik\u00e4li et l\u00f6yd\u00e4 etsim\u00e4\u00e4si.\" \/>\n<meta name=\"robots\" content=\"index, follow, max-snippet:-1, max-image-preview:large, max-video-preview:-1\" \/>\n<link rel=\"canonical\" href=\"https:\/\/ruuvi.com\/fi\/tuki\/\" \/>\n<meta property=\"og:locale\" content=\"fi_FI\" \/>\n<meta property=\"og:type\" content=\"article\" \/>\n<meta property=\"og:title\" content=\"Tukikeskus - Ruuvi\" \/>\n<meta property=\"og:description\" content=\"Kysymyksi\u00e4? Lue useimmin kysyttyihin kysymyksiin vastauksia tai ota yhteytt\u00e4 meihin mik\u00e4li et l\u00f6yd\u00e4 etsim\u00e4\u00e4si.\" \/>\n<meta property=\"og:url\" content=\"https:\/\/ruuvi.com\/fi\/tuki\/\" \/>\n<meta property=\"og:site_name\" content=\"Ruuvi\" \/>\n<meta property=\"article:publisher\" content=\"https:\/\/www.facebook.com\/ruuvi.cc\" \/>\n<meta property=\"article:modified_time\" content=\"2021-09-21T17:00:07+00:00\" \/>\n<meta property=\"og:image\" content=\"https:\/\/ruuvi.com\/i\/u\/ruuvi-share-measure_your_world_1.jpg\" \/>\n\t<meta property=\"og:image:width\" content=\"1200\" \/>\n\t<meta property=\"og:image:height\" content=\"628\" \/>\n\t<meta property=\"og:image:type\" content=\"image\/jpeg\" \/>\n<meta name=\"twitter:card\" content=\"summary_large_image\" \/>\n<meta name=\"twitter:site\" content=\"@ruuvicom\" \/>\n<script type=\"application\/ld+json\" class=\"yoast-schema-graph\">{\"@context\":\"https:\\\/\\\/schema.org\",\"@graph\":[{\"@type\":\"WebPage\",\"@id\":\"https:\\\/\\\/ruuvi.com\\\/fi\\\/tuki\\\/\",\"url\":\"https:\\\/\\\/ruuvi.com\\\/fi\\\/tuki\\\/\",\"name\":\"Tukikeskus - Ruuvi\",\"isPartOf\":{\"@id\":\"https:\\\/\\\/ruuvi.com\\\/fi\\\/#website\"},\"datePublished\":\"2020-10-26T12:10:03+00:00\",\"dateModified\":\"2021-09-21T17:00:07+00:00\",\"description\":\"Kysymyksi\u00e4? Lue useimmin kysyttyihin kysymyksiin vastauksia tai ota yhteytt\u00e4 meihin mik\u00e4li et l\u00f6yd\u00e4 etsim\u00e4\u00e4si.\",\"breadcrumb\":{\"@id\":\"https:\\\/\\\/ruuvi.com\\\/fi\\\/tuki\\\/#breadcrumb\"},\"inLanguage\":\"fi\",\"potentialAction\":[{\"@type\":\"ReadAction\",\"target\":[\"https:\\\/\\\/ruuvi.com\\\/fi\\\/tuki\\\/\"]}]},{\"@type\":\"BreadcrumbList\",\"@id\":\"https:\\\/\\\/ruuvi.com\\\/fi\\\/tuki\\\/#breadcrumb\",\"itemListElement\":[{\"@type\":\"ListItem\",\"position\":1,\"name\":\"Home\",\"item\":\"https:\\\/\\\/ruuvi.com\\\/fi\\\/\"},{\"@type\":\"ListItem\",\"position\":2,\"name\":\"Tukikeskus\"}]},{\"@type\":\"WebSite\",\"@id\":\"https:\\\/\\\/ruuvi.com\\\/fi\\\/#website\",\"url\":\"https:\\\/\\\/ruuvi.com\\\/fi\\\/\",\"name\":\"Ruuvi\",\"description\":\"Measure Your World\",\"potentialAction\":[],\"inLanguage\":\"fi\"}]}<\/script>\n<!-- \/ Yoast SEO plugin. -->","yoast_head_json":{"title":"Tukikeskus - Ruuvi","description":"Kysymyksi\u00e4? Lue useimmin kysyttyihin kysymyksiin vastauksia tai ota yhteytt\u00e4 meihin mik\u00e4li et l\u00f6yd\u00e4 etsim\u00e4\u00e4si.","robots":{"index":"index","follow":"follow","max-snippet":"max-snippet:-1","max-image-preview":"max-image-preview:large","max-video-preview":"max-video-preview:-1"},"canonical":"https:\/\/ruuvi.com\/fi\/tuki\/","og_locale":"fi_FI","og_type":"article","og_title":"Tukikeskus - Ruuvi","og_description":"Kysymyksi\u00e4? Lue useimmin kysyttyihin kysymyksiin vastauksia tai ota yhteytt\u00e4 meihin mik\u00e4li et l\u00f6yd\u00e4 etsim\u00e4\u00e4si.","og_url":"https:\/\/ruuvi.com\/fi\/tuki\/","og_site_name":"Ruuvi","article_publisher":"https:\/\/www.facebook.com\/ruuvi.cc","article_modified_time":"2021-09-21T17:00:07+00:00","og_image":[{"width":1200,"height":628,"url":"https:\/\/ruuvi.com\/i\/u\/ruuvi-share-measure_your_world_1.jpg","type":"image\/jpeg"}],"twitter_card":"summary_large_image","twitter_site":"@ruuvicom","schema":{"@context":"https:\/\/schema.org","@graph":[{"@type":"WebPage","@id":"https:\/\/ruuvi.com\/fi\/tuki\/","url":"https:\/\/ruuvi.com\/fi\/tuki\/","name":"Tukikeskus - Ruuvi","isPartOf":{"@id":"https:\/\/ruuvi.com\/fi\/#website"},"datePublished":"2020-10-26T12:10:03+00:00","dateModified":"2021-09-21T17:00:07+00:00","description":"Kysymyksi\u00e4? Lue useimmin kysyttyihin kysymyksiin vastauksia tai ota yhteytt\u00e4 meihin mik\u00e4li et l\u00f6yd\u00e4 etsim\u00e4\u00e4si.","breadcrumb":{"@id":"https:\/\/ruuvi.com\/fi\/tuki\/#breadcrumb"},"inLanguage":"fi","potentialAction":[{"@type":"ReadAction","target":["https:\/\/ruuvi.com\/fi\/tuki\/"]}]},{"@type":"BreadcrumbList","@id":"https:\/\/ruuvi.com\/fi\/tuki\/#breadcrumb","itemListElement":[{"@type":"ListItem","position":1,"name":"Home","item":"https:\/\/ruuvi.com\/fi\/"},{"@type":"ListItem","position":2,"name":"Tukikeskus"}]},{"@type":"WebSite","@id":"https:\/\/ruuvi.com\/fi\/#website","url":"https:\/\/ruuvi.com\/fi\/","name":"Ruuvi","description":"Measure Your World","potentialAction":[],"inLanguage":"fi"}]}},"_links":{"self":[{"href":"https:\/\/ruuvi.com\/fi\/wp-json\/wp\/v2\/pages\/25619","targetHints":{"allow":["GET"]}}],"collection":[{"href":"https:\/\/ruuvi.com\/fi\/wp-json\/wp\/v2\/pages"}],"about":[{"href":"https:\/\/ruuvi.com\/fi\/wp-json\/wp\/v2\/types\/page"}],"author":[{"embeddable":true,"href":"https:\/\/ruuvi.com\/fi\/wp-json\/wp\/v2\/users\/12"}],"replies":[{"embeddable":true,"href":"https:\/\/ruuvi.com\/fi\/wp-json\/wp\/v2\/comments?post=25619"}],"version-history":[{"count":1,"href":"https:\/\/ruuvi.com\/fi\/wp-json\/wp\/v2\/pages\/25619\/revisions"}],"predecessor-version":[{"id":25693,"href":"https:\/\/ruuvi.com\/fi\/wp-json\/wp\/v2\/pages\/25619\/revisions\/25693"}],"wp:attachment":[{"href":"https:\/\/ruuvi.com\/fi\/wp-json\/wp\/v2\/media?parent=25619"}],"curies":[{"name":"wp","href":"https:\/\/api.w.org\/{rel}","templated":true}]}}