{"id":36423,"date":"2022-01-31T09:39:44","date_gmt":"2022-01-31T07:39:44","guid":{"rendered":"https:\/\/ruuvi.com\/media\/"},"modified":"2025-01-09T13:36:50","modified_gmt":"2025-01-09T11:36:50","slug":"media","status":"publish","type":"page","link":"https:\/\/ruuvi.com\/fi\/media\/","title":{"rendered":"Media"},"content":{"rendered":"\n<section id=\"b-spacer-block_60409f91a5e97\" class=\"b-spacer bg-primary-15 alignfull\">\n\t\t\t<div class=\"visible-lg-up\" style=\"height: 60px\"><\/div>\n\t\t<div class=\"hidden-lg-up\" style=\"height: 40px\"><\/div>\n\t<\/section>\n\n<section id=\"b-text-block_6040b167a5eab\" class=\"b-text bg-primary-15 text-center alignfull\">\n\t<div class=\"container\">\n\n\t\t\t\t\t\t\t\t\t\t\t\t\t\t\t\t\t\t\t\t\t\t\t\t\t\t\t\t\t\t<div class=\"row justify-content-center\">\n\t\t\t\t\t\t\t<div class=\"col-lg-8\">\n\t\t\t\t\t\t\t\t\t\t\t\t\t\t\t\t\t<h2 class=\"h1 fc-title \">Medialle ja lehdist\u00f6lle<\/h2>\n\t\t\t\t\t\t\t\t\t\t\t\t\t\t\t<\/div>\n\t\t\t\t\t\t<\/div>\n\t\t\t\t\t\n\t\t\t\t\t\t\t\t\t\t\t\t\t\t\t\t\t\t\t\t\t\t\t\t\t\t\t\t\t\t\t\t\t<div class=\"row justify-content-center entry-content mb-0\">\n\t\t\t\t\t\t\t<div class=\"col-lg-8\">\n\t\t\t\t\t\t\t\t<div class=\"fc-text \"><p>Voit k\u00e4ytt\u00e4\u00e4 kaikkea sivustoiltamme l\u00f6ytyv\u00e4\u00e4 kuvamateriaalia mik\u00e4li kirjoitat Ruuvista lehteen, blogiin, sosiaaliseen mediaan tai teet muuta materiaalia mik\u00e4 vaatii kuvamateriaalia. Kun k\u00e4yt\u00e4t kuvia erill\u00e4\u00e4n muusta Ruuvin materiaalista, l\u00e4hde on mainittava.<\/p>\n<p>Mik\u00e4li tarvitset korkeamman resoluution kuvia, otathan yhteytt\u00e4 s\u00e4hk\u00f6postitse (katso sivun alalaita).<\/p>\n<p>Logotiedostot l\u00f6yd\u00e4t <a href=\"#bottom\">sivun alalaidasta<\/a>.<\/p>\n<\/div>\n\t\t\t\t\t\t\t<\/div>\n\t\t\t\t\t\t<\/div>\n\t\t\t\t\t\n\t\t\t\t\t\t\t\t\t\t<\/div>\n<\/section>\n\n<section id=\"b-spacer-block_60f7d35d48cf3\" class=\"b-spacer bg-primary-15 alignfull\">\n\t\t\t<div class=\"visible-lg-up\" style=\"height: 40px\"><\/div>\n\t\t<div class=\"hidden-lg-up\" style=\"height: 20px\"><\/div>\n\t<\/section>\n\n<section id=\"b-spacer-block_6040ae2ba5ea3\" class=\"b-spacer bg-white alignfull\">\n\t\t\t<div class=\"visible-lg-up\" style=\"height: 70px\"><\/div>\n\t\t<div class=\"hidden-lg-up\" style=\"height: 50px\"><\/div>\n\t<\/section>\n\n<section id=\"b-text-block_60f7106f48ce8\" class=\"b-text bg-white text-center alignfull\">\n\t<div class=\"container\">\n\n\t\t\t\t\t\t\t\t\t\t\t\t\t\t\t\t\t\t\t\t\t\t\t\t\t\t\t\t\t\t<div class=\"row justify-content-center\">\n\t\t\t\t\t\t\t<div class=\"col-lg-8\">\n\t\t\t\t\t\t\t\t\t\t\t\t\t\t\t\t\t<h2 class=\"h1 fc-title \">Ruuvi in Media<\/h2>\n\t\t\t\t\t\t\t\t\t\t\t\t\t\t\t<\/div>\n\t\t\t\t\t\t<\/div>\n\t\t\t\t\t\n\t\t\t\t\t\t\t\t\t\t<\/div>\n<\/section>\n\n<section id=\"b-spacer-block_60f7111748ce9\" class=\"b-spacer bg-white alignfull\">\n\t\t\t<div class=\"visible-lg-up\" style=\"height: 40px\"><\/div>\n\t\t<div class=\"hidden-lg-up\" style=\"height: 20px\"><\/div>\n\t<\/section>\n\n<section id=\"b-external-links-block_612c8d2ac0c83\" class=\"b-external-links alignfull\">\n\t<div class=\"container\">\n\t\t<div class=\"row justify-content-start\">\n\n\t\t\t\t\t\t\t\t\t\t\t\t\t\t\t\t\t<div class=\"col-md-4\">\n\t\t\t\t\t\t<article class=\"article post-36423 page type-page status-publish hentry\">\n\t\t\t\t\t\t\t<a class=\"article__thumbnail\" href=\"https:\/\/www.iltalehti.fi\/ulkomaat\/a\/860dc844-c2c2-47a6-8fa5-80afdd38c777\" >\n\t\t\t\t\t\t\t\t\t\t\t\t\t\t\t\t\t<img loading=\"lazy\" decoding=\"async\" width=\"400\" height=\"225\" src=\"https:\/\/ruuvi.com\/i\/u\/tonga-mikko-hypponen-ruuvi.jpg\" class=\"img-cover\" alt=\"Tongan paineaalto tallentui Mikko Hypp\u00f6sen Ruuvi-anturiin\" \/>\t\t\t\t\t\t\t\t\t\t\t\t\t\t\t<\/a>\n\t\t\t\t\t\t\t<div class=\"article__content\">\n\t\t\t\t\t\t\t\t<h4 class=\"article__title\"><a href=\"https:\/\/www.iltalehti.fi\/ulkomaat\/a\/860dc844-c2c2-47a6-8fa5-80afdd38c777\">Tongan paineaalto tallentui jopa Mikko Hypp\u00f6sen halpaan markettimittariin: &#8221;Vau&#8221;<\/a><\/h4>\n\t\t\t\t\t\t\t\t\t\t\t\t\t\t\t\t\t\t\t\t\t\t\t\t\t<div class=\"article__excerpt\">&#8221;The Tonga eruption was captured by my sensor, in Helsinki. This is a small battery powered sensor, made by @Ruuvicom, retail price 38 \u20ac. Wow.&#8221; @mikko<\/div>\n\t\t\t\t\t\t\t\t\t\t\t\t\t\t\t\t\t\t\t\t\t\t\t\t\t<div class=\"article__info\">15.1.2022 Iltalehti<\/div>\n\t\t\t\t\t\t\t\t\t\t\t\t\t\t\t<\/div>\n\t\t\t\t\t\t<\/article>\n\t\t\t\t\t<\/div>\n\t\t\t\t\t\t\t\t\t\t\t\t\t\t<div class=\"col-md-4\">\n\t\t\t\t\t\t<article class=\"article post-36423 page type-page status-publish hentry\">\n\t\t\t\t\t\t\t<a class=\"article__thumbnail\" href=\"https:\/\/www.iltalehti.fi\/digiuutiset\/a\/170b5c14-a7f4-4f43-9c99-c2257ab0dcf6\" >\n\t\t\t\t\t\t\t\t\t\t\t\t\t\t\t\t\t<img loading=\"lazy\" decoding=\"async\" width=\"450\" height=\"254\" src=\"https:\/\/ruuvi.com\/i\/u\/ruuvi-iltalehti-450x254.jpg\" class=\"img-cover\" alt=\"RuuviTag Iltalehdess\u00e4\" srcset=\"https:\/\/ruuvi.com\/i\/u\/ruuvi-iltalehti-450x254.jpg 450w, https:\/\/ruuvi.com\/i\/u\/ruuvi-iltalehti-600x338.jpg 600w, https:\/\/ruuvi.com\/i\/u\/ruuvi-iltalehti.jpg 612w\" sizes=\"auto, (max-width: 450px) 100vw, 450px\" \/>\t\t\t\t\t\t\t\t\t\t\t\t\t\t\t<\/a>\n\t\t\t\t\t\t\t<div class=\"article__content\">\n\t\t\t\t\t\t\t\t<h4 class=\"article__title\"><a href=\"https:\/\/www.iltalehti.fi\/digiuutiset\/a\/170b5c14-a7f4-4f43-9c99-c2257ab0dcf6\">Valmistaudu lomaan: 10 erinomaista laitetta m\u00f6kille tai matkalle<\/a><\/h4>\n\t\t\t\t\t\t\t\t\t\t\t\t\t\t\t\t\t\t\t\t\t\t\t\t\t<div class=\"article__excerpt\">Erilaiset laitteet voivat olla mukava apu lomalla. Ker\u00e4simme yhteen erilaisia laiteita, joista voi olla hy\u00f6ty\u00e4 niin kes\u00e4m\u00f6kill\u00e4 kuin mukana matkallakin.<\/div>\n\t\t\t\t\t\t\t\t\t\t\t\t\t\t\t\t\t\t\t\t\t\t\t\t\t<div class=\"article__info\">30.6.2021 Iltalehti<\/div>\n\t\t\t\t\t\t\t\t\t\t\t\t\t\t\t<\/div>\n\t\t\t\t\t\t<\/article>\n\t\t\t\t\t<\/div>\n\t\t\t\t\t\t\t\t\t\t\t\t\t\t<div class=\"col-md-4\">\n\t\t\t\t\t\t<article class=\"article post-36423 page type-page status-publish hentry\">\n\t\t\t\t\t\t\t<a class=\"article__thumbnail\" href=\"https:\/\/fin.afterdawn.com\/uutiset\/artikkeli.cfm\/2021\/06\/03\/ruuvi-gateway-tuli-myyntiin\" >\n\t\t\t\t\t\t\t\t\t\t\t\t\t\t\t\t\t<img loading=\"lazy\" decoding=\"async\" width=\"450\" height=\"354\" src=\"https:\/\/ruuvi.com\/i\/u\/ruuvi-gateway-website-news-450x354.png\" class=\"img-cover\" alt=\"Ruuvi Gateway\" srcset=\"https:\/\/ruuvi.com\/i\/u\/ruuvi-gateway-website-news-450x354.png 450w, https:\/\/ruuvi.com\/i\/u\/ruuvi-gateway-website-news-768x605.png 768w, https:\/\/ruuvi.com\/i\/u\/ruuvi-gateway-website-news-600x473.png 600w, https:\/\/ruuvi.com\/i\/u\/ruuvi-gateway-website-news.png 800w\" sizes=\"auto, (max-width: 450px) 100vw, 450px\" \/>\t\t\t\t\t\t\t\t\t\t\t\t\t\t\t<\/a>\n\t\t\t\t\t\t\t<div class=\"article__content\">\n\t\t\t\t\t\t\t\t<h4 class=\"article__title\"><a href=\"https:\/\/fin.afterdawn.com\/uutiset\/artikkeli.cfm\/2021\/06\/03\/ruuvi-gateway-tuli-myyntiin\">\u00c4lykodista entist\u00e4 \u00e4lykk\u00e4\u00e4mpi: Kotimainen Ruuvi Gateway tuli myyntiin<\/a><\/h4>\n\t\t\t\t\t\t\t\t\t\t\t\t\t\t\t\t\t\t\t\t\t\t\t\t\t<div class=\"article__excerpt\">Avoimeen kehitykseen panostava kotimainen Ruuvi on noussut vuosien saatossa monien \u00e4lykoteja rakentelevan perusty\u00f6kaluksi. Edulliset ja eritt\u00e4in pienell\u00e4 virrankulutuksella toimivat Bluetooth-anturit ovat helppok\u00e4ytt\u00f6inen ja n\u00e4pp\u00e4r\u00e4 lis\u00e4 kodin erilaisten mittausten luontiin.<\/div>\n\t\t\t\t\t\t\t\t\t\t\t\t\t\t\t\t\t\t\t\t\t\t\t\t\t<div class=\"article__info\">3.6.2021 AfterDawn<\/div>\n\t\t\t\t\t\t\t\t\t\t\t\t\t\t\t<\/div>\n\t\t\t\t\t\t<\/article>\n\t\t\t\t\t<\/div>\n\t\t\t\t\t\t\t\t\t\t\t\t\t\t<div class=\"col-md-4\">\n\t\t\t\t\t\t<article class=\"article post-36423 page type-page status-publish hentry\">\n\t\t\t\t\t\t\t<a class=\"article__thumbnail\" href=\"https:\/\/www.itewiki.fi\/blog\/2021\/06\/suomen-lupaavimmmat-startup-yritykset-mita-heille-kuuluu-nyt\/\" >\n\t\t\t\t\t\t\t\t\t\t\t\t\t\t\t\t\t<img loading=\"lazy\" decoding=\"async\" width=\"450\" height=\"450\" src=\"https:\/\/ruuvi.com\/i\/u\/Startup-kollaasi-750x750-1-450x450.jpeg\" class=\"img-cover\" alt=\"Suomen lupaavimmat startupit\" srcset=\"https:\/\/ruuvi.com\/i\/u\/Startup-kollaasi-750x750-1-450x450.jpeg 450w, https:\/\/ruuvi.com\/i\/u\/Startup-kollaasi-750x750-1-150x150.jpeg 150w, https:\/\/ruuvi.com\/i\/u\/Startup-kollaasi-750x750-1-300x300.jpeg 300w, https:\/\/ruuvi.com\/i\/u\/Startup-kollaasi-750x750-1-600x600.jpeg 600w, https:\/\/ruuvi.com\/i\/u\/Startup-kollaasi-750x750-1-200x200.jpeg 200w, https:\/\/ruuvi.com\/i\/u\/Startup-kollaasi-750x750-1.jpeg 750w\" sizes=\"auto, (max-width: 450px) 100vw, 450px\" \/>\t\t\t\t\t\t\t\t\t\t\t\t\t\t\t<\/a>\n\t\t\t\t\t\t\t<div class=\"article__content\">\n\t\t\t\t\t\t\t\t<h4 class=\"article__title\"><a href=\"https:\/\/www.itewiki.fi\/blog\/2021\/06\/suomen-lupaavimmmat-startup-yritykset-mita-heille-kuuluu-nyt\/\">Suomen lupaavimmmat startup-yritykset \u2013 mit\u00e4 heille kuuluu nyt?<\/a><\/h4>\n\t\t\t\t\t\t\t\t\t\t\t\t\t\t\t\t\t\t\t\t\t\t\t\t\t<div class=\"article__excerpt\">Kysyimme vuoden 2018 Slushin osallistujilta, miten heill\u00e4 on mennyt viimeisen parin vuoden aikana.<\/div>\n\t\t\t\t\t\t\t\t\t\t\t\t\t\t\t\t\t\t\t\t\t\t\t\t\t<div class=\"article__info\">9.6.2021 Ite wiki<\/div>\n\t\t\t\t\t\t\t\t\t\t\t\t\t\t\t<\/div>\n\t\t\t\t\t\t<\/article>\n\t\t\t\t\t<\/div>\n\t\t\t\t\t\t\t\t\t\t\t\t\t\t<div class=\"col-md-4\">\n\t\t\t\t\t\t<article class=\"article post-36423 page type-page status-publish hentry\">\n\t\t\t\t\t\t\t<a class=\"article__thumbnail\" href=\"https:\/\/www.lut.fi\/uutiset\/-\/asset_publisher\/h33vOeufOQWn\/content\/lut-ja-lappeenrannan-kaupunki-kehittivat-tasmaaseen-ilmanlaadun-mittaamiseen\" >\n\t\t\t\t\t\t\t\t\t\t\t\t\t\t\t\t\t<img decoding=\"async\" class=\"img-cover\" src=\"https:\/\/ruuvi.com\/wp-content\/themes\/ruuvi-theme\/assets\/dist\/img\/placeholder.jpg\" alt=\"Ruuvi\">\n\t\t\t\t\t\t\t\t\t\t\t\t\t\t\t<\/a>\n\t\t\t\t\t\t\t<div class=\"article__content\">\n\t\t\t\t\t\t\t\t<h4 class=\"article__title\"><a href=\"https:\/\/www.lut.fi\/uutiset\/-\/asset_publisher\/h33vOeufOQWn\/content\/lut-ja-lappeenrannan-kaupunki-kehittivat-tasmaaseen-ilmanlaadun-mittaamiseen\">LUT ja Lappeenrannan kaupunki kehittiv\u00e4t t\u00e4sm\u00e4aseen ilmanlaadun mittaamiseen<\/a><\/h4>\n\t\t\t\t\t\t\t\t\t\t\t\t\t\t\t\t\t\t\t\t\t\t\t\t\t<div class=\"article__excerpt\">Lappeenrannan kaupungin ja LUT-yliopiston yhteishanke rakentaa tietoallasta, johon ker\u00e4t\u00e4\u00e4n kaupungin kiinteist\u00f6jen kaikki mittaustieto. Osana hanketta on toteutettu edullinen, helposti asennettava ja liikuteltava ilmanlaadun kevytanturointilaitteisto Kisapuiston j\u00e4\u00e4halliin.<\/div>\n\t\t\t\t\t\t\t\t\t\t\t\t\t\t\t\t\t\t\t\t\t\t\t\t\t<div class=\"article__info\">LUT University<\/div>\n\t\t\t\t\t\t\t\t\t\t\t\t\t\t\t<\/div>\n\t\t\t\t\t\t<\/article>\n\t\t\t\t\t<\/div>\n\t\t\t\t\t\t\t\t\t\t\t\t\t\t<div class=\"col-md-4\">\n\t\t\t\t\t\t<article class=\"article post-36423 page type-page status-publish hentry\">\n\t\t\t\t\t\t\t<a class=\"article__thumbnail\" href=\"http:\/\/Liikenne-%20ja%20viestint\u00e4virasto%20Traficom%20my\u00f6nsi%20Koronavilkulle%20Tietoturvamerkin\" >\n\t\t\t\t\t\t\t\t\t\t\t\t\t\t\t\t\t<img decoding=\"async\" class=\"img-cover\" src=\"https:\/\/ruuvi.com\/wp-content\/themes\/ruuvi-theme\/assets\/dist\/img\/placeholder.jpg\" alt=\"Ruuvi\">\n\t\t\t\t\t\t\t\t\t\t\t\t\t\t\t<\/a>\n\t\t\t\t\t\t\t<div class=\"article__content\">\n\t\t\t\t\t\t\t\t<h4 class=\"article__title\"><a href=\"http:\/\/Liikenne-%20ja%20viestint\u00e4virasto%20Traficom%20my\u00f6nsi%20Koronavilkulle%20Tietoturvamerkin\">Traficomin Tietoturvamerkki t\u00e4ytti vuoden \u2013 mukana jo useita tuotteita<\/a><\/h4>\n\t\t\t\t\t\t\t\t\t\t\t\t\t\t\t\t\t\t\t\t\t\t\t\t\t<div class=\"article__excerpt\">Tietoturvamerkki takaa kuluttajalle, ett\u00e4 laitteen tai sovelluksen tietoturvan perusominaisuudet ovat kunnossa. Traficom my\u00f6nt\u00e4\u00e4 merkin vaatimukset l\u00e4p\u00e4isseille verkkosovelluksille ja verkkoon liitetyille \u00e4lylaitteille.<\/div>\n\t\t\t\t\t\t\t\t\t\t\t\t\t\t\t\t\t\t\t\t\t\t\t\t\t<div class=\"article__info\">ePressi<\/div>\n\t\t\t\t\t\t\t\t\t\t\t\t\t\t\t<\/div>\n\t\t\t\t\t\t<\/article>\n\t\t\t\t\t<\/div>\n\t\t\t\t\t\t\t\n\t\t<\/div>\n\t<\/div>\n<\/section>\n\n<section id=\"b-spacer-block_60f7d40b48cf5\" class=\"b-spacer bg-white alignfull\">\n\t\t\t<div class=\"visible-lg-up\" style=\"height: 60px\"><\/div>\n\t\t<div class=\"hidden-lg-up\" style=\"height: 40px\"><\/div>\n\t<\/section>\n\n<section id=\"b-anchor-id-block_60f7d3a048cf4\" class=\"b-anchor-id- alignfull\">\n\t\t<a class=\"b-anchor__link\" id=\"bottom\"><\/a>\n\t<\/section>\n\n<section id=\"b-text-block_60f7d10248cf0\" class=\"b-text bg-white text-center alignfull\">\n\t<div class=\"container\">\n\n\t\t\t\t\t\t\t\t\t\t\t\t\t\t\t\t\t\t\t\t\t\t\t\t\t\t\t\t\t\t<div class=\"row justify-content-center\">\n\t\t\t\t\t\t\t<div class=\"col-lg-8\">\n\t\t\t\t\t\t\t\t\t\t\t\t\t\t\t\t\t<h2 class=\"h1 fc-title \">Lataa<\/h2>\n\t\t\t\t\t\t\t\t\t\t\t\t\t\t\t<\/div>\n\t\t\t\t\t\t<\/div>\n\t\t\t\t\t\n\t\t\t\t\t\t\t\t\t\t\t\t\t\t\t\t\t\t\t\t\t\t\t\t\t\t\t\t\t\t\t\t\t<div class=\"row justify-content-center entry-content mb-0\">\n\t\t\t\t\t\t\t<div class=\"col-12\">\n\t\t\t\t\t\t\t\t<div class=\"fc-text \"><p><a href=\"https:\/\/ruuvi.com\/i\/u\/ruuvi-logo-1.svg\"><img loading=\"lazy\" decoding=\"async\" class=\"alignnone size-full\" src=\"https:\/\/ruuvi.com\/i\/u\/ruuvi-logo-thumb-01-1.jpg\" alt=\"Ruuvi Logo\" width=\"250\" height=\"250\"><\/a><a href=\"https:\/\/ruuvi.com\/i\/u\/ruuvi-logo-white.svg\"><img loading=\"lazy\" decoding=\"async\" class=\"alignnone size-full\" src=\"https:\/\/ruuvi.com\/i\/u\/ruuvi-logo-thumb-02-1.jpg\" alt=\"Ruuvi Logo\" width=\"250\" height=\"250\"><\/a><a href=\"https:\/\/ruuvi.com\/i\/u\/ruuvi-logo.png\"><img loading=\"lazy\" decoding=\"async\" class=\"alignnone size-full\" src=\"https:\/\/ruuvi.com\/i\/u\/ruuvi-logo-thumb-03-1.jpg\" alt=\"Ruuvi Logo\" width=\"250\" height=\"250\"><\/a><a href=\"https:\/\/ruuvi.com\/i\/u\/ruuvi-logo-white.png\"><img loading=\"lazy\" decoding=\"async\" class=\"alignnone size-full\" src=\"https:\/\/ruuvi.com\/i\/u\/ruuvi-logo-thumb-04-1.jpg\" alt=\"Ruuvi Logo\" width=\"250\" height=\"250\"><\/a><\/p>\n<\/div>\n\t\t\t\t\t\t\t<\/div>\n\t\t\t\t\t\t<\/div>\n\t\t\t\t\t\n\t\t\t\t\t\t\t\t\t\t<\/div>\n<\/section>\n\n<section id=\"b-spacer-block_6040ae4aa5ea4\" class=\"b-spacer bg-white alignfull\">\n\t\t\t<div class=\"visible-lg-up\" style=\"height: 120px\"><\/div>\n\t\t<div class=\"hidden-lg-up\" style=\"height: 80px\"><\/div>\n\t<\/section>\n","protected":false},"excerpt":{"rendered":"","protected":false},"author":4,"featured_media":0,"parent":0,"menu_order":0,"comment_status":"closed","ping_status":"closed","template":"","meta":{"_acf_changed":false,"footnotes":""},"class_list":["post-36423","page","type-page","status-publish","hentry"],"acf":[],"yoast_head":"<!-- This site is optimized with the Yoast SEO plugin v27.3 - https:\/\/yoast.com\/product\/yoast-seo-wordpress\/ -->\n<title>Mediatietoa - Ruuvin \u00e4lykk\u00e4\u00e4t sensoriratkaisut - Ruuvi<\/title>\n<meta name=\"description\" content=\"Linkkej\u00e4 ja kuvamateriaalia median ja lehdist\u00f6n k\u00e4ytett\u00e4v\u00e4ksi. T\u00e4\u00e4lt\u00e4 voit ladata Ruuvin logoja k\u00e4ytett\u00e4v\u00e4ksi eri paikoissa.\" \/>\n<meta name=\"robots\" content=\"index, follow, max-snippet:-1, max-image-preview:large, max-video-preview:-1\" \/>\n<link rel=\"canonical\" href=\"https:\/\/ruuvi.com\/fi\/media\/\" \/>\n<meta property=\"og:locale\" content=\"fi_FI\" \/>\n<meta property=\"og:type\" content=\"article\" \/>\n<meta property=\"og:title\" content=\"Mediatietoa - Ruuvin \u00e4lykk\u00e4\u00e4t sensoriratkaisut - Ruuvi\" \/>\n<meta property=\"og:description\" content=\"Linkkej\u00e4 ja kuvamateriaalia median ja lehdist\u00f6n k\u00e4ytett\u00e4v\u00e4ksi. T\u00e4\u00e4lt\u00e4 voit ladata Ruuvin logoja k\u00e4ytett\u00e4v\u00e4ksi eri paikoissa.\" \/>\n<meta property=\"og:url\" content=\"https:\/\/ruuvi.com\/fi\/media\/\" \/>\n<meta property=\"og:site_name\" content=\"Ruuvi\" \/>\n<meta property=\"article:publisher\" content=\"https:\/\/www.facebook.com\/ruuvi.cc\" \/>\n<meta property=\"article:modified_time\" content=\"2025-01-09T11:36:50+00:00\" \/>\n<meta property=\"og:image\" content=\"https:\/\/ruuvi.com\/i\/u\/ruuvi-share-measure_your_world_1.jpg\" \/>\n\t<meta property=\"og:image:width\" content=\"1200\" \/>\n\t<meta property=\"og:image:height\" content=\"628\" \/>\n\t<meta property=\"og:image:type\" content=\"image\/jpeg\" \/>\n<meta name=\"twitter:card\" content=\"summary_large_image\" \/>\n<meta name=\"twitter:site\" content=\"@ruuvicom\" \/>\n<script type=\"application\/ld+json\" class=\"yoast-schema-graph\">{\"@context\":\"https:\\\/\\\/schema.org\",\"@graph\":[{\"@type\":\"WebPage\",\"@id\":\"https:\\\/\\\/ruuvi.com\\\/fi\\\/media\\\/\",\"url\":\"https:\\\/\\\/ruuvi.com\\\/fi\\\/media\\\/\",\"name\":\"Mediatietoa - Ruuvin \u00e4lykk\u00e4\u00e4t sensoriratkaisut - Ruuvi\",\"isPartOf\":{\"@id\":\"https:\\\/\\\/ruuvi.com\\\/fi\\\/#website\"},\"datePublished\":\"2022-01-31T07:39:44+00:00\",\"dateModified\":\"2025-01-09T11:36:50+00:00\",\"description\":\"Linkkej\u00e4 ja kuvamateriaalia median ja lehdist\u00f6n k\u00e4ytett\u00e4v\u00e4ksi. T\u00e4\u00e4lt\u00e4 voit ladata Ruuvin logoja k\u00e4ytett\u00e4v\u00e4ksi eri paikoissa.\",\"breadcrumb\":{\"@id\":\"https:\\\/\\\/ruuvi.com\\\/fi\\\/media\\\/#breadcrumb\"},\"inLanguage\":\"fi\",\"potentialAction\":[{\"@type\":\"ReadAction\",\"target\":[\"https:\\\/\\\/ruuvi.com\\\/fi\\\/media\\\/\"]}]},{\"@type\":\"BreadcrumbList\",\"@id\":\"https:\\\/\\\/ruuvi.com\\\/fi\\\/media\\\/#breadcrumb\",\"itemListElement\":[{\"@type\":\"ListItem\",\"position\":1,\"name\":\"Home\",\"item\":\"https:\\\/\\\/ruuvi.com\\\/fi\\\/\"},{\"@type\":\"ListItem\",\"position\":2,\"name\":\"Media\"}]},{\"@type\":\"WebSite\",\"@id\":\"https:\\\/\\\/ruuvi.com\\\/fi\\\/#website\",\"url\":\"https:\\\/\\\/ruuvi.com\\\/fi\\\/\",\"name\":\"Ruuvi\",\"description\":\"Measure Your World\",\"potentialAction\":[],\"inLanguage\":\"fi\"}]}<\/script>\n<!-- \/ Yoast SEO plugin. -->","yoast_head_json":{"title":"Mediatietoa - Ruuvin \u00e4lykk\u00e4\u00e4t sensoriratkaisut - Ruuvi","description":"Linkkej\u00e4 ja kuvamateriaalia median ja lehdist\u00f6n k\u00e4ytett\u00e4v\u00e4ksi. T\u00e4\u00e4lt\u00e4 voit ladata Ruuvin logoja k\u00e4ytett\u00e4v\u00e4ksi eri paikoissa.","robots":{"index":"index","follow":"follow","max-snippet":"max-snippet:-1","max-image-preview":"max-image-preview:large","max-video-preview":"max-video-preview:-1"},"canonical":"https:\/\/ruuvi.com\/fi\/media\/","og_locale":"fi_FI","og_type":"article","og_title":"Mediatietoa - Ruuvin \u00e4lykk\u00e4\u00e4t sensoriratkaisut - Ruuvi","og_description":"Linkkej\u00e4 ja kuvamateriaalia median ja lehdist\u00f6n k\u00e4ytett\u00e4v\u00e4ksi. T\u00e4\u00e4lt\u00e4 voit ladata Ruuvin logoja k\u00e4ytett\u00e4v\u00e4ksi eri paikoissa.","og_url":"https:\/\/ruuvi.com\/fi\/media\/","og_site_name":"Ruuvi","article_publisher":"https:\/\/www.facebook.com\/ruuvi.cc","article_modified_time":"2025-01-09T11:36:50+00:00","og_image":[{"width":1200,"height":628,"url":"https:\/\/ruuvi.com\/i\/u\/ruuvi-share-measure_your_world_1.jpg","type":"image\/jpeg"}],"twitter_card":"summary_large_image","twitter_site":"@ruuvicom","schema":{"@context":"https:\/\/schema.org","@graph":[{"@type":"WebPage","@id":"https:\/\/ruuvi.com\/fi\/media\/","url":"https:\/\/ruuvi.com\/fi\/media\/","name":"Mediatietoa - Ruuvin \u00e4lykk\u00e4\u00e4t sensoriratkaisut - Ruuvi","isPartOf":{"@id":"https:\/\/ruuvi.com\/fi\/#website"},"datePublished":"2022-01-31T07:39:44+00:00","dateModified":"2025-01-09T11:36:50+00:00","description":"Linkkej\u00e4 ja kuvamateriaalia median ja lehdist\u00f6n k\u00e4ytett\u00e4v\u00e4ksi. T\u00e4\u00e4lt\u00e4 voit ladata Ruuvin logoja k\u00e4ytett\u00e4v\u00e4ksi eri paikoissa.","breadcrumb":{"@id":"https:\/\/ruuvi.com\/fi\/media\/#breadcrumb"},"inLanguage":"fi","potentialAction":[{"@type":"ReadAction","target":["https:\/\/ruuvi.com\/fi\/media\/"]}]},{"@type":"BreadcrumbList","@id":"https:\/\/ruuvi.com\/fi\/media\/#breadcrumb","itemListElement":[{"@type":"ListItem","position":1,"name":"Home","item":"https:\/\/ruuvi.com\/fi\/"},{"@type":"ListItem","position":2,"name":"Media"}]},{"@type":"WebSite","@id":"https:\/\/ruuvi.com\/fi\/#website","url":"https:\/\/ruuvi.com\/fi\/","name":"Ruuvi","description":"Measure Your World","potentialAction":[],"inLanguage":"fi"}]}},"_links":{"self":[{"href":"https:\/\/ruuvi.com\/fi\/wp-json\/wp\/v2\/pages\/36423","targetHints":{"allow":["GET"]}}],"collection":[{"href":"https:\/\/ruuvi.com\/fi\/wp-json\/wp\/v2\/pages"}],"about":[{"href":"https:\/\/ruuvi.com\/fi\/wp-json\/wp\/v2\/types\/page"}],"author":[{"embeddable":true,"href":"https:\/\/ruuvi.com\/fi\/wp-json\/wp\/v2\/users\/4"}],"replies":[{"embeddable":true,"href":"https:\/\/ruuvi.com\/fi\/wp-json\/wp\/v2\/comments?post=36423"}],"version-history":[{"count":6,"href":"https:\/\/ruuvi.com\/fi\/wp-json\/wp\/v2\/pages\/36423\/revisions"}],"predecessor-version":[{"id":118321,"href":"https:\/\/ruuvi.com\/fi\/wp-json\/wp\/v2\/pages\/36423\/revisions\/118321"}],"wp:attachment":[{"href":"https:\/\/ruuvi.com\/fi\/wp-json\/wp\/v2\/media?parent=36423"}],"curies":[{"name":"wp","href":"https:\/\/api.w.org\/{rel}","templated":true}]}}