{"id":42678,"date":"2021-03-24T18:04:34","date_gmt":"2021-03-24T16:04:34","guid":{"rendered":"https:\/\/ruuvi.com\/ruuvi-kayttoonotto-opas\/"},"modified":"2025-03-23T11:51:18","modified_gmt":"2025-03-23T09:51:18","slug":"ruuvi-kayttoonotto-opas","status":"publish","type":"page","link":"https:\/\/ruuvi.com\/fi\/ruuvi-kayttoonotto-opas\/","title":{"rendered":"K\u00e4ytt\u00f6\u00f6notto-opas ja turvallisuusvaroitukset"},"content":{"rendered":"\n<h1 class=\"wp-block-heading\">Ruuvin tuotteiden k\u00e4ytt\u00f6\u00f6notto-opas ja turvallisuusvaroitukset<\/h1>\n\n<p>Tervetuloa Ruuvin k\u00e4ytt\u00f6\u00f6nottosivulle, josta l\u00f6yd\u00e4t ohjeita tuotteiden k\u00e4ytt\u00f6\u00f6n liittyen, lakim\u00e4\u00e4r\u00e4isi\u00e4 turvallisuusohjeita ja tuotteiden sertifikaattien tietoja. Lue n\u00e4m\u00e4 ohjeet huolella, ennen kuin aloitat tuotteidemme k\u00e4yt\u00f6n.<\/p>\n\n<p><strong>Huomaa, ett\u00e4 Applen tiukkojen Bluetooth-skannausrajoitusten takia, iPhone ja iPad -laitteilla ei voi kuunnella Ruuvin mittalaitteiden l\u00e4hett\u00e4mi\u00e4 Bluetooth-viestej\u00e4, jos sovellus ei ole aktiivisessa k\u00e4yt\u00f6ss\u00e4. <\/strong>RuuviTagien uuden ohjelmistoversion ansiosta, mittalaitteet voivat muodostaa yhteyden puhelimeen, eik\u00e4 vain l\u00e4hett\u00e4\u00e4 mittaustietoja eteenp\u00e4in. T\u00e4ll\u00e4 tavalla Ruuvin iOS-sovellus voidaan yhdist\u00e4\u00e4 mittalaitteeseen(mittalaitteisiin) taustalla ja h\u00e4lytykset toimivat normaalisti. Huomaa kuitenkin, ett\u00e4 RuuviTagin virrankulutus on suurempaa, kun mittalaite on yhdistettyn\u00e4 puhelimeen eik\u00e4 vain l\u00e4het\u00e4 viestej\u00e4. <\/p>\n\n<h2 class=\"wp-block-heading\">Helppo k\u00e4ytt\u00f6\u00f6notto<\/h2>\n\n<p>Seuraa n\u00e4it\u00e4 helppoja vaiheita, jotta voit alkaa k\u00e4ytt\u00e4m\u00e4\u00e4n <strong>RuuviTag\u00ae<\/strong> langatonta mittalaitetta.<\/p>\n\n<ol class=\"wp-block-list\">\n<li>Poista muoviliuska laitteesta vet\u00e4m\u00e4ll\u00e4 siit\u00e4. Laite k\u00e4ynnistyy automaattisesti t\u00e4m\u00e4n j\u00e4lkeen. <\/li>\n\n\n\n<li>Lataa Ruuvin ilmainen mobiilisovellus Googlen PlayStoresta (Android) tai AppStore (iOS) ja seuraa n\u00e4yt\u00f6ll\u00e4 lukevia ohjeita.<\/li>\n\n\n\n<li>Kaikki on nyt valmista, voit nyt k\u00e4ytt\u00e4\u00e4 <strong>RuuviTag\u00ae<\/strong> langatonta mittalaitetta. L\u00f6yd\u00e4t mielenkiintoisia ja t\u00e4rkeit\u00e4 k\u00e4ytt\u00f6kohteita <a href=\"https:\/\/ruuvi.com\/fi\/ideat\/\">t\u00e4\u00e4lt\u00e4<\/a>.<\/li>\n<\/ol>\n\n<h2 class=\"wp-block-heading\">Lakim\u00e4\u00e4reiset turvallisuustiedot ja varoitukset<\/h2>\n\n<ul class=\"wp-block-list\">\n<li><strong>Pid\u00e4 laitteet ja paristot pois alle 10-vuotiaiden lasten ja lemmikien saatavilta. Riski tukehtumiselle tai jopa kuolemalle.<\/strong><\/li>\n\n\n\n<li><strong>Asenna laite aina paikkaan mihin ei ole p\u00e4\u00e4sy\u00e4 pienill\u00e4 lapsilla.<\/strong><\/li>\n\n\n\n<li><strong>T\u00e4m\u00e4 tuote ei ole lelu eik\u00e4 sit\u00e4 voi sy\u00f6d\u00e4.<\/strong><\/li>\n\n\n\n<li>Tuote sis\u00e4lt\u00e4\u00e4 litium-pariston, joka v\u00e4\u00e4rin k\u00e4ytettyn\u00e4 voi aiheuttaa vakavia vahinkoja tai pahimassa tapauksessa kuoleman. Nieleminen voi johtaa vakaviin vaurioihin tai kuolemaan jopa kahdessa tunnissa. Vahinkoja aiheuttaa kemiallinen palaminen ja ruokatorven mahdollinen puhkeaminen kemiallisen aineen seurauksesta.  \n<ul class=\"wp-block-list\">\n<li>Jos tuote niell\u00e4\u00e4n, hae v\u00e4lit\u00f6nt\u00e4 apua ja ota heti yhteys h\u00e4t\u00e4keskukseen lis\u00e4ohjeita varten. <\/li>\n<\/ul>\n<\/li>\n\n\n\n<li>\u00c4l\u00e4 k\u00e4yt\u00e4 tuotetta, jos kotelo ei sulkeudu kunnolla<\/li>\n\n\n\n<li>\u00c4l\u00e4 altista tuotetta \u00e4\u00e4rimm\u00e4iselle kylmyydelle tai kuumuudelle, \u00e4l\u00e4k\u00e4 my\u00f6sk\u00e4\u00e4n tulelle. Tuotteet ovat suunniteltu toimimaan -40\u00b0C asteesta jopa +85\u00b0C asteeseen Ruuvin erikoisparistoilla. Tavallisen pariston k\u00e4ytt\u00f6l\u00e4mp\u00f6tilat tulee olla -20\u00b0C asteen ja +70\u00b0C asteen v\u00e4lill\u00e4.<\/li>\n\n\n\n<li>\u00c4l\u00e4 j\u00e4t\u00e4 IP67-sertifioituja tuotteita suoraan kosketukseen veden kanssa.<\/li>\n\n\n\n<li>Palo- ja palovammariski<\/li>\n\n\n\n<li>Kierr\u00e4t\u00e4 k\u00e4ytetyt nappiparistot oikein ja turvallisesti paikallisten ohjeiden mukaisesti. Teippaa nappipariston yl\u00e4- ja alapinta ennen kuin kierr\u00e4t\u00e4t ne. <\/li>\n<\/ul>\n\n<h2 class=\"wp-block-heading\">Lithium-paristoon liittyv\u00e4t varoitukset<\/h2>\n\n<p><strong>VAROITUS &#8211; PID\u00c4 LAITE LASTEN ULOTTUMATTOMISSA<\/strong><\/p>\n\n<p>Sis\u00e4lt\u00e4\u00e4 lithium-pariston. Eritt\u00e4in vaarallinen nieltyn\u00e4.  <\/p>\n\n<p><strong>VAROITUS <\/strong>&#8211; Nieleminen voi johtaa vakaviin vaurioihin tai kuolemaan jopa kahdessa tunnissa. Vahinkoja aiheuttaa kemiallinen palaminen ja ruokatorven mahdollinen puhkeaminen kemiallisen aineen seurauksesta. Jos tuote niell\u00e4\u00e4n, hae v\u00e4lit\u00f6nt\u00e4 apua ja ota heti yhteys h\u00e4t\u00e4keskukseen lis\u00e4ohjeita varten. Teippaa nappipariston yl\u00e4- ja alapinta ennen kuin kierr\u00e4t\u00e4t ne.    <\/p>\n\n<figure class=\"wp-block-image size-full is-resized\"><img loading=\"lazy\" decoding=\"async\" width=\"831\" height=\"367\" src=\"https:\/\/ruuvi.com\/i\/u\/Lithium_warning.png\" alt=\"Lithium-paristoon liittyv&#xE4;t varoitukset\" class=\"wp-image-119681\" style=\"width:939px;height:auto\" srcset=\"https:\/\/ruuvi.com\/i\/u\/Lithium_warning.png 831w, https:\/\/ruuvi.com\/i\/u\/Lithium_warning-450x199.png 450w, https:\/\/ruuvi.com\/i\/u\/Lithium_warning-768x339.png 768w, https:\/\/ruuvi.com\/i\/u\/Lithium_warning-600x265.png 600w\" sizes=\"auto, (max-width: 831px) 100vw, 831px\" \/><\/figure>\n\n<h2 class=\"wp-block-heading\">Ymp\u00e4rist\u00f6asiat ja Europaan unionin mukaiset h\u00e4vitt\u00e4mistiedot<\/h2>\n\n<p>Kuten suurin osa elektronisista tuotteista, <strong>Ruuvi\u00ae<\/strong> tuotteet voivat sis\u00e4lt\u00e4\u00e4 v\u00e4\u00e4rin k\u00e4ytettyn\u00e4 terveydelle ja ymp\u00e4rist\u00f6lle vaarallisia aineita. <strong>Ruuvi\u00ae<\/strong> tuotteet ovat 99% kierr\u00e4tett\u00e4vi\u00e4.<\/p>\n\n<p>Paikallisten lakien mukaisesti tuotetta ja sen paristoa ei tulisi h\u00e4vitt\u00e4\u00e4 sek\u00e4j\u00e4tteen\u00e4. Kun tuotteen elinik\u00e4 p\u00e4\u00e4ttyy, vie se paikalliseen elektroniikkakierr\u00e4tyspisteeseen ja poista laitteesta paristo. Paristo voidaan kierr\u00e4tt\u00e4\u00e4 erikseen. Lis\u00e4tietoja kierr\u00e4tyksest\u00e4 saat paikallisilta viranomaisilta tai kierr\u00e4tyskeskuksilta. <\/p>\n\n<h2 class=\"wp-block-heading\">Takuu<\/h2>\n\n<p><strong>Tuotteen ja sen kaikkien osien takuu on kaksitoista (12) kuukautta. Takuuaika alkaa toimitusp\u00e4iv\u00e4st\u00e4.<\/strong> <strong>T\u00e4m\u00e4 takuu ei kata tahatonta haittaa. Takuu ei my\u00f6sk\u00e4\u00e4n kata laitteen v\u00e4\u00e4rink\u00e4yt\u00f6st\u00e4 koituvia vahinkoja.<\/strong><\/p>\n\n<p>Laillisia oikeuksia kuluttaja-asiakkaalle: Ostaja, jota suojaa kuluttajasuojalaki tai muut s\u00e4\u00e4d\u00f6kset osto- tai asuinmaassaan (asuinmaassaan jos maat ovat eiv\u00e4t ole samat), myyj\u00e4n antamat takuuehdot ovat lis\u00e4n\u00e4 kaikkiin kuluttajansuojalakiin liittyviin lakeihin ja muutoksenhakukeinoihin.<\/p>\n\n<ol class=\"wp-block-list\">\n<li>Alla kerrotun takuujakson aikana myyj\u00e4 takaa, ett\u00e4 h\u00e4nen parhaan tietonsa mukaan tuotteessa ei ole vikoja, jotka olisivat syntyneet huonosta suunnitelusta, k\u00e4ytetyist\u00e4 materiaaleista tai ty\u00f6panoksesta, jotka est\u00e4isiv\u00e4t tuotteen s\u00e4hk\u00f6isen tai mekaanisen toiminnan.<\/li>\n\n\n\n<li>Tuotteen ja sen kaikkien osien takuu on kaksitoista (12) kuukautta. Takuuaika alkaa toimitusp\u00e4iv\u00e4st\u00e4. <\/li>\n\n\n\n<li>Takuuaika vaihdetuille tai korjatuille osille on kuusi (6) kuukautta. Takuuaika alkaa korjaus- tai vaihtop\u00e4iv\u00e4st\u00e4.<\/li>\n\n\n\n<li>Takuuseen ei sis\u00e4lly tuotteen osat,\n<ol class=\"wp-block-list\">\n<li>joiden korjaaminen tai vaihtaminen tulee tarpeelliseksi tavallisessa k\u00e4yt\u00f6ss\u00e4;<\/li>\n\n\n\n<li>jotka ovat rajallisen k\u00e4yt\u00f6n osia, kuten esimerkiksi paristot.<\/li>\n\n\n\n<li>joiden korjaaminen, muokkaaminen tai s\u00e4\u00e4t\u00e4minen on tehty asiakkaan tai kolmannen osapuolen toimesta ilman myyj\u00e4n aikaisempaa lupaa.<\/li>\n\n\n\n<li>joiden vikoja ei viipym\u00e4tt\u00e4 ilmoiteta myyj\u00e4lle annetussa takuuajassa;<\/li>\n\n\n\n<li>jonka ongelmat tai vahingot ovat syntyneet myyj\u00e4\u00e4n liittym\u00e4tt\u00f6mist\u00e4 huolimattomuuksista, kuten v\u00e4\u00e4r\u00e4nlaisesta asennuksesta (muusta kuin myyj\u00e4n asennuksesta), v\u00e4\u00e4r\u00e4st\u00e4 k\u00e4yt\u00f6st\u00e4, v\u00e4\u00e4rist\u00e4 k\u00e4ytt\u00f6olosuhteista (v\u00e4\u00e4r\u00e4 l\u00e4mp\u00f6tila, kosteus, lika tai sy\u00f6vytt\u00e4v\u00e4 materiaali), v\u00e4\u00e4r\u00e4nlaisesta koteloinnista.<\/li>\n\n\n\n<li>Jotka ovat vahingoittuneet muutoin ilman myyj\u00e4n vikaa.<\/li>\n\n\n\n<li>Anturit ja niiden tarkkuus; anturivalmistajien antamat tarkimmat mittausarvot eiv\u00e4t aina toteudu ja pienell\u00e4 osalla tuotteista voi olla suurempaa kuin kerrotua vaihtelua niiden mittausarvoissaan. Myyj\u00e4ll\u00e4 ei ole vastuuta anturien tarkkuudesta.<\/li>\n<\/ol>\n<\/li>\n\n\n\n<li>Esimerkkitapauksia, joissa takuu on p\u00e4tem\u00e4t\u00f6n:\n<ol class=\"wp-block-list\">\n<li>Tuotteita k\u00e4ytet\u00e4\u00e4n tai pidet\u00e4\u00e4n v\u00e4\u00e4rin, toisin sanoen niit\u00e4 pidet\u00e4\u00e4n tiloissa, joissa ei j\u00e4rkev\u00e4sti ajatellen tulisi pit\u00e4\u00e4 s\u00e4hk\u00f6isi\u00e4 laitteita.<\/li>\n\n\n\n<li>Vesi tai kosteusavauriot, jotka syntyv\u00e4t esimerkiksi kosteuden kondensoitumisesta tai vastaavasta tilanteesta.<\/li>\n\n\n\n<li>Tahallinen, vahingollinen tai v\u00e4linpit\u00e4m\u00e4tt\u00f6myydest\u00e4 seuraava vahinko.<\/li>\n\n\n\n<li>Fyysinen vahinko tai v\u00e4\u00e4rink\u00e4ytt\u00f6, eli tuotteen v\u00e4\u00e4nt\u00e4minen, taittaminen, leikkaaminen tai vastaava toiminta.<\/li>\n\n\n\n<li>Ylivoimainen este (Force majore) kuten huono s\u00e4\u00e4 tai s\u00e4hk\u00f6inen h\u00e4iri\u00f6 kuten virtapiikki.<\/li>\n\n\n\n<li>Laiteohjelmiston muokkaamisen tai p\u00e4ivittymisen virhe, jos myyj\u00e4 ei ole tehnyt tai hyv\u00e4ksynyt k\u00e4ytetty\u00e4 laiteohjelmistoa.<\/li>\n\n\n\n<li>Tuotteen fyysinen muokkaaminen, kuten kotelon tai elektroniikkaosien muuntelu.<\/li>\n\n\n\n<li>Komponenttien peukalointi, esimerkiksi yhdistimien tai muiden kiinteiden komponenttien irrottaminen tai muokkaaminen.<\/li>\n\n\n\n<li>Jos tuotenumero tai sertifikaatti on poistettu laitteesta ne on t\u00f6hritty.<\/li>\n\n\n\n<li>Altistuminen vaaralliselle s\u00e4teilylle tai sy\u00f6vytt\u00e4v\u00e4lle kemikaalille.<\/li>\n<\/ol>\n<\/li>\n\n\n\n<li>myyj\u00e4ll\u00e4 on oikeus p\u00e4\u00e4tt\u00e4 vilpitt\u00f6m\u00e4ss\u00e4 mieless\u00e4 ja yksinomaisella harkintavallalla, jos tuotantovirhe aiheutti toimintah\u00e4iri\u00f6n vai syntyik\u00f6 se jostain edell\u00e4 mainitusta syyst\u00e4.<\/li>\n\n\n\n<li>N\u00e4et koko takuudokumentin <a href=\"https:\/\/ruuvi.com\/fi\/toimitus\/\">t\u00e4st\u00e4.<\/a> <\/li>\n<\/ol>\n\n<h2 class=\"wp-block-heading\">Sertifioinnit<\/h2>\n\n<p>L\u00f6yd\u00e4t kaikki oleelliset sertifioinnit ja valmistajan ilmoituksen eurooppalaisesta s\u00e4\u00e4nn\u00f6nmukaisuudesta (CE) t\u00e4\u00e4lt\u00e4 <a href=\"https:\/\/github.com\/ruuvi\/certifications\" target=\"_blank\" rel=\"noreferrer noopener\">https:\/\/github.com\/ruuvi\/certifications<\/a>.<\/p>\n","protected":false},"excerpt":{"rendered":"<p>Ruuvin tuotteiden k\u00e4ytt\u00f6\u00f6notto-opas ja turvallisuusvaroitukset Tervetuloa Ruuvin k\u00e4ytt\u00f6\u00f6nottosivulle, josta l\u00f6yd\u00e4t ohjeita tuotteiden k\u00e4ytt\u00f6\u00f6n liittyen, lakim\u00e4\u00e4r\u00e4isi\u00e4 turvallisuusohjeita ja tuotteiden sertifikaattien tietoja. Lue n\u00e4m\u00e4 ohjeet huolella, ennen kuin aloitat tuotteidemme k\u00e4yt\u00f6n. Huomaa, ett\u00e4 Applen tiukkojen Bluetooth-skannausrajoitusten takia, iPhone ja iPad -laitteilla ei voi kuunnella Ruuvin mittalaitteiden l\u00e4hett\u00e4mi\u00e4 Bluetooth-viestej\u00e4, jos sovellus ei ole aktiivisessa k\u00e4yt\u00f6ss\u00e4. RuuviTagien uuden ohjelmistoversion [&hellip;]<\/p>\n","protected":false},"author":3,"featured_media":0,"parent":0,"menu_order":0,"comment_status":"closed","ping_status":"closed","template":"","meta":{"_acf_changed":false,"footnotes":""},"class_list":["post-42678","page","type-page","status-publish","hentry"],"acf":[],"yoast_head":"<!-- This site is optimized with the Yoast SEO plugin v27.3 - https:\/\/yoast.com\/product\/yoast-seo-wordpress\/ -->\n<title>RuuviTag-anturien k\u00e4ytt\u00f6\u00f6notto-opas - Ruuvi<\/title>\n<meta name=\"description\" content=\"RuuviTagien ohjeet, turvallisuustiedot, varoitukset, takuu ja sertifiointi-tiedot.\" \/>\n<meta name=\"robots\" content=\"index, follow, max-snippet:-1, max-image-preview:large, max-video-preview:-1\" \/>\n<link rel=\"canonical\" href=\"https:\/\/ruuvi.com\/fi\/ruuvi-kayttoonotto-opas\/\" \/>\n<meta property=\"og:locale\" content=\"fi_FI\" \/>\n<meta property=\"og:type\" content=\"article\" \/>\n<meta property=\"og:title\" content=\"RuuviTag-anturien k\u00e4ytt\u00f6\u00f6notto-opas - Ruuvi\" \/>\n<meta property=\"og:description\" content=\"RuuviTagien ohjeet, turvallisuustiedot, varoitukset, takuu ja sertifiointi-tiedot.\" \/>\n<meta property=\"og:url\" content=\"https:\/\/ruuvi.com\/fi\/ruuvi-kayttoonotto-opas\/\" \/>\n<meta property=\"og:site_name\" content=\"Ruuvi\" \/>\n<meta property=\"article:publisher\" content=\"https:\/\/www.facebook.com\/ruuvi.cc\" \/>\n<meta property=\"article:modified_time\" content=\"2025-03-23T09:51:18+00:00\" \/>\n<meta property=\"og:image\" content=\"https:\/\/ruuvi.com\/i\/u\/Lithium_warning.png\" \/>\n\t<meta property=\"og:image:width\" content=\"831\" \/>\n\t<meta property=\"og:image:height\" content=\"367\" \/>\n\t<meta property=\"og:image:type\" content=\"image\/png\" \/>\n<meta name=\"twitter:card\" content=\"summary_large_image\" \/>\n<meta name=\"twitter:site\" content=\"@ruuvicom\" \/>\n<meta name=\"twitter:label1\" content=\"Arvioitu lukuaika\" \/>\n\t<meta name=\"twitter:data1\" content=\"5 minuuttia\" \/>\n<script type=\"application\/ld+json\" class=\"yoast-schema-graph\">{\"@context\":\"https:\\\/\\\/schema.org\",\"@graph\":[{\"@type\":\"WebPage\",\"@id\":\"https:\\\/\\\/ruuvi.com\\\/fi\\\/ruuvi-kayttoonotto-opas\\\/\",\"url\":\"https:\\\/\\\/ruuvi.com\\\/fi\\\/ruuvi-kayttoonotto-opas\\\/\",\"name\":\"RuuviTag-anturien k\u00e4ytt\u00f6\u00f6notto-opas - Ruuvi\",\"isPartOf\":{\"@id\":\"https:\\\/\\\/ruuvi.com\\\/fi\\\/#website\"},\"primaryImageOfPage\":{\"@id\":\"https:\\\/\\\/ruuvi.com\\\/fi\\\/ruuvi-kayttoonotto-opas\\\/#primaryimage\"},\"image\":{\"@id\":\"https:\\\/\\\/ruuvi.com\\\/fi\\\/ruuvi-kayttoonotto-opas\\\/#primaryimage\"},\"thumbnailUrl\":\"https:\\\/\\\/ruuvi.com\\\/i\\\/u\\\/Lithium_warning.png\",\"datePublished\":\"2021-03-24T16:04:34+00:00\",\"dateModified\":\"2025-03-23T09:51:18+00:00\",\"description\":\"RuuviTagien ohjeet, turvallisuustiedot, varoitukset, takuu ja sertifiointi-tiedot.\",\"breadcrumb\":{\"@id\":\"https:\\\/\\\/ruuvi.com\\\/fi\\\/ruuvi-kayttoonotto-opas\\\/#breadcrumb\"},\"inLanguage\":\"fi\",\"potentialAction\":[{\"@type\":\"ReadAction\",\"target\":[\"https:\\\/\\\/ruuvi.com\\\/fi\\\/ruuvi-kayttoonotto-opas\\\/\"]}]},{\"@type\":\"ImageObject\",\"inLanguage\":\"fi\",\"@id\":\"https:\\\/\\\/ruuvi.com\\\/fi\\\/ruuvi-kayttoonotto-opas\\\/#primaryimage\",\"url\":\"https:\\\/\\\/ruuvi.com\\\/i\\\/u\\\/Lithium_warning.png\",\"contentUrl\":\"https:\\\/\\\/ruuvi.com\\\/i\\\/u\\\/Lithium_warning.png\"},{\"@type\":\"BreadcrumbList\",\"@id\":\"https:\\\/\\\/ruuvi.com\\\/fi\\\/ruuvi-kayttoonotto-opas\\\/#breadcrumb\",\"itemListElement\":[{\"@type\":\"ListItem\",\"position\":1,\"name\":\"Home\",\"item\":\"https:\\\/\\\/ruuvi.com\\\/fi\\\/\"},{\"@type\":\"ListItem\",\"position\":2,\"name\":\"K\u00e4ytt\u00f6\u00f6notto-opas ja turvallisuusvaroitukset\"}]},{\"@type\":\"WebSite\",\"@id\":\"https:\\\/\\\/ruuvi.com\\\/fi\\\/#website\",\"url\":\"https:\\\/\\\/ruuvi.com\\\/fi\\\/\",\"name\":\"Ruuvi\",\"description\":\"Measure Your World\",\"potentialAction\":[],\"inLanguage\":\"fi\"}]}<\/script>\n<!-- \/ Yoast SEO plugin. -->","yoast_head_json":{"title":"RuuviTag-anturien k\u00e4ytt\u00f6\u00f6notto-opas - Ruuvi","description":"RuuviTagien ohjeet, turvallisuustiedot, varoitukset, takuu ja sertifiointi-tiedot.","robots":{"index":"index","follow":"follow","max-snippet":"max-snippet:-1","max-image-preview":"max-image-preview:large","max-video-preview":"max-video-preview:-1"},"canonical":"https:\/\/ruuvi.com\/fi\/ruuvi-kayttoonotto-opas\/","og_locale":"fi_FI","og_type":"article","og_title":"RuuviTag-anturien k\u00e4ytt\u00f6\u00f6notto-opas - Ruuvi","og_description":"RuuviTagien ohjeet, turvallisuustiedot, varoitukset, takuu ja sertifiointi-tiedot.","og_url":"https:\/\/ruuvi.com\/fi\/ruuvi-kayttoonotto-opas\/","og_site_name":"Ruuvi","article_publisher":"https:\/\/www.facebook.com\/ruuvi.cc","article_modified_time":"2025-03-23T09:51:18+00:00","og_image":[{"width":831,"height":367,"url":"https:\/\/ruuvi.com\/i\/u\/Lithium_warning.png","type":"image\/png"}],"twitter_card":"summary_large_image","twitter_site":"@ruuvicom","twitter_misc":{"Arvioitu lukuaika":"5 minuuttia"},"schema":{"@context":"https:\/\/schema.org","@graph":[{"@type":"WebPage","@id":"https:\/\/ruuvi.com\/fi\/ruuvi-kayttoonotto-opas\/","url":"https:\/\/ruuvi.com\/fi\/ruuvi-kayttoonotto-opas\/","name":"RuuviTag-anturien k\u00e4ytt\u00f6\u00f6notto-opas - Ruuvi","isPartOf":{"@id":"https:\/\/ruuvi.com\/fi\/#website"},"primaryImageOfPage":{"@id":"https:\/\/ruuvi.com\/fi\/ruuvi-kayttoonotto-opas\/#primaryimage"},"image":{"@id":"https:\/\/ruuvi.com\/fi\/ruuvi-kayttoonotto-opas\/#primaryimage"},"thumbnailUrl":"https:\/\/ruuvi.com\/i\/u\/Lithium_warning.png","datePublished":"2021-03-24T16:04:34+00:00","dateModified":"2025-03-23T09:51:18+00:00","description":"RuuviTagien ohjeet, turvallisuustiedot, varoitukset, takuu ja sertifiointi-tiedot.","breadcrumb":{"@id":"https:\/\/ruuvi.com\/fi\/ruuvi-kayttoonotto-opas\/#breadcrumb"},"inLanguage":"fi","potentialAction":[{"@type":"ReadAction","target":["https:\/\/ruuvi.com\/fi\/ruuvi-kayttoonotto-opas\/"]}]},{"@type":"ImageObject","inLanguage":"fi","@id":"https:\/\/ruuvi.com\/fi\/ruuvi-kayttoonotto-opas\/#primaryimage","url":"https:\/\/ruuvi.com\/i\/u\/Lithium_warning.png","contentUrl":"https:\/\/ruuvi.com\/i\/u\/Lithium_warning.png"},{"@type":"BreadcrumbList","@id":"https:\/\/ruuvi.com\/fi\/ruuvi-kayttoonotto-opas\/#breadcrumb","itemListElement":[{"@type":"ListItem","position":1,"name":"Home","item":"https:\/\/ruuvi.com\/fi\/"},{"@type":"ListItem","position":2,"name":"K\u00e4ytt\u00f6\u00f6notto-opas ja turvallisuusvaroitukset"}]},{"@type":"WebSite","@id":"https:\/\/ruuvi.com\/fi\/#website","url":"https:\/\/ruuvi.com\/fi\/","name":"Ruuvi","description":"Measure Your World","potentialAction":[],"inLanguage":"fi"}]}},"_links":{"self":[{"href":"https:\/\/ruuvi.com\/fi\/wp-json\/wp\/v2\/pages\/42678","targetHints":{"allow":["GET"]}}],"collection":[{"href":"https:\/\/ruuvi.com\/fi\/wp-json\/wp\/v2\/pages"}],"about":[{"href":"https:\/\/ruuvi.com\/fi\/wp-json\/wp\/v2\/types\/page"}],"author":[{"embeddable":true,"href":"https:\/\/ruuvi.com\/fi\/wp-json\/wp\/v2\/users\/3"}],"replies":[{"embeddable":true,"href":"https:\/\/ruuvi.com\/fi\/wp-json\/wp\/v2\/comments?post=42678"}],"version-history":[{"count":5,"href":"https:\/\/ruuvi.com\/fi\/wp-json\/wp\/v2\/pages\/42678\/revisions"}],"predecessor-version":[{"id":119692,"href":"https:\/\/ruuvi.com\/fi\/wp-json\/wp\/v2\/pages\/42678\/revisions\/119692"}],"wp:attachment":[{"href":"https:\/\/ruuvi.com\/fi\/wp-json\/wp\/v2\/media?parent=42678"}],"curies":[{"name":"wp","href":"https:\/\/api.w.org\/{rel}","templated":true}]}}