{"id":42688,"date":"2021-09-03T08:34:29","date_gmt":"2021-09-03T05:34:29","guid":{"rendered":"https:\/\/ruuvi.com\/avoimet-tyopaikat\/"},"modified":"2026-05-11T12:52:41","modified_gmt":"2026-05-11T09:52:41","slug":"avoimet-tyopaikat","status":"publish","type":"page","link":"https:\/\/ruuvi.com\/fi\/avoimet-tyopaikat\/","title":{"rendered":"Avoimet ty\u00f6paikat"},"content":{"rendered":"\n<section id=\"b-features-banner-block_bdd3115c7d9f306f97f8ee2aea783112\" class=\"b-features-banner alignfull\">\n\t<svg width=\"0\" height=\"0\" style=\"position:absolute\">\n\t\t<symbol id=\"list-icon\" xmlns=\"http:\/\/www.w3.org\/2000\/svg\" viewBox=\"0 0 223 223\">\n\t\t\t<path d=\"M111.5,0C49.9,0,0,49.9,0,111.5S49.9,223,111.5,223S223,173.1,223,111.5S173.1,0,111.5,0\n\t\tC111.5,0,111.5,0,111.5,0z M134.5,184.5c-39,0-70.6-31.4-71-70.3c25.3,9.2,53.3-3.8,62.5-29.1c5-13.7,3.6-29-3.9-41.6\n\t\tc38.6-6.9,75.5,18.9,82.4,57.5c6.9,38.6-18.9,75.5-57.5,82.4c-4.2,0.7-8.4,1.1-12.7,1.1L134.5,184.5z\"\/>\n\t\t<\/symbol>\n\t<\/svg>\n\n\t\t\t\t<div class=\"b-features-banner__image-bg\" style=\"background-color: #0c3c3d\">\n\t\t\t<img loading=\"lazy\" decoding=\"async\" width=\"2560\" height=\"1462\" src=\"https:\/\/ruuvi.com\/i\/u\/AdobeStock_240208907-scaled.jpeg\" class=\"img-cover\" alt=\"modern office interior design. Loft concept 3d rendering\" style=\"opacity: 0.7\" srcset=\"https:\/\/ruuvi.com\/i\/u\/AdobeStock_240208907-scaled.jpeg 2560w, https:\/\/ruuvi.com\/i\/u\/AdobeStock_240208907-450x257.jpeg 450w, https:\/\/ruuvi.com\/i\/u\/AdobeStock_240208907-1024x585.jpeg 1024w, https:\/\/ruuvi.com\/i\/u\/AdobeStock_240208907-768x439.jpeg 768w, https:\/\/ruuvi.com\/i\/u\/AdobeStock_240208907-1536x877.jpeg 1536w, https:\/\/ruuvi.com\/i\/u\/AdobeStock_240208907-2048x1169.jpeg 2048w, https:\/\/ruuvi.com\/i\/u\/AdobeStock_240208907-600x343.jpeg 600w\" sizes=\"auto, (max-width: 2560px) 100vw, 2560px\" \/>\t\t<\/div>\n\t\n\t<div class=\"container-lg\">\n\t\t<div class=\"row\">\n\t\t\t<div class=\"col-lg-6\">\n\t\t\t\t<div class=\"b-features-banner__heading\">\n\t\t\t\t\t\t\t\t\t\t\t\t\t\t\t\t<h2 class=\"h1-lg title-lead b-features-banner__title\">Ty\u00f6skentele Ruuvilla<\/h2>\n\t\t\t\t\t\t\t\t\t\t\t\t\t\t\t\t\t\t\t\t\t<p class=\"b-features-banner__subtitle text-lg\">Liity perheeseemme ja aletaan yhdess\u00e4 rakentamaan kauniita Iot-tuotteita!<\/p>\n\t\t\t\t\t\t\t\t\t\t\t\t\t\t\t\t\t\t\t<\/div>\n\t\t\t<\/div>\n\n\t\t\t<div class=\"col-lg-6\">\n\t\t\t\t\t\t\t\t\t\t\t<\/div>\n\t\t<\/div>\n\t<\/div>\n<\/section>\n\n\n<section id=\"b-spacer-block_d4989a3ab45ba40f0ec60861c748a707\" class=\"b-spacer bg-white alignfull\">\n\t\t\t<div class=\"visible-lg-up\" style=\"height: 30px\"><\/div>\n\t\t<div class=\"hidden-lg-up\" style=\"height: 30px\"><\/div>\n\t<\/section>\n\n<h2 class=\"wp-block-heading\">Mit\u00e4 hy\u00f6tyj\u00e4 on Ruuvilla ty\u00f6skentelyss\u00e4?<\/h2>\n\n<ul class=\"wp-block-list\">\n<li>Saat ty\u00f6skennell\u00e4 innovatiivisessa tiimiss\u00e4 osana nopeasti kasvavaa suomalaista IoT-yrityst\u00e4.<\/li>\n\n\n\n<li>Ruuvin ohjelmistoprojektit tehd\u00e4\u00e4n avoimella l\u00e4hdekoodilla, joten ty\u00f6si j\u00e4lki on koko maailman n\u00e4ht\u00e4viss\u00e4. Avoimen l\u00e4hdekoodin projektit n\u00e4ytt\u00e4v\u00e4t hyv\u00e4lt\u00e4 CV:ss\u00e4. <\/li>\n<\/ul>\n\n<h2 class=\"wp-block-heading\">Avoimet paikat<\/h2>\n\n<p>T\u00e4ll\u00e4 hetkell\u00e4 meill\u00e4 ei ole avoimia ty\u00f6paikkoja. Olemme kuitenkin aina kiinnostuneita kuulemaan motivoituneista ihmisist\u00e4, jotka voisivat sopia erinomaisesti tiimiimme. <\/p>\n\n<p>Jos t\u00e4lt\u00e4 sivulta ei l\u00f6ydy sinulle sopivaa avointa ty\u00f6paikkaa, mutta olet innostunut siit\u00e4 mit\u00e4 rakennamme ja haluaisit olla mukana, voit aina l\u00e4hett\u00e4\u00e4 meille avoimen hakemuksen.<\/p>\n\n<section id=\"b-spacer-block_ee849c942d3ae9901551d7816ab9afc0\" class=\"b-spacer bg-white alignfull\">\n\t\t\t<div class=\"visible-lg-up\" style=\"height: 100px\"><\/div>\n\t\t<div class=\"hidden-lg-up\" style=\"height: 60px\"><\/div>\n\t<\/section>\n","protected":false},"excerpt":{"rendered":"<p>Mit\u00e4 hy\u00f6tyj\u00e4 on Ruuvilla ty\u00f6skentelyss\u00e4? Avoimet paikat T\u00e4ll\u00e4 hetkell\u00e4 meill\u00e4 ei ole avoimia ty\u00f6paikkoja. Olemme kuitenkin aina kiinnostuneita kuulemaan motivoituneista ihmisist\u00e4, jotka voisivat sopia erinomaisesti tiimiimme. Jos t\u00e4lt\u00e4 sivulta ei l\u00f6ydy sinulle sopivaa avointa ty\u00f6paikkaa, mutta olet innostunut siit\u00e4 mit\u00e4 rakennamme ja haluaisit olla mukana, voit aina l\u00e4hett\u00e4\u00e4 meille avoimen hakemuksen.<\/p>\n","protected":false},"author":2,"featured_media":0,"parent":0,"menu_order":0,"comment_status":"closed","ping_status":"closed","template":"","meta":{"_acf_changed":false,"footnotes":""},"class_list":["post-42688","page","type-page","status-publish","hentry"],"acf":[],"yoast_head":"<!-- This site is optimized with the Yoast SEO plugin v27.5 - https:\/\/yoast.com\/product\/yoast-seo-wordpress\/ -->\n<title>Avoimet ty\u00f6paikat - Rakenna \u00e4lykk\u00e4it\u00e4 IoT-tuotteita Ruuvilla<\/title>\n<meta name=\"robots\" content=\"noindex, nofollow\" \/>\n<meta property=\"og:locale\" content=\"fi_FI\" \/>\n<meta property=\"og:type\" content=\"article\" \/>\n<meta property=\"og:title\" content=\"Avoimet ty\u00f6paikat - Rakenna \u00e4lykk\u00e4it\u00e4 IoT-tuotteita Ruuvilla\" \/>\n<meta property=\"og:description\" content=\"Mit\u00e4 hy\u00f6tyj\u00e4 on Ruuvilla ty\u00f6skentelyss\u00e4? Avoimet paikat T\u00e4ll\u00e4 hetkell\u00e4 meill\u00e4 ei ole avoimia ty\u00f6paikkoja. Olemme kuitenkin aina kiinnostuneita kuulemaan motivoituneista ihmisist\u00e4, jotka voisivat sopia erinomaisesti tiimiimme. Jos t\u00e4lt\u00e4 sivulta ei l\u00f6ydy sinulle sopivaa avointa ty\u00f6paikkaa, mutta olet innostunut siit\u00e4 mit\u00e4 rakennamme ja haluaisit olla mukana, voit aina l\u00e4hett\u00e4\u00e4 meille avoimen hakemuksen.\" \/>\n<meta property=\"og:url\" content=\"https:\/\/ruuvi.com\/fi\/avoimet-tyopaikat\/\" \/>\n<meta property=\"og:site_name\" content=\"Ruuvi\" \/>\n<meta property=\"article:publisher\" content=\"https:\/\/www.facebook.com\/ruuvi.cc\" \/>\n<meta property=\"article:modified_time\" content=\"2026-05-11T09:52:41+00:00\" \/>\n<meta property=\"og:image\" content=\"https:\/\/ruuvi.com\/i\/u\/ruuvi-share-measure_your_world_1.jpg\" \/>\n\t<meta property=\"og:image:width\" content=\"1200\" \/>\n\t<meta property=\"og:image:height\" content=\"628\" \/>\n\t<meta property=\"og:image:type\" content=\"image\/jpeg\" \/>\n<meta name=\"twitter:card\" content=\"summary_large_image\" \/>\n<meta name=\"twitter:site\" content=\"@ruuvicom\" \/>\n<script type=\"application\/ld+json\" class=\"yoast-schema-graph\">{\"@context\":\"https:\\\/\\\/schema.org\",\"@graph\":[{\"@type\":\"WebPage\",\"@id\":\"https:\\\/\\\/ruuvi.com\\\/fi\\\/avoimet-tyopaikat\\\/\",\"url\":\"https:\\\/\\\/ruuvi.com\\\/fi\\\/avoimet-tyopaikat\\\/\",\"name\":\"Avoimet ty\u00f6paikat - Rakenna \u00e4lykk\u00e4it\u00e4 IoT-tuotteita Ruuvilla\",\"isPartOf\":{\"@id\":\"https:\\\/\\\/ruuvi.com\\\/fi\\\/#website\"},\"datePublished\":\"2021-09-03T05:34:29+00:00\",\"dateModified\":\"2026-05-11T09:52:41+00:00\",\"breadcrumb\":{\"@id\":\"https:\\\/\\\/ruuvi.com\\\/fi\\\/avoimet-tyopaikat\\\/#breadcrumb\"},\"inLanguage\":\"fi\",\"potentialAction\":[{\"@type\":\"ReadAction\",\"target\":[\"https:\\\/\\\/ruuvi.com\\\/fi\\\/avoimet-tyopaikat\\\/\"]}]},{\"@type\":\"BreadcrumbList\",\"@id\":\"https:\\\/\\\/ruuvi.com\\\/fi\\\/avoimet-tyopaikat\\\/#breadcrumb\",\"itemListElement\":[{\"@type\":\"ListItem\",\"position\":1,\"name\":\"Home\",\"item\":\"https:\\\/\\\/ruuvi.com\\\/fi\\\/\"},{\"@type\":\"ListItem\",\"position\":2,\"name\":\"Avoimet ty\u00f6paikat\"}]},{\"@type\":\"WebSite\",\"@id\":\"https:\\\/\\\/ruuvi.com\\\/fi\\\/#website\",\"url\":\"https:\\\/\\\/ruuvi.com\\\/fi\\\/\",\"name\":\"Ruuvi\",\"description\":\"Measure Your World\",\"potentialAction\":[],\"inLanguage\":\"fi\"}]}<\/script>\n<!-- \/ Yoast SEO plugin. -->","yoast_head_json":{"title":"Avoimet ty\u00f6paikat - Rakenna \u00e4lykk\u00e4it\u00e4 IoT-tuotteita Ruuvilla","robots":{"index":"noindex","follow":"nofollow"},"og_locale":"fi_FI","og_type":"article","og_title":"Avoimet ty\u00f6paikat - Rakenna \u00e4lykk\u00e4it\u00e4 IoT-tuotteita Ruuvilla","og_description":"Mit\u00e4 hy\u00f6tyj\u00e4 on Ruuvilla ty\u00f6skentelyss\u00e4? Avoimet paikat T\u00e4ll\u00e4 hetkell\u00e4 meill\u00e4 ei ole avoimia ty\u00f6paikkoja. Olemme kuitenkin aina kiinnostuneita kuulemaan motivoituneista ihmisist\u00e4, jotka voisivat sopia erinomaisesti tiimiimme. Jos t\u00e4lt\u00e4 sivulta ei l\u00f6ydy sinulle sopivaa avointa ty\u00f6paikkaa, mutta olet innostunut siit\u00e4 mit\u00e4 rakennamme ja haluaisit olla mukana, voit aina l\u00e4hett\u00e4\u00e4 meille avoimen hakemuksen.","og_url":"https:\/\/ruuvi.com\/fi\/avoimet-tyopaikat\/","og_site_name":"Ruuvi","article_publisher":"https:\/\/www.facebook.com\/ruuvi.cc","article_modified_time":"2026-05-11T09:52:41+00:00","og_image":[{"width":1200,"height":628,"url":"https:\/\/ruuvi.com\/i\/u\/ruuvi-share-measure_your_world_1.jpg","type":"image\/jpeg"}],"twitter_card":"summary_large_image","twitter_site":"@ruuvicom","schema":{"@context":"https:\/\/schema.org","@graph":[{"@type":"WebPage","@id":"https:\/\/ruuvi.com\/fi\/avoimet-tyopaikat\/","url":"https:\/\/ruuvi.com\/fi\/avoimet-tyopaikat\/","name":"Avoimet ty\u00f6paikat - Rakenna \u00e4lykk\u00e4it\u00e4 IoT-tuotteita Ruuvilla","isPartOf":{"@id":"https:\/\/ruuvi.com\/fi\/#website"},"datePublished":"2021-09-03T05:34:29+00:00","dateModified":"2026-05-11T09:52:41+00:00","breadcrumb":{"@id":"https:\/\/ruuvi.com\/fi\/avoimet-tyopaikat\/#breadcrumb"},"inLanguage":"fi","potentialAction":[{"@type":"ReadAction","target":["https:\/\/ruuvi.com\/fi\/avoimet-tyopaikat\/"]}]},{"@type":"BreadcrumbList","@id":"https:\/\/ruuvi.com\/fi\/avoimet-tyopaikat\/#breadcrumb","itemListElement":[{"@type":"ListItem","position":1,"name":"Home","item":"https:\/\/ruuvi.com\/fi\/"},{"@type":"ListItem","position":2,"name":"Avoimet ty\u00f6paikat"}]},{"@type":"WebSite","@id":"https:\/\/ruuvi.com\/fi\/#website","url":"https:\/\/ruuvi.com\/fi\/","name":"Ruuvi","description":"Measure Your World","potentialAction":[],"inLanguage":"fi"}]}},"_links":{"self":[{"href":"https:\/\/ruuvi.com\/fi\/wp-json\/wp\/v2\/pages\/42688","targetHints":{"allow":["GET"]}}],"collection":[{"href":"https:\/\/ruuvi.com\/fi\/wp-json\/wp\/v2\/pages"}],"about":[{"href":"https:\/\/ruuvi.com\/fi\/wp-json\/wp\/v2\/types\/page"}],"author":[{"embeddable":true,"href":"https:\/\/ruuvi.com\/fi\/wp-json\/wp\/v2\/users\/2"}],"replies":[{"embeddable":true,"href":"https:\/\/ruuvi.com\/fi\/wp-json\/wp\/v2\/comments?post=42688"}],"version-history":[{"count":3,"href":"https:\/\/ruuvi.com\/fi\/wp-json\/wp\/v2\/pages\/42688\/revisions"}],"predecessor-version":[{"id":132535,"href":"https:\/\/ruuvi.com\/fi\/wp-json\/wp\/v2\/pages\/42688\/revisions\/132535"}],"wp:attachment":[{"href":"https:\/\/ruuvi.com\/fi\/wp-json\/wp\/v2\/media?parent=42688"}],"curies":[{"name":"wp","href":"https:\/\/api.w.org\/{rel}","templated":true}]}}