{"id":42690,"date":"2021-03-04T11:54:17","date_gmt":"2021-03-04T09:54:17","guid":{"rendered":"https:\/\/ruuvi.com\/elinikalupaukset\/"},"modified":"2023-03-28T10:47:22","modified_gmt":"2023-03-28T07:47:22","slug":"elinikalupaukset","status":"publish","type":"page","link":"https:\/\/ruuvi.com\/fi\/ehdot\/elinikalupaukset\/","title":{"rendered":"Elinik\u00e4lupaukset"},"content":{"rendered":"<div class=\"yoast-breadcrumbs is-style-width-75\"><span><span><a href=\"https:\/\/ruuvi.com\/fi\/\">Home<\/a><\/span> \/ <span><a href=\"https:\/\/ruuvi.com\/fi\/ehdot\/\">Ehdot, lisenssit, tavaramerkki<\/a><\/span> \/ <span class=\"breadcrumb_last\" aria-current=\"page\">Elinik\u00e4lupaukset<\/span><\/span><\/div>\n<h1 class=\"wp-block-heading\">Elinik\u00e4lupaukset<\/h1>\n\n<h2 class=\"wp-block-heading\">RuuviTagin kotelo<\/h2>\n\n<p>RuuviTagia, jonka kapselin mitat ovat samat kuin https:\/\/github.com\/ruuvi\/mechanics\/tree\/master\/ruuvitag-enclosure myyd\u00e4\u00e4n ainakin vuoden 2026 loppuun asti. Kapselin sis\u00e4iset mittasuhteet voivat muuttua.<\/p>\n\n<h2 class=\"wp-block-heading\">RuuviTagin printattu piirilevy<\/h2>\n\n<p>Printattuihin piirilevyihin voi tulla komponenttimuutoksia sek\u00e4 muutoksia testipisteiden ja komponenttien sijainnissa. Ruuvin tuotteiden perusidea, eli ilman l\u00e4mp\u00f6tilan, ilman kosteuden, ilman paineen ja kiihtyyvyden mittaaminen ja tietojen l\u00e4hett\u00e4minen Bluetoothilla, yll\u00e4pidet\u00e4\u00e4n ainakin vuoden 2026 loppuun asti. Yksitt\u00e4iset anturit voidaan vaihtaa toisiin malleihin. Sen lis\u00e4ksi pariston elinik\u00e4\u00e4, tavallisia l\u00e4hetysintervalleja ja hinnoittelua voidaan muuttaa jos se on tarpeellista.<\/p>\n\n<h2 class=\"wp-block-heading\">RuuviTagin laiteohjelmisto<\/h2>\n\n<p>Kaikki Ruuvin kaupassa myytyjen RuuviTagien k\u00e4ytt\u00e4m\u00e4t laiteohjelmistoversiot tulevat olemaan avoimina GitHubissa tai toisessa Git-tallennustilassa ilmaiseksi. Alkaen versiosta 1.x, Ruuvin laiteohjelmistoversiota voi p\u00e4ivitt\u00e4\u00e4 uudempiin versioihin helposti, mutta uusista suuremmista laiteohjelmistoversioista kuten 3.x tai 2.x siirtymist\u00e4 vanhempaan laiteohjelmistoon ei tueta. Yrit\u00e4mme parhaamme, ett\u00e4 uudet laiteohjelmistoversiot tulevat toimimaan kaikilla vanhemmilla RuuviTagin versiolla alkaen B3-mallista ainakin vuoteen 2026. Jos jokin uusi ominaisuus, kuten BLE-suunnanosoittaja tai pitk\u00e4n matkan l\u00e4hetykset eiv\u00e4t toimi vanhemmilla laitteilla, vanhat laitteet tarjoavat samat ominaisuudet kuin mit\u00e4 niille luvattiin niit\u00e4 myydess\u00e4. Kaikissa tulevissa laiteohjelmistoversioissa tulee ainakin olemaan mahdollisuus l\u00e4hett\u00e4\u00e4 tietoja Ruuvi RAWv2 \/ data format 5 -tavalla, mutta yksityiskohdat kuten l\u00e4hetyspaketin pituus, liput, mittalaitteen tietojen sijainti l\u00e4hetyksess\u00e4 tai skannausvastauksen sis\u00e4lt\u00f6 voivat muuttua. Vaihtoehtoisia laiteohjelmistoja kuten Eddystonea ja Espruinoa tarjotaan parhaan mahdollisen kyvyn mukaan eli niiden tukemista ei taata.<\/p>\n\n<h2 class=\"wp-block-heading\">Ruuvin mobiilisovellus &#8211; Vanhat puhelimet<\/h2>\n\n<p>Teemme parhaamme, jotta voisimme tukea yli viisi vuotta vanhojen puhelimien k\u00e4ytt\u00f6\u00e4, mutta kuitenkin jos k\u00e4ytt\u00f6j\u00e4rjestelm\u00e4 tai puhelimen laitteisto aiheuttaa rajoituksia sovelluksen k\u00e4ytt\u00f6\u00f6n liittyen, voimme rajoittaa vanhoille puhelimille tarjottavia ominaisuuksia. Esimerkiksi, jos RuuviTagit k\u00e4ytt\u00e4v\u00e4t Bluetooth 5.0:lla toimivia ominaisuuksia, jota puhelimesi ei tue, tuemme Bluetooth 4.0 ominaisuuksia parhaan mukaan, mutta emme voi tukea Bluetooth 5.0:lla toimivia ominaisuuksia.<\/p>\n\n<h2 class=\"wp-block-heading\">Ruuvin mobiilisovellus &#8211; Uudet puhelimet<\/h2>\n\n<p>Tulemme tukemaan uusia iOS ja Android OS -versioita, ja p\u00e4ivit\u00e4mme Ruuvin mobiilisovellusta toimimaan n\u00e4ill\u00e4 alustoilla parhaan mukaan ainakin vuoden 2025 loppuun asti. Pid\u00e4mme Ruuvin Station -mobiilisovelluksen iOS App storessa ja Googlen Play Storessa, jos puhelimesi ei pysty lataamaan sovelluksia n\u00e4ist\u00e4 sovelluskaupoista, voit ladata sovelluksen bin\u00e4\u00e4rin tai l\u00e4hdekoodin, mutta Ruuvi ei valitettavasti tue sovelluksen toimintaa alustallasi enemp\u00e4\u00e4. T\u00e4m\u00e4 voi vaikuttaa esimerkiksi Huawein puhelimiin, joilla ei ole p\u00e4\u00e4sy\u00e4 Googlen Play Storeen.<\/p>\n\n<h2 class=\"wp-block-heading\">Ulkoiset sovellusliittym\u00e4t (API)<\/h2>\n\n<p>Jotkin Ruuvin mobiilisovelluksen ominaisuudet vaativat ulkoista sovellusliittym\u00e4\u00e4, kuten Open WeatherMapin API. Jos Open WeatherMap muuttaa heid\u00e4n tarjontaansa, pyrimme tukemaan uutta tarjontaa tai l\u00f6yt\u00e4m\u00e4\u00e4n vastaavan korvaavan vaihtoehdon, mutta emme voi taata elinkaarta ulkoiselle palvelulle.<\/p>\n\n<h2 class=\"wp-block-heading\">Vastuuvapautuslauseke<\/h2>\n\n<p>Elinkaarilupaukset kuvaavat Ruuvin nykyisen johdon aikeita, mutta jos yrityksen omistajuus muuttuu, yritys lakkauttaa toimintansa tai ylitsep\u00e4\u00e4sem\u00e4t\u00f6n este (force majeure) tapahtuu, Ruuvi voi p\u00e4\u00e4tt\u00e4\u00e4 tuotteiden osittaisesta tai kokonaisesta valmistuksen p\u00e4\u00e4tt\u00e4misest\u00e4 aikaisemmin kuin alkuper\u00e4isen suunnitelman mukaan.<\/p>\n","protected":false},"excerpt":{"rendered":"<p>Elinik\u00e4lupaukset RuuviTagin kotelo RuuviTagia, jonka kapselin mitat ovat samat kuin https:\/\/github.com\/ruuvi\/mechanics\/tree\/master\/ruuvitag-enclosure myyd\u00e4\u00e4n ainakin vuoden 2026 loppuun asti. Kapselin sis\u00e4iset mittasuhteet voivat muuttua. RuuviTagin printattu piirilevy Printattuihin piirilevyihin voi tulla komponenttimuutoksia sek\u00e4 muutoksia testipisteiden ja komponenttien sijainnissa. Ruuvin tuotteiden perusidea, eli ilman l\u00e4mp\u00f6tilan, ilman kosteuden, ilman paineen ja kiihtyyvyden mittaaminen ja tietojen l\u00e4hett\u00e4minen Bluetoothilla, yll\u00e4pidet\u00e4\u00e4n ainakin [&hellip;]<\/p>\n","protected":false},"author":2,"featured_media":0,"parent":42787,"menu_order":0,"comment_status":"closed","ping_status":"closed","template":"","meta":{"_acf_changed":false,"footnotes":""},"class_list":["post-42690","page","type-page","status-publish","hentry"],"acf":[],"yoast_head":"<!-- This site is optimized with the Yoast SEO plugin v27.0 - https:\/\/yoast.com\/product\/yoast-seo-wordpress\/ -->\n<title>Elinkaarilupaukset - Ruuvi<\/title>\n<meta name=\"description\" content=\"Elinkaarilupaukset: kotelo, printattu piirilevy, laiteohjelmisto, ulkopuoliset sovellusliittym\u00e4t, vastuuvapautuslauseke..\" \/>\n<meta name=\"robots\" content=\"noindex, nofollow\" \/>\n<meta property=\"og:locale\" content=\"fi_FI\" \/>\n<meta property=\"og:type\" content=\"article\" \/>\n<meta property=\"og:title\" content=\"Elinkaarilupaukset - Ruuvi\" \/>\n<meta property=\"og:description\" content=\"Elinkaarilupaukset: kotelo, printattu piirilevy, laiteohjelmisto, ulkopuoliset sovellusliittym\u00e4t, vastuuvapautuslauseke..\" \/>\n<meta property=\"og:url\" content=\"https:\/\/ruuvi.com\/fi\/ehdot\/elinikalupaukset\/\" \/>\n<meta property=\"og:site_name\" content=\"Ruuvi\" \/>\n<meta property=\"article:publisher\" content=\"https:\/\/www.facebook.com\/ruuvi.cc\" \/>\n<meta property=\"article:modified_time\" content=\"2023-03-28T07:47:22+00:00\" \/>\n<meta property=\"og:image\" content=\"https:\/\/ruuvi.com\/i\/u\/ruuvi-share-measure_your_world_1.jpg\" \/>\n\t<meta property=\"og:image:width\" content=\"1200\" \/>\n\t<meta property=\"og:image:height\" content=\"628\" \/>\n\t<meta property=\"og:image:type\" content=\"image\/jpeg\" \/>\n<meta name=\"twitter:card\" content=\"summary_large_image\" \/>\n<meta name=\"twitter:site\" content=\"@ruuvicom\" \/>\n<meta name=\"twitter:label1\" content=\"Arvioitu lukuaika\" \/>\n\t<meta name=\"twitter:data1\" content=\"2 minuuttia\" \/>\n<script type=\"application\/ld+json\" class=\"yoast-schema-graph\">{\"@context\":\"https:\/\/schema.org\",\"@graph\":[{\"@type\":\"WebPage\",\"@id\":\"https:\/\/ruuvi.com\/fi\/ehdot\/elinikalupaukset\/\",\"url\":\"https:\/\/ruuvi.com\/fi\/ehdot\/elinikalupaukset\/\",\"name\":\"Elinkaarilupaukset - Ruuvi\",\"isPartOf\":{\"@id\":\"https:\/\/ruuvi.com\/fi\/#website\"},\"datePublished\":\"2021-03-04T09:54:17+00:00\",\"dateModified\":\"2023-03-28T07:47:22+00:00\",\"description\":\"Elinkaarilupaukset: kotelo, printattu piirilevy, laiteohjelmisto, ulkopuoliset sovellusliittym\u00e4t, vastuuvapautuslauseke..\",\"breadcrumb\":{\"@id\":\"https:\/\/ruuvi.com\/fi\/ehdot\/elinikalupaukset\/#breadcrumb\"},\"inLanguage\":\"fi\",\"potentialAction\":[{\"@type\":\"ReadAction\",\"target\":[\"https:\/\/ruuvi.com\/fi\/ehdot\/elinikalupaukset\/\"]}]},{\"@type\":\"BreadcrumbList\",\"@id\":\"https:\/\/ruuvi.com\/fi\/ehdot\/elinikalupaukset\/#breadcrumb\",\"itemListElement\":[{\"@type\":\"ListItem\",\"position\":1,\"name\":\"Home\",\"item\":\"https:\/\/ruuvi.com\/fi\/\"},{\"@type\":\"ListItem\",\"position\":2,\"name\":\"Ehdot, lisenssit, tavaramerkki\",\"item\":\"https:\/\/ruuvi.com\/fi\/ehdot\/\"},{\"@type\":\"ListItem\",\"position\":3,\"name\":\"Elinik\u00e4lupaukset\"}]},{\"@type\":\"WebSite\",\"@id\":\"https:\/\/ruuvi.com\/fi\/#website\",\"url\":\"https:\/\/ruuvi.com\/fi\/\",\"name\":\"Ruuvi\",\"description\":\"Measure Your World\",\"potentialAction\":[],\"inLanguage\":\"fi\"}]}<\/script>\n<!-- \/ Yoast SEO plugin. -->","yoast_head_json":{"title":"Elinkaarilupaukset - Ruuvi","description":"Elinkaarilupaukset: kotelo, printattu piirilevy, laiteohjelmisto, ulkopuoliset sovellusliittym\u00e4t, vastuuvapautuslauseke..","robots":{"index":"noindex","follow":"nofollow"},"og_locale":"fi_FI","og_type":"article","og_title":"Elinkaarilupaukset - Ruuvi","og_description":"Elinkaarilupaukset: kotelo, printattu piirilevy, laiteohjelmisto, ulkopuoliset sovellusliittym\u00e4t, vastuuvapautuslauseke..","og_url":"https:\/\/ruuvi.com\/fi\/ehdot\/elinikalupaukset\/","og_site_name":"Ruuvi","article_publisher":"https:\/\/www.facebook.com\/ruuvi.cc","article_modified_time":"2023-03-28T07:47:22+00:00","og_image":[{"width":1200,"height":628,"url":"https:\/\/ruuvi.com\/i\/u\/ruuvi-share-measure_your_world_1.jpg","type":"image\/jpeg"}],"twitter_card":"summary_large_image","twitter_site":"@ruuvicom","twitter_misc":{"Arvioitu lukuaika":"2 minuuttia"},"schema":{"@context":"https:\/\/schema.org","@graph":[{"@type":"WebPage","@id":"https:\/\/ruuvi.com\/fi\/ehdot\/elinikalupaukset\/","url":"https:\/\/ruuvi.com\/fi\/ehdot\/elinikalupaukset\/","name":"Elinkaarilupaukset - Ruuvi","isPartOf":{"@id":"https:\/\/ruuvi.com\/fi\/#website"},"datePublished":"2021-03-04T09:54:17+00:00","dateModified":"2023-03-28T07:47:22+00:00","description":"Elinkaarilupaukset: kotelo, printattu piirilevy, laiteohjelmisto, ulkopuoliset sovellusliittym\u00e4t, vastuuvapautuslauseke..","breadcrumb":{"@id":"https:\/\/ruuvi.com\/fi\/ehdot\/elinikalupaukset\/#breadcrumb"},"inLanguage":"fi","potentialAction":[{"@type":"ReadAction","target":["https:\/\/ruuvi.com\/fi\/ehdot\/elinikalupaukset\/"]}]},{"@type":"BreadcrumbList","@id":"https:\/\/ruuvi.com\/fi\/ehdot\/elinikalupaukset\/#breadcrumb","itemListElement":[{"@type":"ListItem","position":1,"name":"Home","item":"https:\/\/ruuvi.com\/fi\/"},{"@type":"ListItem","position":2,"name":"Ehdot, lisenssit, tavaramerkki","item":"https:\/\/ruuvi.com\/fi\/ehdot\/"},{"@type":"ListItem","position":3,"name":"Elinik\u00e4lupaukset"}]},{"@type":"WebSite","@id":"https:\/\/ruuvi.com\/fi\/#website","url":"https:\/\/ruuvi.com\/fi\/","name":"Ruuvi","description":"Measure Your World","potentialAction":[],"inLanguage":"fi"}]}},"_links":{"self":[{"href":"https:\/\/ruuvi.com\/fi\/wp-json\/wp\/v2\/pages\/42690","targetHints":{"allow":["GET"]}}],"collection":[{"href":"https:\/\/ruuvi.com\/fi\/wp-json\/wp\/v2\/pages"}],"about":[{"href":"https:\/\/ruuvi.com\/fi\/wp-json\/wp\/v2\/types\/page"}],"author":[{"embeddable":true,"href":"https:\/\/ruuvi.com\/fi\/wp-json\/wp\/v2\/users\/2"}],"replies":[{"embeddable":true,"href":"https:\/\/ruuvi.com\/fi\/wp-json\/wp\/v2\/comments?post=42690"}],"version-history":[{"count":4,"href":"https:\/\/ruuvi.com\/fi\/wp-json\/wp\/v2\/pages\/42690\/revisions"}],"predecessor-version":[{"id":53643,"href":"https:\/\/ruuvi.com\/fi\/wp-json\/wp\/v2\/pages\/42690\/revisions\/53643"}],"up":[{"embeddable":true,"href":"https:\/\/ruuvi.com\/fi\/wp-json\/wp\/v2\/pages\/42787"}],"wp:attachment":[{"href":"https:\/\/ruuvi.com\/fi\/wp-json\/wp\/v2\/media?parent=42690"}],"curies":[{"name":"wp","href":"https:\/\/api.w.org\/{rel}","templated":true}]}}