{"id":42787,"date":"2021-03-03T12:40:29","date_gmt":"2021-03-03T10:40:29","guid":{"rendered":"https:\/\/ruuvi.com\/ehdot\/"},"modified":"2024-05-30T07:44:02","modified_gmt":"2024-05-30T04:44:02","slug":"ehdot","status":"publish","type":"page","link":"https:\/\/ruuvi.com\/fi\/ehdot\/","title":{"rendered":"Ehdot, lisenssit, tavaramerkki"},"content":{"rendered":"\n<section id=\"b-text-block_7380ea8954c8fe1dd295413df0b923f4\" class=\"b-text bg-white text-left alignfull\">\n\t<div class=\"container\">\n\n\t\t\t\t\t\t\t\t\t\t\t\t\t\t\t\t\t\t\t\t\t\t\t\t\t\t\t\t\t\t\t<div class=\"row justify-content-center entry-content mb-0\">\n\t\t\t\t\t\t\t<div class=\"col-lg-8\">\n\t\t\t\t\t\t\t\t<div class=\"fc-text \"><h2>Lisenssit<\/h2>\n<p>T\u00e4\u00e4lt\u00e4 l\u00f6yd\u00e4 tietoa siit\u00e4, mit\u00e4 saat ja et saa tehd\u00e4n Ruuvin lisenssien alaisilla tuotteilla.<\/p>\n<\/div>\n\t\t\t\t\t\t\t<\/div>\n\t\t\t\t\t\t<\/div>\n\t\t\t\t\t\n\t\t\t\t\t\t\t\t\t\t\t\t\t\t\t\t\t\t\t\t\t\t\t\t\t\t\t<div class=\"row justify-content-center\">\n\t\t\t\t\t\t\t<div class=\"col-lg-8\">\n\t\t\t\t\t\t\t\t<div class=\"fc-button mt-0 mb-0\">\n\t\t\t\t\t\t\t\t\t<a class=\"btn btn-secondary\" href=\"https:\/\/ruuvi.com\/fi\/ehdot\/mita-voin-tehda-ruuvin-tuotteilla\/\" target=\"\">Mit\u00e4 voin tehd\u00e4 Ruuvin tuotteilla?<\/a>\n\t\t\t\t\t\t\t\t<\/div>\n\t\t\t\t\t\t\t<\/div>\n\t\t\t\t\t\t<\/div>\n\t\t\t\t\t\n\t\t\t\t\t\t\t\t\t\t\t\t\t\t\t\t\t\t\t\t\t\t\t\t\t\t\t\t\t\t\t\t\t<div class=\"row justify-content-center entry-content mb-0\">\n\t\t\t\t\t\t\t<div class=\"col-lg-8\">\n\t\t\t\t\t\t\t\t<div class=\"fc-text mb-0\"><h2>Ehdot<\/h2>\n<p>T\u00e4\u00e4lt\u00e4 l\u00f6yd\u00e4t Ruuvin tuotteiden ehdot<\/p>\n<\/div>\n\t\t\t\t\t\t\t<\/div>\n\t\t\t\t\t\t<\/div>\n\t\t\t\t\t\n\t\t\t\t\t\t\t\t\t\t\t\t\t\t\t\t\t\t\t\t\t\t\t\t\t\t\t<div class=\"row justify-content-center\">\n\t\t\t\t\t\t\t<div class=\"col-lg-8\">\n\t\t\t\t\t\t\t\t<div class=\"fc-button  mb-0\">\n\t\t\t\t\t\t\t\t\t<a class=\"btn btn-secondary\" href=\"https:\/\/ruuvi.com\/fi\/tietosuoja\/\" target=\"\">Yleiset Myynti- ja K\u00e4ytt\u00f6ehdot sek\u00e4 Yksityisyysk\u00e4yt\u00e4nt\u00f6<\/a>\n\t\t\t\t\t\t\t\t<\/div>\n\t\t\t\t\t\t\t<\/div>\n\t\t\t\t\t\t<\/div>\n\t\t\t\t\t\n\t\t\t\t\t\t\t\t\t\t\t\t\t\t\t\t\t\t\t\t\t\t\t\t\t\t\t<div class=\"row justify-content-center\">\n\t\t\t\t\t\t\t<div class=\"col-lg-8\">\n\t\t\t\t\t\t\t\t<div class=\"fc-button  \">\n\t\t\t\t\t\t\t\t\t<a class=\"btn btn-secondary\" href=\"https:\/\/ruuvi.com\/fi\/ehdot\/haavoittuvuuksien-havaitsemiskaytannot\/\" target=\"\">Haavoittuvuuksien havaitsemisk\u00e4yt\u00e4nn\u00f6t<\/a>\n\t\t\t\t\t\t\t\t<\/div>\n\t\t\t\t\t\t\t<\/div>\n\t\t\t\t\t\t<\/div>\n\t\t\t\t\t\n\t\t\t\t\t\t\t\t\t\t\t\t\t\t\t\t\t\t\t\t\t\t\t\t\t\t\t<div class=\"row justify-content-center\">\n\t\t\t\t\t\t\t<div class=\"col-lg-8\">\n\t\t\t\t\t\t\t\t<div class=\"fc-button mt-0 \">\n\t\t\t\t\t\t\t\t\t<a class=\"btn btn-secondary\" href=\"https:\/\/ruuvi.com\/fi\/ehdot\/elinikalupaukset\/\" target=\"\">Elinik\u00e4lupaukset<\/a>\n\t\t\t\t\t\t\t\t<\/div>\n\t\t\t\t\t\t\t<\/div>\n\t\t\t\t\t\t<\/div>\n\t\t\t\t\t\n\t\t\t\t\t\t\t\t\t\t\t\t\t\t\t\t\t\t\t\t\t\t\t\t\t\t\t\t\t\t\t\t\t<div class=\"row justify-content-center entry-content mb-0\">\n\t\t\t\t\t\t\t<div class=\"col-lg-8\">\n\t\t\t\t\t\t\t\t<div class=\"fc-text \"><p><!-- wp:heading --><\/p>\n<h2 class=\"wp-block-heading\">Ruuvi\u00ae tavaramerkki<\/h2>\n<p><!-- \/wp:heading --> <!-- wp:paragraph --><\/p>\n<p>Varmistaaksemme, ett\u00e4 asiakkaamme voivat luottaa tuotteen korkeaan laatuun ja aitouteen n\u00e4hdess\u00e4\u00e4n Ruuvin nimen ja\/tai logon, olemme rekister\u00f6ineet Ruuvin tavaramerkiksi.<\/p>\n<p><!-- \/wp:paragraph --> <!-- wp:list {\"ordered\":true} --><\/p>\n<ol><!-- wp:list-item --><\/p>\n<li>Ruuvin tavaramerkki\u00e4 voi k\u00e4ytt\u00e4\u00e4 kun viitataan tai kuvaillaan oikeaa Ruuvin tuotetta tai palvelua.<\/li>\n<p><!-- \/wp:list-item --> <!-- wp:list-item --><\/p>\n<li>Ruuvin tavaramerkki\u00e4 voi my\u00f6s k\u00e4ytt\u00e4\u00e4 kun osoitetaan miten jokin toinen laite toimii, on yhteensopiva tai sit\u00e4 voidaan k\u00e4ytt\u00e4\u00e4 Ruuvin tuotteiden tai palvelun kanssa.<\/li>\n<p><!-- \/wp:list-item --><\/ol>\n<p><!-- \/wp:list --> <!-- wp:paragraph --><\/p>\n<p>Ruuvin logoa voi k\u00e4ytt\u00e4\u00e4 Ruuvin tuotteiden tai palvelujen myynnin tai jakelun yhteydess\u00e4. Jos Ruuvin logoa k\u00e4ytet\u00e4\u00e4n t\u00e4ss\u00e4 tarkoituksessa, hyperlinkki <a href=\"https:\/\/ruuvi.com\/fi\/\">ruuvi.com<\/a> pit\u00e4\u00e4 liitt\u00e4\u00e4 logoon tai sen yhteyteen.<\/p>\n<p><!-- \/wp:paragraph --><\/p>\n<\/div>\n\t\t\t\t\t\t\t<\/div>\n\t\t\t\t\t\t<\/div>\n\t\t\t\t\t\n\t\t\t\t\t\t\t\t\t\t<\/div>\n<\/section>\n\n\n\n<h2 class=\"wp-block-heading\"><\/h2>\n","protected":false},"excerpt":{"rendered":"","protected":false},"author":2,"featured_media":0,"parent":0,"menu_order":0,"comment_status":"closed","ping_status":"closed","template":"","meta":{"_acf_changed":false,"footnotes":""},"class_list":["post-42787","page","type-page","status-publish","hentry"],"acf":[],"yoast_head":"<!-- This site is optimized with the Yoast SEO plugin v27.5 - https:\/\/yoast.com\/product\/yoast-seo-wordpress\/ -->\n<title>Ehdot, lisenssit, tavaramerkki - Ruuvi<\/title>\n<meta name=\"description\" content=\"Ruuvi Innovationsin ehdot, lisenssit ja tavaramerkki: elinik\u00e4lupaukset, haavoittuvuuksien havaitsemisk\u00e4yt\u00e4nn\u00f6t, tuotteeseen viittaaminen.\" \/>\n<meta name=\"robots\" content=\"noindex, nofollow\" \/>\n<meta property=\"og:locale\" content=\"fi_FI\" \/>\n<meta property=\"og:type\" content=\"article\" \/>\n<meta property=\"og:title\" content=\"Ehdot, lisenssit, tavaramerkki - Ruuvi\" \/>\n<meta property=\"og:description\" content=\"Ruuvi Innovationsin ehdot, lisenssit ja tavaramerkki: elinik\u00e4lupaukset, haavoittuvuuksien havaitsemisk\u00e4yt\u00e4nn\u00f6t, tuotteeseen viittaaminen.\" \/>\n<meta property=\"og:url\" content=\"https:\/\/ruuvi.com\/fi\/ehdot\/\" \/>\n<meta property=\"og:site_name\" content=\"Ruuvi\" \/>\n<meta property=\"article:publisher\" content=\"https:\/\/www.facebook.com\/ruuvi.cc\" \/>\n<meta property=\"article:modified_time\" content=\"2024-05-30T04:44:02+00:00\" \/>\n<meta property=\"og:image\" content=\"https:\/\/ruuvi.com\/i\/u\/ruuvi-share-measure_your_world_1.jpg\" \/>\n\t<meta property=\"og:image:width\" content=\"1200\" \/>\n\t<meta property=\"og:image:height\" content=\"628\" \/>\n\t<meta property=\"og:image:type\" content=\"image\/jpeg\" \/>\n<meta name=\"twitter:card\" content=\"summary_large_image\" \/>\n<meta name=\"twitter:site\" content=\"@ruuvicom\" \/>\n<script type=\"application\/ld+json\" class=\"yoast-schema-graph\">{\"@context\":\"https:\\\/\\\/schema.org\",\"@graph\":[{\"@type\":\"WebPage\",\"@id\":\"https:\\\/\\\/ruuvi.com\\\/fi\\\/ehdot\\\/\",\"url\":\"https:\\\/\\\/ruuvi.com\\\/fi\\\/ehdot\\\/\",\"name\":\"Ehdot, lisenssit, tavaramerkki - Ruuvi\",\"isPartOf\":{\"@id\":\"https:\\\/\\\/ruuvi.com\\\/fi\\\/#website\"},\"datePublished\":\"2021-03-03T10:40:29+00:00\",\"dateModified\":\"2024-05-30T04:44:02+00:00\",\"description\":\"Ruuvi Innovationsin ehdot, lisenssit ja tavaramerkki: elinik\u00e4lupaukset, haavoittuvuuksien havaitsemisk\u00e4yt\u00e4nn\u00f6t, tuotteeseen viittaaminen.\",\"breadcrumb\":{\"@id\":\"https:\\\/\\\/ruuvi.com\\\/fi\\\/ehdot\\\/#breadcrumb\"},\"inLanguage\":\"fi\",\"potentialAction\":[{\"@type\":\"ReadAction\",\"target\":[\"https:\\\/\\\/ruuvi.com\\\/fi\\\/ehdot\\\/\"]}]},{\"@type\":\"BreadcrumbList\",\"@id\":\"https:\\\/\\\/ruuvi.com\\\/fi\\\/ehdot\\\/#breadcrumb\",\"itemListElement\":[{\"@type\":\"ListItem\",\"position\":1,\"name\":\"Home\",\"item\":\"https:\\\/\\\/ruuvi.com\\\/fi\\\/\"},{\"@type\":\"ListItem\",\"position\":2,\"name\":\"Ehdot, lisenssit, tavaramerkki\"}]},{\"@type\":\"WebSite\",\"@id\":\"https:\\\/\\\/ruuvi.com\\\/fi\\\/#website\",\"url\":\"https:\\\/\\\/ruuvi.com\\\/fi\\\/\",\"name\":\"Ruuvi\",\"description\":\"Measure Your World\",\"potentialAction\":[],\"inLanguage\":\"fi\"}]}<\/script>\n<!-- \/ Yoast SEO plugin. -->","yoast_head_json":{"title":"Ehdot, lisenssit, tavaramerkki - Ruuvi","description":"Ruuvi Innovationsin ehdot, lisenssit ja tavaramerkki: elinik\u00e4lupaukset, haavoittuvuuksien havaitsemisk\u00e4yt\u00e4nn\u00f6t, tuotteeseen viittaaminen.","robots":{"index":"noindex","follow":"nofollow"},"og_locale":"fi_FI","og_type":"article","og_title":"Ehdot, lisenssit, tavaramerkki - Ruuvi","og_description":"Ruuvi Innovationsin ehdot, lisenssit ja tavaramerkki: elinik\u00e4lupaukset, haavoittuvuuksien havaitsemisk\u00e4yt\u00e4nn\u00f6t, tuotteeseen viittaaminen.","og_url":"https:\/\/ruuvi.com\/fi\/ehdot\/","og_site_name":"Ruuvi","article_publisher":"https:\/\/www.facebook.com\/ruuvi.cc","article_modified_time":"2024-05-30T04:44:02+00:00","og_image":[{"width":1200,"height":628,"url":"https:\/\/ruuvi.com\/i\/u\/ruuvi-share-measure_your_world_1.jpg","type":"image\/jpeg"}],"twitter_card":"summary_large_image","twitter_site":"@ruuvicom","schema":{"@context":"https:\/\/schema.org","@graph":[{"@type":"WebPage","@id":"https:\/\/ruuvi.com\/fi\/ehdot\/","url":"https:\/\/ruuvi.com\/fi\/ehdot\/","name":"Ehdot, lisenssit, tavaramerkki - Ruuvi","isPartOf":{"@id":"https:\/\/ruuvi.com\/fi\/#website"},"datePublished":"2021-03-03T10:40:29+00:00","dateModified":"2024-05-30T04:44:02+00:00","description":"Ruuvi Innovationsin ehdot, lisenssit ja tavaramerkki: elinik\u00e4lupaukset, haavoittuvuuksien havaitsemisk\u00e4yt\u00e4nn\u00f6t, tuotteeseen viittaaminen.","breadcrumb":{"@id":"https:\/\/ruuvi.com\/fi\/ehdot\/#breadcrumb"},"inLanguage":"fi","potentialAction":[{"@type":"ReadAction","target":["https:\/\/ruuvi.com\/fi\/ehdot\/"]}]},{"@type":"BreadcrumbList","@id":"https:\/\/ruuvi.com\/fi\/ehdot\/#breadcrumb","itemListElement":[{"@type":"ListItem","position":1,"name":"Home","item":"https:\/\/ruuvi.com\/fi\/"},{"@type":"ListItem","position":2,"name":"Ehdot, lisenssit, tavaramerkki"}]},{"@type":"WebSite","@id":"https:\/\/ruuvi.com\/fi\/#website","url":"https:\/\/ruuvi.com\/fi\/","name":"Ruuvi","description":"Measure Your World","potentialAction":[],"inLanguage":"fi"}]}},"_links":{"self":[{"href":"https:\/\/ruuvi.com\/fi\/wp-json\/wp\/v2\/pages\/42787","targetHints":{"allow":["GET"]}}],"collection":[{"href":"https:\/\/ruuvi.com\/fi\/wp-json\/wp\/v2\/pages"}],"about":[{"href":"https:\/\/ruuvi.com\/fi\/wp-json\/wp\/v2\/types\/page"}],"author":[{"embeddable":true,"href":"https:\/\/ruuvi.com\/fi\/wp-json\/wp\/v2\/users\/2"}],"replies":[{"embeddable":true,"href":"https:\/\/ruuvi.com\/fi\/wp-json\/wp\/v2\/comments?post=42787"}],"version-history":[{"count":11,"href":"https:\/\/ruuvi.com\/fi\/wp-json\/wp\/v2\/pages\/42787\/revisions"}],"predecessor-version":[{"id":111364,"href":"https:\/\/ruuvi.com\/fi\/wp-json\/wp\/v2\/pages\/42787\/revisions\/111364"}],"wp:attachment":[{"href":"https:\/\/ruuvi.com\/fi\/wp-json\/wp\/v2\/media?parent=42787"}],"curies":[{"name":"wp","href":"https:\/\/api.w.org\/{rel}","templated":true}]}}