{"id":42794,"date":"2021-03-04T10:00:39","date_gmt":"2021-03-04T08:00:39","guid":{"rendered":"https:\/\/ruuvi.com\/ehdot\/haavoittuvuuksien-havaitsemiskaytannot\/"},"modified":"2022-07-20T12:40:08","modified_gmt":"2022-07-20T09:40:08","slug":"haavoittuvuuksien-havaitsemiskaytannot","status":"publish","type":"page","link":"https:\/\/ruuvi.com\/fi\/ehdot\/haavoittuvuuksien-havaitsemiskaytannot\/","title":{"rendered":"Haavoittuvuuksien havaitsemisk\u00e4yt\u00e4nn\u00f6t"},"content":{"rendered":"<div class=\"yoast-breadcrumbs is-style-width-75\"><span><span><a href=\"https:\/\/ruuvi.com\/fi\/\">Home<\/a><\/span> \/ <span><a href=\"https:\/\/ruuvi.com\/fi\/ehdot\/\">Ehdot, lisenssit, tavaramerkki<\/a><\/span> \/ <span class=\"breadcrumb_last\" aria-current=\"page\">Haavoittuvuuksien havaitsemisk\u00e4yt\u00e4nn\u00f6t<\/span><\/span><\/div>\n<h1 class=\"wp-block-heading\">Haavoittuvuuksien havaitsemisk\u00e4yt\u00e4nn\u00f6t<\/h1>\n\n<h2 class=\"wp-block-heading\">Johdanto<\/h2>\n\n<p>Ruuvi Innovations on sitoutunut varmistamaan k\u00e4ytt\u00e4jiens\u00e4 turvallisuuden suojaamalla heid\u00e4n tietojaan. N\u00e4iden k\u00e4yt\u00e4nt\u00f6jen tarkoitus on tarjota tietoturvatutkijoille selv\u00e4t suuntaviivat haavoittuvuuksien l\u00f6yt\u00e4miseen teht\u00e4vien toimintojen suorittamiseen ja meille mahdollisista ongelmista ilmoittamiseen.<\/p>\n\n<p>T\u00e4m\u00e4 sivu kertoo, <strong>mitk\u00e4 j\u00e4rjestelm\u00e4t ja tutkimustavat<\/strong> kuuluvat edell\u00e4 mainittuihin k\u00e4yt\u00e4nt\u00f6ihin, <strong>miten meille voi l\u00e4hett\u00e4\u00e4<\/strong> haavoittuvuusraportteja ja <strong>miten pitk\u00e4\u00e4n<\/strong> pyyd\u00e4mme turvallisuustutkijoita odottaan ennen kuin haavoittuvuuksista kerrotaan julkisesti.<\/p>\n\n<p>Kannustamme sinua ottamaan meihin yhteytt\u00e4 jos havaitset mahdollisia haavoittuvuuksia j\u00e4rjestelmiss\u00e4mme.<\/p>\n\n<h2 class=\"wp-block-heading\">Valtuuttaminen<\/h2>\n\n<p><strong>Jos seuraat n\u00e4it\u00e4 k\u00e4yt\u00e4nt\u00f6j\u00e4 vilpitt\u00f6m\u00e4sti tehdess\u00e4si turvallisuustutkimusta, pid\u00e4mme tutkimustasi valtuutettuna. Ty\u00f6skentelemme kanssasi ymm\u00e4rt\u00e4\u00e4ksemme ja ratkaistaksemme ongelman nopeasti ja Ruuvi Innovations ei suosittele tai aja oikeudellisia toimia tutkimukseeksi liittyen. Jos olet tehnyt tutkimusta t\u00e4m\u00e4n k\u00e4yt\u00e4nn\u00f6n mukaisesti ja sinua kohtaan tehd\u00e4\u00e4n oikeudellisia toimia kolmannen osapuolen toimesta tutkimukseen liittyen, tuomme sinun valtuutuksen ilmi.<\/strong><\/p>\n\n<h2 class=\"wp-block-heading\">Suuntaviivat<\/h2>\n\n<p>T\u00e4ss\u00e4 k\u00e4yt\u00e4nn\u00f6ss\u00e4 &#8221;tutkimus&#8221; tarkoittaa toimintaa jossa:<\/p>\n\n<ul class=\"wp-block-list\"><li>Ilmoitat meille mahdollisimman nopeasti heti kun l\u00f6yd\u00e4t oikean tai potentiaalisen turvallisuusongelman.<\/li><li>Teet kaikkesi, ettet tee yksityisyysrikkeit\u00e4, heikenn\u00e4 k\u00e4ytt\u00e4j\u00e4kokemusta, h\u00e4iritse tuotantoj\u00e4rjestelmi\u00e4 etk\u00e4 tuhoa tai v\u00e4\u00e4renn\u00e4 dataa.<\/li><li>Et k\u00e4yt\u00e4 heikkouksia tarpeettomasti hyv\u00e4ksi ongelman todentamiseksi. Et k\u00e4yt\u00e4 heikkoutta hyv\u00e4ksesi vaarantaaksesi tai suodattaaksesi dataa, luodaksesi p\u00e4\u00e4sy\u00e4 ja\/tai pysyvyytt\u00e4 komentoriviin, tai toisiin j\u00e4rjestelmiin p\u00e4\u00e4semiseksi.<\/li><li>Annat meille sopivasti aikaa, jotta voimme ratkaista ongelman ennen kuin kerrot siit\u00e4 julkisesti.<\/li><li>Et toimita meille suurta m\u00e4\u00e4r\u00e4\u00e4 huonolaatuisia raportteja.<\/li><\/ul>\n<p>Jos huomaat, ett\u00e4 jokin haavoittuvuus on olemassa, tai kohtaat jotain arkaluontoista dataa (henkil\u00f6tietoja, taloustietoja, patenttitietoja tai jonkin tahon liikesalaisuuksia), <strong>sinun tulee lopettaa testi ja ilmoittaa meille ongelmasta v\u00e4litt\u00f6m\u00e4sti. Et my\u00f6sk\u00e4\u00e4n saa jakaa n\u00e4it\u00e4 arkaluontaisia tietoja kenellekk\u00e4\u00e4n muulle.<\/strong><\/p>\n\n<h2 class=\"wp-block-heading\">Testitavat<\/h2>\n\n<p>Et ole valtuutettu tekem\u00e4\u00e4n seuraavanlaisia testej\u00e4:<\/p>\n\n<ul class=\"wp-block-list\"><li>Verkon palvelunestotesti\u00e4 (DoS tai DDoS) tai muuta testi\u00e4, joka est\u00e4\u00e4 tai vahingoittaa jotain j\u00e4rjestelm\u00e4\u00e4 tai tietoja.<\/li><li>Fyysisi\u00e4 testej\u00e4 (esimerkiksi toimistoon pyrkiminen, ovien avaaminen, ty\u00f6ntekij\u00e4n seuraaminen), sosiaalista tiedustelua (tietojenkalastelua tai puhelinurkintaa) tai muunlaisia ei-teknisi\u00e4 haavoittuvuustestej\u00e4.<\/li><\/ul>\n<h2 class=\"wp-block-heading\">Laajuus<\/h2>\n\n<p>T\u00e4h\u00e4n k\u00e4yt\u00e4nt\u00f6\u00f6n kuuluu seuraavat j\u00e4rjestelm\u00e4t ja palvelut:<\/p>\n\n<ul class=\"wp-block-list\"><li>*.<a href=\"https:\/\/ruuvi.com\/fi\/\">ruuvi.com<\/a><\/li><li><a href=\"https:\/\/ruuvi.com\/fi\/\">ruuvi.com<\/a><\/li><li>Ruuvi Station -sovellus<\/li><li>Ruuvin laiteohjelmistoversio ^2.5.9<\/li><li>Ruuvin laiteohjelmistoversio ^3.29.0<\/li><li>L\u00e4hdekoodit <ul><li><a href=\"https:\/\/github.com\/agency-example\/repo\">https:\/\/github.com\/ruuvi\/com.ruuvi.station<\/a><\/li><li><a href=\"https:\/\/github.com\/agency-example\/repo\">https:\/\/github.com\/ruuvi\/com.ruuvi.station.ios<\/a><\/li><li><a href=\"https:\/\/github.com\/agency-example\/repo\">https:\/\/github.com\/ruuvi\/ruuvi.firmware.c<\/a><\/li><li><a href=\"https:\/\/github.com\/agency-example\/repo\">https:\/\/github.com\/ruuvi\/ruuvi.gateway_esp.c<\/a><\/li><li><a href=\"https:\/\/github.com\/agency-example\/repo\">https:\/\/github.com\/ruuvi\/ruuvi.gateway_nrf.c<\/a><\/li><li>Mik\u00e4 tahansa Ruuvin yll\u00e4pit\u00e4m\u00e4 riippuvuus yll\u00e4 olevista projekteista<\/li><\/ul><\/li><\/ul>\n<p><strong>Mik\u00e4 tahansa palvelu, jota ei mainittu yll\u00e4 olevassa listassa, kuten yhdistetyt palvelut, eiv\u00e4t kuuluu tutkimuksen laajuuteen,<\/strong> joten sinulle ei ole valtuutta testata niit\u00e4. Lis\u00e4ksi j\u00e4lleenmyyjiemme j\u00e4rjestelmist\u00e4 l\u00f6ydetyt haavoittuvuudet eiv\u00e4t sis\u00e4lly meid\u00e4n k\u00e4yt\u00e4nt\u00f6mme laajuuteen ja niist\u00e4 tulisi ilmoittaa suoraan myyj\u00e4lle heid\u00e4n julkiantok\u00e4yt\u00e4nt\u00f6jen mukaisesti (jos sellaisia on). Jos et ole varma, kuuluuko jokin j\u00e4rjestelm\u00e4 k\u00e4yt\u00e4nt\u00f6mme laajuuteen, ota meihin s\u00e4hk\u00f6postilla yhteytt\u00e4 osoitteeseen security@ruuvi.com ennen kuin aloitat tutkimuksesi.<\/p>\n\n<p>Vaikka kehit\u00e4mme ja yll\u00e4pid\u00e4mme muita internetiss\u00e4 toimivia j\u00e4rjestelmi\u00e4 ja palveluita, pyyd\u00e4mme, ett\u00e4 <em>aktiivinen tutkimus ja testaaminen<\/em> rajoittuu vain k\u00e4yt\u00e4nt\u00f6mme piiriin kuuluviin j\u00e4rjestelmiin ja palveluihin. Jos mielest\u00e4si jokin tietty j\u00e4rjestelm\u00e4, joka ei kuuluu k\u00e4yt\u00e4nt\u00f6mme laajuteen, vaatii testausta, ota meihin yhteytt\u00e4 ja voimme ensin keskutella asiasta yhdess\u00e4. Kasvatamme t\u00e4m\u00e4n k\u00e4yt\u00e4nn\u00f6n laajuttaa ajan my\u00f6t\u00e4.<\/p>\n\n<p><strong>Emme tarjoa t\u00e4ll\u00e4 hetkell\u00e4 palkkioita bugien l\u00f6yt\u00e4misest\u00e4. <\/strong><\/p>\n\n<h2 class=\"wp-block-heading\">Haavoittuvuudesta ilmoittaminen<\/h2>\n\n<p>T\u00e4m\u00e4n k\u00e4yt\u00e4nn\u00f6n mukaisesti v\u00e4litetty\u00e4 tietoa k\u00e4ytet\u00e4\u00e4n vain puolustuksellisiin toimiin haavoittuvuuksien lievent\u00e4miseksi tai korjaamiseksi. Jos l\u00f6yd\u00e4t tutkimuksessasi uusia haavoittuvuuksia, jotka koskevat kaikkia tuotteen tai palvelun k\u00e4ytt\u00e4ji\u00e4 eik\u00e4 haavoittuvuus rajoitu vain Ruuvi Innovationsiin, voimme jakaa l\u00f6yd\u00f6ksesi Suomen kansallisen kyberturvallisuuskeskuksen kanssa, jossa ongelma hoidetaan heid\u00e4n <a href=\"https:\/\/www.kyberturvallisuuskeskus.fi\/en\/report\">koordinoidun haavoituuvuuksienpaljastamisprosessin<\/a> mukaisesti. Emme jaa nime\u00e4si tai yhteystietojasi ilman sinun erillist\u00e4 lupaa.<\/p>\n\n<p><strong>Otamme haavoittuvuusraportteja vastaan<\/strong> osoitteessa <a href=\"mailto:security@ruuvi.com\">security@ruuvi.com.<\/a> Voit j\u00e4tt\u00e4\u00e4 raportin nimett\u00f6m\u00e4n\u00e4. Jos jaat yhteystietosi, varmistamme sinulle raportin vastaanottamisen kolmen ty\u00f6p\u00e4iv\u00e4n kuluessa.<\/p>\n\n<p>Emme tue PGP-suojattuja s\u00e4hk\u00f6posteja.<\/p>\n\n<p>L\u00e4hett\u00e4m\u00e4ll\u00e4 haavoittuvuusraportin, tiedostat, ettet odota saavasi tiedosta maksua ja, ett\u00e4 luovut nimenomaisesti kaikista tulevista maksuvaatimuksista Ruuvi Innovationsia kohtaan raporttiisi liittyen.<\/p>\n\n<h2 class=\"wp-block-heading\">Mit\u00e4 odotamme sinun tekev\u00e4n<\/h2>\n\n<p>Jotta voimme m\u00e4\u00e4ritell\u00e4 ongelmien kiirellisyyden, toivomme, ett\u00e4 raportissasi:<\/p>\n\n<ul class=\"wp-block-list\"><li>Kuvailet mist\u00e4 l\u00f6ysit haavoittuvuuden ja mit\u00e4 mahdollisia seuraksia sen hyv\u00e4ksik\u00e4yt\u00f6ll\u00e4 voisi olla.<\/li><li>Tarjoat yksityiskohtaiset vaiheet, joilla haavoittuvuus saadaan uudelleen esille (todisteskripti tai -kuvakaappaus ovat hy\u00f6dyllisi\u00e4).<\/li><li>Kirjoitat raportin englanniksi, jos vain mahdollista.<\/li><\/ul>\n<h2 class=\"wp-block-heading\">Mit\u00e4 voit odottaa meilt\u00e4<\/h2>\n\n<p>Kun j\u00e4t\u00e4t meille yhteystietosi, sitoudumme ty\u00f6skentelm\u00e4\u00e4n kanssasi mahdollisimman avoimesti ja nopeasti.<\/p>\n\n<ul class=\"wp-block-list\"><li>Varmistamme sinulle kolmen ty\u00f6p\u00e4iv\u00e4n aikana, ett\u00e4 raporttisi on saapunut meille.<\/li><li>Varmistamme sinulle haavoittuvuuden olemassaolon ja olemme mahdollisimman l\u00e4pin\u00e4kyvi\u00e4 sen poistamiseen liittyv\u00e4ss\u00e4 prosessissa parhaan kykymme mukaan. Kerromme my\u00f6s mahdollisista ongelmista tai haasteista, jotka voivat hidastaa ratkaisun l\u00f6yt\u00e4mist\u00e4.<\/li><li>Yll\u00e4pid\u00e4mme avointa keskustelua ongelmien l\u00e4pik\u00e4ymiseksi.<\/li><li>Pyyd\u00e4mme, ettet julkaise l\u00f6yd\u00f6ksi\u00e4si ennen kuin ongelma on korjattu ja ratkaisun toimivuus on varmistettu.<\/li><\/ul>\n<h2 class=\"wp-block-heading\">Kysymykset<\/h2>\n\n<p>T\u00e4h\u00e4n k\u00e4yt\u00e4nt\u00f6\u00f6n liittyvi\u00e4 kysymyksi\u00e4 voi esitt\u00e4\u00e4 osoitteeseen <a href=\"mailto:security@ruuvi.com\">security@ruuvi.com<\/a>. Kehotamme sinua l\u00e4hestym\u00e4\u00e4n meit\u00e4, jos sinulla on ehdotuksia t\u00e4m\u00e4n k\u00e4yt\u00e4nn\u00f6n parantamiseksi.<\/p>\n\n<h2 class=\"wp-block-heading\">Muutoshistoria<\/h2>\n\n<p>Versio 1.0 &#8211; 21. syyskuuta 2020<\/p>\n","protected":false},"excerpt":{"rendered":"<p>Haavoittuvuuksien havaitsemisk\u00e4yt\u00e4nn\u00f6t Johdanto Ruuvi Innovations on sitoutunut varmistamaan k\u00e4ytt\u00e4jiens\u00e4 turvallisuuden suojaamalla heid\u00e4n tietojaan. N\u00e4iden k\u00e4yt\u00e4nt\u00f6jen tarkoitus on tarjota tietoturvatutkijoille selv\u00e4t suuntaviivat haavoittuvuuksien l\u00f6yt\u00e4miseen teht\u00e4vien toimintojen suorittamiseen ja meille mahdollisista ongelmista ilmoittamiseen. T\u00e4m\u00e4 sivu kertoo, mitk\u00e4 j\u00e4rjestelm\u00e4t ja tutkimustavat kuuluvat edell\u00e4 mainittuihin k\u00e4yt\u00e4nt\u00f6ihin, miten meille voi l\u00e4hett\u00e4\u00e4 haavoittuvuusraportteja ja miten pitk\u00e4\u00e4n pyyd\u00e4mme turvallisuustutkijoita odottaan ennen kuin [&hellip;]<\/p>\n","protected":false},"author":2,"featured_media":0,"parent":42787,"menu_order":0,"comment_status":"closed","ping_status":"closed","template":"","meta":{"_acf_changed":false,"footnotes":""},"class_list":["post-42794","page","type-page","status-publish","hentry"],"acf":[],"yoast_head":"<!-- This site is optimized with the Yoast SEO plugin v27.3 - https:\/\/yoast.com\/product\/yoast-seo-wordpress\/ -->\n<title>Haavoittuvuuksien havaitsemisk\u00e4yt\u00e4nn\u00f6t - Ruuvi<\/title>\n<meta name=\"description\" content=\"Haavoittuvuuksien havaitsemisk\u00e4yt\u00e4nn\u00f6t: valtuuttaminen, laajuus, suuntaviivat, testitavat, ilmoittaminen.\" \/>\n<meta name=\"robots\" content=\"noindex, nofollow\" \/>\n<meta property=\"og:locale\" content=\"fi_FI\" \/>\n<meta property=\"og:type\" content=\"article\" \/>\n<meta property=\"og:title\" content=\"Haavoittuvuuksien havaitsemisk\u00e4yt\u00e4nn\u00f6t - Ruuvi\" \/>\n<meta property=\"og:description\" content=\"Haavoittuvuuksien havaitsemisk\u00e4yt\u00e4nn\u00f6t: valtuuttaminen, laajuus, suuntaviivat, testitavat, ilmoittaminen.\" \/>\n<meta property=\"og:url\" content=\"https:\/\/ruuvi.com\/fi\/ehdot\/haavoittuvuuksien-havaitsemiskaytannot\/\" \/>\n<meta property=\"og:site_name\" content=\"Ruuvi\" \/>\n<meta property=\"article:publisher\" content=\"https:\/\/www.facebook.com\/ruuvi.cc\" \/>\n<meta property=\"article:modified_time\" content=\"2022-07-20T09:40:08+00:00\" \/>\n<meta property=\"og:image\" content=\"https:\/\/ruuvi.com\/i\/u\/ruuvi-share-measure_your_world_1.jpg\" \/>\n\t<meta property=\"og:image:width\" content=\"1200\" \/>\n\t<meta property=\"og:image:height\" content=\"628\" \/>\n\t<meta property=\"og:image:type\" content=\"image\/jpeg\" \/>\n<meta name=\"twitter:card\" content=\"summary_large_image\" \/>\n<meta name=\"twitter:site\" content=\"@ruuvicom\" \/>\n<meta name=\"twitter:label1\" content=\"Arvioitu lukuaika\" \/>\n\t<meta name=\"twitter:data1\" content=\"4 minuuttia\" \/>\n<script type=\"application\/ld+json\" class=\"yoast-schema-graph\">{\"@context\":\"https:\\\/\\\/schema.org\",\"@graph\":[{\"@type\":\"WebPage\",\"@id\":\"https:\\\/\\\/ruuvi.com\\\/fi\\\/ehdot\\\/haavoittuvuuksien-havaitsemiskaytannot\\\/\",\"url\":\"https:\\\/\\\/ruuvi.com\\\/fi\\\/ehdot\\\/haavoittuvuuksien-havaitsemiskaytannot\\\/\",\"name\":\"Haavoittuvuuksien havaitsemisk\u00e4yt\u00e4nn\u00f6t - Ruuvi\",\"isPartOf\":{\"@id\":\"https:\\\/\\\/ruuvi.com\\\/fi\\\/#website\"},\"datePublished\":\"2021-03-04T08:00:39+00:00\",\"dateModified\":\"2022-07-20T09:40:08+00:00\",\"description\":\"Haavoittuvuuksien havaitsemisk\u00e4yt\u00e4nn\u00f6t: valtuuttaminen, laajuus, suuntaviivat, testitavat, ilmoittaminen.\",\"breadcrumb\":{\"@id\":\"https:\\\/\\\/ruuvi.com\\\/fi\\\/ehdot\\\/haavoittuvuuksien-havaitsemiskaytannot\\\/#breadcrumb\"},\"inLanguage\":\"fi\",\"potentialAction\":[{\"@type\":\"ReadAction\",\"target\":[\"https:\\\/\\\/ruuvi.com\\\/fi\\\/ehdot\\\/haavoittuvuuksien-havaitsemiskaytannot\\\/\"]}]},{\"@type\":\"BreadcrumbList\",\"@id\":\"https:\\\/\\\/ruuvi.com\\\/fi\\\/ehdot\\\/haavoittuvuuksien-havaitsemiskaytannot\\\/#breadcrumb\",\"itemListElement\":[{\"@type\":\"ListItem\",\"position\":1,\"name\":\"Home\",\"item\":\"https:\\\/\\\/ruuvi.com\\\/fi\\\/\"},{\"@type\":\"ListItem\",\"position\":2,\"name\":\"Ehdot, lisenssit, tavaramerkki\",\"item\":\"https:\\\/\\\/ruuvi.com\\\/fi\\\/ehdot\\\/\"},{\"@type\":\"ListItem\",\"position\":3,\"name\":\"Haavoittuvuuksien havaitsemisk\u00e4yt\u00e4nn\u00f6t\"}]},{\"@type\":\"WebSite\",\"@id\":\"https:\\\/\\\/ruuvi.com\\\/fi\\\/#website\",\"url\":\"https:\\\/\\\/ruuvi.com\\\/fi\\\/\",\"name\":\"Ruuvi\",\"description\":\"Measure Your World\",\"potentialAction\":[],\"inLanguage\":\"fi\"}]}<\/script>\n<!-- \/ Yoast SEO plugin. -->","yoast_head_json":{"title":"Haavoittuvuuksien havaitsemisk\u00e4yt\u00e4nn\u00f6t - Ruuvi","description":"Haavoittuvuuksien havaitsemisk\u00e4yt\u00e4nn\u00f6t: valtuuttaminen, laajuus, suuntaviivat, testitavat, ilmoittaminen.","robots":{"index":"noindex","follow":"nofollow"},"og_locale":"fi_FI","og_type":"article","og_title":"Haavoittuvuuksien havaitsemisk\u00e4yt\u00e4nn\u00f6t - Ruuvi","og_description":"Haavoittuvuuksien havaitsemisk\u00e4yt\u00e4nn\u00f6t: valtuuttaminen, laajuus, suuntaviivat, testitavat, ilmoittaminen.","og_url":"https:\/\/ruuvi.com\/fi\/ehdot\/haavoittuvuuksien-havaitsemiskaytannot\/","og_site_name":"Ruuvi","article_publisher":"https:\/\/www.facebook.com\/ruuvi.cc","article_modified_time":"2022-07-20T09:40:08+00:00","og_image":[{"width":1200,"height":628,"url":"https:\/\/ruuvi.com\/i\/u\/ruuvi-share-measure_your_world_1.jpg","type":"image\/jpeg"}],"twitter_card":"summary_large_image","twitter_site":"@ruuvicom","twitter_misc":{"Arvioitu lukuaika":"4 minuuttia"},"schema":{"@context":"https:\/\/schema.org","@graph":[{"@type":"WebPage","@id":"https:\/\/ruuvi.com\/fi\/ehdot\/haavoittuvuuksien-havaitsemiskaytannot\/","url":"https:\/\/ruuvi.com\/fi\/ehdot\/haavoittuvuuksien-havaitsemiskaytannot\/","name":"Haavoittuvuuksien havaitsemisk\u00e4yt\u00e4nn\u00f6t - Ruuvi","isPartOf":{"@id":"https:\/\/ruuvi.com\/fi\/#website"},"datePublished":"2021-03-04T08:00:39+00:00","dateModified":"2022-07-20T09:40:08+00:00","description":"Haavoittuvuuksien havaitsemisk\u00e4yt\u00e4nn\u00f6t: valtuuttaminen, laajuus, suuntaviivat, testitavat, ilmoittaminen.","breadcrumb":{"@id":"https:\/\/ruuvi.com\/fi\/ehdot\/haavoittuvuuksien-havaitsemiskaytannot\/#breadcrumb"},"inLanguage":"fi","potentialAction":[{"@type":"ReadAction","target":["https:\/\/ruuvi.com\/fi\/ehdot\/haavoittuvuuksien-havaitsemiskaytannot\/"]}]},{"@type":"BreadcrumbList","@id":"https:\/\/ruuvi.com\/fi\/ehdot\/haavoittuvuuksien-havaitsemiskaytannot\/#breadcrumb","itemListElement":[{"@type":"ListItem","position":1,"name":"Home","item":"https:\/\/ruuvi.com\/fi\/"},{"@type":"ListItem","position":2,"name":"Ehdot, lisenssit, tavaramerkki","item":"https:\/\/ruuvi.com\/fi\/ehdot\/"},{"@type":"ListItem","position":3,"name":"Haavoittuvuuksien havaitsemisk\u00e4yt\u00e4nn\u00f6t"}]},{"@type":"WebSite","@id":"https:\/\/ruuvi.com\/fi\/#website","url":"https:\/\/ruuvi.com\/fi\/","name":"Ruuvi","description":"Measure Your World","potentialAction":[],"inLanguage":"fi"}]}},"_links":{"self":[{"href":"https:\/\/ruuvi.com\/fi\/wp-json\/wp\/v2\/pages\/42794","targetHints":{"allow":["GET"]}}],"collection":[{"href":"https:\/\/ruuvi.com\/fi\/wp-json\/wp\/v2\/pages"}],"about":[{"href":"https:\/\/ruuvi.com\/fi\/wp-json\/wp\/v2\/types\/page"}],"author":[{"embeddable":true,"href":"https:\/\/ruuvi.com\/fi\/wp-json\/wp\/v2\/users\/2"}],"replies":[{"embeddable":true,"href":"https:\/\/ruuvi.com\/fi\/wp-json\/wp\/v2\/comments?post=42794"}],"version-history":[{"count":3,"href":"https:\/\/ruuvi.com\/fi\/wp-json\/wp\/v2\/pages\/42794\/revisions"}],"predecessor-version":[{"id":42797,"href":"https:\/\/ruuvi.com\/fi\/wp-json\/wp\/v2\/pages\/42794\/revisions\/42797"}],"up":[{"embeddable":true,"href":"https:\/\/ruuvi.com\/fi\/wp-json\/wp\/v2\/pages\/42787"}],"wp:attachment":[{"href":"https:\/\/ruuvi.com\/fi\/wp-json\/wp\/v2\/media?parent=42794"}],"curies":[{"name":"wp","href":"https:\/\/api.w.org\/{rel}","templated":true}]}}