{"id":42934,"date":"2022-05-18T14:02:06","date_gmt":"2022-05-18T11:02:06","guid":{"rendered":"https:\/\/ruuvi.com\/station\/"},"modified":"2026-01-02T04:13:25","modified_gmt":"2026-01-02T02:13:25","slug":"station","status":"publish","type":"page","link":"https:\/\/ruuvi.com\/fi\/station\/","title":{"rendered":"Station"},"content":{"rendered":"\n<section id=\"b-spacer-block_eff83f631ecc4e8eee129280808c2de6\" class=\"b-spacer bg-white alignfull\">\n\t\t\t<div class=\"visible-lg-up\" style=\"height: 60px\"><\/div>\n\t\t<div class=\"hidden-lg-up\" style=\"height: 40px\"><\/div>\n\t<\/section>\n\n<section id=\"b-text-block_b388302c4ec3a998fbb6716cfd76ea77\" class=\"b-text bg-white text-center alignfull\">\n\t<div class=\"container\">\n\n\t\t\t\t\t\t\t\t\t\t\t\t\t\t\t\t\t\t\t\t\t\t\t\t\t\t\t\t\t\t\t<div class=\"row justify-content-center entry-content mb-0\">\n\t\t\t\t\t\t\t<div class=\"col-lg-8\">\n\t\t\t\t\t\t\t\t<div class=\"fc-text mb-0\"><h2>Kirjaudu sis\u00e4\u00e4n<\/h2>\n<\/div>\n\t\t\t\t\t\t\t<\/div>\n\t\t\t\t\t\t<\/div>\n\t\t\t\t\t\n\t\t\t\t\t\t\t\t\t\t<\/div>\n<\/section>\n\n<section id=\"b-text-block_80686388c38bf464ef90edf1350087d9\" class=\"b-text bg-white text-center alignfull\">\n\t<div class=\"container\">\n\n\t\t\t\t\t\t\t\t\t\t\t\t\t\t\t\t\t\t\t\t\t\t\t\t\t\t\t\t\t\t<div class=\"row justify-content-center\">\n\t\t\t\t\t\t\t<div class=\"col-lg-6\">\n\t\t\t\t\t\t\t\t<div class=\"fc-subtitle \"><p>Ruuvi Station -selainsovellukseen<\/p>\n<\/div>\n\t\t\t\t\t\t\t<\/div>\n\t\t\t\t\t\t<\/div>\n\t\t\t\t\t\n\t\t\t\t\t\t\t\t\t\t\t\t\t\t\t\t\t\t\t\t\t\t\t\t\t\t\t\t\t\t\t\t\t<div class=\"row justify-content-center entry-content mb-0\">\n\t\t\t\t\t\t\t<div class=\"col-lg-6\">\n\t\t\t\t\t\t\t\t<div class=\"fc-text mb-0\"><p>Voit seurata Ruuvi-antureitasi et\u00e4n\u00e4 sek\u00e4 Ruuvi Station -mobiilisovelluksella ett\u00e4 selainsovelluksella, kun k\u00e4yt\u00f6ss\u00e4si on Ruuvi Gateway -reititin ja internet-yhteys.<\/p>\n<\/div>\n\t\t\t\t\t\t\t<\/div>\n\t\t\t\t\t\t<\/div>\n\t\t\t\t\t\n\t\t\t\t\t\t\t\t\t\t\t\t\t\t\t\t\t\t\t\t\t\n\t\t\t\t\t\t\t\t\t\t<\/div>\n<\/section>\n\n<section id=\"b-spacer-block_8abd93dc9cabcf0d98255f268592450e\" class=\"b-spacer bg-white alignfull\">\n\t\t\t<div class=\"visible-lg-up\" style=\"height: 10px\"><\/div>\n\t\t<div class=\"hidden-lg-up\" style=\"height: 5px\"><\/div>\n\t<\/section>\n<section id=\"b-presentation-block_479758b0b88f82e4cada5326ad0f51de\" class=\"b-presentation__wrapper alignfull\">\n\t\t\t\t\t\t\n\t\t\t<div class=\"b-presentation b-presentation--custom-html\" style=\"height: auto\">\n\t\n\t<div class=\"container justify-content-center\">\n\t\t<div style=\"width: 350px; height: 200px; float: none; margin: 0 auto; padding: 0;\"><iframe loading=\"lazy\" id=\"station\" style=\"width: 350px; height: 200px; border: none;\" src=\"https:\/\/station.ruuvi.com\/iframelogin.html\" title=\"ruuvi station login\" width=\"350\" height=\"200\" frameborder=\"1\"><\/iframe>\r\n<\/div>\r\n\r\n<script type=\"text\/javascript\">\r\n    const iFrameLoginURL = \"https:\/\/station.ruuvi.com\/iframelogin.html\"\r\n    const ruuviStationURL = \"https:\/\/station.ruuvi.com\/\"\r\n    const domain = \".ruuvi.com\"\r\n    window.addEventListener('pageshow', function () {\r\n        document.getElementById(\"station\").addEventListener(\"load\", function () {\r\n            let cookie = document.cookie;\r\n            let signedIn = (cookie && cookie.indexOf(\"station_status=signedIn\") !== -1)\r\n            sendData({ type: \"isSignedIn\", data: signedIn })\r\n        });\r\n        document.getElementById(\"station\").contentWindow.location.href = `${iFrameLoginURL}?${Math.random()}`;\r\n    }, false);\r\n\r\n    function sendData(data) {\r\n        document.getElementById('station').contentWindow.postMessage(JSON.stringify(data), \"*\")\r\n    }\r\n\r\n    window.addEventListener(\"message\", event => {\r\n        try {\r\n            let parsed = JSON.parse(event.data);\r\n            switch (parsed.type) {\r\n                case \"login\":\r\n                    document.cookie = `station_user=${JSON.stringify(parsed.data)};domain=${domain}`\r\n                    window.location.href = `${ruuviStationURL}?lng=${document.documentElement.lang || \"en\"}`\r\n                    break;\r\n                case \"getLangauge\":\r\n                    let lang = document.documentElement.lang || \"en\"\r\n                    sendData({ type: \"setLangauge\", data: lang })\r\n            }\r\n        } catch (error) {\r\n            console.log(\"station commumication error\", error)\r\n        }\r\n    }, false);\r\n<\/script>\t<\/div>\n<\/div>\n\n\t\t\t<\/section>\n\n<p class=\"has-text-align-center\" style=\"font-size:14px\"><sub>Sinulle luodaan ilmainen Ruuvi-tili, ellei sinulla viel\u00e4 ole tili\u00e4.<\/sub><\/p>\n\n<section id=\"b-spacer-block_eff83f631ecc4e8eee129280808c2de6\" class=\"b-spacer bg-white alignfull\">\n\t\t\t<div class=\"visible-lg-up\" style=\"height: 60px\"><\/div>\n\t\t<div class=\"hidden-lg-up\" style=\"height: 40px\"><\/div>\n\t<\/section>\n\n<section id=\"b-spacer-block_6b295d81bab7e0d3e9ccbcfceceb0089\" class=\"b-spacer bg-primary-15 alignfull\">\n\t\t\t<div class=\"visible-lg-up\" style=\"height: 60px\"><\/div>\n\t\t<div class=\"hidden-lg-up\" style=\"height: 40px\"><\/div>\n\t<\/section>\n\n<section id=\"b-text-block_3b7c74c6b93bc6217e27ced3a15a6a23\" class=\"b-text bg-primary-15 text-center alignfull\">\n\t<div class=\"container\">\n\n\t\t\t\t\t\t\t\t\t\t\t\t\t\t\t\t\t\t\t\t\t\t\t\t\t\t\t\t\t\t\t<div class=\"row justify-content-center entry-content mb-0\">\n\t\t\t\t\t\t\t<div class=\"col-lg-6\">\n\t\t\t\t\t\t\t\t<div class=\"fc-text mb-0\"><h2>Mobiilisovellus<\/h2>\n<\/div>\n\t\t\t\t\t\t\t<\/div>\n\t\t\t\t\t\t<\/div>\n\t\t\t\t\t\n\t\t\t\t\t\t\t\t\t\t<\/div>\n<\/section>\n\n<section id=\"b-text-block_3ae82d084ce1ce9980f98c09db5d3e16\" class=\"b-text bg-primary-15 text-center alignfull\">\n\t<div class=\"container\">\n\n\t\t\t\t\t\t\t\t\t\t\t\t\t\t\t\t\t\t\t\t\t\t\t\t\t\t\t\t\t\t<div class=\"row justify-content-center\">\n\t\t\t\t\t\t\t<div class=\"col-lg-6\">\n\t\t\t\t\t\t\t\t<div class=\"fc-subtitle \"><p>Lataa Ruuvi Station -mobiilisovellus<\/p>\n<\/div>\n\t\t\t\t\t\t\t<\/div>\n\t\t\t\t\t\t<\/div>\n\t\t\t\t\t\n\t\t\t\t\t\t\t\t\t\t\t\t\t\t\t\t\t\t\t\t\t\t\t\t\t\t\t\t\t\t\t\t\t<div class=\"row justify-content-center entry-content mb-0\">\n\t\t\t\t\t\t\t<div class=\"col-lg-6\">\n\t\t\t\t\t\t\t\t<div class=\"fc-text \"><p>Lataa <strong>Ruuvi Station<\/strong> -mobiilisovellus ja lue Ruuvi-antureidesi mittaustietoja Bluetooth-yhteydell\u00e4 tai Ruuvi Cloudista.<\/p>\n<\/div>\n\t\t\t\t\t\t\t<\/div>\n\t\t\t\t\t\t<\/div>\n\t\t\t\t\t\n\t\t\t\t\t\t\t\t\t\t\t\t\t\t\t\t<div class=\"b-apps\">\n\t\t\t\t\t\t\t\t\t\t\t\t\t<a class=\"b-apps__item\" href=\"https:\/\/itunes.apple.com\/app\/ruuvi-station\/id1384475885\" target=\"_blank\" rel=\"nofollow\">\n\t\t\t\t\t\t\t\t<img loading=\"lazy\" decoding=\"async\" src=\"https:\/\/ruuvi.com\/wp-content\/themes\/ruuvi-theme\/assets\/dist\/img\/\/appstore.svg\" alt=\"App Store\" width=\"125\" height=\"38\">\n\t\t\t\t\t\t\t<\/a>\n\t\t\t\t\t\t\t\t\t\t\t\t\t\t\t\t\t\t\t<a class=\"b-apps__item\" href=\"https:\/\/play.google.com\/store\/apps\/details?id=com.ruuvi.station\" target=\"_blank\" rel=\"nofollow\">\n\t\t\t\t\t\t\t\t<img loading=\"lazy\" decoding=\"async\" src=\"https:\/\/ruuvi.com\/wp-content\/themes\/ruuvi-theme\/assets\/dist\/img\/\/google-play.svg\" alt=\"Google Play\" width=\"125\" height=\"38\">\n\t\t\t\t\t\t\t<\/a>\n\t\t\t\t\t\t\t\t\t\t\t<\/div>\n\n\t\t\t\t\t\t\t\t\t\t\t\t\t\t\t\t\t\t\t\t\t\t\t\t\t\t\t\t\t\t\t\t\t<div class=\"row justify-content-center entry-content mb-0\">\n\t\t\t\t\t\t\t<div class=\"col-lg-6\">\n\t\t\t\t\t\t\t\t<div class=\"fc-text \"><p>Android &amp; iOS<\/p>\n<\/div>\n\t\t\t\t\t\t\t<\/div>\n\t\t\t\t\t\t<\/div>\n\t\t\t\t\t\n\t\t\t\t\t\t\t\t\t\t<\/div>\n<\/section>\n\n<section id=\"b-spacer-block_2d62b9047e8a28f42767fa0998cdd4cb\" class=\"b-spacer bg-primary-15 alignfull\">\n\t\t\t<div class=\"visible-lg-up\" style=\"height: 70px\"><\/div>\n\t\t<div class=\"hidden-lg-up\" style=\"height: 50px\"><\/div>\n\t<\/section>\n","protected":false},"excerpt":{"rendered":"<p>Sinulle luodaan ilmainen Ruuvi-tili, ellei sinulla viel\u00e4 ole tili\u00e4.<\/p>\n","protected":false},"author":4,"featured_media":0,"parent":0,"menu_order":0,"comment_status":"closed","ping_status":"closed","template":"","meta":{"_acf_changed":false,"footnotes":""},"class_list":["post-42934","page","type-page","status-publish","hentry"],"acf":[],"yoast_head":"<!-- This site is optimized with the Yoast SEO plugin v27.3 - https:\/\/yoast.com\/product\/yoast-seo-wordpress\/ -->\n<title>Station - Ruuvi<\/title>\n<meta name=\"robots\" content=\"index, follow, max-snippet:-1, max-image-preview:large, max-video-preview:-1\" \/>\n<link rel=\"canonical\" href=\"https:\/\/ruuvi.com\/fi\/station\/\" \/>\n<meta property=\"og:locale\" content=\"fi_FI\" \/>\n<meta property=\"og:type\" content=\"article\" \/>\n<meta property=\"og:title\" content=\"Station - Ruuvi\" \/>\n<meta property=\"og:description\" content=\"Sinulle luodaan ilmainen Ruuvi-tili, ellei sinulla viel\u00e4 ole tili\u00e4.\" \/>\n<meta property=\"og:url\" content=\"https:\/\/ruuvi.com\/fi\/station\/\" \/>\n<meta property=\"og:site_name\" content=\"Ruuvi\" \/>\n<meta property=\"article:publisher\" content=\"https:\/\/www.facebook.com\/ruuvi.cc\" \/>\n<meta property=\"article:modified_time\" content=\"2026-01-02T02:13:25+00:00\" \/>\n<meta property=\"og:image\" content=\"https:\/\/ruuvi.com\/i\/u\/ruuvi-share-measure_your_world_1.jpg\" \/>\n\t<meta property=\"og:image:width\" content=\"1200\" \/>\n\t<meta property=\"og:image:height\" content=\"628\" \/>\n\t<meta property=\"og:image:type\" content=\"image\/jpeg\" \/>\n<meta name=\"twitter:card\" content=\"summary_large_image\" \/>\n<meta name=\"twitter:site\" content=\"@ruuvicom\" \/>\n<script type=\"application\/ld+json\" class=\"yoast-schema-graph\">{\"@context\":\"https:\\\/\\\/schema.org\",\"@graph\":[{\"@type\":\"WebPage\",\"@id\":\"https:\\\/\\\/ruuvi.com\\\/fi\\\/station\\\/\",\"url\":\"https:\\\/\\\/ruuvi.com\\\/fi\\\/station\\\/\",\"name\":\"Station - Ruuvi\",\"isPartOf\":{\"@id\":\"https:\\\/\\\/ruuvi.com\\\/fi\\\/#website\"},\"datePublished\":\"2022-05-18T11:02:06+00:00\",\"dateModified\":\"2026-01-02T02:13:25+00:00\",\"breadcrumb\":{\"@id\":\"https:\\\/\\\/ruuvi.com\\\/fi\\\/station\\\/#breadcrumb\"},\"inLanguage\":\"fi\",\"potentialAction\":[{\"@type\":\"ReadAction\",\"target\":[\"https:\\\/\\\/ruuvi.com\\\/fi\\\/station\\\/\"]}]},{\"@type\":\"BreadcrumbList\",\"@id\":\"https:\\\/\\\/ruuvi.com\\\/fi\\\/station\\\/#breadcrumb\",\"itemListElement\":[{\"@type\":\"ListItem\",\"position\":1,\"name\":\"Home\",\"item\":\"https:\\\/\\\/ruuvi.com\\\/fi\\\/\"},{\"@type\":\"ListItem\",\"position\":2,\"name\":\"Station\"}]},{\"@type\":\"WebSite\",\"@id\":\"https:\\\/\\\/ruuvi.com\\\/fi\\\/#website\",\"url\":\"https:\\\/\\\/ruuvi.com\\\/fi\\\/\",\"name\":\"Ruuvi\",\"description\":\"Measure Your World\",\"potentialAction\":[],\"inLanguage\":\"fi\"}]}<\/script>\n<!-- \/ Yoast SEO plugin. -->","yoast_head_json":{"title":"Station - Ruuvi","robots":{"index":"index","follow":"follow","max-snippet":"max-snippet:-1","max-image-preview":"max-image-preview:large","max-video-preview":"max-video-preview:-1"},"canonical":"https:\/\/ruuvi.com\/fi\/station\/","og_locale":"fi_FI","og_type":"article","og_title":"Station - Ruuvi","og_description":"Sinulle luodaan ilmainen Ruuvi-tili, ellei sinulla viel\u00e4 ole tili\u00e4.","og_url":"https:\/\/ruuvi.com\/fi\/station\/","og_site_name":"Ruuvi","article_publisher":"https:\/\/www.facebook.com\/ruuvi.cc","article_modified_time":"2026-01-02T02:13:25+00:00","og_image":[{"width":1200,"height":628,"url":"https:\/\/ruuvi.com\/i\/u\/ruuvi-share-measure_your_world_1.jpg","type":"image\/jpeg"}],"twitter_card":"summary_large_image","twitter_site":"@ruuvicom","schema":{"@context":"https:\/\/schema.org","@graph":[{"@type":"WebPage","@id":"https:\/\/ruuvi.com\/fi\/station\/","url":"https:\/\/ruuvi.com\/fi\/station\/","name":"Station - Ruuvi","isPartOf":{"@id":"https:\/\/ruuvi.com\/fi\/#website"},"datePublished":"2022-05-18T11:02:06+00:00","dateModified":"2026-01-02T02:13:25+00:00","breadcrumb":{"@id":"https:\/\/ruuvi.com\/fi\/station\/#breadcrumb"},"inLanguage":"fi","potentialAction":[{"@type":"ReadAction","target":["https:\/\/ruuvi.com\/fi\/station\/"]}]},{"@type":"BreadcrumbList","@id":"https:\/\/ruuvi.com\/fi\/station\/#breadcrumb","itemListElement":[{"@type":"ListItem","position":1,"name":"Home","item":"https:\/\/ruuvi.com\/fi\/"},{"@type":"ListItem","position":2,"name":"Station"}]},{"@type":"WebSite","@id":"https:\/\/ruuvi.com\/fi\/#website","url":"https:\/\/ruuvi.com\/fi\/","name":"Ruuvi","description":"Measure Your World","potentialAction":[],"inLanguage":"fi"}]}},"_links":{"self":[{"href":"https:\/\/ruuvi.com\/fi\/wp-json\/wp\/v2\/pages\/42934","targetHints":{"allow":["GET"]}}],"collection":[{"href":"https:\/\/ruuvi.com\/fi\/wp-json\/wp\/v2\/pages"}],"about":[{"href":"https:\/\/ruuvi.com\/fi\/wp-json\/wp\/v2\/types\/page"}],"author":[{"embeddable":true,"href":"https:\/\/ruuvi.com\/fi\/wp-json\/wp\/v2\/users\/4"}],"replies":[{"embeddable":true,"href":"https:\/\/ruuvi.com\/fi\/wp-json\/wp\/v2\/comments?post=42934"}],"version-history":[{"count":17,"href":"https:\/\/ruuvi.com\/fi\/wp-json\/wp\/v2\/pages\/42934\/revisions"}],"predecessor-version":[{"id":129933,"href":"https:\/\/ruuvi.com\/fi\/wp-json\/wp\/v2\/pages\/42934\/revisions\/129933"}],"wp:attachment":[{"href":"https:\/\/ruuvi.com\/fi\/wp-json\/wp\/v2\/media?parent=42934"}],"curies":[{"name":"wp","href":"https:\/\/api.w.org\/{rel}","templated":true}]}}