{"id":117870,"date":"2024-12-11T07:25:22","date_gmt":"2024-12-11T05:25:22","guid":{"rendered":"https:\/\/ruuvi.com\/?post_type=product&#038;p=117870"},"modified":"2026-04-10T09:02:13","modified_gmt":"2026-04-10T06:02:13","slug":"ruuvi-home-bundle","status":"publish","type":"product","link":"https:\/\/ruuvi.com\/fi\/tuotteet\/ruuvi-home-bundle\/","title":{"rendered":"Ruuvi Home Bundle"},"excerpt":{"rendered":"<p>Ruuvi Home Bundle sis\u00e4lt\u00e4\u00e4 kolme RuuviTag-anturia, k\u00e4tevi\u00e4 lis\u00e4varusteita ja helposti seurattavat ohjeet kodin keskeisten kohteiden mittaamiseen.<\/p>\n<p><strong>3 x<\/strong> <a href=\"https:\/\/ruuvi.com\/fi\/ruuvitag\/\">RuuviTag-anturi 4in1<\/a> (l\u00e4mp\u00f6tila, ilmankosteus, ilmanpaine, liike)<br \/>\n<strong>1 x<\/strong> <a href=\"https:\/\/ruuvi.com\/fi\/tuotteet\/suojakuori\">Silikonikuori RuuviTagille<\/a><br \/>\n<strong>2 x<\/strong> <a href=\"https:\/\/ruuvi.com\/fi\/tuotteet\/jalusta\">Jalusta RuuviTagille<\/a><br \/>\n<strong>1 x<\/strong> Ruuvi Home -mittausopas (ei myyd\u00e4 erikseen)<br \/>\nArvo 123 \u20ac<\/p>\n<p>Pakkaus sis\u00e4lt\u00e4\u00e4 <strong>kolme RuuviTag-anturia<\/strong>, jotka mittaavat l\u00e4mp\u00f6tilaa, ilmankosteutta, ilmanpainetta ja liikett\u00e4. Mukana tuleva opas helpottaa mittaamisen aloittamista ensimm\u00e4isiss\u00e4 esimerkkikohteissa: makuuhuoneessa, j\u00e4\u00e4kaapissa ja kotipihalla. Lis\u00e4varusteina mukana on RuuviTagille suunniteltu <strong>silikonikuori<\/strong>, jonka avulla anturin voi kiinnitt\u00e4\u00e4 esimerkiksi ulkosein\u00e4\u00e4n. Sis\u00e4k\u00e4ytt\u00f6\u00f6n tarkoitetuille antureille mukana tulee <strong>kaksi p\u00f6yt\u00e4telinett\u00e4<\/strong>.<\/p>\n<p>Aloituspakkauksen <strong>yksityiskohtaiset ohjeet <\/strong>auttavat hy\u00f6dynt\u00e4m\u00e4\u00e4n kodin olosuhteiden mittausta parhaalla mahdollisella tavalla. Ohjeiden avulla saat my\u00f6s luotettavimmat mittaustulokset eri mittauskohteissa.<\/p>\n<p>Kun olet lis\u00e4nnyt anturit <strong>Ruuvin sovellukseen<\/strong>, voit asettaa kriittisten arvojen h\u00e4lytysrajat. Sovellus ilmoittaa push-viestill\u00e4 (Bluetooth-kantaman sis\u00e4ll\u00e4), jos mittauskohteen olosuhteet muuttuvat ep\u00e4suotuisiksi.<\/p>\n<p>Kun olet p\u00e4\u00e4ssyt mittaamisessa alkuun, voit tilata my\u00f6hemmin lis\u00e4\u00e4 antureita muihin kodin tiloihin ja tutustua mittausohjeisiin verkkosivuillamme: <a href=\"https:\/\/ruuvi.com\/fi\/ideat\" target=\"_new\" rel=\"noopener\">ruuvi.com\/fi\/ideat<\/a>. Kaikki anturit n\u00e4kyv\u00e4t Ruuvin sovelluksen p\u00e4\u00e4n\u00e4kym\u00e4ss\u00e4, mik\u00e4 tarjoaa nopean yleiskuvan kotisi olosuhteista.<\/p>\n<p>Et\u00e4monitorointiin internetin yli suosittelemme <a href=\"https:\/\/ruuvi.com\/fi\/gateway\/\">Ruuvi Gateway<\/a> -reititint\u00e4.<\/p>\n","protected":false},"featured_media":117865,"comment_status":"open","ping_status":"closed","template":"","meta":{"_acf_changed":false},"product_brand":[],"product_cat":[78],"product_tag":[],"class_list":{"0":"post-117870","1":"product","2":"type-product","3":"status-publish","4":"has-post-thumbnail","6":"product_cat-paatuotteet","7":"product_shipping_class-ruuvitag-fi","9":"first","10":"instock","11":"featured","12":"taxable","13":"shipping-taxable","14":"purchasable","15":"product-type-simple"},"group_of_quantity":0,"min_quantity":0,"max_quantity":"","exclude_order_quantity_value_rules":"no","exclude_category_quantity_rules":"no","combine_variations":"no","acf":[],"yoast_head":"<!-- This site is optimized with the Yoast SEO plugin v27.3 - https:\/\/yoast.com\/product\/yoast-seo-wordpress\/ -->\n<title>Ruuvi Home Bundle - Aloituspakkaus kodin mittaamiseen<\/title>\n<meta name=\"description\" content=\"Ruuvi Home Bundle: 3 monipuolista anturia, lis\u00e4varusteet &amp; opas helppoon kodin seurantaan. Mittaa l\u00e4mp\u00f6tilaa, kosteutta ym. t\u00e4rkeiss\u00e4 tiloissa. Aloita t\u00e4n\u00e4\u00e4n!\" \/>\n<meta name=\"robots\" content=\"index, follow, max-snippet:-1, max-image-preview:large, max-video-preview:-1\" \/>\n<link rel=\"canonical\" href=\"https:\/\/ruuvi.com\/fi\/tuotteet\/ruuvi-home-bundle\/\" \/>\n<meta property=\"og:locale\" content=\"fi_FI\" \/>\n<meta property=\"og:type\" content=\"article\" \/>\n<meta property=\"og:title\" content=\"Ruuvi Home Bundle - Aloituspakkaus kodin mittaamiseen\" \/>\n<meta property=\"og:description\" content=\"Ruuvi Home -aloituspakkaus sis\u00e4lt\u00e4\u00e4 kolme RuuviTag-anturia, k\u00e4tevi\u00e4 lis\u00e4tarvikkeita ja helposti seurattavat ohjeet kotisi ensimm\u00e4isten kohteiden mittaamiseen.\" \/>\n<meta property=\"og:url\" content=\"https:\/\/ruuvi.com\/fi\/tuotteet\/ruuvi-home-bundle\/\" \/>\n<meta property=\"og:site_name\" content=\"Ruuvi\" \/>\n<meta property=\"article:publisher\" content=\"https:\/\/www.facebook.com\/ruuvi.cc\" \/>\n<meta property=\"article:modified_time\" content=\"2026-04-10T06:02:13+00:00\" \/>\n<meta property=\"og:image\" content=\"https:\/\/ruuvi.com\/i\/u\/ruuvi-home-bundle-0-450x450.jpg\" \/>\n<meta name=\"twitter:card\" content=\"summary_large_image\" \/>\n<meta name=\"twitter:title\" content=\"Ruuvi Home Bundle - Aloituspakkaus kodin mittaamiseen\" \/>\n<meta name=\"twitter:description\" content=\"Ruuvi Home -aloituspakkaus sis\u00e4lt\u00e4\u00e4 kolme RuuviTag-anturia, k\u00e4tevi\u00e4 lis\u00e4tarvikkeita ja helposti seurattavat ohjeet kotisi ensimm\u00e4isten kohteiden mittaamiseen.\" \/>\n<meta name=\"twitter:image\" content=\"https:\/\/ruuvi.com\/i\/u\/ruuvi-home-bundle-0-1024x1024.jpg\" \/>\n<meta name=\"twitter:site\" content=\"@ruuvicom\" \/>\n<meta name=\"twitter:label1\" content=\"Arvioitu lukuaika\" \/>\n\t<meta name=\"twitter:data1\" content=\"1 minuutti\" \/>\n<script type=\"application\/ld+json\" class=\"yoast-schema-graph\">{\"@context\":\"https:\\\/\\\/schema.org\",\"@graph\":[{\"@type\":\"WebPage\",\"@id\":\"https:\\\/\\\/ruuvi.com\\\/fi\\\/tuotteet\\\/ruuvi-home-bundle\\\/\",\"url\":\"https:\\\/\\\/ruuvi.com\\\/fi\\\/tuotteet\\\/ruuvi-home-bundle\\\/\",\"name\":\"Ruuvi Home Bundle - Aloituspakkaus kodin mittaamiseen\",\"isPartOf\":{\"@id\":\"https:\\\/\\\/ruuvi.com\\\/fi\\\/#website\"},\"primaryImageOfPage\":{\"@id\":\"https:\\\/\\\/ruuvi.com\\\/fi\\\/tuotteet\\\/ruuvi-home-bundle\\\/#primaryimage\"},\"image\":{\"@id\":\"https:\\\/\\\/ruuvi.com\\\/fi\\\/tuotteet\\\/ruuvi-home-bundle\\\/#primaryimage\"},\"thumbnailUrl\":\"https:\\\/\\\/ruuvi.com\\\/i\\\/u\\\/ruuvi-home-bundle-0-fi-v3-1.jpg\",\"datePublished\":\"2024-12-11T05:25:22+00:00\",\"dateModified\":\"2026-04-10T06:02:13+00:00\",\"description\":\"Ruuvi Home Bundle: 3 monipuolista anturia, lis\u00e4varusteet & opas helppoon kodin seurantaan. Mittaa l\u00e4mp\u00f6tilaa, kosteutta ym. t\u00e4rkeiss\u00e4 tiloissa. Aloita t\u00e4n\u00e4\u00e4n!\",\"breadcrumb\":{\"@id\":\"https:\\\/\\\/ruuvi.com\\\/fi\\\/tuotteet\\\/ruuvi-home-bundle\\\/#breadcrumb\"},\"inLanguage\":\"fi\",\"potentialAction\":[{\"@type\":\"ReadAction\",\"target\":[\"https:\\\/\\\/ruuvi.com\\\/fi\\\/tuotteet\\\/ruuvi-home-bundle\\\/\"]}]},{\"@type\":\"ImageObject\",\"inLanguage\":\"fi\",\"@id\":\"https:\\\/\\\/ruuvi.com\\\/fi\\\/tuotteet\\\/ruuvi-home-bundle\\\/#primaryimage\",\"url\":\"https:\\\/\\\/ruuvi.com\\\/i\\\/u\\\/ruuvi-home-bundle-0-fi-v3-1.jpg\",\"contentUrl\":\"https:\\\/\\\/ruuvi.com\\\/i\\\/u\\\/ruuvi-home-bundle-0-fi-v3-1.jpg\",\"width\":2500,\"height\":2500},{\"@type\":\"BreadcrumbList\",\"@id\":\"https:\\\/\\\/ruuvi.com\\\/fi\\\/tuotteet\\\/ruuvi-home-bundle\\\/#breadcrumb\",\"itemListElement\":[{\"@type\":\"ListItem\",\"position\":1,\"name\":\"Home\",\"item\":\"https:\\\/\\\/ruuvi.com\\\/fi\\\/\"},{\"@type\":\"ListItem\",\"position\":2,\"name\":\"Kaikki tuotteet\",\"item\":\"https:\\\/\\\/ruuvi.com\\\/fi\\\/tuotteet\\\/\"},{\"@type\":\"ListItem\",\"position\":3,\"name\":\"Ruuvi Home Bundle\"}]},{\"@type\":\"WebSite\",\"@id\":\"https:\\\/\\\/ruuvi.com\\\/fi\\\/#website\",\"url\":\"https:\\\/\\\/ruuvi.com\\\/fi\\\/\",\"name\":\"Ruuvi\",\"description\":\"Measure Your World\",\"potentialAction\":[],\"inLanguage\":\"fi\"}]}<\/script>\n<!-- \/ Yoast SEO plugin. -->","yoast_head_json":{"title":"Ruuvi Home Bundle - Aloituspakkaus kodin mittaamiseen","description":"Ruuvi Home Bundle: 3 monipuolista anturia, lis\u00e4varusteet & opas helppoon kodin seurantaan. Mittaa l\u00e4mp\u00f6tilaa, kosteutta ym. t\u00e4rkeiss\u00e4 tiloissa. Aloita t\u00e4n\u00e4\u00e4n!","robots":{"index":"index","follow":"follow","max-snippet":"max-snippet:-1","max-image-preview":"max-image-preview:large","max-video-preview":"max-video-preview:-1"},"canonical":"https:\/\/ruuvi.com\/fi\/tuotteet\/ruuvi-home-bundle\/","og_locale":"fi_FI","og_type":"article","og_title":"Ruuvi Home Bundle - Aloituspakkaus kodin mittaamiseen","og_description":"Ruuvi Home -aloituspakkaus sis\u00e4lt\u00e4\u00e4 kolme RuuviTag-anturia, k\u00e4tevi\u00e4 lis\u00e4tarvikkeita ja helposti seurattavat ohjeet kotisi ensimm\u00e4isten kohteiden mittaamiseen.","og_url":"https:\/\/ruuvi.com\/fi\/tuotteet\/ruuvi-home-bundle\/","og_site_name":"Ruuvi","article_publisher":"https:\/\/www.facebook.com\/ruuvi.cc","article_modified_time":"2026-04-10T06:02:13+00:00","og_image":[{"url":"https:\/\/ruuvi.com\/i\/u\/ruuvi-home-bundle-0-450x450.jpg","type":"","width":"","height":""}],"twitter_card":"summary_large_image","twitter_title":"Ruuvi Home Bundle - Aloituspakkaus kodin mittaamiseen","twitter_description":"Ruuvi Home -aloituspakkaus sis\u00e4lt\u00e4\u00e4 kolme RuuviTag-anturia, k\u00e4tevi\u00e4 lis\u00e4tarvikkeita ja helposti seurattavat ohjeet kotisi ensimm\u00e4isten kohteiden mittaamiseen.","twitter_image":"https:\/\/ruuvi.com\/i\/u\/ruuvi-home-bundle-0-1024x1024.jpg","twitter_site":"@ruuvicom","twitter_misc":{"Arvioitu lukuaika":"1 minuutti"},"schema":{"@context":"https:\/\/schema.org","@graph":[{"@type":"WebPage","@id":"https:\/\/ruuvi.com\/fi\/tuotteet\/ruuvi-home-bundle\/","url":"https:\/\/ruuvi.com\/fi\/tuotteet\/ruuvi-home-bundle\/","name":"Ruuvi Home Bundle - Aloituspakkaus kodin mittaamiseen","isPartOf":{"@id":"https:\/\/ruuvi.com\/fi\/#website"},"primaryImageOfPage":{"@id":"https:\/\/ruuvi.com\/fi\/tuotteet\/ruuvi-home-bundle\/#primaryimage"},"image":{"@id":"https:\/\/ruuvi.com\/fi\/tuotteet\/ruuvi-home-bundle\/#primaryimage"},"thumbnailUrl":"https:\/\/ruuvi.com\/i\/u\/ruuvi-home-bundle-0-fi-v3-1.jpg","datePublished":"2024-12-11T05:25:22+00:00","dateModified":"2026-04-10T06:02:13+00:00","description":"Ruuvi Home Bundle: 3 monipuolista anturia, lis\u00e4varusteet & opas helppoon kodin seurantaan. Mittaa l\u00e4mp\u00f6tilaa, kosteutta ym. t\u00e4rkeiss\u00e4 tiloissa. Aloita t\u00e4n\u00e4\u00e4n!","breadcrumb":{"@id":"https:\/\/ruuvi.com\/fi\/tuotteet\/ruuvi-home-bundle\/#breadcrumb"},"inLanguage":"fi","potentialAction":[{"@type":"ReadAction","target":["https:\/\/ruuvi.com\/fi\/tuotteet\/ruuvi-home-bundle\/"]}]},{"@type":"ImageObject","inLanguage":"fi","@id":"https:\/\/ruuvi.com\/fi\/tuotteet\/ruuvi-home-bundle\/#primaryimage","url":"https:\/\/ruuvi.com\/i\/u\/ruuvi-home-bundle-0-fi-v3-1.jpg","contentUrl":"https:\/\/ruuvi.com\/i\/u\/ruuvi-home-bundle-0-fi-v3-1.jpg","width":2500,"height":2500},{"@type":"BreadcrumbList","@id":"https:\/\/ruuvi.com\/fi\/tuotteet\/ruuvi-home-bundle\/#breadcrumb","itemListElement":[{"@type":"ListItem","position":1,"name":"Home","item":"https:\/\/ruuvi.com\/fi\/"},{"@type":"ListItem","position":2,"name":"Kaikki tuotteet","item":"https:\/\/ruuvi.com\/fi\/tuotteet\/"},{"@type":"ListItem","position":3,"name":"Ruuvi Home Bundle"}]},{"@type":"WebSite","@id":"https:\/\/ruuvi.com\/fi\/#website","url":"https:\/\/ruuvi.com\/fi\/","name":"Ruuvi","description":"Measure Your World","potentialAction":[],"inLanguage":"fi"}]}},"_links":{"self":[{"href":"https:\/\/ruuvi.com\/fi\/wp-json\/wp\/v2\/product\/117870","targetHints":{"allow":["GET"]}}],"collection":[{"href":"https:\/\/ruuvi.com\/fi\/wp-json\/wp\/v2\/product"}],"about":[{"href":"https:\/\/ruuvi.com\/fi\/wp-json\/wp\/v2\/types\/product"}],"replies":[{"embeddable":true,"href":"https:\/\/ruuvi.com\/fi\/wp-json\/wp\/v2\/comments?post=117870"}],"wp:featuredmedia":[{"embeddable":true,"href":"https:\/\/ruuvi.com\/fi\/wp-json\/wp\/v2\/media\/117865"}],"wp:attachment":[{"href":"https:\/\/ruuvi.com\/fi\/wp-json\/wp\/v2\/media?parent=117870"}],"wp:term":[{"taxonomy":"product_brand","embeddable":true,"href":"https:\/\/ruuvi.com\/fi\/wp-json\/wp\/v2\/product_brand?post=117870"},{"taxonomy":"product_cat","embeddable":true,"href":"https:\/\/ruuvi.com\/fi\/wp-json\/wp\/v2\/product_cat?post=117870"},{"taxonomy":"product_tag","embeddable":true,"href":"https:\/\/ruuvi.com\/fi\/wp-json\/wp\/v2\/product_tag?post=117870"}],"curies":[{"name":"wp","href":"https:\/\/api.w.org\/{rel}","templated":true}]}}