{"id":131755,"date":"2023-02-23T05:13:18","date_gmt":"2023-02-23T03:13:18","guid":{"rendered":"https:\/\/ruuvi.com\/products\/ruuvitag-ulkoinen-lampotila-anturi\/"},"modified":"2026-03-31T12:08:38","modified_gmt":"2026-03-31T09:08:38","slug":"ruuvitagin-ulkoinen-lampotila-anturi","status":"publish","type":"product","link":"https:\/\/ruuvi.com\/fi\/tuotteet\/ruuvitagin-ulkoinen-lampotila-anturi\/","title":{"rendered":"RuuviTagin ulkoinen l\u00e4mp\u00f6tila-anturi (1,0 metrin kaapeli)"},"excerpt":{"rendered":"<p>RuuviTag ulkoinen l\u00e4mp\u00f6tila-anturi mittaa l\u00e4mp\u00f6tilaa ulkoisen anturip\u00e4\u00e4n avulla. Tuote on suunniteltu k\u00e4ytett\u00e4v\u00e4ksi kuivissa ymp\u00e4rist\u00f6iss\u00e4 sek\u00e4 asennuksissa, joissa anturip\u00e4\u00e4 tai kaapeli ei joudu mekaanisen rasituksen alaiseksi. Huomioithan, ett\u00e4 tuotetta ei suositella k\u00e4ytett\u00e4v\u00e4ksi esimerkiksi j\u00e4rvi- tai meriveden l\u00e4mp\u00f6tilan mittaamiseen. T\u00e4m\u00e4 johtuu ensisijaisesti siit\u00e4, ett\u00e4 kaapelia ei ole suunniteltu kest\u00e4m\u00e4\u00e4n jatkuvaa liikett\u00e4, ja RuuviTagin kotelo ei ole en\u00e4\u00e4 vedenpit\u00e4v\u00e4 kaapelin l\u00e4piviennin vuoksi.  <\/p>\n<p>T\u00e4m\u00e4 ulkoisen anturin paketti sis\u00e4lt\u00e4\u00e4 RuuviTag Pro 2in1 -anturin sek\u00e4 ulkoisen l\u00e4mp\u00f6tila-anturin. Pakkaukseen sis\u00e4ltyv\u00e4 RuuviTag Pro on ohjelmoitu tehtaalla valmiiksi ulkoista anturia tukevalla laiteohjelmistoversiolla. Ulkoinen l\u00e4mp\u00f6tila-anturi on my\u00f6s valmiiksi kytketty RuuviTag Prohon, ja kokonaisuus on suoraan k\u00e4ytt\u00f6valmis. Erillist\u00e4 ohjelmointia tai muuta konfigurointia ei tarvita.   <\/p>\n<h3>Tuotepakkauksen sis\u00e4lt\u00f6<\/h3>\n<ul>\n<li>1 x RuuviTag Pro 2in1<\/li>\n<li>1 x Ulkoinen l\u00e4mp\u00f6tila-anturi (100cm kaapelilla)<\/li>\n<li>2 x Kiinnitysruuvi<\/li>\n<li>K\u00e4ytt\u00f6ohje<\/li>\n<\/ul>\n<h3>Tekniset tiedot<\/h3>\n<ul>\n<li>Kaapelin pituus: 100 cm<\/li>\n<li>Metallisen mittap\u00e4\u00e4n halkaisija: 6 mm<\/li>\n<li>Kaapelin k\u00e4ytt\u00f6l\u00e4mp\u00f6tila-alue: -20 \u00b0C -&gt; 80 \u00b0C<\/li>\n<li>Metallisen mittap\u00e4\u00e4n absoluuttiset maksimitoimintal\u00e4mp\u00f6tilat: \u201355 \u00b0C -&gt; 150 \u00b0C<\/li>\n<\/ul>\n<h3>T\u00e4rke\u00e4\u00e4!<\/h3>\n<p>Luethan k\u00e4ytt\u00f6ohjeet ennen tuotteen tilaamista. <a href=\"https:\/\/ruuvi.com\/i\/u\/external-temp-sensor-manual-v1.pdf\">Voit ladata k\u00e4ytt\u00f6ohjeen painamalla t\u00e4st\u00e4<\/a>. <\/p>\n<h3>Lis\u00e4tietoa l\u00e4mp\u00f6tila-anturista<\/h3>\n<p>Ruuvin ulkoinen l\u00e4mp\u00f6tila-anturi on rakennettu Texas Instrumentsin valmistaman TMP117AIDRV-anturipiirin pohjalta. Sama anturi l\u00f6ytyy kaikista RuuviTag Pro -malleista. <\/p>\n<p><em>&#8221;The TMP117 is a high-precision digital temperature sensor. It is designed to meet ASTM E1112 and ISO 80601 requirements for electronic patient thermometers. The TMP117 provides a 16-bit temperature result with a resolution of 0,0078 \u00b0C and an accuracy of up to \u00b10.1 \u00b0C across the temperature range of \u201320 \u00b0C to 50 \u00b0C with no calibration.&#8221;<\/em><\/p>\n<p><em>&#8221;For non-medical applications, the TMP117 can serve as a single chip digital alternative to a Platinum RTD. The TMP117 has an accuracy comparable to a Class AA RTD, while only using a fraction of the power of the power typically needed for a PT100 RTD. The TMP117 simplifies the design effort by removing many of the complexities of RTDs such as precision references, matched traces, complicated algorithms, and calibration. The TMP117 units are 100% tested on a production setup that is NIST traceable and verified with equipment that is calibrated to ISO\/IEC 17025 accredited standards.&#8221;<\/em><\/p>\n<ul>\n<li>\u00b10.1 \u00b0C (maximum) from \u201320 \u00b0C to 50 \u00b0C<\/li>\n<li>\u00b10.15 \u00b0C (maximum) from \u201340 \u00b0C to 70 \u00b0C<\/li>\n<li>\u00b10.2 \u00b0C (maximum) from \u201340 \u00b0C to 100 \u00b0C<\/li>\n<li>\u00b10.25 \u00b0C (maximum) from \u201355 \u00b0C to 125 \u00b0C<\/li>\n<li>\u00b10.3 \u00b0C (maximum) from \u201355 \u00b0C to 150 \u00b0C<\/li>\n<li>NIST traceability<\/li>\n<li>Medical grade: meets ASTM E1112 and ISO 80601-2-56<\/li>\n<li>RTDs replacement: PT100, PT500, PT1000<\/li>\n<\/ul>\n<p>Source: <a href=\"https:\/\/www.ti.com\/lit\/ds\/symlink\/tmp117.pdf\">Texas Instruments TMP117 datasheet<\/a><\/p>\n","protected":false},"featured_media":122453,"comment_status":"closed","ping_status":"closed","template":"","meta":{"_acf_changed":false},"product_brand":[],"product_cat":[78],"product_tag":[],"class_list":{"0":"post-131755","1":"product","2":"type-product","3":"status-publish","4":"has-post-thumbnail","6":"product_cat-paatuotteet","7":"product_shipping_class-ruuvitag-fi","9":"first","10":"instock","11":"taxable","12":"shipping-taxable","13":"purchasable","14":"product-type-simple"},"group_of_quantity":0,"min_quantity":0,"max_quantity":"","exclude_order_quantity_value_rules":"no","exclude_category_quantity_rules":"no","combine_variations":"no","acf":[],"yoast_head":"<!-- This site is optimized with the Yoast SEO plugin v27.0 - https:\/\/yoast.com\/product\/yoast-seo-wordpress\/ -->\n<title>RuuviTagin ulkoinen l\u00e4mp\u00f6tila-anturi (1,0 metrin kaapeli) - Ruuvi<\/title>\n<meta name=\"robots\" content=\"index, follow, max-snippet:-1, max-image-preview:large, max-video-preview:-1\" \/>\n<link rel=\"canonical\" href=\"https:\/\/ruuvi.com\/fi\/tuotteet\/ruuvitagin-ulkoinen-lampotila-anturi\/\" \/>\n<meta property=\"og:locale\" content=\"fi_FI\" \/>\n<meta property=\"og:type\" content=\"article\" \/>\n<meta property=\"og:title\" content=\"RuuviTagin ulkoinen l\u00e4mp\u00f6tila-anturi (1,0 metrin kaapeli) - Ruuvi\" \/>\n<meta property=\"og:description\" content=\"RuuviTag ulkoinen l\u00e4mp\u00f6tila-anturi mittaa l\u00e4mp\u00f6tilaa ulkoisen anturip\u00e4\u00e4n avulla. Tuote on suunniteltu k\u00e4ytett\u00e4v\u00e4ksi kuivissa ymp\u00e4rist\u00f6iss\u00e4 sek\u00e4 asennuksissa, joissa anturip\u00e4\u00e4 tai kaapeli ei joudu mekaanisen rasituksen alaiseksi. Huomioithan, ett\u00e4 tuotetta ei suositella k\u00e4ytett\u00e4v\u00e4ksi esimerkiksi j\u00e4rvi- tai meriveden l\u00e4mp\u00f6tilan mittaamiseen. T\u00e4m\u00e4 johtuu ensisijaisesti siit\u00e4, ett\u00e4 kaapelia ei ole suunniteltu kest\u00e4m\u00e4\u00e4n jatkuvaa liikett\u00e4, ja RuuviTagin kotelo ei ole en\u00e4\u00e4 vedenpit\u00e4v\u00e4 kaapelin l\u00e4piviennin vuoksi.  T\u00e4m\u00e4 ulkoisen anturin paketti sis\u00e4lt\u00e4\u00e4 RuuviTag Pro 2in1 -anturin sek\u00e4 ulkoisen l\u00e4mp\u00f6tila-anturin. Pakkaukseen sis\u00e4ltyv\u00e4 RuuviTag Pro on ohjelmoitu tehtaalla valmiiksi ulkoista anturia tukevalla laiteohjelmistoversiolla. Ulkoinen l\u00e4mp\u00f6tila-anturi on my\u00f6s valmiiksi kytketty RuuviTag Prohon, ja kokonaisuus on suoraan k\u00e4ytt\u00f6valmis. Erillist\u00e4 ohjelmointia tai muuta konfigurointia ei tarvita.  Tuotepakkauksen sis\u00e4lt\u00f6  1 x RuuviTag Pro 2in1  1 x Ulkoinen l\u00e4mp\u00f6tila-anturi (100cm kaapelilla)  2 x Kiinnitysruuvi  K\u00e4ytt\u00f6ohje Tekniset tiedot  Kaapelin pituus: 100 cm  Metallisen mittap\u00e4\u00e4n halkaisija: 6 mm  Kaapelin k\u00e4ytt\u00f6l\u00e4mp\u00f6tila-alue: -20 \u00b0C -&gt; 80 \u00b0C  Metallisen mittap\u00e4\u00e4n absoluuttiset maksimitoimintal\u00e4mp\u00f6tilat: \u201355 \u00b0C -&gt; 150 \u00b0C T\u00e4rke\u00e4\u00e4! Luethan k\u00e4ytt\u00f6ohjeet ennen tuotteen tilaamista. Voit ladata k\u00e4ytt\u00f6ohjeen painamalla t\u00e4st\u00e4. Lis\u00e4tietoa l\u00e4mp\u00f6tila-anturista Ruuvin ulkoinen l\u00e4mp\u00f6tila-anturi on rakennettu Texas Instrumentsin valmistaman TMP117AIDRV-anturipiirin pohjalta. Sama anturi l\u00f6ytyy kaikista RuuviTag Pro -malleista.  &quot;The TMP117 is a high-precision digital temperature sensor. It is designed to meet ASTM E1112 and ISO 80601 requirements for electronic patient thermometers. The TMP117 provides a 16-bit temperature result with a resolution of 0,0078 \u00b0C and an accuracy of up to \u00b10.1 \u00b0C across the temperature range of \u201320 \u00b0C to 50 \u00b0C with no calibration.&quot; &quot;For non-medical applications, the TMP117 can serve as a single chip digital alternative to a Platinum RTD. The TMP117 has an accuracy comparable to a Class AA RTD, while only using a fraction of the power of the power typically needed for a PT100 RTD. The TMP117 simplifies the design effort by removing many of the complexities of RTDs such as precision references, matched traces, complicated algorithms, and calibration. The TMP117 units are 100% tested on a production setup that is NIST traceable and verified with equipment that is calibrated to ISO\/IEC 17025 accredited standards.&quot;  \u00b10.1 \u00b0C (maximum) from \u201320 \u00b0C to 50 \u00b0C  \u00b10.15 \u00b0C (maximum) from \u201340 \u00b0C to 70 \u00b0C  \u00b10.2 \u00b0C (maximum) from \u201340 \u00b0C to 100 \u00b0C  \u00b10.25 \u00b0C (maximum) from \u201355 \u00b0C to 125 \u00b0C  \u00b10.3 \u00b0C (maximum) from \u201355 \u00b0C to 150 \u00b0C  NIST traceability  Medical grade: meets ASTM E1112 and ISO 80601-2-56  RTDs replacement: PT100, PT500, PT1000 Source: Texas Instruments TMP117 datasheet\" \/>\n<meta property=\"og:url\" content=\"https:\/\/ruuvi.com\/fi\/tuotteet\/ruuvitagin-ulkoinen-lampotila-anturi\/\" \/>\n<meta property=\"og:site_name\" content=\"Ruuvi\" \/>\n<meta property=\"article:publisher\" content=\"https:\/\/www.facebook.com\/ruuvi.cc\" \/>\n<meta property=\"article:modified_time\" content=\"2026-03-31T09:08:38+00:00\" \/>\n<meta property=\"og:image\" content=\"https:\/\/ruuvi.com\/i\/u\/ruuvi-external-temperature-sensor-product-2.jpg\" \/>\n\t<meta property=\"og:image:width\" content=\"1266\" \/>\n\t<meta property=\"og:image:height\" content=\"1266\" \/>\n\t<meta property=\"og:image:type\" content=\"image\/jpeg\" \/>\n<meta name=\"twitter:card\" content=\"summary_large_image\" \/>\n<meta name=\"twitter:site\" content=\"@ruuvicom\" \/>\n<script type=\"application\/ld+json\" class=\"yoast-schema-graph\">{\"@context\":\"https:\/\/schema.org\",\"@graph\":[{\"@type\":\"WebPage\",\"@id\":\"https:\/\/ruuvi.com\/fi\/tuotteet\/ruuvitagin-ulkoinen-lampotila-anturi\/\",\"url\":\"https:\/\/ruuvi.com\/fi\/tuotteet\/ruuvitagin-ulkoinen-lampotila-anturi\/\",\"name\":\"RuuviTagin ulkoinen l\u00e4mp\u00f6tila-anturi (1,0 metrin kaapeli) - Ruuvi\",\"isPartOf\":{\"@id\":\"https:\/\/ruuvi.com\/fi\/#website\"},\"primaryImageOfPage\":{\"@id\":\"https:\/\/ruuvi.com\/fi\/tuotteet\/ruuvitagin-ulkoinen-lampotila-anturi\/#primaryimage\"},\"image\":{\"@id\":\"https:\/\/ruuvi.com\/fi\/tuotteet\/ruuvitagin-ulkoinen-lampotila-anturi\/#primaryimage\"},\"thumbnailUrl\":\"https:\/\/ruuvi.com\/i\/u\/ruuvi-external-temperature-sensor-product-2.jpg\",\"datePublished\":\"2023-02-23T03:13:18+00:00\",\"dateModified\":\"2026-03-31T09:08:38+00:00\",\"breadcrumb\":{\"@id\":\"https:\/\/ruuvi.com\/fi\/tuotteet\/ruuvitagin-ulkoinen-lampotila-anturi\/#breadcrumb\"},\"inLanguage\":\"fi\",\"potentialAction\":[{\"@type\":\"ReadAction\",\"target\":[\"https:\/\/ruuvi.com\/fi\/tuotteet\/ruuvitagin-ulkoinen-lampotila-anturi\/\"]}]},{\"@type\":\"ImageObject\",\"inLanguage\":\"fi\",\"@id\":\"https:\/\/ruuvi.com\/fi\/tuotteet\/ruuvitagin-ulkoinen-lampotila-anturi\/#primaryimage\",\"url\":\"https:\/\/ruuvi.com\/i\/u\/ruuvi-external-temperature-sensor-product-2.jpg\",\"contentUrl\":\"https:\/\/ruuvi.com\/i\/u\/ruuvi-external-temperature-sensor-product-2.jpg\",\"width\":1266,\"height\":1266},{\"@type\":\"BreadcrumbList\",\"@id\":\"https:\/\/ruuvi.com\/fi\/tuotteet\/ruuvitagin-ulkoinen-lampotila-anturi\/#breadcrumb\",\"itemListElement\":[{\"@type\":\"ListItem\",\"position\":1,\"name\":\"Home\",\"item\":\"https:\/\/ruuvi.com\/fi\/\"},{\"@type\":\"ListItem\",\"position\":2,\"name\":\"Kaikki tuotteet\",\"item\":\"https:\/\/ruuvi.com\/fi\/tuotteet\/\"},{\"@type\":\"ListItem\",\"position\":3,\"name\":\"RuuviTagin ulkoinen l\u00e4mp\u00f6tila-anturi (1,0 metrin kaapeli)\"}]},{\"@type\":\"WebSite\",\"@id\":\"https:\/\/ruuvi.com\/fi\/#website\",\"url\":\"https:\/\/ruuvi.com\/fi\/\",\"name\":\"Ruuvi\",\"description\":\"Measure Your World\",\"potentialAction\":[],\"inLanguage\":\"fi\"}]}<\/script>\n<!-- \/ Yoast SEO plugin. -->","yoast_head_json":{"title":"RuuviTagin ulkoinen l\u00e4mp\u00f6tila-anturi (1,0 metrin kaapeli) - Ruuvi","robots":{"index":"index","follow":"follow","max-snippet":"max-snippet:-1","max-image-preview":"max-image-preview:large","max-video-preview":"max-video-preview:-1"},"canonical":"https:\/\/ruuvi.com\/fi\/tuotteet\/ruuvitagin-ulkoinen-lampotila-anturi\/","og_locale":"fi_FI","og_type":"article","og_title":"RuuviTagin ulkoinen l\u00e4mp\u00f6tila-anturi (1,0 metrin kaapeli) - Ruuvi","og_description":"RuuviTag ulkoinen l\u00e4mp\u00f6tila-anturi mittaa l\u00e4mp\u00f6tilaa ulkoisen anturip\u00e4\u00e4n avulla. Tuote on suunniteltu k\u00e4ytett\u00e4v\u00e4ksi kuivissa ymp\u00e4rist\u00f6iss\u00e4 sek\u00e4 asennuksissa, joissa anturip\u00e4\u00e4 tai kaapeli ei joudu mekaanisen rasituksen alaiseksi. Huomioithan, ett\u00e4 tuotetta ei suositella k\u00e4ytett\u00e4v\u00e4ksi esimerkiksi j\u00e4rvi- tai meriveden l\u00e4mp\u00f6tilan mittaamiseen. T\u00e4m\u00e4 johtuu ensisijaisesti siit\u00e4, ett\u00e4 kaapelia ei ole suunniteltu kest\u00e4m\u00e4\u00e4n jatkuvaa liikett\u00e4, ja RuuviTagin kotelo ei ole en\u00e4\u00e4 vedenpit\u00e4v\u00e4 kaapelin l\u00e4piviennin vuoksi.  T\u00e4m\u00e4 ulkoisen anturin paketti sis\u00e4lt\u00e4\u00e4 RuuviTag Pro 2in1 -anturin sek\u00e4 ulkoisen l\u00e4mp\u00f6tila-anturin. Pakkaukseen sis\u00e4ltyv\u00e4 RuuviTag Pro on ohjelmoitu tehtaalla valmiiksi ulkoista anturia tukevalla laiteohjelmistoversiolla. Ulkoinen l\u00e4mp\u00f6tila-anturi on my\u00f6s valmiiksi kytketty RuuviTag Prohon, ja kokonaisuus on suoraan k\u00e4ytt\u00f6valmis. Erillist\u00e4 ohjelmointia tai muuta konfigurointia ei tarvita.  Tuotepakkauksen sis\u00e4lt\u00f6  1 x RuuviTag Pro 2in1  1 x Ulkoinen l\u00e4mp\u00f6tila-anturi (100cm kaapelilla)  2 x Kiinnitysruuvi  K\u00e4ytt\u00f6ohje Tekniset tiedot  Kaapelin pituus: 100 cm  Metallisen mittap\u00e4\u00e4n halkaisija: 6 mm  Kaapelin k\u00e4ytt\u00f6l\u00e4mp\u00f6tila-alue: -20 \u00b0C -&gt; 80 \u00b0C  Metallisen mittap\u00e4\u00e4n absoluuttiset maksimitoimintal\u00e4mp\u00f6tilat: \u201355 \u00b0C -&gt; 150 \u00b0C T\u00e4rke\u00e4\u00e4! Luethan k\u00e4ytt\u00f6ohjeet ennen tuotteen tilaamista. Voit ladata k\u00e4ytt\u00f6ohjeen painamalla t\u00e4st\u00e4. Lis\u00e4tietoa l\u00e4mp\u00f6tila-anturista Ruuvin ulkoinen l\u00e4mp\u00f6tila-anturi on rakennettu Texas Instrumentsin valmistaman TMP117AIDRV-anturipiirin pohjalta. Sama anturi l\u00f6ytyy kaikista RuuviTag Pro -malleista.  \"The TMP117 is a high-precision digital temperature sensor. It is designed to meet ASTM E1112 and ISO 80601 requirements for electronic patient thermometers. The TMP117 provides a 16-bit temperature result with a resolution of 0,0078 \u00b0C and an accuracy of up to \u00b10.1 \u00b0C across the temperature range of \u201320 \u00b0C to 50 \u00b0C with no calibration.\" \"For non-medical applications, the TMP117 can serve as a single chip digital alternative to a Platinum RTD. The TMP117 has an accuracy comparable to a Class AA RTD, while only using a fraction of the power of the power typically needed for a PT100 RTD. The TMP117 simplifies the design effort by removing many of the complexities of RTDs such as precision references, matched traces, complicated algorithms, and calibration. The TMP117 units are 100% tested on a production setup that is NIST traceable and verified with equipment that is calibrated to ISO\/IEC 17025 accredited standards.\"  \u00b10.1 \u00b0C (maximum) from \u201320 \u00b0C to 50 \u00b0C  \u00b10.15 \u00b0C (maximum) from \u201340 \u00b0C to 70 \u00b0C  \u00b10.2 \u00b0C (maximum) from \u201340 \u00b0C to 100 \u00b0C  \u00b10.25 \u00b0C (maximum) from \u201355 \u00b0C to 125 \u00b0C  \u00b10.3 \u00b0C (maximum) from \u201355 \u00b0C to 150 \u00b0C  NIST traceability  Medical grade: meets ASTM E1112 and ISO 80601-2-56  RTDs replacement: PT100, PT500, PT1000 Source: Texas Instruments TMP117 datasheet","og_url":"https:\/\/ruuvi.com\/fi\/tuotteet\/ruuvitagin-ulkoinen-lampotila-anturi\/","og_site_name":"Ruuvi","article_publisher":"https:\/\/www.facebook.com\/ruuvi.cc","article_modified_time":"2026-03-31T09:08:38+00:00","og_image":[{"width":1266,"height":1266,"url":"https:\/\/ruuvi.com\/i\/u\/ruuvi-external-temperature-sensor-product-2.jpg","type":"image\/jpeg"}],"twitter_card":"summary_large_image","twitter_site":"@ruuvicom","schema":{"@context":"https:\/\/schema.org","@graph":[{"@type":"WebPage","@id":"https:\/\/ruuvi.com\/fi\/tuotteet\/ruuvitagin-ulkoinen-lampotila-anturi\/","url":"https:\/\/ruuvi.com\/fi\/tuotteet\/ruuvitagin-ulkoinen-lampotila-anturi\/","name":"RuuviTagin ulkoinen l\u00e4mp\u00f6tila-anturi (1,0 metrin kaapeli) - Ruuvi","isPartOf":{"@id":"https:\/\/ruuvi.com\/fi\/#website"},"primaryImageOfPage":{"@id":"https:\/\/ruuvi.com\/fi\/tuotteet\/ruuvitagin-ulkoinen-lampotila-anturi\/#primaryimage"},"image":{"@id":"https:\/\/ruuvi.com\/fi\/tuotteet\/ruuvitagin-ulkoinen-lampotila-anturi\/#primaryimage"},"thumbnailUrl":"https:\/\/ruuvi.com\/i\/u\/ruuvi-external-temperature-sensor-product-2.jpg","datePublished":"2023-02-23T03:13:18+00:00","dateModified":"2026-03-31T09:08:38+00:00","breadcrumb":{"@id":"https:\/\/ruuvi.com\/fi\/tuotteet\/ruuvitagin-ulkoinen-lampotila-anturi\/#breadcrumb"},"inLanguage":"fi","potentialAction":[{"@type":"ReadAction","target":["https:\/\/ruuvi.com\/fi\/tuotteet\/ruuvitagin-ulkoinen-lampotila-anturi\/"]}]},{"@type":"ImageObject","inLanguage":"fi","@id":"https:\/\/ruuvi.com\/fi\/tuotteet\/ruuvitagin-ulkoinen-lampotila-anturi\/#primaryimage","url":"https:\/\/ruuvi.com\/i\/u\/ruuvi-external-temperature-sensor-product-2.jpg","contentUrl":"https:\/\/ruuvi.com\/i\/u\/ruuvi-external-temperature-sensor-product-2.jpg","width":1266,"height":1266},{"@type":"BreadcrumbList","@id":"https:\/\/ruuvi.com\/fi\/tuotteet\/ruuvitagin-ulkoinen-lampotila-anturi\/#breadcrumb","itemListElement":[{"@type":"ListItem","position":1,"name":"Home","item":"https:\/\/ruuvi.com\/fi\/"},{"@type":"ListItem","position":2,"name":"Kaikki tuotteet","item":"https:\/\/ruuvi.com\/fi\/tuotteet\/"},{"@type":"ListItem","position":3,"name":"RuuviTagin ulkoinen l\u00e4mp\u00f6tila-anturi (1,0 metrin kaapeli)"}]},{"@type":"WebSite","@id":"https:\/\/ruuvi.com\/fi\/#website","url":"https:\/\/ruuvi.com\/fi\/","name":"Ruuvi","description":"Measure Your World","potentialAction":[],"inLanguage":"fi"}]}},"_links":{"self":[{"href":"https:\/\/ruuvi.com\/fi\/wp-json\/wp\/v2\/product\/131755","targetHints":{"allow":["GET"]}}],"collection":[{"href":"https:\/\/ruuvi.com\/fi\/wp-json\/wp\/v2\/product"}],"about":[{"href":"https:\/\/ruuvi.com\/fi\/wp-json\/wp\/v2\/types\/product"}],"replies":[{"embeddable":true,"href":"https:\/\/ruuvi.com\/fi\/wp-json\/wp\/v2\/comments?post=131755"}],"wp:featuredmedia":[{"embeddable":true,"href":"https:\/\/ruuvi.com\/fi\/wp-json\/wp\/v2\/media\/122453"}],"wp:attachment":[{"href":"https:\/\/ruuvi.com\/fi\/wp-json\/wp\/v2\/media?parent=131755"}],"wp:term":[{"taxonomy":"product_brand","embeddable":true,"href":"https:\/\/ruuvi.com\/fi\/wp-json\/wp\/v2\/product_brand?post=131755"},{"taxonomy":"product_cat","embeddable":true,"href":"https:\/\/ruuvi.com\/fi\/wp-json\/wp\/v2\/product_cat?post=131755"},{"taxonomy":"product_tag","embeddable":true,"href":"https:\/\/ruuvi.com\/fi\/wp-json\/wp\/v2\/product_tag?post=131755"}],"curies":[{"name":"wp","href":"https:\/\/api.w.org\/{rel}","templated":true}]}}