{"id":24448,"date":"2020-11-02T17:25:06","date_gmt":"2020-11-02T15:25:06","guid":{"rendered":"https:\/\/ruuvi.com\/products\/ruuvitag-jalusta\/"},"modified":"2026-05-09T19:45:52","modified_gmt":"2026-05-09T16:45:52","slug":"jalusta","status":"publish","type":"product","link":"https:\/\/ruuvi.com\/fi\/tuotteet\/jalusta\/","title":{"rendered":"Jalusta RuuviTagille"},"excerpt":{"rendered":"<p>Jalustan avulla k\u00e4yt\u00e4t RuuviTag-anturiasi tasaisilla pinnoilla optimaalisessa asennossa. Pystyasennossa RuuviTag mittaa paremmin ymp\u00e4rist\u00f6n l\u00e4mp\u00f6tilaa ja t\u00e4ll\u00f6in sen langaton kantomatka on paras mahdollinen. Anturi kiinnittyy jalustaan tukevasti ja se on helppo irrottaa siit\u00e4 tarvittaessa.<\/p>\n","protected":false},"featured_media":120390,"comment_status":"open","ping_status":"closed","template":"","meta":{"_acf_changed":false},"product_brand":[],"product_cat":[79],"product_tag":[],"class_list":{"0":"post-24448","1":"product","2":"type-product","3":"status-publish","4":"has-post-thumbnail","6":"product_cat-ruuvitag-lisavarusteet","7":"product_shipping_class-ruuvitag-fi","9":"first","10":"instock","11":"taxable","12":"shipping-taxable","13":"purchasable","14":"product-type-simple"},"group_of_quantity":0,"min_quantity":0,"max_quantity":"","exclude_order_quantity_value_rules":"no","exclude_category_quantity_rules":"no","combine_variations":"no","acf":[],"yoast_head":"<!-- This site is optimized with the Yoast SEO plugin v27.5 - https:\/\/yoast.com\/product\/yoast-seo-wordpress\/ -->\n<title>P\u00f6yt\u00e4teline langattomalle RuuviTag-anturille - Ruuvi<\/title>\n<meta name=\"description\" content=\"Lis\u00e4varuste. RuuviTagille suunniteltu py\u00f6d\u00e4ll\u00e4 seisova jalusta, joka helpottaa anturin asennusta ja k\u00e4ytt\u00f6\u00e4.\" \/>\n<meta name=\"robots\" content=\"index, follow, max-snippet:-1, max-image-preview:large, max-video-preview:-1\" \/>\n<link rel=\"canonical\" href=\"https:\/\/ruuvi.com\/fi\/tuotteet\/jalusta\/\" \/>\n<meta property=\"og:locale\" content=\"fi_FI\" \/>\n<meta property=\"og:type\" content=\"article\" \/>\n<meta property=\"og:title\" content=\"P\u00f6yt\u00e4teline langattomalle RuuviTag-anturille - Ruuvi\" \/>\n<meta property=\"og:description\" content=\"Lis\u00e4varuste. RuuviTagille suunniteltu py\u00f6d\u00e4ll\u00e4 seisova jalusta, joka helpottaa anturin asennusta ja k\u00e4ytt\u00f6\u00e4.\" \/>\n<meta property=\"og:url\" content=\"https:\/\/ruuvi.com\/fi\/tuotteet\/jalusta\/\" \/>\n<meta property=\"og:site_name\" content=\"Ruuvi\" \/>\n<meta property=\"article:publisher\" content=\"https:\/\/www.facebook.com\/ruuvi.cc\" \/>\n<meta property=\"article:modified_time\" content=\"2026-05-09T16:45:52+00:00\" \/>\n<meta property=\"og:image\" content=\"https:\/\/ruuvi.com\/i\/u\/stand-without-ruuvitag-3d.jpg\" \/>\n\t<meta property=\"og:image:width\" content=\"1830\" \/>\n\t<meta property=\"og:image:height\" content=\"1830\" \/>\n\t<meta property=\"og:image:type\" content=\"image\/jpeg\" \/>\n<meta name=\"twitter:card\" content=\"summary_large_image\" \/>\n<meta name=\"twitter:site\" content=\"@ruuvicom\" \/>\n<script type=\"application\/ld+json\" class=\"yoast-schema-graph\">{\"@context\":\"https:\\\/\\\/schema.org\",\"@graph\":[{\"@type\":\"WebPage\",\"@id\":\"https:\\\/\\\/ruuvi.com\\\/fi\\\/tuotteet\\\/jalusta\\\/\",\"url\":\"https:\\\/\\\/ruuvi.com\\\/fi\\\/tuotteet\\\/jalusta\\\/\",\"name\":\"P\u00f6yt\u00e4teline langattomalle RuuviTag-anturille - Ruuvi\",\"isPartOf\":{\"@id\":\"https:\\\/\\\/ruuvi.com\\\/fi\\\/#website\"},\"primaryImageOfPage\":{\"@id\":\"https:\\\/\\\/ruuvi.com\\\/fi\\\/tuotteet\\\/jalusta\\\/#primaryimage\"},\"image\":{\"@id\":\"https:\\\/\\\/ruuvi.com\\\/fi\\\/tuotteet\\\/jalusta\\\/#primaryimage\"},\"thumbnailUrl\":\"https:\\\/\\\/ruuvi.com\\\/i\\\/u\\\/RuuviTag-Stand.jpg\",\"datePublished\":\"2020-11-02T15:25:06+00:00\",\"dateModified\":\"2026-05-09T16:45:52+00:00\",\"description\":\"Lis\u00e4varuste. RuuviTagille suunniteltu py\u00f6d\u00e4ll\u00e4 seisova jalusta, joka helpottaa anturin asennusta ja k\u00e4ytt\u00f6\u00e4.\",\"breadcrumb\":{\"@id\":\"https:\\\/\\\/ruuvi.com\\\/fi\\\/tuotteet\\\/jalusta\\\/#breadcrumb\"},\"inLanguage\":\"fi\",\"potentialAction\":[{\"@type\":\"ReadAction\",\"target\":[\"https:\\\/\\\/ruuvi.com\\\/fi\\\/tuotteet\\\/jalusta\\\/\"]}]},{\"@type\":\"ImageObject\",\"inLanguage\":\"fi\",\"@id\":\"https:\\\/\\\/ruuvi.com\\\/fi\\\/tuotteet\\\/jalusta\\\/#primaryimage\",\"url\":\"https:\\\/\\\/ruuvi.com\\\/i\\\/u\\\/RuuviTag-Stand.jpg\",\"contentUrl\":\"https:\\\/\\\/ruuvi.com\\\/i\\\/u\\\/RuuviTag-Stand.jpg\",\"width\":2500,\"height\":2500,\"caption\":\"Table Stand for RuuviTag\"},{\"@type\":\"BreadcrumbList\",\"@id\":\"https:\\\/\\\/ruuvi.com\\\/fi\\\/tuotteet\\\/jalusta\\\/#breadcrumb\",\"itemListElement\":[{\"@type\":\"ListItem\",\"position\":1,\"name\":\"Home\",\"item\":\"https:\\\/\\\/ruuvi.com\\\/fi\\\/\"},{\"@type\":\"ListItem\",\"position\":2,\"name\":\"Kaikki tuotteet\",\"item\":\"https:\\\/\\\/ruuvi.com\\\/fi\\\/tuotteet\\\/\"},{\"@type\":\"ListItem\",\"position\":3,\"name\":\"Jalusta RuuviTagille\"}]},{\"@type\":\"WebSite\",\"@id\":\"https:\\\/\\\/ruuvi.com\\\/fi\\\/#website\",\"url\":\"https:\\\/\\\/ruuvi.com\\\/fi\\\/\",\"name\":\"Ruuvi\",\"description\":\"Measure Your World\",\"potentialAction\":[],\"inLanguage\":\"fi\"}]}<\/script>\n<!-- \/ Yoast SEO plugin. -->","yoast_head_json":{"title":"P\u00f6yt\u00e4teline langattomalle RuuviTag-anturille - Ruuvi","description":"Lis\u00e4varuste. RuuviTagille suunniteltu py\u00f6d\u00e4ll\u00e4 seisova jalusta, joka helpottaa anturin asennusta ja k\u00e4ytt\u00f6\u00e4.","robots":{"index":"index","follow":"follow","max-snippet":"max-snippet:-1","max-image-preview":"max-image-preview:large","max-video-preview":"max-video-preview:-1"},"canonical":"https:\/\/ruuvi.com\/fi\/tuotteet\/jalusta\/","og_locale":"fi_FI","og_type":"article","og_title":"P\u00f6yt\u00e4teline langattomalle RuuviTag-anturille - Ruuvi","og_description":"Lis\u00e4varuste. RuuviTagille suunniteltu py\u00f6d\u00e4ll\u00e4 seisova jalusta, joka helpottaa anturin asennusta ja k\u00e4ytt\u00f6\u00e4.","og_url":"https:\/\/ruuvi.com\/fi\/tuotteet\/jalusta\/","og_site_name":"Ruuvi","article_publisher":"https:\/\/www.facebook.com\/ruuvi.cc","article_modified_time":"2026-05-09T16:45:52+00:00","og_image":[{"width":1830,"height":1830,"url":"https:\/\/ruuvi.com\/i\/u\/stand-without-ruuvitag-3d.jpg","type":"image\/jpeg"}],"twitter_card":"summary_large_image","twitter_site":"@ruuvicom","schema":{"@context":"https:\/\/schema.org","@graph":[{"@type":"WebPage","@id":"https:\/\/ruuvi.com\/fi\/tuotteet\/jalusta\/","url":"https:\/\/ruuvi.com\/fi\/tuotteet\/jalusta\/","name":"P\u00f6yt\u00e4teline langattomalle RuuviTag-anturille - Ruuvi","isPartOf":{"@id":"https:\/\/ruuvi.com\/fi\/#website"},"primaryImageOfPage":{"@id":"https:\/\/ruuvi.com\/fi\/tuotteet\/jalusta\/#primaryimage"},"image":{"@id":"https:\/\/ruuvi.com\/fi\/tuotteet\/jalusta\/#primaryimage"},"thumbnailUrl":"https:\/\/ruuvi.com\/i\/u\/RuuviTag-Stand.jpg","datePublished":"2020-11-02T15:25:06+00:00","dateModified":"2026-05-09T16:45:52+00:00","description":"Lis\u00e4varuste. RuuviTagille suunniteltu py\u00f6d\u00e4ll\u00e4 seisova jalusta, joka helpottaa anturin asennusta ja k\u00e4ytt\u00f6\u00e4.","breadcrumb":{"@id":"https:\/\/ruuvi.com\/fi\/tuotteet\/jalusta\/#breadcrumb"},"inLanguage":"fi","potentialAction":[{"@type":"ReadAction","target":["https:\/\/ruuvi.com\/fi\/tuotteet\/jalusta\/"]}]},{"@type":"ImageObject","inLanguage":"fi","@id":"https:\/\/ruuvi.com\/fi\/tuotteet\/jalusta\/#primaryimage","url":"https:\/\/ruuvi.com\/i\/u\/RuuviTag-Stand.jpg","contentUrl":"https:\/\/ruuvi.com\/i\/u\/RuuviTag-Stand.jpg","width":2500,"height":2500,"caption":"Table Stand for RuuviTag"},{"@type":"BreadcrumbList","@id":"https:\/\/ruuvi.com\/fi\/tuotteet\/jalusta\/#breadcrumb","itemListElement":[{"@type":"ListItem","position":1,"name":"Home","item":"https:\/\/ruuvi.com\/fi\/"},{"@type":"ListItem","position":2,"name":"Kaikki tuotteet","item":"https:\/\/ruuvi.com\/fi\/tuotteet\/"},{"@type":"ListItem","position":3,"name":"Jalusta RuuviTagille"}]},{"@type":"WebSite","@id":"https:\/\/ruuvi.com\/fi\/#website","url":"https:\/\/ruuvi.com\/fi\/","name":"Ruuvi","description":"Measure Your World","potentialAction":[],"inLanguage":"fi"}]}},"_links":{"self":[{"href":"https:\/\/ruuvi.com\/fi\/wp-json\/wp\/v2\/product\/24448","targetHints":{"allow":["GET"]}}],"collection":[{"href":"https:\/\/ruuvi.com\/fi\/wp-json\/wp\/v2\/product"}],"about":[{"href":"https:\/\/ruuvi.com\/fi\/wp-json\/wp\/v2\/types\/product"}],"replies":[{"embeddable":true,"href":"https:\/\/ruuvi.com\/fi\/wp-json\/wp\/v2\/comments?post=24448"}],"wp:featuredmedia":[{"embeddable":true,"href":"https:\/\/ruuvi.com\/fi\/wp-json\/wp\/v2\/media\/120390"}],"wp:attachment":[{"href":"https:\/\/ruuvi.com\/fi\/wp-json\/wp\/v2\/media?parent=24448"}],"wp:term":[{"taxonomy":"product_brand","embeddable":true,"href":"https:\/\/ruuvi.com\/fi\/wp-json\/wp\/v2\/product_brand?post=24448"},{"taxonomy":"product_cat","embeddable":true,"href":"https:\/\/ruuvi.com\/fi\/wp-json\/wp\/v2\/product_cat?post=24448"},{"taxonomy":"product_tag","embeddable":true,"href":"https:\/\/ruuvi.com\/fi\/wp-json\/wp\/v2\/product_tag?post=24448"}],"curies":[{"name":"wp","href":"https:\/\/api.w.org\/{rel}","templated":true}]}}