{"id":24452,"date":"2020-11-02T17:26:40","date_gmt":"2020-11-02T15:26:40","guid":{"rendered":"https:\/\/ruuvi.com\/products\/ruuvitag-pussi\/"},"modified":"2026-04-20T21:13:59","modified_gmt":"2026-04-20T18:13:59","slug":"kangaspussukka","status":"publish","type":"product","link":"https:\/\/ruuvi.com\/fi\/tuotteet\/kangaspussukka\/","title":{"rendered":"Kangaspussukka RuuviTagille"},"excerpt":{"rendered":"<p>Kangaspussukan avulla kiinnit\u00e4t RuuviTagin helposti erilaisiin paikkoihin tai kuljetat anturia mukanasi. Vetoketjun ja tarrakiinnityksen ansiosta RuuviTagin kiinnitt\u00e4minen ja siirt\u00e4minen on nopeaa. Pehme\u00e4 materiaali suojaa RuuviTag-anturia. Kiinnityshihnan pituus on riitt\u00e4v\u00e4 3 cm:n halkaisijan ymp\u00e4rille. K\u00e4sinpest\u00e4v\u00e4.<\/p>\n<p>Kangaspussukka voi vaikuttaa mittauksiin, mutta siihen vaikuttaa useat eri tekij\u00e4t:<\/p>\n<ul>\n<li>Kangaspussukka lis\u00e4\u00e4 painoa, joka kasvattaa reaktioaikaa l\u00e4mp\u00f6tilan osalta<\/li>\n<li>Musta v\u00e4ri voi lis\u00e4t\u00e4 auringonvalon s\u00e4teilyn vaikutusta l\u00e4mp\u00f6tilan mittaukseen<\/li>\n<li>M\u00e4rk\u00e4 kangas voi vaikuttaa ilmankosteuden mittaukseen<\/li>\n<\/ul>\n","protected":false},"featured_media":29007,"comment_status":"closed","ping_status":"closed","template":"","meta":{"_acf_changed":false},"product_brand":[],"product_cat":[79],"product_tag":[],"class_list":{"0":"post-24452","1":"product","2":"type-product","3":"status-publish","4":"has-post-thumbnail","6":"product_cat-ruuvitag-lisavarusteet","7":"product_shipping_class-muut","9":"first","10":"instock","11":"taxable","12":"shipping-taxable","13":"purchasable","14":"product-type-simple"},"group_of_quantity":0,"min_quantity":0,"max_quantity":"","exclude_order_quantity_value_rules":"no","exclude_category_quantity_rules":"no","combine_variations":"no","acf":[],"yoast_head":"<!-- This site is optimized with the Yoast SEO plugin v27.3 - https:\/\/yoast.com\/product\/yoast-seo-wordpress\/ -->\n<title>Kangaspussukka RuuviTag langattomalle anturille - Ruuvi<\/title>\n<meta name=\"description\" content=\"Lis\u00e4varuste. RuuviTagille tarkoitettu neopreenipussukka helpottamaan anturin asennusta.\" \/>\n<meta name=\"robots\" content=\"noindex, follow\" \/>\n<meta property=\"og:locale\" content=\"fi_FI\" \/>\n<meta property=\"og:type\" content=\"article\" \/>\n<meta property=\"og:title\" content=\"Kangaspussukka RuuviTag langattomalle anturille - Ruuvi\" \/>\n<meta property=\"og:description\" content=\"Lis\u00e4varuste. RuuviTagille tarkoitettu neopreenipussukka helpottamaan anturin asennusta.\" \/>\n<meta property=\"og:url\" content=\"https:\/\/ruuvi.com\/fi\/tuotteet\/kangaspussukka\/\" \/>\n<meta property=\"og:site_name\" content=\"Ruuvi\" \/>\n<meta property=\"article:publisher\" content=\"https:\/\/www.facebook.com\/ruuvi.cc\" \/>\n<meta property=\"article:modified_time\" content=\"2026-04-20T18:13:59+00:00\" \/>\n<meta property=\"og:image\" content=\"https:\/\/ruuvi.com\/i\/u\/ruuvitag-pouch-3d-1.jpg\" \/>\n\t<meta property=\"og:image:width\" content=\"2000\" \/>\n\t<meta property=\"og:image:height\" content=\"2000\" \/>\n\t<meta property=\"og:image:type\" content=\"image\/jpeg\" \/>\n<meta name=\"twitter:card\" content=\"summary_large_image\" \/>\n<meta name=\"twitter:site\" content=\"@ruuvicom\" \/>\n<script type=\"application\/ld+json\" class=\"yoast-schema-graph\">{\"@context\":\"https:\\\/\\\/schema.org\",\"@graph\":[{\"@type\":\"WebPage\",\"@id\":\"https:\\\/\\\/ruuvi.com\\\/fi\\\/tuotteet\\\/kangaspussukka\\\/\",\"url\":\"https:\\\/\\\/ruuvi.com\\\/fi\\\/tuotteet\\\/kangaspussukka\\\/\",\"name\":\"Kangaspussukka RuuviTag langattomalle anturille - Ruuvi\",\"isPartOf\":{\"@id\":\"https:\\\/\\\/ruuvi.com\\\/fi\\\/#website\"},\"primaryImageOfPage\":{\"@id\":\"https:\\\/\\\/ruuvi.com\\\/fi\\\/tuotteet\\\/kangaspussukka\\\/#primaryimage\"},\"image\":{\"@id\":\"https:\\\/\\\/ruuvi.com\\\/fi\\\/tuotteet\\\/kangaspussukka\\\/#primaryimage\"},\"thumbnailUrl\":\"https:\\\/\\\/ruuvi.com\\\/i\\\/u\\\/ruuvitag-pouch-3d-1.jpg\",\"datePublished\":\"2020-11-02T15:26:40+00:00\",\"dateModified\":\"2026-04-20T18:13:59+00:00\",\"description\":\"Lis\u00e4varuste. RuuviTagille tarkoitettu neopreenipussukka helpottamaan anturin asennusta.\",\"breadcrumb\":{\"@id\":\"https:\\\/\\\/ruuvi.com\\\/fi\\\/tuotteet\\\/kangaspussukka\\\/#breadcrumb\"},\"inLanguage\":\"fi\",\"potentialAction\":[{\"@type\":\"ReadAction\",\"target\":[\"https:\\\/\\\/ruuvi.com\\\/fi\\\/tuotteet\\\/kangaspussukka\\\/\"]}]},{\"@type\":\"ImageObject\",\"inLanguage\":\"fi\",\"@id\":\"https:\\\/\\\/ruuvi.com\\\/fi\\\/tuotteet\\\/kangaspussukka\\\/#primaryimage\",\"url\":\"https:\\\/\\\/ruuvi.com\\\/i\\\/u\\\/ruuvitag-pouch-3d-1.jpg\",\"contentUrl\":\"https:\\\/\\\/ruuvi.com\\\/i\\\/u\\\/ruuvitag-pouch-3d-1.jpg\",\"width\":2000,\"height\":2000,\"caption\":\"RuuviTags black attaching pouch\"},{\"@type\":\"BreadcrumbList\",\"@id\":\"https:\\\/\\\/ruuvi.com\\\/fi\\\/tuotteet\\\/kangaspussukka\\\/#breadcrumb\",\"itemListElement\":[{\"@type\":\"ListItem\",\"position\":1,\"name\":\"Home\",\"item\":\"https:\\\/\\\/ruuvi.com\\\/fi\\\/\"},{\"@type\":\"ListItem\",\"position\":2,\"name\":\"Kaikki tuotteet\",\"item\":\"https:\\\/\\\/ruuvi.com\\\/fi\\\/tuotteet\\\/\"},{\"@type\":\"ListItem\",\"position\":3,\"name\":\"Kangaspussukka RuuviTagille\"}]},{\"@type\":\"WebSite\",\"@id\":\"https:\\\/\\\/ruuvi.com\\\/fi\\\/#website\",\"url\":\"https:\\\/\\\/ruuvi.com\\\/fi\\\/\",\"name\":\"Ruuvi\",\"description\":\"Measure Your World\",\"potentialAction\":[],\"inLanguage\":\"fi\"}]}<\/script>\n<!-- \/ Yoast SEO plugin. -->","yoast_head_json":{"title":"Kangaspussukka RuuviTag langattomalle anturille - Ruuvi","description":"Lis\u00e4varuste. RuuviTagille tarkoitettu neopreenipussukka helpottamaan anturin asennusta.","robots":{"index":"noindex","follow":"follow"},"og_locale":"fi_FI","og_type":"article","og_title":"Kangaspussukka RuuviTag langattomalle anturille - Ruuvi","og_description":"Lis\u00e4varuste. RuuviTagille tarkoitettu neopreenipussukka helpottamaan anturin asennusta.","og_url":"https:\/\/ruuvi.com\/fi\/tuotteet\/kangaspussukka\/","og_site_name":"Ruuvi","article_publisher":"https:\/\/www.facebook.com\/ruuvi.cc","article_modified_time":"2026-04-20T18:13:59+00:00","og_image":[{"width":2000,"height":2000,"url":"https:\/\/ruuvi.com\/i\/u\/ruuvitag-pouch-3d-1.jpg","type":"image\/jpeg"}],"twitter_card":"summary_large_image","twitter_site":"@ruuvicom","schema":{"@context":"https:\/\/schema.org","@graph":[{"@type":"WebPage","@id":"https:\/\/ruuvi.com\/fi\/tuotteet\/kangaspussukka\/","url":"https:\/\/ruuvi.com\/fi\/tuotteet\/kangaspussukka\/","name":"Kangaspussukka RuuviTag langattomalle anturille - Ruuvi","isPartOf":{"@id":"https:\/\/ruuvi.com\/fi\/#website"},"primaryImageOfPage":{"@id":"https:\/\/ruuvi.com\/fi\/tuotteet\/kangaspussukka\/#primaryimage"},"image":{"@id":"https:\/\/ruuvi.com\/fi\/tuotteet\/kangaspussukka\/#primaryimage"},"thumbnailUrl":"https:\/\/ruuvi.com\/i\/u\/ruuvitag-pouch-3d-1.jpg","datePublished":"2020-11-02T15:26:40+00:00","dateModified":"2026-04-20T18:13:59+00:00","description":"Lis\u00e4varuste. RuuviTagille tarkoitettu neopreenipussukka helpottamaan anturin asennusta.","breadcrumb":{"@id":"https:\/\/ruuvi.com\/fi\/tuotteet\/kangaspussukka\/#breadcrumb"},"inLanguage":"fi","potentialAction":[{"@type":"ReadAction","target":["https:\/\/ruuvi.com\/fi\/tuotteet\/kangaspussukka\/"]}]},{"@type":"ImageObject","inLanguage":"fi","@id":"https:\/\/ruuvi.com\/fi\/tuotteet\/kangaspussukka\/#primaryimage","url":"https:\/\/ruuvi.com\/i\/u\/ruuvitag-pouch-3d-1.jpg","contentUrl":"https:\/\/ruuvi.com\/i\/u\/ruuvitag-pouch-3d-1.jpg","width":2000,"height":2000,"caption":"RuuviTags black attaching pouch"},{"@type":"BreadcrumbList","@id":"https:\/\/ruuvi.com\/fi\/tuotteet\/kangaspussukka\/#breadcrumb","itemListElement":[{"@type":"ListItem","position":1,"name":"Home","item":"https:\/\/ruuvi.com\/fi\/"},{"@type":"ListItem","position":2,"name":"Kaikki tuotteet","item":"https:\/\/ruuvi.com\/fi\/tuotteet\/"},{"@type":"ListItem","position":3,"name":"Kangaspussukka RuuviTagille"}]},{"@type":"WebSite","@id":"https:\/\/ruuvi.com\/fi\/#website","url":"https:\/\/ruuvi.com\/fi\/","name":"Ruuvi","description":"Measure Your World","potentialAction":[],"inLanguage":"fi"}]}},"_links":{"self":[{"href":"https:\/\/ruuvi.com\/fi\/wp-json\/wp\/v2\/product\/24452","targetHints":{"allow":["GET"]}}],"collection":[{"href":"https:\/\/ruuvi.com\/fi\/wp-json\/wp\/v2\/product"}],"about":[{"href":"https:\/\/ruuvi.com\/fi\/wp-json\/wp\/v2\/types\/product"}],"replies":[{"embeddable":true,"href":"https:\/\/ruuvi.com\/fi\/wp-json\/wp\/v2\/comments?post=24452"}],"wp:featuredmedia":[{"embeddable":true,"href":"https:\/\/ruuvi.com\/fi\/wp-json\/wp\/v2\/media\/29007"}],"wp:attachment":[{"href":"https:\/\/ruuvi.com\/fi\/wp-json\/wp\/v2\/media?parent=24452"}],"wp:term":[{"taxonomy":"product_brand","embeddable":true,"href":"https:\/\/ruuvi.com\/fi\/wp-json\/wp\/v2\/product_brand?post=24452"},{"taxonomy":"product_cat","embeddable":true,"href":"https:\/\/ruuvi.com\/fi\/wp-json\/wp\/v2\/product_cat?post=24452"},{"taxonomy":"product_tag","embeddable":true,"href":"https:\/\/ruuvi.com\/fi\/wp-json\/wp\/v2\/product_tag?post=24452"}],"curies":[{"name":"wp","href":"https:\/\/api.w.org\/{rel}","templated":true}]}}