{"id":25533,"date":"2020-12-30T20:01:36","date_gmt":"2020-12-30T18:01:36","guid":{"rendered":"https:\/\/ruuvi.com\/products\/ruuvitag-pidike\/"},"modified":"2026-04-12T22:20:43","modified_gmt":"2026-04-12T19:20:43","slug":"suojakuori","status":"publish","type":"product","link":"https:\/\/ruuvi.com\/fi\/tuotteet\/suojakuori\/","title":{"rendered":"Suojakuori RuuviTagille"},"excerpt":{"rendered":"<p>Monik\u00e4ytt\u00f6isell\u00e4 RuuviTag suojakuorella voi asentaa RuuviTagin moneen eri paikkaan k\u00e4ytt\u00e4en ruuveja, nippusiteit\u00e4 tai ripustamalla. Pehme\u00e4 silikoninen suojakuori suojaa RuuviTagia iskuilta sek\u00e4 helpottaa sen k\u00e4sittely\u00e4.<\/p>\n<p>&nbsp;<\/p>\n<p><img loading=\"lazy\" decoding=\"async\" class=\"alignleft wp-image-28699\" src=\"https:\/\/ruuvi.com\/i\/u\/\/silicon-holder-icons-450x191.png\" alt=\"RuuviTag silicon holder infographic\" width=\"350\" height=\"149\" srcset=\"https:\/\/ruuvi.com\/i\/u\/silicon-holder-icons-450x191.png 450w, https:\/\/ruuvi.com\/i\/u\/silicon-holder-icons-768x327.png 768w, https:\/\/ruuvi.com\/i\/u\/silicon-holder-icons-600x255.png 600w, https:\/\/ruuvi.com\/i\/u\/silicon-holder-icons.png 1020w\" sizes=\"auto, (max-width: 350px) 100vw, 350px\" \/><\/p>\n<p>&nbsp;<\/p>\n<p>&nbsp;<\/p>\n","protected":false},"featured_media":53945,"comment_status":"open","ping_status":"closed","template":"","meta":{"_acf_changed":false},"product_brand":[],"product_cat":[79],"product_tag":[],"class_list":{"0":"post-25533","1":"product","2":"type-product","3":"status-publish","4":"has-post-thumbnail","6":"product_cat-ruuvitag-lisavarusteet","7":"product_shipping_class-ruuvitag-fi","9":"first","10":"instock","11":"taxable","12":"shipping-taxable","13":"purchasable","14":"product-type-simple"},"group_of_quantity":0,"min_quantity":0,"max_quantity":"","exclude_order_quantity_value_rules":"no","exclude_category_quantity_rules":"no","combine_variations":"no","acf":[],"yoast_head":"<!-- This site is optimized with the Yoast SEO plugin v27.3 - https:\/\/yoast.com\/product\/yoast-seo-wordpress\/ -->\n<title>Silikoninen kiinnityspidike RuuviTagille - Ruuvi<\/title>\n<meta name=\"description\" content=\"Korkealaatuisesta silikonista valmistettu lis\u00e4varuste RuuviTagille. Pidike helpottaa anturin kiinnitt\u00e4mist\u00e4 ja suojaa sit\u00e4 iskuilta.\" \/>\n<meta name=\"robots\" content=\"noindex, follow\" \/>\n<meta property=\"og:locale\" content=\"fi_FI\" \/>\n<meta property=\"og:type\" content=\"article\" \/>\n<meta property=\"og:title\" content=\"Silikoninen kiinnityspidike RuuviTagille - Ruuvi\" \/>\n<meta property=\"og:description\" content=\"Korkealaatuisesta silikonista valmistettu lis\u00e4varuste RuuviTagille. Pidike helpottaa anturin kiinnitt\u00e4mist\u00e4 ja suojaa sit\u00e4 iskuilta.\" \/>\n<meta property=\"og:url\" content=\"https:\/\/ruuvi.com\/fi\/tuotteet\/suojakuori\/\" \/>\n<meta property=\"og:site_name\" content=\"Ruuvi\" \/>\n<meta property=\"article:publisher\" content=\"https:\/\/www.facebook.com\/ruuvi.cc\" \/>\n<meta property=\"article:modified_time\" content=\"2026-04-12T19:20:43+00:00\" \/>\n<meta property=\"og:image\" content=\"https:\/\/ruuvi.com\/i\/u\/tuote-case.jpg\" \/>\n\t<meta property=\"og:image:width\" content=\"2500\" \/>\n\t<meta property=\"og:image:height\" content=\"2500\" \/>\n\t<meta property=\"og:image:type\" content=\"image\/jpeg\" \/>\n<meta name=\"twitter:card\" content=\"summary_large_image\" \/>\n<meta name=\"twitter:site\" content=\"@ruuvicom\" \/>\n<script type=\"application\/ld+json\" class=\"yoast-schema-graph\">{\"@context\":\"https:\\\/\\\/schema.org\",\"@graph\":[{\"@type\":\"WebPage\",\"@id\":\"https:\\\/\\\/ruuvi.com\\\/fi\\\/tuotteet\\\/suojakuori\\\/\",\"url\":\"https:\\\/\\\/ruuvi.com\\\/fi\\\/tuotteet\\\/suojakuori\\\/\",\"name\":\"Silikoninen kiinnityspidike RuuviTagille - Ruuvi\",\"isPartOf\":{\"@id\":\"https:\\\/\\\/ruuvi.com\\\/fi\\\/#website\"},\"primaryImageOfPage\":{\"@id\":\"https:\\\/\\\/ruuvi.com\\\/fi\\\/tuotteet\\\/suojakuori\\\/#primaryimage\"},\"image\":{\"@id\":\"https:\\\/\\\/ruuvi.com\\\/fi\\\/tuotteet\\\/suojakuori\\\/#primaryimage\"},\"thumbnailUrl\":\"https:\\\/\\\/ruuvi.com\\\/i\\\/u\\\/tuote-case.jpg\",\"datePublished\":\"2020-12-30T18:01:36+00:00\",\"dateModified\":\"2026-04-12T19:20:43+00:00\",\"description\":\"Korkealaatuisesta silikonista valmistettu lis\u00e4varuste RuuviTagille. Pidike helpottaa anturin kiinnitt\u00e4mist\u00e4 ja suojaa sit\u00e4 iskuilta.\",\"breadcrumb\":{\"@id\":\"https:\\\/\\\/ruuvi.com\\\/fi\\\/tuotteet\\\/suojakuori\\\/#breadcrumb\"},\"inLanguage\":\"fi\",\"potentialAction\":[{\"@type\":\"ReadAction\",\"target\":[\"https:\\\/\\\/ruuvi.com\\\/fi\\\/tuotteet\\\/suojakuori\\\/\"]}]},{\"@type\":\"ImageObject\",\"inLanguage\":\"fi\",\"@id\":\"https:\\\/\\\/ruuvi.com\\\/fi\\\/tuotteet\\\/suojakuori\\\/#primaryimage\",\"url\":\"https:\\\/\\\/ruuvi.com\\\/i\\\/u\\\/tuote-case.jpg\",\"contentUrl\":\"https:\\\/\\\/ruuvi.com\\\/i\\\/u\\\/tuote-case.jpg\",\"width\":2500,\"height\":2500,\"caption\":\"RuuviTag silicone holder 3D view\"},{\"@type\":\"BreadcrumbList\",\"@id\":\"https:\\\/\\\/ruuvi.com\\\/fi\\\/tuotteet\\\/suojakuori\\\/#breadcrumb\",\"itemListElement\":[{\"@type\":\"ListItem\",\"position\":1,\"name\":\"Home\",\"item\":\"https:\\\/\\\/ruuvi.com\\\/fi\\\/\"},{\"@type\":\"ListItem\",\"position\":2,\"name\":\"Kaikki tuotteet\",\"item\":\"https:\\\/\\\/ruuvi.com\\\/fi\\\/tuotteet\\\/\"},{\"@type\":\"ListItem\",\"position\":3,\"name\":\"Suojakuori RuuviTagille\"}]},{\"@type\":\"WebSite\",\"@id\":\"https:\\\/\\\/ruuvi.com\\\/fi\\\/#website\",\"url\":\"https:\\\/\\\/ruuvi.com\\\/fi\\\/\",\"name\":\"Ruuvi\",\"description\":\"Measure Your World\",\"potentialAction\":[],\"inLanguage\":\"fi\"}]}<\/script>\n<!-- \/ Yoast SEO plugin. -->","yoast_head_json":{"title":"Silikoninen kiinnityspidike RuuviTagille - Ruuvi","description":"Korkealaatuisesta silikonista valmistettu lis\u00e4varuste RuuviTagille. Pidike helpottaa anturin kiinnitt\u00e4mist\u00e4 ja suojaa sit\u00e4 iskuilta.","robots":{"index":"noindex","follow":"follow"},"og_locale":"fi_FI","og_type":"article","og_title":"Silikoninen kiinnityspidike RuuviTagille - Ruuvi","og_description":"Korkealaatuisesta silikonista valmistettu lis\u00e4varuste RuuviTagille. Pidike helpottaa anturin kiinnitt\u00e4mist\u00e4 ja suojaa sit\u00e4 iskuilta.","og_url":"https:\/\/ruuvi.com\/fi\/tuotteet\/suojakuori\/","og_site_name":"Ruuvi","article_publisher":"https:\/\/www.facebook.com\/ruuvi.cc","article_modified_time":"2026-04-12T19:20:43+00:00","og_image":[{"width":2500,"height":2500,"url":"https:\/\/ruuvi.com\/i\/u\/tuote-case.jpg","type":"image\/jpeg"}],"twitter_card":"summary_large_image","twitter_site":"@ruuvicom","schema":{"@context":"https:\/\/schema.org","@graph":[{"@type":"WebPage","@id":"https:\/\/ruuvi.com\/fi\/tuotteet\/suojakuori\/","url":"https:\/\/ruuvi.com\/fi\/tuotteet\/suojakuori\/","name":"Silikoninen kiinnityspidike RuuviTagille - Ruuvi","isPartOf":{"@id":"https:\/\/ruuvi.com\/fi\/#website"},"primaryImageOfPage":{"@id":"https:\/\/ruuvi.com\/fi\/tuotteet\/suojakuori\/#primaryimage"},"image":{"@id":"https:\/\/ruuvi.com\/fi\/tuotteet\/suojakuori\/#primaryimage"},"thumbnailUrl":"https:\/\/ruuvi.com\/i\/u\/tuote-case.jpg","datePublished":"2020-12-30T18:01:36+00:00","dateModified":"2026-04-12T19:20:43+00:00","description":"Korkealaatuisesta silikonista valmistettu lis\u00e4varuste RuuviTagille. Pidike helpottaa anturin kiinnitt\u00e4mist\u00e4 ja suojaa sit\u00e4 iskuilta.","breadcrumb":{"@id":"https:\/\/ruuvi.com\/fi\/tuotteet\/suojakuori\/#breadcrumb"},"inLanguage":"fi","potentialAction":[{"@type":"ReadAction","target":["https:\/\/ruuvi.com\/fi\/tuotteet\/suojakuori\/"]}]},{"@type":"ImageObject","inLanguage":"fi","@id":"https:\/\/ruuvi.com\/fi\/tuotteet\/suojakuori\/#primaryimage","url":"https:\/\/ruuvi.com\/i\/u\/tuote-case.jpg","contentUrl":"https:\/\/ruuvi.com\/i\/u\/tuote-case.jpg","width":2500,"height":2500,"caption":"RuuviTag silicone holder 3D view"},{"@type":"BreadcrumbList","@id":"https:\/\/ruuvi.com\/fi\/tuotteet\/suojakuori\/#breadcrumb","itemListElement":[{"@type":"ListItem","position":1,"name":"Home","item":"https:\/\/ruuvi.com\/fi\/"},{"@type":"ListItem","position":2,"name":"Kaikki tuotteet","item":"https:\/\/ruuvi.com\/fi\/tuotteet\/"},{"@type":"ListItem","position":3,"name":"Suojakuori RuuviTagille"}]},{"@type":"WebSite","@id":"https:\/\/ruuvi.com\/fi\/#website","url":"https:\/\/ruuvi.com\/fi\/","name":"Ruuvi","description":"Measure Your World","potentialAction":[],"inLanguage":"fi"}]}},"_links":{"self":[{"href":"https:\/\/ruuvi.com\/fi\/wp-json\/wp\/v2\/product\/25533","targetHints":{"allow":["GET"]}}],"collection":[{"href":"https:\/\/ruuvi.com\/fi\/wp-json\/wp\/v2\/product"}],"about":[{"href":"https:\/\/ruuvi.com\/fi\/wp-json\/wp\/v2\/types\/product"}],"replies":[{"embeddable":true,"href":"https:\/\/ruuvi.com\/fi\/wp-json\/wp\/v2\/comments?post=25533"}],"wp:featuredmedia":[{"embeddable":true,"href":"https:\/\/ruuvi.com\/fi\/wp-json\/wp\/v2\/media\/53945"}],"wp:attachment":[{"href":"https:\/\/ruuvi.com\/fi\/wp-json\/wp\/v2\/media?parent=25533"}],"wp:term":[{"taxonomy":"product_brand","embeddable":true,"href":"https:\/\/ruuvi.com\/fi\/wp-json\/wp\/v2\/product_brand?post=25533"},{"taxonomy":"product_cat","embeddable":true,"href":"https:\/\/ruuvi.com\/fi\/wp-json\/wp\/v2\/product_cat?post=25533"},{"taxonomy":"product_tag","embeddable":true,"href":"https:\/\/ruuvi.com\/fi\/wp-json\/wp\/v2\/product_tag?post=25533"}],"curies":[{"name":"wp","href":"https:\/\/api.w.org\/{rel}","templated":true}]}}