{"id":25538,"date":"2020-12-30T20:18:14","date_gmt":"2020-12-30T18:18:14","guid":{"rendered":"https:\/\/ruuvi.com\/products\/ruuvitag-kehityskitti\/"},"modified":"2025-10-19T14:31:04","modified_gmt":"2025-10-19T11:31:04","slug":"ruuvitag-kehityskitti","status":"publish","type":"product","link":"https:\/\/ruuvi.com\/fi\/tuotteet\/ruuvitag-kehityskitti\/","title":{"rendered":"RuuviTag-kehityskitti"},"excerpt":{"rendered":"<p>Kehityskitti on suunniteltu erityisesti firmware-ohjelmistokehitt\u00e4ji\u00e4 varten. Sen avulla voit helposti flashata uuden firmwaren ja debugata ohjelmaasi SWD-v\u00e4yl\u00e4n (Serial-Wire-Debug) kautta. Voit my\u00f6s kytkeyty\u00e4 kaikkiin RuuviTagin IO-pinneihin, jotka on tuotu saataville levyn pohjaan.<\/p>\n<h3>Paketti sis\u00e4lt\u00e4\u00e4:<\/h3>\n<ul>\n<li>1 x Nordic Semiconductor nRF52-DK -kehitysalusta<\/li>\n<li>1 x Piirilevy, jonka jousipinnit luovat kontaktin RuuviTagiin<\/li>\n<\/ul>\n<h3>Kehityskitin edut<\/h3>\n<ul>\n<li>Voit k\u00e4ytt\u00e4\u00e4 muita kommunikointiprotokollia kuin Bluetooth (esimerkiksi <a href=\"https:\/\/wirepas.com\">Wirepas<\/a>) ja ohjelmoida RuuviTagin muistin uudelleen alusta saakka<\/li>\n<li>Debuggaa ohjelmistoasi SWD-yhteyden avulla (nRF52-DK-alustassa on integroitu <a href=\"https:\/\/segger.com\/\">Segger J-Link<\/a> -ohjelmointilaite)<\/li>\n<li>Luo helposti yhteys kaikkiin RuuviTagin pohjassa oleviin testipisteisiin<\/li>\n<li>Tyhjenn\u00e4 muisti t\u00e4ysin ja ohjelmoi RuuviTagin ohjelmisto uudelleen<\/li>\n<li>Testaa turvallisesti uusia firmware-ohjelmistoja<\/li>\n<li>Kehityskitti antaa RuuviTagille virran, joten paristoa ei tarvita<\/li>\n<\/ul>\n<h3>Tarvitsenko kitin?<\/h3>\n<p>Et tarvitse kehityskitti\u00e4 mik\u00e4li olet tyytyv\u00e4inen RuuviTagien ohjelmontiin langattomasti (ovar-the-air).<\/p>\n<p>Suurimmalle osalle k\u00e4ytt\u00e4jist\u00e4 DFU OTA (Device Firmware Update Over-the-Air) on tarpeeksi. Mik\u00e4li protokollaa tai bootloaderia halutaan vaihtaa, silloin langallinen ohjelmointi on vaatimus.<\/p>\n<p>Huomaathan, ett\u00e4 jos kehit\u00e4t omaa firmwarea paristok\u00e4ytt\u00f6iselle laitteelle, virtamittauksien teko on eritt\u00e4in suositeltavaa. Hyv\u00e4 ty\u00f6kalu virtamittaukseen on <a href=\"https:\/\/www.nordicsemi.com\/Software-and-tools\/Development-Tools\/Power-Profiler-Kit\">Nordic Semiconductor&#8217;s Power Profiler Kit<\/a>, joka on yhteensopiva nRF52-DK -kehityslevyn kanssa.<\/p>\n<p>Lis\u00e4\u00e4 tietoa kitist\u00e4 l\u00f6ytyy <a href=\"https:\/\/lab.ruuvi.com\/devshield\">RuuviLabin tutoriaalista<\/a>.<\/p>\n","protected":false},"featured_media":24061,"comment_status":"closed","ping_status":"closed","template":"","meta":{"_acf_changed":false},"product_brand":[],"product_cat":[78],"product_tag":[],"class_list":{"0":"post-25538","1":"product","2":"type-product","3":"status-publish","4":"has-post-thumbnail","6":"product_cat-paatuotteet","7":"product_shipping_class-muut","9":"first","10":"instock","11":"taxable","12":"shipping-taxable","13":"purchasable","14":"product-type-simple"},"group_of_quantity":0,"min_quantity":0,"max_quantity":"","exclude_order_quantity_value_rules":"no","exclude_category_quantity_rules":"no","combine_variations":"no","acf":[],"yoast_head":"<!-- This site is optimized with the Yoast SEO plugin v27.3 - https:\/\/yoast.com\/product\/yoast-seo-wordpress\/ -->\n<title>Kehityskitti RuuviTag sensoreille - Ruuvi<\/title>\n<meta name=\"description\" content=\"Kehityskitti ohjelmistokehitt\u00e4jille, jotka haluavat ottaa kaiken irti RuuviTageista ja muunnella niiden firmware-ohjelmistoa. RuuviTag-kehityskitill\u00e4 voit ohjelmoida ja debugata.\" \/>\n<meta name=\"robots\" content=\"noindex, follow\" \/>\n<meta property=\"og:locale\" content=\"fi_FI\" \/>\n<meta property=\"og:type\" content=\"article\" \/>\n<meta property=\"og:title\" content=\"Kehityskitti RuuviTag sensoreille - Ruuvi\" \/>\n<meta property=\"og:description\" content=\"Kehityskitti ohjelmistokehitt\u00e4jille, jotka haluavat ottaa kaiken irti RuuviTageista ja muunnella niiden firmware-ohjelmistoa. RuuviTag-kehityskitill\u00e4 voit ohjelmoida ja debugata.\" \/>\n<meta property=\"og:url\" content=\"https:\/\/ruuvi.com\/fi\/tuotteet\/ruuvitag-kehityskitti\/\" \/>\n<meta property=\"og:site_name\" content=\"Ruuvi\" \/>\n<meta property=\"article:publisher\" content=\"https:\/\/www.facebook.com\/ruuvi.cc\" \/>\n<meta property=\"article:modified_time\" content=\"2025-10-19T11:31:04+00:00\" \/>\n<meta property=\"og:image\" content=\"https:\/\/ruuvi.com\/i\/u\/RuuviTag_devshield__nRF52-DK_1-1.jpg\" \/>\n\t<meta property=\"og:image:width\" content=\"2250\" \/>\n\t<meta property=\"og:image:height\" content=\"2250\" \/>\n\t<meta property=\"og:image:type\" content=\"image\/jpeg\" \/>\n<meta name=\"twitter:card\" content=\"summary_large_image\" \/>\n<meta name=\"twitter:site\" content=\"@ruuvicom\" \/>\n<script type=\"application\/ld+json\" class=\"yoast-schema-graph\">{\"@context\":\"https:\\\/\\\/schema.org\",\"@graph\":[{\"@type\":\"WebPage\",\"@id\":\"https:\\\/\\\/ruuvi.com\\\/fi\\\/tuotteet\\\/ruuvitag-kehityskitti\\\/\",\"url\":\"https:\\\/\\\/ruuvi.com\\\/fi\\\/tuotteet\\\/ruuvitag-kehityskitti\\\/\",\"name\":\"Kehityskitti RuuviTag sensoreille - Ruuvi\",\"isPartOf\":{\"@id\":\"https:\\\/\\\/ruuvi.com\\\/fi\\\/#website\"},\"primaryImageOfPage\":{\"@id\":\"https:\\\/\\\/ruuvi.com\\\/fi\\\/tuotteet\\\/ruuvitag-kehityskitti\\\/#primaryimage\"},\"image\":{\"@id\":\"https:\\\/\\\/ruuvi.com\\\/fi\\\/tuotteet\\\/ruuvitag-kehityskitti\\\/#primaryimage\"},\"thumbnailUrl\":\"https:\\\/\\\/ruuvi.com\\\/i\\\/u\\\/RuuviTag_devshield__nRF52-DK_1-1.jpg\",\"datePublished\":\"2020-12-30T18:18:14+00:00\",\"dateModified\":\"2025-10-19T11:31:04+00:00\",\"description\":\"Kehityskitti ohjelmistokehitt\u00e4jille, jotka haluavat ottaa kaiken irti RuuviTageista ja muunnella niiden firmware-ohjelmistoa. RuuviTag-kehityskitill\u00e4 voit ohjelmoida ja debugata.\",\"breadcrumb\":{\"@id\":\"https:\\\/\\\/ruuvi.com\\\/fi\\\/tuotteet\\\/ruuvitag-kehityskitti\\\/#breadcrumb\"},\"inLanguage\":\"fi\",\"potentialAction\":[{\"@type\":\"ReadAction\",\"target\":[\"https:\\\/\\\/ruuvi.com\\\/fi\\\/tuotteet\\\/ruuvitag-kehityskitti\\\/\"]}]},{\"@type\":\"ImageObject\",\"inLanguage\":\"fi\",\"@id\":\"https:\\\/\\\/ruuvi.com\\\/fi\\\/tuotteet\\\/ruuvitag-kehityskitti\\\/#primaryimage\",\"url\":\"https:\\\/\\\/ruuvi.com\\\/i\\\/u\\\/RuuviTag_devshield__nRF52-DK_1-1.jpg\",\"contentUrl\":\"https:\\\/\\\/ruuvi.com\\\/i\\\/u\\\/RuuviTag_devshield__nRF52-DK_1-1.jpg\",\"width\":2250,\"height\":2250,\"caption\":\"RuuviTag Development Kit and nRF52-DK front view 3D\"},{\"@type\":\"BreadcrumbList\",\"@id\":\"https:\\\/\\\/ruuvi.com\\\/fi\\\/tuotteet\\\/ruuvitag-kehityskitti\\\/#breadcrumb\",\"itemListElement\":[{\"@type\":\"ListItem\",\"position\":1,\"name\":\"Home\",\"item\":\"https:\\\/\\\/ruuvi.com\\\/fi\\\/\"},{\"@type\":\"ListItem\",\"position\":2,\"name\":\"Kaikki tuotteet\",\"item\":\"https:\\\/\\\/ruuvi.com\\\/fi\\\/tuotteet\\\/\"},{\"@type\":\"ListItem\",\"position\":3,\"name\":\"RuuviTag-kehityskitti\"}]},{\"@type\":\"WebSite\",\"@id\":\"https:\\\/\\\/ruuvi.com\\\/fi\\\/#website\",\"url\":\"https:\\\/\\\/ruuvi.com\\\/fi\\\/\",\"name\":\"Ruuvi\",\"description\":\"Measure Your World\",\"potentialAction\":[],\"inLanguage\":\"fi\"}]}<\/script>\n<!-- \/ Yoast SEO plugin. -->","yoast_head_json":{"title":"Kehityskitti RuuviTag sensoreille - Ruuvi","description":"Kehityskitti ohjelmistokehitt\u00e4jille, jotka haluavat ottaa kaiken irti RuuviTageista ja muunnella niiden firmware-ohjelmistoa. RuuviTag-kehityskitill\u00e4 voit ohjelmoida ja debugata.","robots":{"index":"noindex","follow":"follow"},"og_locale":"fi_FI","og_type":"article","og_title":"Kehityskitti RuuviTag sensoreille - Ruuvi","og_description":"Kehityskitti ohjelmistokehitt\u00e4jille, jotka haluavat ottaa kaiken irti RuuviTageista ja muunnella niiden firmware-ohjelmistoa. RuuviTag-kehityskitill\u00e4 voit ohjelmoida ja debugata.","og_url":"https:\/\/ruuvi.com\/fi\/tuotteet\/ruuvitag-kehityskitti\/","og_site_name":"Ruuvi","article_publisher":"https:\/\/www.facebook.com\/ruuvi.cc","article_modified_time":"2025-10-19T11:31:04+00:00","og_image":[{"width":2250,"height":2250,"url":"https:\/\/ruuvi.com\/i\/u\/RuuviTag_devshield__nRF52-DK_1-1.jpg","type":"image\/jpeg"}],"twitter_card":"summary_large_image","twitter_site":"@ruuvicom","schema":{"@context":"https:\/\/schema.org","@graph":[{"@type":"WebPage","@id":"https:\/\/ruuvi.com\/fi\/tuotteet\/ruuvitag-kehityskitti\/","url":"https:\/\/ruuvi.com\/fi\/tuotteet\/ruuvitag-kehityskitti\/","name":"Kehityskitti RuuviTag sensoreille - Ruuvi","isPartOf":{"@id":"https:\/\/ruuvi.com\/fi\/#website"},"primaryImageOfPage":{"@id":"https:\/\/ruuvi.com\/fi\/tuotteet\/ruuvitag-kehityskitti\/#primaryimage"},"image":{"@id":"https:\/\/ruuvi.com\/fi\/tuotteet\/ruuvitag-kehityskitti\/#primaryimage"},"thumbnailUrl":"https:\/\/ruuvi.com\/i\/u\/RuuviTag_devshield__nRF52-DK_1-1.jpg","datePublished":"2020-12-30T18:18:14+00:00","dateModified":"2025-10-19T11:31:04+00:00","description":"Kehityskitti ohjelmistokehitt\u00e4jille, jotka haluavat ottaa kaiken irti RuuviTageista ja muunnella niiden firmware-ohjelmistoa. RuuviTag-kehityskitill\u00e4 voit ohjelmoida ja debugata.","breadcrumb":{"@id":"https:\/\/ruuvi.com\/fi\/tuotteet\/ruuvitag-kehityskitti\/#breadcrumb"},"inLanguage":"fi","potentialAction":[{"@type":"ReadAction","target":["https:\/\/ruuvi.com\/fi\/tuotteet\/ruuvitag-kehityskitti\/"]}]},{"@type":"ImageObject","inLanguage":"fi","@id":"https:\/\/ruuvi.com\/fi\/tuotteet\/ruuvitag-kehityskitti\/#primaryimage","url":"https:\/\/ruuvi.com\/i\/u\/RuuviTag_devshield__nRF52-DK_1-1.jpg","contentUrl":"https:\/\/ruuvi.com\/i\/u\/RuuviTag_devshield__nRF52-DK_1-1.jpg","width":2250,"height":2250,"caption":"RuuviTag Development Kit and nRF52-DK front view 3D"},{"@type":"BreadcrumbList","@id":"https:\/\/ruuvi.com\/fi\/tuotteet\/ruuvitag-kehityskitti\/#breadcrumb","itemListElement":[{"@type":"ListItem","position":1,"name":"Home","item":"https:\/\/ruuvi.com\/fi\/"},{"@type":"ListItem","position":2,"name":"Kaikki tuotteet","item":"https:\/\/ruuvi.com\/fi\/tuotteet\/"},{"@type":"ListItem","position":3,"name":"RuuviTag-kehityskitti"}]},{"@type":"WebSite","@id":"https:\/\/ruuvi.com\/fi\/#website","url":"https:\/\/ruuvi.com\/fi\/","name":"Ruuvi","description":"Measure Your World","potentialAction":[],"inLanguage":"fi"}]}},"_links":{"self":[{"href":"https:\/\/ruuvi.com\/fi\/wp-json\/wp\/v2\/product\/25538","targetHints":{"allow":["GET"]}}],"collection":[{"href":"https:\/\/ruuvi.com\/fi\/wp-json\/wp\/v2\/product"}],"about":[{"href":"https:\/\/ruuvi.com\/fi\/wp-json\/wp\/v2\/types\/product"}],"replies":[{"embeddable":true,"href":"https:\/\/ruuvi.com\/fi\/wp-json\/wp\/v2\/comments?post=25538"}],"wp:featuredmedia":[{"embeddable":true,"href":"https:\/\/ruuvi.com\/fi\/wp-json\/wp\/v2\/media\/24061"}],"wp:attachment":[{"href":"https:\/\/ruuvi.com\/fi\/wp-json\/wp\/v2\/media?parent=25538"}],"wp:term":[{"taxonomy":"product_brand","embeddable":true,"href":"https:\/\/ruuvi.com\/fi\/wp-json\/wp\/v2\/product_brand?post=25538"},{"taxonomy":"product_cat","embeddable":true,"href":"https:\/\/ruuvi.com\/fi\/wp-json\/wp\/v2\/product_cat?post=25538"},{"taxonomy":"product_tag","embeddable":true,"href":"https:\/\/ruuvi.com\/fi\/wp-json\/wp\/v2\/product_tag?post=25538"}],"curies":[{"name":"wp","href":"https:\/\/api.w.org\/{rel}","templated":true}]}}