{"id":25543,"date":"2021-01-07T10:45:59","date_gmt":"2021-01-07T08:45:59","guid":{"rendered":"https:\/\/ruuvi.com\/products\/ruuvitag-pro\/"},"modified":"2026-04-30T22:29:17","modified_gmt":"2026-04-30T19:29:17","slug":"ruuvitag-pro","status":"publish","type":"product","link":"https:\/\/ruuvi.com\/fi\/tuotteet\/ruuvitag-pro\/","title":{"rendered":"RuuviTag Pro -anturi"},"excerpt":{"rendered":"<p><b>Suunniteltu ja valmistettu Suomessa. <\/b><b>Veloitukseton toimitus yli 120\u20ac tilaukselle.<\/b><\/p>\n<p>RuuviTag Pro on vaativaan k\u00e4ytt\u00f6\u00f6n suunniteltu IP-luokiteltu langaton anturi, joka mittaa l\u00e4mp\u00f6\u00e4, kosteutta, ilmanpainetta ja liikett\u00e4. RuuviTag Pro perustuu RuuviTagin menestyksekk\u00e4\u00e4seen konseptiin ja tuo lis\u00e4ksi mukanaan useita erinomaisia ominaisuuksia. RuuviTag Pro on markkinoiden kest\u00e4vin avoimen l\u00e4hdekoodin anturi, ja se sopii t\u00e4ydellisesti teollisuuden tarpeisiin sek\u00e4 vaativampiin olosuhteisiin kotik\u00e4yt\u00f6ss\u00e4.<\/p>\n<p>RuuviTag Pro on Bluetooth-anturi, joka mittaa ymp\u00e4rist\u00f6n olosuhteita ja l\u00e4hett\u00e4\u00e4 tiedon suoraan puhelimeesi. Ruuvin Station -mobiilisovelluksen avulla voit lukea reaaliaikaisia mittaustietoja ja tutkia historiagraafeja.  Sovelluksessa voit asettaa h\u00e4lytysrajoja, jotta saat ilmoituksen puhelimeesi, kun olosuhteet mittauskohteessa muuttuvat. Esimerkiksi jos pakastimesi sulaa, makuuhuoneen l\u00e4mp\u00f6tila on liian korkea tai kellarissa on liian kosteaa. K\u00e4ytt\u00f6kohteita antureille on kymmeni\u00e4, ellei jopa satoja.<\/p>\n<h4>RuuviTag Pro vai RuuviTag?<\/h4>\n<p>RuuviTag Pro on kest\u00e4v\u00e4mpi versio RuuviTagista. Molempien toimintaperiaate ja piriilevyn design ovat samoja. RuuviTag Prossa on tarkempi l\u00e4mp\u00f6tila-anturi, kest\u00e4v\u00e4mpi kotelo, parannellut kiinnitysvaihtoehdot ja laajemman k\u00e4ytt\u00f6l\u00e4mp\u00f6tila-alueen mahdollistava paristo. Jos et ole varma, t\u00e4ytt\u00e4\u00e4k\u00f6 perus RuuviTag tarpeesi, etenkin jos aiot k\u00e4ytt\u00e4\u00e4 antureita \u00e4\u00e4riolosuhteissa tai teollisuusymp\u00e4rist\u00f6iss\u00e4, suosittelemme valitsemaan RuuviTag Pron. Lis\u00e4\u00e4 teknisist\u00e4 ominaisuuksista voit lukea alta.    <\/p>\n<h4>K\u00e4ytt\u00f6olosuhteet<\/h4>\n<p><strong>K\u00e4ytt\u00f6l\u00e4mp\u00f6tila (mukana tulevalla paristolla)<\/strong>: -40 \u00b0C to +85 \u00b0C (-40 \u00b0F to 185 \u00b0F).<br \/>\n<strong>Koteloinnin (4in1 ja 3in1) vesitiiveys:<\/strong> IP67, roiskeveden kest\u00e4v\u00e4, ei kondensoiviin olosuhteisiin.<br \/>\n<strong>Koteloinnin (2in1) vesitiiveys:<\/strong> IP68 IP69K, kuuma paineistettu vesisuihku.<br \/>\n<strong>Paristo:<\/strong> Vaihdettavissa oleva CR2477T (sis.).<br \/>\n<strong>Paristonkesto:<\/strong> n. 12-14 kuukautta<br \/>\n<strong>Sertifioinnit:<\/strong> CE, FCC, ISED, TELEC, IFETEL, NOM, RTCA DO-160 category H, RoHS, IC, HVIN, IMDA, OFCA, ICASA, POTRAZ.<br \/>\n<strong>Bluetooth-kantama:<\/strong> 5-20 metri\u00e4 (sis\u00e4ll\u00e4), 20-100 metri\u00e4 (ulkona). Vastaanottavan mobiililaitteen antennin herkkyys, esteet ja sein\u00e4materiaalit vaikuttavat kantamaan. Kuuluvuuden parantamiseksi voit k\u00e4ytt\u00e4\u00e4 Ruuvi Gateway -reititint\u00e4.<\/p>\n<h4>Sovelluksen ominaisuudet<\/h4>\n<p><strong>Ilmainen ja helppo:<\/strong> K\u00e4ytt\u00e4j\u00e4yst\u00e4v\u00e4llinen, ilmainen sovellus, ei vaadi kirjautumista.<br \/>\n<strong>Alustat:<\/strong> Android ja iOS.<br \/>\n<strong>H\u00e4lytykset: <\/strong>Personoitavat (h\u00e4lytysrajat ja viestit) Push-h\u00e4lytykset Bluetoothin kautta<br \/>\n<strong>Tarkat mittaustulokset:<\/strong> Seuraa reaaliaikaisia mittaustuloksia.<br \/>\n<strong>Historiatiedot:<\/strong> Tarkka historiagraafi mittaustiedoista 10 p\u00e4iv\u00e4n ajalta (offline).<br \/>\n<strong>Historian lataus:<\/strong> 10 p\u00e4iv\u00e4n historian export-ominaisuus.<br \/>\n<strong>Koontin\u00e4kym\u00e4:<\/strong> N\u00e4et kaikki anturisi yhdess\u00e4 n\u00e4kym\u00e4ss\u00e4.<br \/>\n<strong>Personoi anturisi:<\/strong> Voit vaihtaa taustakuvaa ja nimet\u00e4 anturin.<br \/>\n<strong>Kielet:<\/strong> Suomi, ruotsi, englanti, ranska ja saksa.<\/p>\n<h4>RuuviTag Pro 4-in-1<\/h4>\n<p><strong>L\u00e4mp\u00f6tila:<\/strong> \u00b0C, \u00b0F, K; tyypillinen tarkkuus \u00b10,1 \u00b0C @ 5-60 \u00b0C (\u00b10.36 \u00b0F @ 41-140 \u00b0F).<br \/>\n<strong>Ilmankosteus:<\/strong> RH-%, g\/m3, kastepiste; tyypillinen tarkkuus \u00b12 RH-% @ 20\u202680 %. Kosteusalue: 0-95 %.<br \/>\n<strong>Ilmanpaine:<\/strong> Pa, hPa, mmHg, inHg; tyypillinen tarkkuus \u00b11 hPa. Painealue: 500-1155 hPa.<br \/>\n<strong>Liike:<\/strong> Liikelaskuri. Laskuri kasvaa, kun kiihtyvyys ylitt\u00e4\u00e4 kynnyksen mill\u00e4 tahansa akselilla.<\/p>\n<h4>RuuviTag Pro 3-in-1<\/h4>\n<p><strong>L\u00e4mp\u00f6tila:<\/strong> \u00b0C, \u00b0F, K; tyypillinen tarkkuus \u00b10,1 \u00b0C @ 5-60 \u00b0C (\u00b10.36 \u00b0F @ 41-140 \u00b0F).<br \/>\n<strong>Ilmankosteus:<\/strong> RH-%, g\/m3, kastepiste; tyypillinen tarkkuus \u00b12 RH-% @ 20\u202680 %. Kosteusalue: 0-95 %.<br \/>\n<strong>Liike:<\/strong> Liikelaskuri. Laskuri kasvaa, kun kiihtyvyys ylitt\u00e4\u00e4 kynnyksen mill\u00e4 tahansa akselilla.<\/p>\n<h4>RuuviTag Pro 2-in-1<\/h4>\n<p><strong>L\u00e4mp\u00f6tila:<\/strong> \u00b0C, \u00b0F, K; tyypillinen tarkkuus \u00b10,1 \u00b0C @ 5-60 \u00b0C (\u00b10.36 \u00b0F @ 41-140 \u00b0F).<br \/>\n<strong>Liike:<\/strong> Liikelaskuri. Laskuri kasvaa, kun kiihtyvyys ylitt\u00e4\u00e4 kynnyksen mill\u00e4 tahansa akselilla.<\/p>\n<h4>Yhteensopivuus<\/h4>\n<p><strong>Integraatiot:<\/strong> Victron Energy, Home Assistant, Homey ym.<br \/>\n<strong>Et\u00e4monitorointi:<\/strong> Kun olet Bluetooth-kantaman ulkopuolella, online-monitorointi on mahdollista Ruuvi Gatewayn ja Ruuvin pilvipalvelun avulla (molemmat myyd\u00e4\u00e4n erikseen).<\/p>\n<h4>Tekniset tiedot<\/h4>\n<p><strong>Datalehti:<\/strong> <a href=\"https:\/\/ruuvi.com\/i\/u\/ruuvitag-tech-spec-2023-04.pdf\">Lataa (pdf)<\/a><br \/>\nLue lis\u00e4\u00e4 teknisist\u00e4 tiedoista alta:<\/p>\n","protected":false},"featured_media":40199,"comment_status":"open","ping_status":"closed","template":"","meta":{"_acf_changed":false},"product_brand":[],"product_cat":[78],"product_tag":[],"class_list":{"0":"post-25543","1":"product","2":"type-product","3":"status-publish","4":"has-post-thumbnail","6":"product_cat-paatuotteet","7":"product_shipping_class-ruuvitag-fi","9":"first","10":"instock","11":"featured","12":"taxable","13":"shipping-taxable","14":"purchasable","15":"product-type-variable"},"group_of_quantity":0,"min_quantity":0,"max_quantity":"","exclude_order_quantity_value_rules":"no","exclude_category_quantity_rules":"no","combine_variations":"no","acf":[],"yoast_head":"<!-- This site is optimized with the Yoast SEO plugin v27.3 - https:\/\/yoast.com\/product\/yoast-seo-wordpress\/ -->\n<title>RuuviTag Pro - Vaativiin olosuhteisiin tarkoitettu Bluetooth-anturi<\/title>\n<meta name=\"description\" content=\"RuuviTag Pro on kest\u00e4v\u00e4 anturi, joka on suunniteltu erityisesti vaativiin olosuhteisiin niin yrityksille kuin yksityisille k\u00e4ytt\u00e4jille. Tarkat anturit mittaavat l\u00e4mp\u00f6tilaa, ilmankosteutta, ilmanpainetta ja liikett\u00e4.\" \/>\n<meta name=\"robots\" content=\"noindex, nofollow\" \/>\n<meta property=\"og:locale\" content=\"fi_FI\" \/>\n<meta property=\"og:type\" content=\"article\" \/>\n<meta property=\"og:title\" content=\"RuuviTag Pro - Vaativiin olosuhteisiin tarkoitettu Bluetooth-anturi\" \/>\n<meta property=\"og:description\" content=\"RuuviTag Pro on kest\u00e4v\u00e4 anturi, joka on suunniteltu erityisesti vaativiin olosuhteisiin niin yrityksille kuin yksityisille k\u00e4ytt\u00e4jille. Tarkat anturit mittaavat l\u00e4mp\u00f6tilaa, ilmankosteutta, ilmanpainetta ja liikett\u00e4.\" \/>\n<meta property=\"og:url\" content=\"https:\/\/ruuvi.com\/fi\/tuotteet\/ruuvitag-pro\/\" \/>\n<meta property=\"og:site_name\" content=\"Ruuvi\" \/>\n<meta property=\"article:publisher\" content=\"https:\/\/www.facebook.com\/ruuvi.cc\" \/>\n<meta property=\"article:modified_time\" content=\"2026-04-30T19:29:17+00:00\" \/>\n<meta property=\"og:image\" content=\"https:\/\/ruuvi.com\/i\/u\/RuuviTag_Industrial_Sensor_Beacon_1.png\" \/>\n<meta name=\"twitter:card\" content=\"summary_large_image\" \/>\n<meta name=\"twitter:title\" content=\"RuuviTag Pro - Vaativiin olosuhteisiin tarkoitettu Bluetooth-anturi\" \/>\n<meta name=\"twitter:description\" content=\"RuuviTag Pro on kest\u00e4v\u00e4 anturi, joka on suunniteltu erityisesti vaativiin olosuhteisiin niin yrityksille kuin yksityisille k\u00e4ytt\u00e4jille. Tarkat anturit mittaavat l\u00e4mp\u00f6tilaa, ilmankosteutta, ilmanpainetta ja liikett\u00e4.\" \/>\n<meta name=\"twitter:image\" content=\"https:\/\/ruuvi.com\/i\/u\/RuuviTag_Industrial_Sensor_Beacon_1.png\" \/>\n<meta name=\"twitter:site\" content=\"@ruuvicom\" \/>\n<script type=\"application\/ld+json\" class=\"yoast-schema-graph\">{\"@context\":\"https:\\\/\\\/schema.org\",\"@graph\":[{\"@type\":\"WebPage\",\"@id\":\"https:\\\/\\\/ruuvi.com\\\/fi\\\/tuotteet\\\/ruuvitag-pro\\\/\",\"url\":\"https:\\\/\\\/ruuvi.com\\\/fi\\\/tuotteet\\\/ruuvitag-pro\\\/\",\"name\":\"RuuviTag Pro - Vaativiin olosuhteisiin tarkoitettu Bluetooth-anturi\",\"isPartOf\":{\"@id\":\"https:\\\/\\\/ruuvi.com\\\/fi\\\/#website\"},\"primaryImageOfPage\":{\"@id\":\"https:\\\/\\\/ruuvi.com\\\/fi\\\/tuotteet\\\/ruuvitag-pro\\\/#primaryimage\"},\"image\":{\"@id\":\"https:\\\/\\\/ruuvi.com\\\/fi\\\/tuotteet\\\/ruuvitag-pro\\\/#primaryimage\"},\"thumbnailUrl\":\"https:\\\/\\\/ruuvi.com\\\/i\\\/u\\\/ruuvitag-pro-product-without-texts.jpg\",\"datePublished\":\"2021-01-07T08:45:59+00:00\",\"dateModified\":\"2026-04-30T19:29:17+00:00\",\"description\":\"RuuviTag Pro on kest\u00e4v\u00e4 anturi, joka on suunniteltu erityisesti vaativiin olosuhteisiin niin yrityksille kuin yksityisille k\u00e4ytt\u00e4jille. Tarkat anturit mittaavat l\u00e4mp\u00f6tilaa, ilmankosteutta, ilmanpainetta ja liikett\u00e4.\",\"breadcrumb\":{\"@id\":\"https:\\\/\\\/ruuvi.com\\\/fi\\\/tuotteet\\\/ruuvitag-pro\\\/#breadcrumb\"},\"inLanguage\":\"fi\",\"potentialAction\":[{\"@type\":\"ReadAction\",\"target\":[\"https:\\\/\\\/ruuvi.com\\\/fi\\\/tuotteet\\\/ruuvitag-pro\\\/\"]}]},{\"@type\":\"ImageObject\",\"inLanguage\":\"fi\",\"@id\":\"https:\\\/\\\/ruuvi.com\\\/fi\\\/tuotteet\\\/ruuvitag-pro\\\/#primaryimage\",\"url\":\"https:\\\/\\\/ruuvi.com\\\/i\\\/u\\\/ruuvitag-pro-product-without-texts.jpg\",\"contentUrl\":\"https:\\\/\\\/ruuvi.com\\\/i\\\/u\\\/ruuvitag-pro-product-without-texts.jpg\",\"width\":2500,\"height\":2500,\"caption\":\"RuuviTag Pro 3in1 measures temperature, air humidity and motion\"},{\"@type\":\"BreadcrumbList\",\"@id\":\"https:\\\/\\\/ruuvi.com\\\/fi\\\/tuotteet\\\/ruuvitag-pro\\\/#breadcrumb\",\"itemListElement\":[{\"@type\":\"ListItem\",\"position\":1,\"name\":\"Home\",\"item\":\"https:\\\/\\\/ruuvi.com\\\/fi\\\/\"},{\"@type\":\"ListItem\",\"position\":2,\"name\":\"Kaikki tuotteet\",\"item\":\"https:\\\/\\\/ruuvi.com\\\/fi\\\/tuotteet\\\/\"},{\"@type\":\"ListItem\",\"position\":3,\"name\":\"RuuviTag Pro -anturi\"}]},{\"@type\":\"WebSite\",\"@id\":\"https:\\\/\\\/ruuvi.com\\\/fi\\\/#website\",\"url\":\"https:\\\/\\\/ruuvi.com\\\/fi\\\/\",\"name\":\"Ruuvi\",\"description\":\"Measure Your World\",\"potentialAction\":[],\"inLanguage\":\"fi\"}]}<\/script>\n<!-- \/ Yoast SEO plugin. -->","yoast_head_json":{"title":"RuuviTag Pro - Vaativiin olosuhteisiin tarkoitettu Bluetooth-anturi","description":"RuuviTag Pro on kest\u00e4v\u00e4 anturi, joka on suunniteltu erityisesti vaativiin olosuhteisiin niin yrityksille kuin yksityisille k\u00e4ytt\u00e4jille. Tarkat anturit mittaavat l\u00e4mp\u00f6tilaa, ilmankosteutta, ilmanpainetta ja liikett\u00e4.","robots":{"index":"noindex","follow":"nofollow"},"og_locale":"fi_FI","og_type":"article","og_title":"RuuviTag Pro - Vaativiin olosuhteisiin tarkoitettu Bluetooth-anturi","og_description":"RuuviTag Pro on kest\u00e4v\u00e4 anturi, joka on suunniteltu erityisesti vaativiin olosuhteisiin niin yrityksille kuin yksityisille k\u00e4ytt\u00e4jille. Tarkat anturit mittaavat l\u00e4mp\u00f6tilaa, ilmankosteutta, ilmanpainetta ja liikett\u00e4.","og_url":"https:\/\/ruuvi.com\/fi\/tuotteet\/ruuvitag-pro\/","og_site_name":"Ruuvi","article_publisher":"https:\/\/www.facebook.com\/ruuvi.cc","article_modified_time":"2026-04-30T19:29:17+00:00","og_image":[{"url":"https:\/\/ruuvi.com\/i\/u\/RuuviTag_Industrial_Sensor_Beacon_1.png","type":"","width":"","height":""}],"twitter_card":"summary_large_image","twitter_title":"RuuviTag Pro - Vaativiin olosuhteisiin tarkoitettu Bluetooth-anturi","twitter_description":"RuuviTag Pro on kest\u00e4v\u00e4 anturi, joka on suunniteltu erityisesti vaativiin olosuhteisiin niin yrityksille kuin yksityisille k\u00e4ytt\u00e4jille. Tarkat anturit mittaavat l\u00e4mp\u00f6tilaa, ilmankosteutta, ilmanpainetta ja liikett\u00e4.","twitter_image":"https:\/\/ruuvi.com\/i\/u\/RuuviTag_Industrial_Sensor_Beacon_1.png","twitter_site":"@ruuvicom","schema":{"@context":"https:\/\/schema.org","@graph":[{"@type":"WebPage","@id":"https:\/\/ruuvi.com\/fi\/tuotteet\/ruuvitag-pro\/","url":"https:\/\/ruuvi.com\/fi\/tuotteet\/ruuvitag-pro\/","name":"RuuviTag Pro - Vaativiin olosuhteisiin tarkoitettu Bluetooth-anturi","isPartOf":{"@id":"https:\/\/ruuvi.com\/fi\/#website"},"primaryImageOfPage":{"@id":"https:\/\/ruuvi.com\/fi\/tuotteet\/ruuvitag-pro\/#primaryimage"},"image":{"@id":"https:\/\/ruuvi.com\/fi\/tuotteet\/ruuvitag-pro\/#primaryimage"},"thumbnailUrl":"https:\/\/ruuvi.com\/i\/u\/ruuvitag-pro-product-without-texts.jpg","datePublished":"2021-01-07T08:45:59+00:00","dateModified":"2026-04-30T19:29:17+00:00","description":"RuuviTag Pro on kest\u00e4v\u00e4 anturi, joka on suunniteltu erityisesti vaativiin olosuhteisiin niin yrityksille kuin yksityisille k\u00e4ytt\u00e4jille. Tarkat anturit mittaavat l\u00e4mp\u00f6tilaa, ilmankosteutta, ilmanpainetta ja liikett\u00e4.","breadcrumb":{"@id":"https:\/\/ruuvi.com\/fi\/tuotteet\/ruuvitag-pro\/#breadcrumb"},"inLanguage":"fi","potentialAction":[{"@type":"ReadAction","target":["https:\/\/ruuvi.com\/fi\/tuotteet\/ruuvitag-pro\/"]}]},{"@type":"ImageObject","inLanguage":"fi","@id":"https:\/\/ruuvi.com\/fi\/tuotteet\/ruuvitag-pro\/#primaryimage","url":"https:\/\/ruuvi.com\/i\/u\/ruuvitag-pro-product-without-texts.jpg","contentUrl":"https:\/\/ruuvi.com\/i\/u\/ruuvitag-pro-product-without-texts.jpg","width":2500,"height":2500,"caption":"RuuviTag Pro 3in1 measures temperature, air humidity and motion"},{"@type":"BreadcrumbList","@id":"https:\/\/ruuvi.com\/fi\/tuotteet\/ruuvitag-pro\/#breadcrumb","itemListElement":[{"@type":"ListItem","position":1,"name":"Home","item":"https:\/\/ruuvi.com\/fi\/"},{"@type":"ListItem","position":2,"name":"Kaikki tuotteet","item":"https:\/\/ruuvi.com\/fi\/tuotteet\/"},{"@type":"ListItem","position":3,"name":"RuuviTag Pro -anturi"}]},{"@type":"WebSite","@id":"https:\/\/ruuvi.com\/fi\/#website","url":"https:\/\/ruuvi.com\/fi\/","name":"Ruuvi","description":"Measure Your World","potentialAction":[],"inLanguage":"fi"}]}},"_links":{"self":[{"href":"https:\/\/ruuvi.com\/fi\/wp-json\/wp\/v2\/product\/25543","targetHints":{"allow":["GET"]}}],"collection":[{"href":"https:\/\/ruuvi.com\/fi\/wp-json\/wp\/v2\/product"}],"about":[{"href":"https:\/\/ruuvi.com\/fi\/wp-json\/wp\/v2\/types\/product"}],"replies":[{"embeddable":true,"href":"https:\/\/ruuvi.com\/fi\/wp-json\/wp\/v2\/comments?post=25543"}],"wp:featuredmedia":[{"embeddable":true,"href":"https:\/\/ruuvi.com\/fi\/wp-json\/wp\/v2\/media\/40199"}],"wp:attachment":[{"href":"https:\/\/ruuvi.com\/fi\/wp-json\/wp\/v2\/media?parent=25543"}],"wp:term":[{"taxonomy":"product_brand","embeddable":true,"href":"https:\/\/ruuvi.com\/fi\/wp-json\/wp\/v2\/product_brand?post=25543"},{"taxonomy":"product_cat","embeddable":true,"href":"https:\/\/ruuvi.com\/fi\/wp-json\/wp\/v2\/product_cat?post=25543"},{"taxonomy":"product_tag","embeddable":true,"href":"https:\/\/ruuvi.com\/fi\/wp-json\/wp\/v2\/product_tag?post=25543"}],"curies":[{"name":"wp","href":"https:\/\/api.w.org\/{rel}","templated":true}]}}