{"id":26336,"date":"2021-05-12T19:57:49","date_gmt":"2021-05-12T16:57:49","guid":{"rendered":"https:\/\/ruuvi.com\/?post_type=product&#038;p=26336"},"modified":"2026-05-05T14:58:40","modified_gmt":"2026-05-05T11:58:40","slug":"gateway","status":"publish","type":"product","link":"https:\/\/ruuvi.com\/fi\/tuotteet\/gateway\/","title":{"rendered":"Ruuvi Gateway -reititin"},"excerpt":{"rendered":"<p><strong>Huom! Jokaisen Ruuvi Gateway -tuotteen mukana toimitetaan 6 kuukauden Ruuvi Cloud Pro -aktivointikoodi. <\/strong>Jos tilaat kaksi Ruuvi Gatewayta, saat Ruuvi Cloud Pro -palvelun 12 kuukauden k\u00e4ytt\u00f6oikeuden.<\/p>\n<p><strong>Ruuvi Gatewayn k\u00e4ytt\u00f6 on ilmaista<\/strong>, etk\u00e4 tarvitse maksullista pilvipalvelua k\u00e4ytt\u00e4\u00e4ksesi perustoimintoja. Pienell\u00e4 kuukausimaksulla (alk. 2,90 \u20ac\/kk) saat k\u00e4ytt\u00f6\u00f6si lis\u00e4ominaisuuksia, kuten s\u00e4hk\u00f6postih\u00e4lytykset ja pitk\u00e4n historian tallennuksen. Lue lis\u00e4\u00e4 vaihtoehdoista alla.<\/p>\n<h4>Mik\u00e4 on Ruuvi Gateway?<\/h4>\n<p>Ruuvi Gatewayn avulla voit seurata Ruuvi-antureitasi et\u00e4n\u00e4 mist\u00e4 p\u00e4in maailmaa tahansa. Yhdist\u00e4 Ruuvi Gateway Internetiin Wi-Fi- (WLAN) tai Ethernet-yhteyden kautta, eik\u00e4 sinun tarvitse en\u00e4\u00e4 koskaan murehtia sit\u00e4, ett\u00e4 olet Bluetooth-kantaman ulkopuolella.<\/p>\n<p>Ruuvi Gateway reititt\u00e4\u00e4 Ruuvin anturien mittaustiedot turvallisesti ja luotettavasti Ruuvin pilveen. Voit tarkastella tietoja pilvess\u00e4 Ruuvi Station -mobiilisovelluksella ja Ruuvi Station -selainsovelluksella.<\/p>\n<p>Ruuvi Gateway on t\u00e4ysin yhteensopiva kaikkien Ruuvin anturien kanssa, sek\u00e4 vanhojen ett\u00e4 uusien. Voit k\u00e4ytt\u00e4\u00e4 yht\u00e4 tai useampaa Ruuvi Gateway -reititint\u00e4 samalla k\u00e4ytt\u00e4j\u00e4tunnuksella. Reitittimien fyysisell\u00e4 sijainnilla ei ole merkityst\u00e4.<\/p>\n<p><strong>Ruuvi Gateway mahdollistaa:<\/strong><\/p>\n<ul>\n<li>Ruuvin anturien et\u00e4valvonta<\/li>\n<li>Parannettu Bluetooth-signaalin kantama<\/li>\n<li>Anturien jakaminen yst\u00e4vien ja perheen kesken<\/li>\n<li>Monipuolinen selaink\u00e4ytt\u00f6liittym\u00e4<\/li>\n<li>K\u00e4tev\u00e4t widgetit<\/li>\n<li>Luotettava yhteys Ethernetin tai WiFin kautta<\/li>\n<li>Ilmainen Pro Cloud -tilaus ensimm\u00e4iset 6 kuukautta (saatavilla my\u00f6s ilmainen palvelu).<\/li>\n<li>Pidemm\u00e4t historiatiedot Ruuvi Cloudissa (jopa 2 vuotta Pro- tai sit\u00e4 korkeammassa palvelussa).<\/li>\n<li>Luotettavat h\u00e4lytykset suoraan postilaatikkoosi (kun k\u00e4yt\u00e4t Pro- tai korkeampaa palvelua).<\/li>\n<li>Mahdollisuus konfiguroida oma palvelin (HTTP\/MQTT)<\/li>\n<li>Avoimen l\u00e4hdekoodin ohjelmistot<\/li>\n<\/ul>\n<p><strong>Paketti sis\u00e4lt\u00e4\u00e4:<\/strong><br \/>\nRuuvi Gateway, Ethernet-kaapeli, virtal\u00e4hde, USB-C-kaapeli, kiinnitysruuvit, k\u00e4ytt\u00f6opas, Ruuvi Cloud Pro -aktivointikoodi (6 kuukautta).<\/p>\n","protected":false},"featured_media":39964,"comment_status":"open","ping_status":"closed","template":"","meta":{"_acf_changed":false},"product_brand":[],"product_cat":[78],"product_tag":[],"class_list":{"0":"post-26336","1":"product","2":"type-product","3":"status-publish","4":"has-post-thumbnail","6":"product_cat-paatuotteet","7":"product_shipping_class-gateway-fi-2","9":"first","10":"instock","11":"featured","12":"taxable","13":"shipping-taxable","14":"purchasable","15":"product-type-simple"},"group_of_quantity":0,"min_quantity":0,"max_quantity":"","exclude_order_quantity_value_rules":"no","exclude_category_quantity_rules":"no","combine_variations":"no","acf":[],"yoast_head":"<!-- This site is optimized with the Yoast SEO plugin v27.5 - https:\/\/yoast.com\/product\/yoast-seo-wordpress\/ -->\n<title>Ruuvi Gateway - Langaton IoT-reititin<\/title>\n<meta name=\"description\" content=\"Ruuvi Gateway: K\u00e4yt\u00e4 Ruuvi-antureitasi et\u00e4n\u00e4. Wi-Fi\/Ethernet-yhteys, turvallinen pilvireititys. Tehokas langaton IoT-yhdysk\u00e4yt\u00e4v\u00e4.\" \/>\n<meta name=\"robots\" content=\"noindex, nofollow\" \/>\n<meta property=\"og:locale\" content=\"fi_FI\" \/>\n<meta property=\"og:type\" content=\"article\" \/>\n<meta property=\"og:title\" content=\"Ruuvi Gateway anturidatan reititt\u00e4miseen\" \/>\n<meta property=\"og:description\" content=\"Ruuvi Gateway: K\u00e4yt\u00e4 Ruuvi-antureitasi et\u00e4n\u00e4. Wi-Fi\/Ethernet-yhteys, turvallinen pilvireititys. Tehokas langaton IoT-yhdysk\u00e4yt\u00e4v\u00e4.\" \/>\n<meta property=\"og:url\" content=\"https:\/\/ruuvi.com\/fi\/tuotteet\/gateway\/\" \/>\n<meta property=\"og:site_name\" content=\"Ruuvi\" \/>\n<meta property=\"article:publisher\" content=\"https:\/\/www.facebook.com\/ruuvi.cc\" \/>\n<meta property=\"article:modified_time\" content=\"2026-05-05T11:58:40+00:00\" \/>\n<meta property=\"og:image\" content=\"https:\/\/ruuvi.com\/i\/u\/GW.jpg\" \/>\n<meta name=\"twitter:card\" content=\"summary_large_image\" \/>\n<meta name=\"twitter:title\" content=\"Ruuvi Gateway anturidatan reititt\u00e4miseen\" \/>\n<meta name=\"twitter:description\" content=\"Ruuvi Gateway: K\u00e4yt\u00e4 Ruuvi-antureitasi et\u00e4n\u00e4. Wi-Fi\/Ethernet-yhteys, turvallinen pilvireititys. Tehokas langaton IoT-yhdysk\u00e4yt\u00e4v\u00e4.\" \/>\n<meta name=\"twitter:image\" content=\"https:\/\/ruuvi.com\/i\/u\/GW.jpg\" \/>\n<meta name=\"twitter:site\" content=\"@ruuvicom\" \/>\n<meta name=\"twitter:label1\" content=\"Arvioitu lukuaika\" \/>\n\t<meta name=\"twitter:data1\" content=\"1 minuutti\" \/>\n<script type=\"application\/ld+json\" class=\"yoast-schema-graph\">{\"@context\":\"https:\\\/\\\/schema.org\",\"@graph\":[{\"@type\":\"WebPage\",\"@id\":\"https:\\\/\\\/ruuvi.com\\\/fi\\\/tuotteet\\\/gateway\\\/\",\"url\":\"https:\\\/\\\/ruuvi.com\\\/fi\\\/tuotteet\\\/gateway\\\/\",\"name\":\"Ruuvi Gateway - Langaton IoT-reititin\",\"isPartOf\":{\"@id\":\"https:\\\/\\\/ruuvi.com\\\/fi\\\/#website\"},\"primaryImageOfPage\":{\"@id\":\"https:\\\/\\\/ruuvi.com\\\/fi\\\/tuotteet\\\/gateway\\\/#primaryimage\"},\"image\":{\"@id\":\"https:\\\/\\\/ruuvi.com\\\/fi\\\/tuotteet\\\/gateway\\\/#primaryimage\"},\"thumbnailUrl\":\"https:\\\/\\\/ruuvi.com\\\/i\\\/u\\\/Ruuvi-Gateway-2500-1.jpg\",\"datePublished\":\"2021-05-12T16:57:49+00:00\",\"dateModified\":\"2026-05-05T11:58:40+00:00\",\"description\":\"Ruuvi Gateway: K\u00e4yt\u00e4 Ruuvi-antureitasi et\u00e4n\u00e4. Wi-Fi\\\/Ethernet-yhteys, turvallinen pilvireititys. Tehokas langaton IoT-yhdysk\u00e4yt\u00e4v\u00e4.\",\"breadcrumb\":{\"@id\":\"https:\\\/\\\/ruuvi.com\\\/fi\\\/tuotteet\\\/gateway\\\/#breadcrumb\"},\"inLanguage\":\"fi\",\"potentialAction\":[{\"@type\":\"ReadAction\",\"target\":[\"https:\\\/\\\/ruuvi.com\\\/fi\\\/tuotteet\\\/gateway\\\/\"]}]},{\"@type\":\"ImageObject\",\"inLanguage\":\"fi\",\"@id\":\"https:\\\/\\\/ruuvi.com\\\/fi\\\/tuotteet\\\/gateway\\\/#primaryimage\",\"url\":\"https:\\\/\\\/ruuvi.com\\\/i\\\/u\\\/Ruuvi-Gateway-2500-1.jpg\",\"contentUrl\":\"https:\\\/\\\/ruuvi.com\\\/i\\\/u\\\/Ruuvi-Gateway-2500-1.jpg\",\"width\":2500,\"height\":2500,\"caption\":\"Ruuvi Gateway\"},{\"@type\":\"BreadcrumbList\",\"@id\":\"https:\\\/\\\/ruuvi.com\\\/fi\\\/tuotteet\\\/gateway\\\/#breadcrumb\",\"itemListElement\":[{\"@type\":\"ListItem\",\"position\":1,\"name\":\"Home\",\"item\":\"https:\\\/\\\/ruuvi.com\\\/fi\\\/\"},{\"@type\":\"ListItem\",\"position\":2,\"name\":\"Kaikki tuotteet\",\"item\":\"https:\\\/\\\/ruuvi.com\\\/fi\\\/tuotteet\\\/\"},{\"@type\":\"ListItem\",\"position\":3,\"name\":\"Ruuvi Gateway -reititin\"}]},{\"@type\":\"WebSite\",\"@id\":\"https:\\\/\\\/ruuvi.com\\\/fi\\\/#website\",\"url\":\"https:\\\/\\\/ruuvi.com\\\/fi\\\/\",\"name\":\"Ruuvi\",\"description\":\"Measure Your World\",\"potentialAction\":[],\"inLanguage\":\"fi\"}]}<\/script>\n<!-- \/ Yoast SEO plugin. -->","yoast_head_json":{"title":"Ruuvi Gateway - Langaton IoT-reititin","description":"Ruuvi Gateway: K\u00e4yt\u00e4 Ruuvi-antureitasi et\u00e4n\u00e4. Wi-Fi\/Ethernet-yhteys, turvallinen pilvireititys. Tehokas langaton IoT-yhdysk\u00e4yt\u00e4v\u00e4.","robots":{"index":"noindex","follow":"nofollow"},"og_locale":"fi_FI","og_type":"article","og_title":"Ruuvi Gateway anturidatan reititt\u00e4miseen","og_description":"Ruuvi Gateway: K\u00e4yt\u00e4 Ruuvi-antureitasi et\u00e4n\u00e4. Wi-Fi\/Ethernet-yhteys, turvallinen pilvireititys. Tehokas langaton IoT-yhdysk\u00e4yt\u00e4v\u00e4.","og_url":"https:\/\/ruuvi.com\/fi\/tuotteet\/gateway\/","og_site_name":"Ruuvi","article_publisher":"https:\/\/www.facebook.com\/ruuvi.cc","article_modified_time":"2026-05-05T11:58:40+00:00","og_image":[{"url":"https:\/\/ruuvi.com\/i\/u\/GW.jpg","type":"","width":"","height":""}],"twitter_card":"summary_large_image","twitter_title":"Ruuvi Gateway anturidatan reititt\u00e4miseen","twitter_description":"Ruuvi Gateway: K\u00e4yt\u00e4 Ruuvi-antureitasi et\u00e4n\u00e4. Wi-Fi\/Ethernet-yhteys, turvallinen pilvireititys. Tehokas langaton IoT-yhdysk\u00e4yt\u00e4v\u00e4.","twitter_image":"https:\/\/ruuvi.com\/i\/u\/GW.jpg","twitter_site":"@ruuvicom","twitter_misc":{"Arvioitu lukuaika":"1 minuutti"},"schema":{"@context":"https:\/\/schema.org","@graph":[{"@type":"WebPage","@id":"https:\/\/ruuvi.com\/fi\/tuotteet\/gateway\/","url":"https:\/\/ruuvi.com\/fi\/tuotteet\/gateway\/","name":"Ruuvi Gateway - Langaton IoT-reititin","isPartOf":{"@id":"https:\/\/ruuvi.com\/fi\/#website"},"primaryImageOfPage":{"@id":"https:\/\/ruuvi.com\/fi\/tuotteet\/gateway\/#primaryimage"},"image":{"@id":"https:\/\/ruuvi.com\/fi\/tuotteet\/gateway\/#primaryimage"},"thumbnailUrl":"https:\/\/ruuvi.com\/i\/u\/Ruuvi-Gateway-2500-1.jpg","datePublished":"2021-05-12T16:57:49+00:00","dateModified":"2026-05-05T11:58:40+00:00","description":"Ruuvi Gateway: K\u00e4yt\u00e4 Ruuvi-antureitasi et\u00e4n\u00e4. Wi-Fi\/Ethernet-yhteys, turvallinen pilvireititys. Tehokas langaton IoT-yhdysk\u00e4yt\u00e4v\u00e4.","breadcrumb":{"@id":"https:\/\/ruuvi.com\/fi\/tuotteet\/gateway\/#breadcrumb"},"inLanguage":"fi","potentialAction":[{"@type":"ReadAction","target":["https:\/\/ruuvi.com\/fi\/tuotteet\/gateway\/"]}]},{"@type":"ImageObject","inLanguage":"fi","@id":"https:\/\/ruuvi.com\/fi\/tuotteet\/gateway\/#primaryimage","url":"https:\/\/ruuvi.com\/i\/u\/Ruuvi-Gateway-2500-1.jpg","contentUrl":"https:\/\/ruuvi.com\/i\/u\/Ruuvi-Gateway-2500-1.jpg","width":2500,"height":2500,"caption":"Ruuvi Gateway"},{"@type":"BreadcrumbList","@id":"https:\/\/ruuvi.com\/fi\/tuotteet\/gateway\/#breadcrumb","itemListElement":[{"@type":"ListItem","position":1,"name":"Home","item":"https:\/\/ruuvi.com\/fi\/"},{"@type":"ListItem","position":2,"name":"Kaikki tuotteet","item":"https:\/\/ruuvi.com\/fi\/tuotteet\/"},{"@type":"ListItem","position":3,"name":"Ruuvi Gateway -reititin"}]},{"@type":"WebSite","@id":"https:\/\/ruuvi.com\/fi\/#website","url":"https:\/\/ruuvi.com\/fi\/","name":"Ruuvi","description":"Measure Your World","potentialAction":[],"inLanguage":"fi"}]}},"_links":{"self":[{"href":"https:\/\/ruuvi.com\/fi\/wp-json\/wp\/v2\/product\/26336","targetHints":{"allow":["GET"]}}],"collection":[{"href":"https:\/\/ruuvi.com\/fi\/wp-json\/wp\/v2\/product"}],"about":[{"href":"https:\/\/ruuvi.com\/fi\/wp-json\/wp\/v2\/types\/product"}],"replies":[{"embeddable":true,"href":"https:\/\/ruuvi.com\/fi\/wp-json\/wp\/v2\/comments?post=26336"}],"wp:featuredmedia":[{"embeddable":true,"href":"https:\/\/ruuvi.com\/fi\/wp-json\/wp\/v2\/media\/39964"}],"wp:attachment":[{"href":"https:\/\/ruuvi.com\/fi\/wp-json\/wp\/v2\/media?parent=26336"}],"wp:term":[{"taxonomy":"product_brand","embeddable":true,"href":"https:\/\/ruuvi.com\/fi\/wp-json\/wp\/v2\/product_brand?post=26336"},{"taxonomy":"product_cat","embeddable":true,"href":"https:\/\/ruuvi.com\/fi\/wp-json\/wp\/v2\/product_cat?post=26336"},{"taxonomy":"product_tag","embeddable":true,"href":"https:\/\/ruuvi.com\/fi\/wp-json\/wp\/v2\/product_tag?post=26336"}],"curies":[{"name":"wp","href":"https:\/\/api.w.org\/{rel}","templated":true}]}}