{"id":28906,"date":"2021-08-04T17:56:56","date_gmt":"2021-08-04T14:56:56","guid":{"rendered":"https:\/\/ruuvi.com\/?post_type=product&#038;p=28906"},"modified":"2026-05-01T09:46:39","modified_gmt":"2026-05-01T06:46:39","slug":"kiinnitysteippi","status":"publish","type":"product","link":"https:\/\/ruuvi.com\/fi\/tuotteet\/kiinnitysteippi\/","title":{"rendered":"2-puolinen 3M VHB -kiinnitysteippi RuuviTagille"},"excerpt":{"rendered":"<p>Korkealaatuinen 3M VHB -vaahtomuoviteippi RuuviTagin kiinnitt\u00e4miseen tasaiselle pinnalle.<\/p>\n<p>3M VHB -vaahtomuoviteippi on yksi markkinoden laadukkaimmista teipeist\u00e4 ja sit\u00e4 k\u00e4ytet\u00e4\u00e4n laajasti erilaisissa k\u00e4ytt\u00f6kohteissa.<\/p>\n<p><strong>Myyd\u00e4\u00e4n yksitellen.<\/strong> 1 tuote = yksi kaksipuolinen kiinnitysteippi.<\/p>\n","protected":false},"featured_media":29730,"comment_status":"closed","ping_status":"closed","template":"","meta":{"_acf_changed":false},"product_brand":[],"product_cat":[79],"product_tag":[],"class_list":{"0":"post-28906","1":"product","2":"type-product","3":"status-publish","4":"has-post-thumbnail","6":"product_cat-ruuvitag-lisavarusteet","7":"product_shipping_class-muut","9":"first","10":"instock","11":"taxable","12":"shipping-taxable","13":"purchasable","14":"product-type-simple"},"group_of_quantity":0,"min_quantity":0,"max_quantity":"","exclude_order_quantity_value_rules":"no","exclude_category_quantity_rules":"no","combine_variations":"no","acf":[],"yoast_head":"<!-- This site is optimized with the Yoast SEO plugin v27.3 - https:\/\/yoast.com\/product\/yoast-seo-wordpress\/ -->\n<title>RuuviTag 2-sided 3M VHB adhesive tape - Ruuvi<\/title>\n<meta name=\"description\" content=\"Lis\u00e4varuste. RuuviTagille tarkoitettu laadukas 2-puolinen asennusteippi. Teipin materiaali on 3M:n korkealaatuista VHB-vaahtomuoviteippi\u00e4. RuuviTag voidaan kiinnitt\u00e4 teipin avulla erilaisille pinnoille.\" \/>\n<meta name=\"robots\" content=\"noindex, follow\" \/>\n<meta property=\"og:locale\" content=\"fi_FI\" \/>\n<meta property=\"og:type\" content=\"article\" \/>\n<meta property=\"og:title\" content=\"RuuviTag 2-sided 3M VHB adhesive tape - Ruuvi\" \/>\n<meta property=\"og:description\" content=\"Lis\u00e4varuste. RuuviTagille tarkoitettu laadukas 2-puolinen asennusteippi. Teipin materiaali on 3M:n korkealaatuista VHB-vaahtomuoviteippi\u00e4. RuuviTag voidaan kiinnitt\u00e4 teipin avulla erilaisille pinnoille.\" \/>\n<meta property=\"og:url\" content=\"https:\/\/ruuvi.com\/fi\/tuotteet\/kiinnitysteippi\/\" \/>\n<meta property=\"og:site_name\" content=\"Ruuvi\" \/>\n<meta property=\"article:publisher\" content=\"https:\/\/www.facebook.com\/ruuvi.cc\" \/>\n<meta property=\"article:modified_time\" content=\"2026-05-01T06:46:39+00:00\" \/>\n<meta property=\"og:image\" content=\"https:\/\/ruuvi.com\/i\/u\/3m-adhesive-4-scaled.jpg\" \/>\n\t<meta property=\"og:image:width\" content=\"2560\" \/>\n\t<meta property=\"og:image:height\" content=\"2560\" \/>\n\t<meta property=\"og:image:type\" content=\"image\/jpeg\" \/>\n<meta name=\"twitter:card\" content=\"summary_large_image\" \/>\n<meta name=\"twitter:site\" content=\"@ruuvicom\" \/>\n<script type=\"application\/ld+json\" class=\"yoast-schema-graph\">{\"@context\":\"https:\\\/\\\/schema.org\",\"@graph\":[{\"@type\":\"WebPage\",\"@id\":\"https:\\\/\\\/ruuvi.com\\\/fi\\\/tuotteet\\\/kiinnitysteippi\\\/\",\"url\":\"https:\\\/\\\/ruuvi.com\\\/fi\\\/tuotteet\\\/kiinnitysteippi\\\/\",\"name\":\"RuuviTag 2-sided 3M VHB adhesive tape - Ruuvi\",\"isPartOf\":{\"@id\":\"https:\\\/\\\/ruuvi.com\\\/fi\\\/#website\"},\"primaryImageOfPage\":{\"@id\":\"https:\\\/\\\/ruuvi.com\\\/fi\\\/tuotteet\\\/kiinnitysteippi\\\/#primaryimage\"},\"image\":{\"@id\":\"https:\\\/\\\/ruuvi.com\\\/fi\\\/tuotteet\\\/kiinnitysteippi\\\/#primaryimage\"},\"thumbnailUrl\":\"https:\\\/\\\/ruuvi.com\\\/i\\\/u\\\/3m-adhesive-4-scaled.jpg\",\"datePublished\":\"2021-08-04T14:56:56+00:00\",\"dateModified\":\"2026-05-01T06:46:39+00:00\",\"description\":\"Lis\u00e4varuste. RuuviTagille tarkoitettu laadukas 2-puolinen asennusteippi. Teipin materiaali on 3M:n korkealaatuista VHB-vaahtomuoviteippi\u00e4. RuuviTag voidaan kiinnitt\u00e4 teipin avulla erilaisille pinnoille.\",\"breadcrumb\":{\"@id\":\"https:\\\/\\\/ruuvi.com\\\/fi\\\/tuotteet\\\/kiinnitysteippi\\\/#breadcrumb\"},\"inLanguage\":\"fi\",\"potentialAction\":[{\"@type\":\"ReadAction\",\"target\":[\"https:\\\/\\\/ruuvi.com\\\/fi\\\/tuotteet\\\/kiinnitysteippi\\\/\"]}]},{\"@type\":\"ImageObject\",\"inLanguage\":\"fi\",\"@id\":\"https:\\\/\\\/ruuvi.com\\\/fi\\\/tuotteet\\\/kiinnitysteippi\\\/#primaryimage\",\"url\":\"https:\\\/\\\/ruuvi.com\\\/i\\\/u\\\/3m-adhesive-4-scaled.jpg\",\"contentUrl\":\"https:\\\/\\\/ruuvi.com\\\/i\\\/u\\\/3m-adhesive-4-scaled.jpg\",\"width\":2560,\"height\":2560,\"caption\":\"Adhesive tape can be used to attach Ruuvitags to different places\"},{\"@type\":\"BreadcrumbList\",\"@id\":\"https:\\\/\\\/ruuvi.com\\\/fi\\\/tuotteet\\\/kiinnitysteippi\\\/#breadcrumb\",\"itemListElement\":[{\"@type\":\"ListItem\",\"position\":1,\"name\":\"Home\",\"item\":\"https:\\\/\\\/ruuvi.com\\\/fi\\\/\"},{\"@type\":\"ListItem\",\"position\":2,\"name\":\"Kaikki tuotteet\",\"item\":\"https:\\\/\\\/ruuvi.com\\\/fi\\\/tuotteet\\\/\"},{\"@type\":\"ListItem\",\"position\":3,\"name\":\"2-puolinen 3M VHB -kiinnitysteippi RuuviTagille\"}]},{\"@type\":\"WebSite\",\"@id\":\"https:\\\/\\\/ruuvi.com\\\/fi\\\/#website\",\"url\":\"https:\\\/\\\/ruuvi.com\\\/fi\\\/\",\"name\":\"Ruuvi\",\"description\":\"Measure Your World\",\"potentialAction\":[],\"inLanguage\":\"fi\"}]}<\/script>\n<!-- \/ Yoast SEO plugin. -->","yoast_head_json":{"title":"RuuviTag 2-sided 3M VHB adhesive tape - Ruuvi","description":"Lis\u00e4varuste. RuuviTagille tarkoitettu laadukas 2-puolinen asennusteippi. Teipin materiaali on 3M:n korkealaatuista VHB-vaahtomuoviteippi\u00e4. RuuviTag voidaan kiinnitt\u00e4 teipin avulla erilaisille pinnoille.","robots":{"index":"noindex","follow":"follow"},"og_locale":"fi_FI","og_type":"article","og_title":"RuuviTag 2-sided 3M VHB adhesive tape - Ruuvi","og_description":"Lis\u00e4varuste. RuuviTagille tarkoitettu laadukas 2-puolinen asennusteippi. Teipin materiaali on 3M:n korkealaatuista VHB-vaahtomuoviteippi\u00e4. RuuviTag voidaan kiinnitt\u00e4 teipin avulla erilaisille pinnoille.","og_url":"https:\/\/ruuvi.com\/fi\/tuotteet\/kiinnitysteippi\/","og_site_name":"Ruuvi","article_publisher":"https:\/\/www.facebook.com\/ruuvi.cc","article_modified_time":"2026-05-01T06:46:39+00:00","og_image":[{"width":2560,"height":2560,"url":"https:\/\/ruuvi.com\/i\/u\/3m-adhesive-4-scaled.jpg","type":"image\/jpeg"}],"twitter_card":"summary_large_image","twitter_site":"@ruuvicom","schema":{"@context":"https:\/\/schema.org","@graph":[{"@type":"WebPage","@id":"https:\/\/ruuvi.com\/fi\/tuotteet\/kiinnitysteippi\/","url":"https:\/\/ruuvi.com\/fi\/tuotteet\/kiinnitysteippi\/","name":"RuuviTag 2-sided 3M VHB adhesive tape - Ruuvi","isPartOf":{"@id":"https:\/\/ruuvi.com\/fi\/#website"},"primaryImageOfPage":{"@id":"https:\/\/ruuvi.com\/fi\/tuotteet\/kiinnitysteippi\/#primaryimage"},"image":{"@id":"https:\/\/ruuvi.com\/fi\/tuotteet\/kiinnitysteippi\/#primaryimage"},"thumbnailUrl":"https:\/\/ruuvi.com\/i\/u\/3m-adhesive-4-scaled.jpg","datePublished":"2021-08-04T14:56:56+00:00","dateModified":"2026-05-01T06:46:39+00:00","description":"Lis\u00e4varuste. RuuviTagille tarkoitettu laadukas 2-puolinen asennusteippi. Teipin materiaali on 3M:n korkealaatuista VHB-vaahtomuoviteippi\u00e4. RuuviTag voidaan kiinnitt\u00e4 teipin avulla erilaisille pinnoille.","breadcrumb":{"@id":"https:\/\/ruuvi.com\/fi\/tuotteet\/kiinnitysteippi\/#breadcrumb"},"inLanguage":"fi","potentialAction":[{"@type":"ReadAction","target":["https:\/\/ruuvi.com\/fi\/tuotteet\/kiinnitysteippi\/"]}]},{"@type":"ImageObject","inLanguage":"fi","@id":"https:\/\/ruuvi.com\/fi\/tuotteet\/kiinnitysteippi\/#primaryimage","url":"https:\/\/ruuvi.com\/i\/u\/3m-adhesive-4-scaled.jpg","contentUrl":"https:\/\/ruuvi.com\/i\/u\/3m-adhesive-4-scaled.jpg","width":2560,"height":2560,"caption":"Adhesive tape can be used to attach Ruuvitags to different places"},{"@type":"BreadcrumbList","@id":"https:\/\/ruuvi.com\/fi\/tuotteet\/kiinnitysteippi\/#breadcrumb","itemListElement":[{"@type":"ListItem","position":1,"name":"Home","item":"https:\/\/ruuvi.com\/fi\/"},{"@type":"ListItem","position":2,"name":"Kaikki tuotteet","item":"https:\/\/ruuvi.com\/fi\/tuotteet\/"},{"@type":"ListItem","position":3,"name":"2-puolinen 3M VHB -kiinnitysteippi RuuviTagille"}]},{"@type":"WebSite","@id":"https:\/\/ruuvi.com\/fi\/#website","url":"https:\/\/ruuvi.com\/fi\/","name":"Ruuvi","description":"Measure Your World","potentialAction":[],"inLanguage":"fi"}]}},"_links":{"self":[{"href":"https:\/\/ruuvi.com\/fi\/wp-json\/wp\/v2\/product\/28906","targetHints":{"allow":["GET"]}}],"collection":[{"href":"https:\/\/ruuvi.com\/fi\/wp-json\/wp\/v2\/product"}],"about":[{"href":"https:\/\/ruuvi.com\/fi\/wp-json\/wp\/v2\/types\/product"}],"replies":[{"embeddable":true,"href":"https:\/\/ruuvi.com\/fi\/wp-json\/wp\/v2\/comments?post=28906"}],"wp:featuredmedia":[{"embeddable":true,"href":"https:\/\/ruuvi.com\/fi\/wp-json\/wp\/v2\/media\/29730"}],"wp:attachment":[{"href":"https:\/\/ruuvi.com\/fi\/wp-json\/wp\/v2\/media?parent=28906"}],"wp:term":[{"taxonomy":"product_brand","embeddable":true,"href":"https:\/\/ruuvi.com\/fi\/wp-json\/wp\/v2\/product_brand?post=28906"},{"taxonomy":"product_cat","embeddable":true,"href":"https:\/\/ruuvi.com\/fi\/wp-json\/wp\/v2\/product_cat?post=28906"},{"taxonomy":"product_tag","embeddable":true,"href":"https:\/\/ruuvi.com\/fi\/wp-json\/wp\/v2\/product_tag?post=28906"}],"curies":[{"name":"wp","href":"https:\/\/api.w.org\/{rel}","templated":true}]}}