{"id":33974,"date":"2021-12-14T11:19:34","date_gmt":"2021-12-14T09:19:34","guid":{"rendered":"https:\/\/ruuvi.com\/products\/ruuvi-kit\/"},"modified":"2026-03-09T08:16:20","modified_gmt":"2026-03-09T06:16:20","slug":"kit","status":"publish","type":"product","link":"https:\/\/ruuvi.com\/fi\/tuotteet\/kit\/","title":{"rendered":"Ruuvi Kit -mittauspaketti"},"excerpt":{"rendered":"<p><span style=\"color: #ff8d00;\"><strong>Jokaisen Ruuvi Gateway -tuotteen mukana toimitetaan 6 kuukauden Ruuvi Cloud Pro -aktivointikoodi.<\/strong> Jos tilaat kaksi Ruuvi Gateway -reititint\u00e4, saatte 12 kuukauden ajaksi Ruuvi Cloud Pro -palvelun veloituksetta k\u00e4ytt\u00f6\u00f6n.<\/span><\/p>\n<p>Ruuvi Kit on t\u00e4ydellinen ja nopeasti k\u00e4ytt\u00f6\u00f6notettava mittauspaketti jokaiseen kotiin. Se sis\u00e4lt\u00e4\u00e4 kolme laadukasta langatonta ymp\u00e4rist\u00f6anturia, Ethernet\/Wi-Fi-reitittimen, joka l\u00e4hett\u00e4\u00e4 anturien tiedot pilveen ja mukavan setin lis\u00e4tarvikkeita laitteiden asianmukaiseen kiinnitykseen.<\/p>\n<p>Et\u00e4seurattavat anturit ja niiden luotettavat s\u00e4hk\u00f6postih\u00e4lytykset helpottavat arkea ja tekev\u00e4t kodin mittaamisesta mielenkiintoista ja hauskaa. Ruuvin antureita on kehuttu eritt\u00e4in helppok\u00e4ytt\u00f6isiksi: &#8221;asennus onnistuu jokaiselta ja ne yksinkertaisesti vain toimii\u201d.<\/p>\n<p><strong>Anturit<\/strong><br \/>\n<a href=\"https:\/\/ruuvi.com\/fi\/ruuvitag\/\">RuuviTag-anturi 4in1<\/a> (l\u00e4mp\u00f6tila, ilmankosteus, ilmanpaine, liike) x 2<br \/>\n<a href=\"https:\/\/ruuvi.com\/fi\/ruuvitag-pro\/\">RuuviTag Pro -anturi 3in1<\/a> (l\u00e4mp\u00f6tila, ilmankosteus, liike)<\/p>\n<p><strong>Reititin<\/strong><br \/>\n<a href=\"https:\/\/ruuvi.com\/fi\/gateway\/\">Ruuvi Gateway -reititin<\/a><\/p>\n<p><strong>Lis\u00e4tarvikkeet<\/strong><br \/>\n<a href=\"https:\/\/ruuvi.com\/fi\/tuotteet\/suojakuori\">Suojakuori RuuviTagille<\/a> x 2<br \/>\n<a href=\"https:\/\/ruuvi.com\/fi\/tuotteet\/jalusta\">Jalusta RuuviTagille<\/a> x 2<br \/>\n<a href=\"https:\/\/ruuvi.com\/fi\/tuotteet\/kangaspussukka\/\">Kangaspussukka RuuviTagille<\/a> x 2<br \/>\n<a href=\"https:\/\/ruuvi.com\/fi\/tuotteet\/kiinnitysteippi\/\">2-puoleinen 3M VHB -kiinnitysteippi RuuviTagille<\/a> x 2<br \/>\nMuistivihko (ei myynniss\u00e4 erikseen)<\/p>\n<p><strong>Pilvipalvelu<\/strong><br \/>\nRuuvi Cloud Basic -liittym\u00e4 alkaen 2,90\u20ac\/kuukausi ja Pro 4,90 \u20ac\/kuukausi. <a href=\"https:\/\/cloud.ruuvi.com\/fi\/\">Lue lis\u00e4\u00e4<\/a><br \/>\n(Toimii my\u00f6s ilmaisella perusliittym\u00e4ll\u00e4.)<\/p>\n<p><strong>Sovellukset<\/strong><br \/>\nRuuvi Station -mobiilisovellus ja kattava selaink\u00e4ytt\u00f6liittym\u00e4.<\/p>\n<p><strong>Sis\u00e4lt\u00e4\u00e4 my\u00f6s<\/strong><br \/>\nEthernet-kaapeli, virtal\u00e4hde, virtajohto (USB-C), kiinnitysruuvit, nippusiteet ja k\u00e4ytt\u00f6ohjeet.<\/p>\n","protected":false},"featured_media":33962,"comment_status":"open","ping_status":"closed","template":"","meta":{"_acf_changed":false},"product_brand":[],"product_cat":[78],"product_tag":[],"class_list":{"0":"post-33974","1":"product","2":"type-product","3":"status-publish","4":"has-post-thumbnail","6":"product_cat-paatuotteet","8":"first","9":"instock","10":"taxable","11":"shipping-taxable","12":"purchasable","13":"product-type-simple"},"group_of_quantity":0,"min_quantity":0,"max_quantity":"","exclude_order_quantity_value_rules":"no","exclude_category_quantity_rules":"no","combine_variations":"no","acf":[],"yoast_head":"<!-- This site is optimized with the Yoast SEO plugin v27.3 - https:\/\/yoast.com\/product\/yoast-seo-wordpress\/ -->\n<title>\u00c4lykk\u00e4iden langattomien antureiden aloituspakkaus - Ruuvi<\/title>\n<meta name=\"description\" content=\"Ruuvi Kit on t\u00e4ydellinen ja nopeasti k\u00e4ytt\u00f6\u00f6notettava mittauspaketti jokaiseen kotiin. Se sis\u00e4lt\u00e4\u00e4 kolme anturia, reitittimen ja useita lis\u00e4varusteita.\" \/>\n<meta name=\"robots\" content=\"index, follow, max-snippet:-1, max-image-preview:large, max-video-preview:-1\" \/>\n<link rel=\"canonical\" href=\"https:\/\/ruuvi.com\/fi\/tuotteet\/kit\/\" \/>\n<meta property=\"og:locale\" content=\"fi_FI\" \/>\n<meta property=\"og:type\" content=\"article\" \/>\n<meta property=\"og:title\" content=\"Miten Victron-integraatio kasvattaa Ruuvin mittalaitteiden k\u00e4ytt\u00f6mahdollisuuksia?\" \/>\n<meta property=\"og:description\" content=\"Ruuvi Kit on t\u00e4ydellinen ja nopeasti k\u00e4ytt\u00f6\u00f6notettava mittauspaketti jokaiseen kotiin. Se sis\u00e4lt\u00e4\u00e4 kolme anturia, reitittimen ja useita lis\u00e4varusteita.\" \/>\n<meta property=\"og:url\" content=\"https:\/\/ruuvi.com\/fi\/tuotteet\/kit\/\" \/>\n<meta property=\"og:site_name\" content=\"Ruuvi\" \/>\n<meta property=\"article:publisher\" content=\"https:\/\/www.facebook.com\/ruuvi.cc\" \/>\n<meta property=\"article:modified_time\" content=\"2026-03-09T06:16:20+00:00\" \/>\n<meta property=\"og:image\" content=\"https:\/\/ruuvi.com\/i\/u\/ruuvi-kit-2-1.jpg\" \/>\n<meta name=\"twitter:card\" content=\"summary_large_image\" \/>\n<meta name=\"twitter:title\" content=\"Miten Victron-integraatio kasvattaa Ruuvin mittalaitteiden k\u00e4ytt\u00f6mahdollisuuksia?\" \/>\n<meta name=\"twitter:description\" content=\"Ruuvi Kit on t\u00e4ydellinen ja nopeasti k\u00e4ytt\u00f6\u00f6notettava mittauspaketti jokaiseen kotiin. Se sis\u00e4lt\u00e4\u00e4 kolme anturia, reitittimen ja useita lis\u00e4varusteita.\" \/>\n<meta name=\"twitter:image\" content=\"https:\/\/ruuvi.com\/i\/u\/ruuvi-kit-2-1.jpg\" \/>\n<meta name=\"twitter:site\" content=\"@ruuvicom\" \/>\n<script type=\"application\/ld+json\" class=\"yoast-schema-graph\">{\"@context\":\"https:\\\/\\\/schema.org\",\"@graph\":[{\"@type\":\"WebPage\",\"@id\":\"https:\\\/\\\/ruuvi.com\\\/fi\\\/tuotteet\\\/kit\\\/\",\"url\":\"https:\\\/\\\/ruuvi.com\\\/fi\\\/tuotteet\\\/kit\\\/\",\"name\":\"\u00c4lykk\u00e4iden langattomien antureiden aloituspakkaus - Ruuvi\",\"isPartOf\":{\"@id\":\"https:\\\/\\\/ruuvi.com\\\/fi\\\/#website\"},\"primaryImageOfPage\":{\"@id\":\"https:\\\/\\\/ruuvi.com\\\/fi\\\/tuotteet\\\/kit\\\/#primaryimage\"},\"image\":{\"@id\":\"https:\\\/\\\/ruuvi.com\\\/fi\\\/tuotteet\\\/kit\\\/#primaryimage\"},\"thumbnailUrl\":\"https:\\\/\\\/ruuvi.com\\\/i\\\/u\\\/ruuvi-kit-2-1.jpg\",\"datePublished\":\"2021-12-14T09:19:34+00:00\",\"dateModified\":\"2026-03-09T06:16:20+00:00\",\"description\":\"Ruuvi Kit on t\u00e4ydellinen ja nopeasti k\u00e4ytt\u00f6\u00f6notettava mittauspaketti jokaiseen kotiin. Se sis\u00e4lt\u00e4\u00e4 kolme anturia, reitittimen ja useita lis\u00e4varusteita.\",\"breadcrumb\":{\"@id\":\"https:\\\/\\\/ruuvi.com\\\/fi\\\/tuotteet\\\/kit\\\/#breadcrumb\"},\"inLanguage\":\"fi\",\"potentialAction\":[{\"@type\":\"ReadAction\",\"target\":[\"https:\\\/\\\/ruuvi.com\\\/fi\\\/tuotteet\\\/kit\\\/\"]}]},{\"@type\":\"ImageObject\",\"inLanguage\":\"fi\",\"@id\":\"https:\\\/\\\/ruuvi.com\\\/fi\\\/tuotteet\\\/kit\\\/#primaryimage\",\"url\":\"https:\\\/\\\/ruuvi.com\\\/i\\\/u\\\/ruuvi-kit-2-1.jpg\",\"contentUrl\":\"https:\\\/\\\/ruuvi.com\\\/i\\\/u\\\/ruuvi-kit-2-1.jpg\",\"width\":1376,\"height\":1377,\"caption\":\"Ruuvi Kit\"},{\"@type\":\"BreadcrumbList\",\"@id\":\"https:\\\/\\\/ruuvi.com\\\/fi\\\/tuotteet\\\/kit\\\/#breadcrumb\",\"itemListElement\":[{\"@type\":\"ListItem\",\"position\":1,\"name\":\"Home\",\"item\":\"https:\\\/\\\/ruuvi.com\\\/fi\\\/\"},{\"@type\":\"ListItem\",\"position\":2,\"name\":\"Kaikki tuotteet\",\"item\":\"https:\\\/\\\/ruuvi.com\\\/fi\\\/tuotteet\\\/\"},{\"@type\":\"ListItem\",\"position\":3,\"name\":\"Ruuvi Kit -mittauspaketti\"}]},{\"@type\":\"WebSite\",\"@id\":\"https:\\\/\\\/ruuvi.com\\\/fi\\\/#website\",\"url\":\"https:\\\/\\\/ruuvi.com\\\/fi\\\/\",\"name\":\"Ruuvi\",\"description\":\"Measure Your World\",\"potentialAction\":[],\"inLanguage\":\"fi\"}]}<\/script>\n<!-- \/ Yoast SEO plugin. -->","yoast_head_json":{"title":"\u00c4lykk\u00e4iden langattomien antureiden aloituspakkaus - Ruuvi","description":"Ruuvi Kit on t\u00e4ydellinen ja nopeasti k\u00e4ytt\u00f6\u00f6notettava mittauspaketti jokaiseen kotiin. Se sis\u00e4lt\u00e4\u00e4 kolme anturia, reitittimen ja useita lis\u00e4varusteita.","robots":{"index":"index","follow":"follow","max-snippet":"max-snippet:-1","max-image-preview":"max-image-preview:large","max-video-preview":"max-video-preview:-1"},"canonical":"https:\/\/ruuvi.com\/fi\/tuotteet\/kit\/","og_locale":"fi_FI","og_type":"article","og_title":"Miten Victron-integraatio kasvattaa Ruuvin mittalaitteiden k\u00e4ytt\u00f6mahdollisuuksia?","og_description":"Ruuvi Kit on t\u00e4ydellinen ja nopeasti k\u00e4ytt\u00f6\u00f6notettava mittauspaketti jokaiseen kotiin. Se sis\u00e4lt\u00e4\u00e4 kolme anturia, reitittimen ja useita lis\u00e4varusteita.","og_url":"https:\/\/ruuvi.com\/fi\/tuotteet\/kit\/","og_site_name":"Ruuvi","article_publisher":"https:\/\/www.facebook.com\/ruuvi.cc","article_modified_time":"2026-03-09T06:16:20+00:00","og_image":[{"url":"https:\/\/ruuvi.com\/i\/u\/ruuvi-kit-2-1.jpg","type":"","width":"","height":""}],"twitter_card":"summary_large_image","twitter_title":"Miten Victron-integraatio kasvattaa Ruuvin mittalaitteiden k\u00e4ytt\u00f6mahdollisuuksia?","twitter_description":"Ruuvi Kit on t\u00e4ydellinen ja nopeasti k\u00e4ytt\u00f6\u00f6notettava mittauspaketti jokaiseen kotiin. Se sis\u00e4lt\u00e4\u00e4 kolme anturia, reitittimen ja useita lis\u00e4varusteita.","twitter_image":"https:\/\/ruuvi.com\/i\/u\/ruuvi-kit-2-1.jpg","twitter_site":"@ruuvicom","schema":{"@context":"https:\/\/schema.org","@graph":[{"@type":"WebPage","@id":"https:\/\/ruuvi.com\/fi\/tuotteet\/kit\/","url":"https:\/\/ruuvi.com\/fi\/tuotteet\/kit\/","name":"\u00c4lykk\u00e4iden langattomien antureiden aloituspakkaus - Ruuvi","isPartOf":{"@id":"https:\/\/ruuvi.com\/fi\/#website"},"primaryImageOfPage":{"@id":"https:\/\/ruuvi.com\/fi\/tuotteet\/kit\/#primaryimage"},"image":{"@id":"https:\/\/ruuvi.com\/fi\/tuotteet\/kit\/#primaryimage"},"thumbnailUrl":"https:\/\/ruuvi.com\/i\/u\/ruuvi-kit-2-1.jpg","datePublished":"2021-12-14T09:19:34+00:00","dateModified":"2026-03-09T06:16:20+00:00","description":"Ruuvi Kit on t\u00e4ydellinen ja nopeasti k\u00e4ytt\u00f6\u00f6notettava mittauspaketti jokaiseen kotiin. Se sis\u00e4lt\u00e4\u00e4 kolme anturia, reitittimen ja useita lis\u00e4varusteita.","breadcrumb":{"@id":"https:\/\/ruuvi.com\/fi\/tuotteet\/kit\/#breadcrumb"},"inLanguage":"fi","potentialAction":[{"@type":"ReadAction","target":["https:\/\/ruuvi.com\/fi\/tuotteet\/kit\/"]}]},{"@type":"ImageObject","inLanguage":"fi","@id":"https:\/\/ruuvi.com\/fi\/tuotteet\/kit\/#primaryimage","url":"https:\/\/ruuvi.com\/i\/u\/ruuvi-kit-2-1.jpg","contentUrl":"https:\/\/ruuvi.com\/i\/u\/ruuvi-kit-2-1.jpg","width":1376,"height":1377,"caption":"Ruuvi Kit"},{"@type":"BreadcrumbList","@id":"https:\/\/ruuvi.com\/fi\/tuotteet\/kit\/#breadcrumb","itemListElement":[{"@type":"ListItem","position":1,"name":"Home","item":"https:\/\/ruuvi.com\/fi\/"},{"@type":"ListItem","position":2,"name":"Kaikki tuotteet","item":"https:\/\/ruuvi.com\/fi\/tuotteet\/"},{"@type":"ListItem","position":3,"name":"Ruuvi Kit -mittauspaketti"}]},{"@type":"WebSite","@id":"https:\/\/ruuvi.com\/fi\/#website","url":"https:\/\/ruuvi.com\/fi\/","name":"Ruuvi","description":"Measure Your World","potentialAction":[],"inLanguage":"fi"}]}},"_links":{"self":[{"href":"https:\/\/ruuvi.com\/fi\/wp-json\/wp\/v2\/product\/33974","targetHints":{"allow":["GET"]}}],"collection":[{"href":"https:\/\/ruuvi.com\/fi\/wp-json\/wp\/v2\/product"}],"about":[{"href":"https:\/\/ruuvi.com\/fi\/wp-json\/wp\/v2\/types\/product"}],"replies":[{"embeddable":true,"href":"https:\/\/ruuvi.com\/fi\/wp-json\/wp\/v2\/comments?post=33974"}],"wp:featuredmedia":[{"embeddable":true,"href":"https:\/\/ruuvi.com\/fi\/wp-json\/wp\/v2\/media\/33962"}],"wp:attachment":[{"href":"https:\/\/ruuvi.com\/fi\/wp-json\/wp\/v2\/media?parent=33974"}],"wp:term":[{"taxonomy":"product_brand","embeddable":true,"href":"https:\/\/ruuvi.com\/fi\/wp-json\/wp\/v2\/product_brand?post=33974"},{"taxonomy":"product_cat","embeddable":true,"href":"https:\/\/ruuvi.com\/fi\/wp-json\/wp\/v2\/product_cat?post=33974"},{"taxonomy":"product_tag","embeddable":true,"href":"https:\/\/ruuvi.com\/fi\/wp-json\/wp\/v2\/product_tag?post=33974"}],"curies":[{"name":"wp","href":"https:\/\/api.w.org\/{rel}","templated":true}]}}