{"id":51483,"date":"2023-01-12T17:01:24","date_gmt":"2023-01-12T15:01:24","guid":{"rendered":"https:\/\/ruuvi.com\/products\/ruuvi-connector-kit\/"},"modified":"2025-11-30T23:17:40","modified_gmt":"2025-11-30T21:17:40","slug":"ruuvi-connector-kit","status":"publish","type":"product","link":"https:\/\/ruuvi.com\/fi\/tuotteet\/ruuvi-connector-kit\/","title":{"rendered":"Ruuvi Connector -kitti"},"excerpt":{"rendered":"<p>Ruuvi Connector on standardisoitu Ruuvi-tuotteissa k\u00e4ytetty liitin- ja kaapelityyppi, joka mahdollistaa monipuolisen protoilun Ruuvin tuotteilla. <strong>RuuviTag Pro -tuotteet ja Ruuvi Gateway sis\u00e4lt\u00e4v\u00e4t yhteensopivat liittimet.<\/strong> Huomaa, ett\u00e4 tavalliset valkoiset RuuviTag-tuotteet eiv\u00e4t sis\u00e4ll\u00e4 Ruuvi Connector -liittimi\u00e4!<\/p>\n<p>Ruuvi Connector -kaapeleissa on 8 johdinta (6 signaalia + VDD + GND). T\u00e4m\u00e4 mahdollistaa ei ainoastaan yksinkertaisten I2C-anturien mutta my\u00f6s nopeampien SPI-anturien kytkemisen.<\/p>\n<p>Ruuvi Connectorin avulla voit:<\/p>\n<ol>\n<li>Yhdist\u00e4 yhteensopivia ulkoisia levyj\u00e4 ja antureita Ruuvi-tuotteisiisi<\/li>\n<li>Suunnittele omia laajennuslevyj\u00e4 ja kytke ne Ruuvi-tuotteisiisi<\/li>\n<li>Sy\u00f6t\u00e4 Ruuvi-tuotteillesi s\u00e4hk\u00f6\u00e4 ulkoisesta l\u00e4hteest\u00e4 Ruuvi Connector -liittimen kautta<\/li>\n<\/ol>\n<h3>Paketti sis\u00e4lt\u00e4\u00e4:<\/h3>\n<ul>\n<li>2 x Ruuvi Connector -piirilevy\u00e4<\/li>\n<li>2 x 100mm pitk\u00e4\u00e4 mustaa ohutta lattakaapelia<\/li>\n<li>2 x 250mm pitk\u00e4\u00e4 mustaa ohutta lattakaapelia<\/li>\n<li>2 x 500mm pitk\u00e4\u00e4 mustaa ohutta lattakaapelia<\/li>\n<\/ul>\n<p>Huomaa, ett\u00e4 t\u00e4m\u00e4 tuote on tarkoitettu <strong>protoiluun<\/strong> Ruuvin tuotteiden kanssa. Vain RuuviTag Pro -tuotteet ja Ruuvi Gateway sis\u00e4lt\u00e4v\u00e4t sopivat liittimet.<\/p>\n<p>Tuotteen toimituspaketti ei sis\u00e4ll\u00e4 ohjekirjaa tai muita opasteita Ruuvi Connectorin k\u00e4ytt\u00f6\u00f6n Vain fyysiset yll\u00e4 luetellut osat sis\u00e4ltyv\u00e4t toimitukseen. Vaatii laiteohjelmiston muokkaamista.<\/p>\n<p>Lukeaksesi lis\u00e4\u00e4 Ruuvi Connector -j\u00e4rjestelm\u00e4st\u00e4, vieraile <a href=\"https:\/\/f.ruuvi.com\/t\/ruuvi-connector-system\/3618\">forumillamme.<\/a><\/p>\n<p>Lis\u00e4\u00e4 aiheeseen liittyvi\u00e4 l\u00e4hteit\u00e4:<\/p>\n<ul>\n<li><a href=\"https:\/\/github.com\/ruuvi\/connector\">Ruuvi Connector repository<\/a><\/li>\n<li><a href=\"https:\/\/github.com\/ruuvi\/ruuvitag_hw\">RuuviTag schematic<\/a><\/li>\n<li><a href=\"https:\/\/github.com\/ruuvi\/ruuvi.firmware.c\">RuuviTag firmware<\/a><\/li>\n<li><a href=\"https:\/\/github.com\/ruuvi\/gateway_hw\">Ruuvi Gateway schematic<\/a><\/li>\n<li><a href=\"https:\/\/github.com\/ruuvi\/ruuvi.gateway_esp.c\">Ruuvi Gateway firmware<\/a><\/li>\n<\/ul>\n","protected":false},"featured_media":51389,"comment_status":"closed","ping_status":"closed","template":"","meta":{"_acf_changed":false},"product_brand":[],"product_cat":[79],"product_tag":[],"class_list":{"0":"post-51483","1":"product","2":"type-product","3":"status-publish","4":"has-post-thumbnail","6":"product_cat-ruuvitag-lisavarusteet","7":"product_shipping_class-muut","9":"first","10":"instock","11":"taxable","12":"shipping-taxable","13":"purchasable","14":"product-type-simple"},"group_of_quantity":0,"min_quantity":0,"max_quantity":"","exclude_order_quantity_value_rules":"no","exclude_category_quantity_rules":"no","combine_variations":"no","acf":[],"yoast_head":"<!-- This site is optimized with the Yoast SEO plugin v27.3 - https:\/\/yoast.com\/product\/yoast-seo-wordpress\/ -->\n<title>Ruuvi Connector -kitti - Ruuvi<\/title>\n<meta name=\"description\" content=\"Protoiluun tarkoitettu ohuella kaapelilla Ruuvi-tuotteisiin kytkett\u00e4v\u00e4 breakout-piirilevy, joka mahdollistaa ulkoisten anturien k\u00e4yt\u00f6n tai muiden kytkent\u00f6jen teon.\" \/>\n<meta name=\"robots\" content=\"index, follow, max-snippet:-1, max-image-preview:large, max-video-preview:-1\" \/>\n<link rel=\"canonical\" href=\"https:\/\/ruuvi.com\/fi\/tuotteet\/ruuvi-connector-kit\/\" \/>\n<meta property=\"og:locale\" content=\"fi_FI\" \/>\n<meta property=\"og:type\" content=\"article\" \/>\n<meta property=\"og:title\" content=\"Ruuvi Ruuvi Connector Kit\" \/>\n<meta property=\"og:description\" content=\"Protoiluun tarkoitettu ohuella kaapelilla Ruuvi-tuotteisiin kytkett\u00e4v\u00e4 breakout-piirilevy, joka mahdollistaa ulkoisten anturien k\u00e4yt\u00f6n tai muiden kytkent\u00f6jen teon.\" \/>\n<meta property=\"og:url\" content=\"https:\/\/ruuvi.com\/fi\/tuotteet\/ruuvi-connector-kit\/\" \/>\n<meta property=\"og:site_name\" content=\"Ruuvi\" \/>\n<meta property=\"article:publisher\" content=\"https:\/\/www.facebook.com\/ruuvi.cc\" \/>\n<meta property=\"article:modified_time\" content=\"2025-11-30T21:17:40+00:00\" \/>\n<meta property=\"og:image\" content=\"https:\/\/ruuvi.com\/i\/u\/breakout-front-450x450.jpg\" \/>\n<meta name=\"twitter:card\" content=\"summary_large_image\" \/>\n<meta name=\"twitter:title\" content=\"Ruuvi Connector -kitti\" \/>\n<meta name=\"twitter:description\" content=\"Protoiluun tarkoitettu ohuella kaapelilla Ruuvi-tuotteisiin kytkett\u00e4v\u00e4 breakout-piirilevy, joka mahdollistaa ulkoisten anturien k\u00e4yt\u00f6n tai muiden kytkent\u00f6jen teon.\" \/>\n<meta name=\"twitter:image\" content=\"https:\/\/ruuvi.com\/i\/u\/breakout-front-1024x1024.jpg\" \/>\n<meta name=\"twitter:site\" content=\"@ruuvicom\" \/>\n<script type=\"application\/ld+json\" class=\"yoast-schema-graph\">{\"@context\":\"https:\\\/\\\/schema.org\",\"@graph\":[{\"@type\":\"WebPage\",\"@id\":\"https:\\\/\\\/ruuvi.com\\\/fi\\\/tuotteet\\\/ruuvi-connector-kit\\\/\",\"url\":\"https:\\\/\\\/ruuvi.com\\\/fi\\\/tuotteet\\\/ruuvi-connector-kit\\\/\",\"name\":\"Ruuvi Connector -kitti - Ruuvi\",\"isPartOf\":{\"@id\":\"https:\\\/\\\/ruuvi.com\\\/fi\\\/#website\"},\"primaryImageOfPage\":{\"@id\":\"https:\\\/\\\/ruuvi.com\\\/fi\\\/tuotteet\\\/ruuvi-connector-kit\\\/#primaryimage\"},\"image\":{\"@id\":\"https:\\\/\\\/ruuvi.com\\\/fi\\\/tuotteet\\\/ruuvi-connector-kit\\\/#primaryimage\"},\"thumbnailUrl\":\"https:\\\/\\\/ruuvi.com\\\/i\\\/u\\\/breakout-front.jpg\",\"datePublished\":\"2023-01-12T15:01:24+00:00\",\"dateModified\":\"2025-11-30T21:17:40+00:00\",\"description\":\"Protoiluun tarkoitettu ohuella kaapelilla Ruuvi-tuotteisiin kytkett\u00e4v\u00e4 breakout-piirilevy, joka mahdollistaa ulkoisten anturien k\u00e4yt\u00f6n tai muiden kytkent\u00f6jen teon.\",\"breadcrumb\":{\"@id\":\"https:\\\/\\\/ruuvi.com\\\/fi\\\/tuotteet\\\/ruuvi-connector-kit\\\/#breadcrumb\"},\"inLanguage\":\"fi\",\"potentialAction\":[{\"@type\":\"ReadAction\",\"target\":[\"https:\\\/\\\/ruuvi.com\\\/fi\\\/tuotteet\\\/ruuvi-connector-kit\\\/\"]}]},{\"@type\":\"ImageObject\",\"inLanguage\":\"fi\",\"@id\":\"https:\\\/\\\/ruuvi.com\\\/fi\\\/tuotteet\\\/ruuvi-connector-kit\\\/#primaryimage\",\"url\":\"https:\\\/\\\/ruuvi.com\\\/i\\\/u\\\/breakout-front.jpg\",\"contentUrl\":\"https:\\\/\\\/ruuvi.com\\\/i\\\/u\\\/breakout-front.jpg\",\"width\":1641,\"height\":1641,\"caption\":\"Ruuvi Connector Kit 2\"},{\"@type\":\"BreadcrumbList\",\"@id\":\"https:\\\/\\\/ruuvi.com\\\/fi\\\/tuotteet\\\/ruuvi-connector-kit\\\/#breadcrumb\",\"itemListElement\":[{\"@type\":\"ListItem\",\"position\":1,\"name\":\"Home\",\"item\":\"https:\\\/\\\/ruuvi.com\\\/fi\\\/\"},{\"@type\":\"ListItem\",\"position\":2,\"name\":\"Kaikki tuotteet\",\"item\":\"https:\\\/\\\/ruuvi.com\\\/fi\\\/tuotteet\\\/\"},{\"@type\":\"ListItem\",\"position\":3,\"name\":\"Ruuvi Connector -kitti\"}]},{\"@type\":\"WebSite\",\"@id\":\"https:\\\/\\\/ruuvi.com\\\/fi\\\/#website\",\"url\":\"https:\\\/\\\/ruuvi.com\\\/fi\\\/\",\"name\":\"Ruuvi\",\"description\":\"Measure Your World\",\"potentialAction\":[],\"inLanguage\":\"fi\"}]}<\/script>\n<!-- \/ Yoast SEO plugin. -->","yoast_head_json":{"title":"Ruuvi Connector -kitti - Ruuvi","description":"Protoiluun tarkoitettu ohuella kaapelilla Ruuvi-tuotteisiin kytkett\u00e4v\u00e4 breakout-piirilevy, joka mahdollistaa ulkoisten anturien k\u00e4yt\u00f6n tai muiden kytkent\u00f6jen teon.","robots":{"index":"index","follow":"follow","max-snippet":"max-snippet:-1","max-image-preview":"max-image-preview:large","max-video-preview":"max-video-preview:-1"},"canonical":"https:\/\/ruuvi.com\/fi\/tuotteet\/ruuvi-connector-kit\/","og_locale":"fi_FI","og_type":"article","og_title":"Ruuvi Ruuvi Connector Kit","og_description":"Protoiluun tarkoitettu ohuella kaapelilla Ruuvi-tuotteisiin kytkett\u00e4v\u00e4 breakout-piirilevy, joka mahdollistaa ulkoisten anturien k\u00e4yt\u00f6n tai muiden kytkent\u00f6jen teon.","og_url":"https:\/\/ruuvi.com\/fi\/tuotteet\/ruuvi-connector-kit\/","og_site_name":"Ruuvi","article_publisher":"https:\/\/www.facebook.com\/ruuvi.cc","article_modified_time":"2025-11-30T21:17:40+00:00","og_image":[{"url":"https:\/\/ruuvi.com\/i\/u\/breakout-front-450x450.jpg","type":"","width":"","height":""}],"twitter_card":"summary_large_image","twitter_title":"Ruuvi Connector -kitti","twitter_description":"Protoiluun tarkoitettu ohuella kaapelilla Ruuvi-tuotteisiin kytkett\u00e4v\u00e4 breakout-piirilevy, joka mahdollistaa ulkoisten anturien k\u00e4yt\u00f6n tai muiden kytkent\u00f6jen teon.","twitter_image":"https:\/\/ruuvi.com\/i\/u\/breakout-front-1024x1024.jpg","twitter_site":"@ruuvicom","schema":{"@context":"https:\/\/schema.org","@graph":[{"@type":"WebPage","@id":"https:\/\/ruuvi.com\/fi\/tuotteet\/ruuvi-connector-kit\/","url":"https:\/\/ruuvi.com\/fi\/tuotteet\/ruuvi-connector-kit\/","name":"Ruuvi Connector -kitti - Ruuvi","isPartOf":{"@id":"https:\/\/ruuvi.com\/fi\/#website"},"primaryImageOfPage":{"@id":"https:\/\/ruuvi.com\/fi\/tuotteet\/ruuvi-connector-kit\/#primaryimage"},"image":{"@id":"https:\/\/ruuvi.com\/fi\/tuotteet\/ruuvi-connector-kit\/#primaryimage"},"thumbnailUrl":"https:\/\/ruuvi.com\/i\/u\/breakout-front.jpg","datePublished":"2023-01-12T15:01:24+00:00","dateModified":"2025-11-30T21:17:40+00:00","description":"Protoiluun tarkoitettu ohuella kaapelilla Ruuvi-tuotteisiin kytkett\u00e4v\u00e4 breakout-piirilevy, joka mahdollistaa ulkoisten anturien k\u00e4yt\u00f6n tai muiden kytkent\u00f6jen teon.","breadcrumb":{"@id":"https:\/\/ruuvi.com\/fi\/tuotteet\/ruuvi-connector-kit\/#breadcrumb"},"inLanguage":"fi","potentialAction":[{"@type":"ReadAction","target":["https:\/\/ruuvi.com\/fi\/tuotteet\/ruuvi-connector-kit\/"]}]},{"@type":"ImageObject","inLanguage":"fi","@id":"https:\/\/ruuvi.com\/fi\/tuotteet\/ruuvi-connector-kit\/#primaryimage","url":"https:\/\/ruuvi.com\/i\/u\/breakout-front.jpg","contentUrl":"https:\/\/ruuvi.com\/i\/u\/breakout-front.jpg","width":1641,"height":1641,"caption":"Ruuvi Connector Kit 2"},{"@type":"BreadcrumbList","@id":"https:\/\/ruuvi.com\/fi\/tuotteet\/ruuvi-connector-kit\/#breadcrumb","itemListElement":[{"@type":"ListItem","position":1,"name":"Home","item":"https:\/\/ruuvi.com\/fi\/"},{"@type":"ListItem","position":2,"name":"Kaikki tuotteet","item":"https:\/\/ruuvi.com\/fi\/tuotteet\/"},{"@type":"ListItem","position":3,"name":"Ruuvi Connector -kitti"}]},{"@type":"WebSite","@id":"https:\/\/ruuvi.com\/fi\/#website","url":"https:\/\/ruuvi.com\/fi\/","name":"Ruuvi","description":"Measure Your World","potentialAction":[],"inLanguage":"fi"}]}},"_links":{"self":[{"href":"https:\/\/ruuvi.com\/fi\/wp-json\/wp\/v2\/product\/51483","targetHints":{"allow":["GET"]}}],"collection":[{"href":"https:\/\/ruuvi.com\/fi\/wp-json\/wp\/v2\/product"}],"about":[{"href":"https:\/\/ruuvi.com\/fi\/wp-json\/wp\/v2\/types\/product"}],"replies":[{"embeddable":true,"href":"https:\/\/ruuvi.com\/fi\/wp-json\/wp\/v2\/comments?post=51483"}],"wp:featuredmedia":[{"embeddable":true,"href":"https:\/\/ruuvi.com\/fi\/wp-json\/wp\/v2\/media\/51389"}],"wp:attachment":[{"href":"https:\/\/ruuvi.com\/fi\/wp-json\/wp\/v2\/media?parent=51483"}],"wp:term":[{"taxonomy":"product_brand","embeddable":true,"href":"https:\/\/ruuvi.com\/fi\/wp-json\/wp\/v2\/product_brand?post=51483"},{"taxonomy":"product_cat","embeddable":true,"href":"https:\/\/ruuvi.com\/fi\/wp-json\/wp\/v2\/product_cat?post=51483"},{"taxonomy":"product_tag","embeddable":true,"href":"https:\/\/ruuvi.com\/fi\/wp-json\/wp\/v2\/product_tag?post=51483"}],"curies":[{"name":"wp","href":"https:\/\/api.w.org\/{rel}","templated":true}]}}